{"id":578,"date":"2024-06-13T17:58:27","date_gmt":"2024-06-13T17:58:27","guid":{"rendered":"https:\/\/thequeenhouse.co.uk\/apie\/"},"modified":"2024-08-22T11:34:33","modified_gmt":"2024-08-22T10:34:33","slug":"apie-mus","status":"publish","type":"page","link":"https:\/\/thequeenhouse.co.uk\/lt\/apie-mus\/","title":{"rendered":"Apie mus"},"content":{"rendered":"\t\t<div data-elementor-type=\"wp-page\" data-elementor-id=\"578\" class=\"elementor elementor-578 elementor-148\" data-elementor-post-type=\"page\">\n\t\t\t\t\t\t<section class=\"elementor-section elementor-top-section elementor-element elementor-element-1ece51d3 elementor-section-boxed elementor-section-height-default elementor-section-height-default\" data-id=\"1ece51d3\" data-element_type=\"section\" data-e-type=\"section\" data-settings=\"{&quot;background_background&quot;:&quot;classic&quot;}\">\n\t\t\t\t\t\t\t<div class=\"elementor-background-overlay\"><\/div>\n\t\t\t\t\t\t\t<div class=\"elementor-container elementor-column-gap-default\">\n\t\t\t\t\t<div class=\"elementor-column elementor-col-100 elementor-top-column elementor-element elementor-element-74362476\" data-id=\"74362476\" data-element_type=\"column\" data-e-type=\"column\">\n\t\t\t<div class=\"elementor-widget-wrap elementor-element-populated\">\n\t\t\t\t\t\t<div class=\"elementor-element elementor-element-c605086 elementor-invisible elementor-widget elementor-widget-heading\" data-id=\"c605086\" data-element_type=\"widget\" data-e-type=\"widget\" data-settings=\"{&quot;_animation&quot;:&quot;fadeInDown&quot;}\" data-widget_type=\"heading.default\">\n\t\t\t\t\t<h2 class=\"elementor-heading-title elementor-size-default\">Apie mus<\/h2>\t\t\t\t<\/div>\n\t\t\t\t\t<\/div>\n\t\t<\/div>\n\t\t\t\t\t<\/div>\n\t\t<\/section>\n\t\t\t\t<section class=\"elementor-section elementor-top-section elementor-element elementor-element-6974d7f7 elementor-section-boxed elementor-section-height-default elementor-section-height-default\" data-id=\"6974d7f7\" data-element_type=\"section\" data-e-type=\"section\">\n\t\t\t\t\t\t<div class=\"elementor-container elementor-column-gap-default\">\n\t\t\t\t\t<div class=\"elementor-column elementor-col-100 elementor-top-column elementor-element elementor-element-6d3872dc\" data-id=\"6d3872dc\" data-element_type=\"column\" data-e-type=\"column\">\n\t\t\t<div class=\"elementor-widget-wrap elementor-element-populated\">\n\t\t\t\t\t\t<section class=\"elementor-section elementor-inner-section elementor-element elementor-element-45cf6d99 elementor-section-boxed elementor-section-height-default elementor-section-height-default\" data-id=\"45cf6d99\" data-element_type=\"section\" data-e-type=\"section\">\n\t\t\t\t\t\t<div class=\"elementor-container elementor-column-gap-default\">\n\t\t\t\t\t<div class=\"elementor-column elementor-col-50 elementor-inner-column elementor-element elementor-element-75397e69\" data-id=\"75397e69\" data-element_type=\"column\" data-e-type=\"column\">\n\t\t\t<div class=\"elementor-widget-wrap elementor-element-populated\">\n\t\t\t\t\t\t<div class=\"elementor-element elementor-element-219377d0 elementor-widget elementor-widget-heading\" data-id=\"219377d0\" data-element_type=\"widget\" data-e-type=\"widget\" data-widget_type=\"heading.default\">\n\t\t\t\t\t<h2 class=\"elementor-heading-title elementor-size-default\">Kas mes?<\/h2>\t\t\t\t<\/div>\n\t\t\t\t\t<\/div>\n\t\t<\/div>\n\t\t\t\t<div class=\"elementor-column elementor-col-50 elementor-inner-column elementor-element elementor-element-6b50d473\" data-id=\"6b50d473\" data-element_type=\"column\" data-e-type=\"column\">\n\t\t\t<div class=\"elementor-widget-wrap elementor-element-populated\">\n\t\t\t\t\t\t<div class=\"elementor-element elementor-element-2d17eb0d elementor-widget elementor-widget-text-editor\" data-id=\"2d17eb0d\" data-element_type=\"widget\" data-e-type=\"widget\" data-widget_type=\"text-editor.default\">\n\t\t\t\t\t\t\t\t\tEsame nam\u0173 interjero k\u016br\u0117jai, si\u016blantys klasikinius ir unikalius gamini\u0173 asortimentus j\u016bs\u0173 namams ir kasdieniams poreikiams. M\u016bs\u0173 platus asortimentas prasideda nuo prabangi\u0173, auk\u0161to standarto \u017evaki\u0173 ir nam\u0173 kvap\u0173 iki epoksidin\u0117s dervos pad\u0117kl\u0173, kavos staliuk\u0173 ir kasdieni\u0173 prabangi\u0173 odos prie\u017ei\u016bros priemoni\u0173. Visada neatsi\u017evelgiame \u012f naujausias interjero dizaino tendencijas, siekdami u\u017etikrinti, kad klientams pasi\u016blytume pa\u010dias puo\u0161niausias ir madingiausias nam\u0173 interjero detales.\t\t\t\t\t\t\t\t<\/div>\n\t\t\t\t\t<\/div>\n\t\t<\/div>\n\t\t\t\t\t<\/div>\n\t\t<\/section>\n\t\t\t\t<div class=\"elementor-element elementor-element-4a8aa5e4 elementor-widget elementor-widget-image\" data-id=\"4a8aa5e4\" data-element_type=\"widget\" data-e-type=\"widget\" data-widget_type=\"image.default\">\n\t\t\t\t\t\t\t\t\t\t\t\t\t\t\t<img fetchpriority=\"high\" decoding=\"async\" width=\"683\" height=\"1024\" src=\"https:\/\/thequeenhouse.co.uk\/wp-content\/smush-webp\/2024\/06\/DSC08185-scaled.jpg.webp\" class=\"attachment-large size-large wp-image-2272\" alt=\"\">\t\t\t\t\t\t\t\t\t\t\t\t\t\t\t<\/div>\n\t\t\t\t<section class=\"elementor-section elementor-inner-section elementor-element elementor-element-15fe3891 elementor-section-full_width elementor-section-height-default elementor-section-height-default\" data-id=\"15fe3891\" data-element_type=\"section\" data-e-type=\"section\">\n\t\t\t\t\t\t<div class=\"elementor-container elementor-column-gap-default\">\n\t\t\t\t\t<div class=\"elementor-column elementor-col-100 elementor-inner-column elementor-element elementor-element-1cd32b5c elementor-invisible\" data-id=\"1cd32b5c\" data-element_type=\"column\" data-e-type=\"column\" data-settings=\"{&quot;background_background&quot;:&quot;classic&quot;,&quot;animation&quot;:&quot;slideInLeft&quot;}\">\n\t\t\t<div class=\"elementor-widget-wrap elementor-element-populated\">\n\t\t\t\t\t\t<div class=\"elementor-element elementor-element-6299df56 elementor-widget elementor-widget-heading\" data-id=\"6299df56\" data-element_type=\"widget\" data-e-type=\"widget\" data-widget_type=\"heading.default\">\n\t\t\t\t\t<h2 class=\"elementor-heading-title elementor-size-default\">Asmenin\u0117 istorija<\/h2>\t\t\t\t<\/div>\n\t\t\t\t<div class=\"elementor-element elementor-element-5a376931 elementor-widget-divider--view-line elementor-widget elementor-widget-divider\" data-id=\"5a376931\" data-element_type=\"widget\" data-e-type=\"widget\" data-widget_type=\"divider.default\">\n\t\t\t\t\t\t\t<div class=\"elementor-divider\">\n\t\t\t<span class=\"elementor-divider-separator\">\n\t\t\t\t\t\t<\/span>\n\t\t<\/div>\n\t\t\t\t\t\t<\/div>\n\t\t\t\t<div class=\"elementor-element elementor-element-1d099def elementor-widget elementor-widget-text-editor\" data-id=\"1d099def\" data-element_type=\"widget\" data-e-type=\"widget\" data-widget_type=\"text-editor.default\">\n\t\t\t\t\t\t\t\t\t<p>Pasakyti, kad esu aps\u0117sta \u017evaki\u0173, yra per menka! Mano namai visada buvo pilni j\u0173, ta\u010diau kai kurie i\u0161 j\u0173 nebuvo puik\u016bs ir tr\u016bko kokyb\u0117s, kokios nor\u0117jau. I\u0161leidau daug pinig\u0173 ie\u0161kodama geriausios kokyb\u0117s \u017evaki\u0173, kurios tikrai tur\u0117t\u0173 nuostab\u0173 kvap\u0105 ir b\u016bt\u0173 vertos mano sumok\u0117t\u0173 pinig\u0173. Ta\u010diau iki \u0161iol mano paie\u0161kos buvo nes\u0117kmingos.<\/p><p>Vien\u0105 \u0161alt\u0105, jauk\u0173 2020 met\u0173 \u017eiemos vakar\u0105, paskatinta \u0161eimos, nusprend\u017eiau, kad nebenoriu gai\u0161ti laiko ir pinig\u0173. Nusprend\u017eiau sukurti savo kokybi\u0161kus produktus, tokius kaip \u017evak\u0117s ir nam\u0173 kvapai, sau, savo \u0161eimai ir draugams. \u0160is sprendimas paskatino sukurti The Queen House. A\u0161 nor\u0117jau sukurti ka\u017ek\u0105, k\u0105 pati pirk\u010diau \u2013 ne tik vizualiai gra\u017e\u0173 ir prabang\u0173, bet ir su auk\u0161\u010diausios kokyb\u0117s kvapais, kurie i\u0161silaikyt\u0173 ilgai. Tuo metu, kai tai pasakiau, ne\u012fsivaizdavau, kur tai mane nuves. Kai pagalvoju apie tai, kur esu \u0161iandien, niekada neb\u016b\u010diau svajojusi apie toki\u0105 kelion\u0119.<\/p>\t\t\t\t\t\t\t\t<\/div>\n\t\t\t\t<div class=\"elementor-element elementor-element-43a32ad0 elementor-widget__width-auto elementor-view-default elementor-widget elementor-widget-icon\" data-id=\"43a32ad0\" data-element_type=\"widget\" data-e-type=\"widget\" data-widget_type=\"icon.default\">\n\t\t\t\t\t\t\t<div class=\"elementor-icon-wrapper\">\n\t\t\t<div class=\"elementor-icon\">\n\t\t\t<i aria-hidden=\"true\" class=\"oi oi-double-quote-serif-right\"><\/i>\t\t\t<\/div>\n\t\t<\/div>\n\t\t\t\t\t\t<\/div>\n\t\t\t\t<div class=\"elementor-element elementor-element-4177c13b elementor-widget elementor-widget-text-editor\" data-id=\"4177c13b\" data-element_type=\"widget\" data-e-type=\"widget\" data-widget_type=\"text-editor.default\">\n\t\t\t\t\t\t\t\t\t<p>Tikim\u0117s, kad pamilsite m\u016bs\u0173 \u017evakes ir visk\u0105, k\u0105 kuriame su meile kiekvienam klientui.<\/p>\n\t\t\t\t\t\t\t\t<\/div>\n\t\t\t\t<div class=\"elementor-element elementor-element-55e938c6 elementor-author-box--layout-image-left elementor-author-box--align-left elementor-widget elementor-widget-author-box\" data-id=\"55e938c6\" data-element_type=\"widget\" data-e-type=\"widget\" data-widget_type=\"author-box.default\">\n\t\t\t\t\t\t\t<div class=\"elementor-author-box\">\n\t\t\t\t\t\t\t<div  class=\"elementor-author-box__avatar\">\n\t\t\t\t\t<img decoding=\"async\" data-src=\"https:\/\/thequeenhouse.co.uk\/wp-content\/smush-webp\/2024\/06\/DSC08241-scaled.jpg.webp\" alt=\"Picture of Giedr\u0117 \u017delezka\" src=\"data:image\/svg+xml;base64,PHN2ZyB3aWR0aD0iMSIgaGVpZ2h0PSIxIiB4bWxucz0iaHR0cDovL3d3dy53My5vcmcvMjAwMC9zdmciPjwvc3ZnPg==\" class=\"lazyload\" style=\"--smush-placeholder-width: 1707px; --smush-placeholder-aspect-ratio: 1707\/2560;\">\n\t\t\t\t<\/div>\n\t\t\t\n\t\t\t<div class=\"elementor-author-box__text\">\n\t\t\t\t\t\t\t\t\t<div >\n\t\t\t\t\t\t<h4 class=\"elementor-author-box__name\">\n\t\t\t\t\t\t\tGiedr\u0117 \u017delezka\t\t\t\t\t\t<\/h4>\n\t\t\t\t\t<\/div>\n\t\t\t\t\n\t\t\t\t\t\t\t\t\t<div class=\"elementor-author-box__bio\">\n\t\t\t\t\t\t<p>\"The Queen house\" \u012fk\u016br\u0117ja<\/p>\n\t\t\t\t\t<\/div>\n\t\t\t\t\n\t\t\t\t\t\t\t<\/div>\n\t\t<\/div>\n\t\t\t\t\t\t<\/div>\n\t\t\t\t\t<\/div>\n\t\t<\/div>\n\t\t\t\t\t<\/div>\n\t\t<\/section>\n\t\t\t\t\t<\/div>\n\t\t<\/div>\n\t\t\t\t\t<\/div>\n\t\t<\/section>\n\t\t\t\t<\/div>\n\t\t","protected":false},"excerpt":{"rendered":"<p>Apie mus Kas mes? Esame nam\u0173 interjero k\u016br\u0117jai, si\u016blantys klasikinius ir unikalius gamini\u0173 asortimentus j\u016bs\u0173 namams ir kasdieniams poreikiams. M\u016bs\u0173 platus asortimentas prasideda nuo prabangi\u0173, auk\u0161to standarto \u017evaki\u0173 ir nam\u0173 kvap\u0173 iki epoksidin\u0117s dervos pad\u0117kl\u0173, kavos staliuk\u0173 ir kasdieni\u0173 prabangi\u0173 odos prie\u017ei\u016bros priemoni\u0173. Visada neatsi\u017evelgiame \u012f naujausias interjero dizaino tendencijas, siekdami u\u017etikrinti, kad klientams pasi\u016blytume [&hellip;]<\/p>\n","protected":false},"author":1,"featured_media":0,"parent":0,"menu_order":0,"comment_status":"closed","ping_status":"closed","template":"elementor_header_footer","meta":{"footnotes":""},"class_list":["post-578","page","type-page","status-publish","hentry"],"_links":{"self":[{"href":"https:\/\/thequeenhouse.co.uk\/lt\/wp-json\/wp\/v2\/pages\/578","targetHints":{"allow":["GET"]}}],"collection":[{"href":"https:\/\/thequeenhouse.co.uk\/lt\/wp-json\/wp\/v2\/pages"}],"about":[{"href":"https:\/\/thequeenhouse.co.uk\/lt\/wp-json\/wp\/v2\/types\/page"}],"author":[{"embeddable":true,"href":"https:\/\/thequeenhouse.co.uk\/lt\/wp-json\/wp\/v2\/users\/1"}],"replies":[{"embeddable":true,"href":"https:\/\/thequeenhouse.co.uk\/lt\/wp-json\/wp\/v2\/comments?post=578"}],"version-history":[{"count":37,"href":"https:\/\/thequeenhouse.co.uk\/lt\/wp-json\/wp\/v2\/pages\/578\/revisions"}],"predecessor-version":[{"id":9100,"href":"https:\/\/thequeenhouse.co.uk\/lt\/wp-json\/wp\/v2\/pages\/578\/revisions\/9100"}],"wp:attachment":[{"href":"https:\/\/thequeenhouse.co.uk\/lt\/wp-json\/wp\/v2\/media?parent=578"}],"curies":[{"name":"wp","href":"https:\/\/api.w.org\/{rel}","templated":true}]}}