{"id":583,"date":"2024-06-13T18:12:28","date_gmt":"2024-06-13T18:12:28","guid":{"rendered":"https:\/\/thequeenhouse.co.uk\/blogas\/"},"modified":"2024-08-15T08:53:21","modified_gmt":"2024-08-15T07:53:21","slug":"blogas","status":"publish","type":"page","link":"https:\/\/thequeenhouse.co.uk\/lt\/blogas\/","title":{"rendered":"Blogas"},"content":{"rendered":"\t\t<div data-elementor-type=\"wp-page\" data-elementor-id=\"583\" class=\"elementor elementor-583 elementor-164\" data-elementor-post-type=\"page\">\n\t\t\t\t\t\t<section class=\"elementor-section elementor-top-section elementor-element elementor-element-567fb034 elementor-section-boxed elementor-section-height-default elementor-section-height-default\" data-id=\"567fb034\" data-element_type=\"section\" data-e-type=\"section\" data-settings=\"{&quot;background_background&quot;:&quot;classic&quot;}\">\n\t\t\t\t\t\t\t<div class=\"elementor-background-overlay\"><\/div>\n\t\t\t\t\t\t\t<div class=\"elementor-container elementor-column-gap-default\">\n\t\t\t\t\t<div class=\"elementor-column elementor-col-100 elementor-top-column elementor-element elementor-element-6b232c1d\" data-id=\"6b232c1d\" data-element_type=\"column\" data-e-type=\"column\">\n\t\t\t<div class=\"elementor-widget-wrap elementor-element-populated\">\n\t\t\t\t\t\t<div class=\"elementor-element elementor-element-1cb05ba1 elementor-invisible elementor-widget elementor-widget-heading\" data-id=\"1cb05ba1\" data-element_type=\"widget\" data-e-type=\"widget\" data-settings=\"{&quot;_animation&quot;:&quot;fadeInDown&quot;}\" data-widget_type=\"heading.default\">\n\t\t\t\t\t<h2 class=\"elementor-heading-title elementor-size-default\">Blogas &amp; Naujienos<\/h2>\t\t\t\t<\/div>\n\t\t\t\t\t<\/div>\n\t\t<\/div>\n\t\t\t\t\t<\/div>\n\t\t<\/section>\n\t\t\t\t<section class=\"elementor-section elementor-top-section elementor-element elementor-element-16fd48f elementor-section-boxed elementor-section-height-default elementor-section-height-default\" data-id=\"16fd48f\" data-element_type=\"section\" data-e-type=\"section\">\n\t\t\t\t\t\t<div class=\"elementor-container elementor-column-gap-default\">\n\t\t\t\t\t<div class=\"elementor-column elementor-col-100 elementor-top-column elementor-element elementor-element-c4492f4\" data-id=\"c4492f4\" data-element_type=\"column\" data-e-type=\"column\">\n\t\t\t<div class=\"elementor-widget-wrap elementor-element-populated\">\n\t\t\t\t\t\t<div class=\"elementor-element elementor-element-2364ede elementor-grid-3 elementor-grid-tablet-2 elementor-grid-mobile-1 elementor-posts--thumbnail-top elementor-widget elementor-widget-posts\" data-id=\"2364ede\" data-element_type=\"widget\" data-e-type=\"widget\" data-settings=\"{&quot;classic_columns&quot;:&quot;3&quot;,&quot;classic_columns_tablet&quot;:&quot;2&quot;,&quot;classic_columns_mobile&quot;:&quot;1&quot;,&quot;classic_row_gap&quot;:{&quot;unit&quot;:&quot;px&quot;,&quot;size&quot;:35,&quot;sizes&quot;:[]},&quot;classic_row_gap_tablet&quot;:{&quot;unit&quot;:&quot;px&quot;,&quot;size&quot;:&quot;&quot;,&quot;sizes&quot;:[]},&quot;classic_row_gap_mobile&quot;:{&quot;unit&quot;:&quot;px&quot;,&quot;size&quot;:&quot;&quot;,&quot;sizes&quot;:[]}}\" data-widget_type=\"posts.classic\">\n\t\t\t\t<div class=\"elementor-widget-container\">\n\t\t\t\t\t\t\t<div class=\"elementor-posts-container elementor-posts elementor-posts--skin-classic elementor-grid\" role=\"list\">\n\t\t\t\t<article class=\"elementor-post elementor-grid-item post-11024 post type-post status-publish format-standard has-post-thumbnail hentry category-uncategorized-lt\" role=\"listitem\">\n\t\t\t\t<a class=\"elementor-post__thumbnail__link\" href=\"https:\/\/thequeenhouse.co.uk\/lt\/pasiekite-grazius-ir-sveikus-plaukus-su-musu-isskirtinemis-plauku-prieziuros-sistemomis\/\" tabindex=\"-1\" >\n\t\t\t<div class=\"elementor-post__thumbnail\"><img fetchpriority=\"high\" decoding=\"async\" width=\"300\" height=\"225\" src=\"https:\/\/thequeenhouse.co.uk\/wp-content\/smush-webp\/2024\/09\/WhatsApp-Image-2024-09-26-at-23.54.00_14b6ea3b-300x225.jpg.webp\" class=\"attachment-medium size-medium wp-image-11023\" alt=\"\" srcset=\"https:\/\/thequeenhouse.co.uk\/wp-content\/smush-webp\/2024\/09\/WhatsApp-Image-2024-09-26-at-23.54.00_14b6ea3b-300x225.jpg.webp 300w, https:\/\/thequeenhouse.co.uk\/wp-content\/smush-webp\/2024\/09\/WhatsApp-Image-2024-09-26-at-23.54.00_14b6ea3b-1024x768.jpg.webp 1024w, https:\/\/thequeenhouse.co.uk\/wp-content\/smush-webp\/2024\/09\/WhatsApp-Image-2024-09-26-at-23.54.00_14b6ea3b-768x576.jpg.webp 768w, https:\/\/thequeenhouse.co.uk\/wp-content\/smush-webp\/2024\/09\/WhatsApp-Image-2024-09-26-at-23.54.00_14b6ea3b-1536x1152.jpg.webp 1536w, https:\/\/thequeenhouse.co.uk\/wp-content\/smush-webp\/2024\/09\/WhatsApp-Image-2024-09-26-at-23.54.00_14b6ea3b-600x450.jpg.webp 600w, https:\/\/thequeenhouse.co.uk\/wp-content\/smush-webp\/2024\/09\/WhatsApp-Image-2024-09-26-at-23.54.00_14b6ea3b.jpg.webp 2048w\" sizes=\"(max-width: 300px) 100vw, 300px\" \/><\/div>\n\t\t<\/a>\n\t\t\t\t<div class=\"elementor-post__text\">\n\t\t\t\t<h3 class=\"elementor-post__title\">\n\t\t\t<a href=\"https:\/\/thequeenhouse.co.uk\/lt\/pasiekite-grazius-ir-sveikus-plaukus-su-musu-isskirtinemis-plauku-prieziuros-sistemomis\/\" >\n\t\t\t\tPasiekite gra\u017eius ir sveikus plaukus su m\u016bs\u0173 i\u0161skirtin\u0117mis plauk\u0173 prie\u017ei\u016bros sistemomis\t\t\t<\/a>\n\t\t<\/h3>\n\t\t\t\t<div class=\"elementor-post__meta-data\">\n\t\t\t\t\t<span class=\"elementor-post-date\">\n\t\t\t2024-09-27\t\t<\/span>\n\t\t\t\t<span class=\"elementor-post-avatar\">\n\t\t\tKomentar\u0173: 0\t\t<\/span>\n\t\t\t\t<\/div>\n\t\t\t\t<div class=\"elementor-post__excerpt\">\n\t\t\t<p>Visada svajojau apie gra\u017eius ir sveikus plaukus. Po daugelio met\u0173 ie\u0161kojimo nusprend\u017eiau sukurti ka\u017ek\u0105 ypatingo \u2013 ne tik sau, bet ir kiekvienam. Nor\u0117jau produkt\u0173, kurie<\/p>\n\t\t<\/div>\n\t\t\n\t\t<a class=\"elementor-post__read-more\" href=\"https:\/\/thequeenhouse.co.uk\/lt\/pasiekite-grazius-ir-sveikus-plaukus-su-musu-isskirtinemis-plauku-prieziuros-sistemomis\/\" aria-label=\"Read more about Pasiekite gra\u017eius ir sveikus plaukus su m\u016bs\u0173 i\u0161skirtin\u0117mis plauk\u0173 prie\u017ei\u016bros sistemomis\" tabindex=\"-1\" >\n\t\t\tRead More \u00bb\t\t<\/a>\n\n\t\t\t\t<\/div>\n\t\t\t\t<\/article>\n\t\t\t\t<article class=\"elementor-post elementor-grid-item post-10581 post type-post status-publish format-standard has-post-thumbnail hentry category-uncategorized-lt\" role=\"listitem\">\n\t\t\t\t<a class=\"elementor-post__thumbnail__link\" href=\"https:\/\/thequeenhouse.co.uk\/lt\/patobulinkite-savo-erdve-su-musu-moderniais-kvapu-difuzoriais-tobulas-elegancijos-ir-funkcionalumo-derinys\/\" tabindex=\"-1\" >\n\t\t\t<div class=\"elementor-post__thumbnail\"><img decoding=\"async\" width=\"235\" height=\"300\" data-src=\"https:\/\/thequeenhouse.co.uk\/wp-content\/smush-webp\/2024\/09\/WhatsApp-Image-2024-09-20-at-19.51.04_927ddd20-235x300.jpg.webp\" class=\"attachment-medium size-medium wp-image-10579 lazyload\" alt=\"\" data-srcset=\"https:\/\/thequeenhouse.co.uk\/wp-content\/smush-webp\/2024\/09\/WhatsApp-Image-2024-09-20-at-19.51.04_927ddd20-235x300.jpg.webp 235w, https:\/\/thequeenhouse.co.uk\/wp-content\/smush-webp\/2024\/09\/WhatsApp-Image-2024-09-20-at-19.51.04_927ddd20-802x1024.jpg.webp 802w, https:\/\/thequeenhouse.co.uk\/wp-content\/smush-webp\/2024\/09\/WhatsApp-Image-2024-09-20-at-19.51.04_927ddd20-768x981.jpg.webp 768w, https:\/\/thequeenhouse.co.uk\/wp-content\/smush-webp\/2024\/09\/WhatsApp-Image-2024-09-20-at-19.51.04_927ddd20-1202x1536.jpg.webp 1202w, https:\/\/thequeenhouse.co.uk\/wp-content\/smush-webp\/2024\/09\/WhatsApp-Image-2024-09-20-at-19.51.04_927ddd20-300x383.jpg.webp 300w, https:\/\/thequeenhouse.co.uk\/wp-content\/smush-webp\/2024\/09\/WhatsApp-Image-2024-09-20-at-19.51.04_927ddd20-600x767.jpg.webp 600w, https:\/\/thequeenhouse.co.uk\/wp-content\/smush-webp\/2024\/09\/WhatsApp-Image-2024-09-20-at-19.51.04_927ddd20.jpg.webp 1603w\" data-sizes=\"(max-width: 235px) 100vw, 235px\" src=\"data:image\/svg+xml;base64,PHN2ZyB3aWR0aD0iMSIgaGVpZ2h0PSIxIiB4bWxucz0iaHR0cDovL3d3dy53My5vcmcvMjAwMC9zdmciPjwvc3ZnPg==\" style=\"--smush-placeholder-width: 235px; --smush-placeholder-aspect-ratio: 235\/300;\" \/><\/div>\n\t\t<\/a>\n\t\t\t\t<div class=\"elementor-post__text\">\n\t\t\t\t<h3 class=\"elementor-post__title\">\n\t\t\t<a href=\"https:\/\/thequeenhouse.co.uk\/lt\/patobulinkite-savo-erdve-su-musu-moderniais-kvapu-difuzoriais-tobulas-elegancijos-ir-funkcionalumo-derinys\/\" >\n\t\t\t\tPatobulinkite savo erdv\u0119 su m\u016bs\u0173 moderniais kvap\u0173 difuzoriais: tobulas elegancijos ir funkcionalumo derinys\t\t\t<\/a>\n\t\t<\/h3>\n\t\t\t\t<div class=\"elementor-post__meta-data\">\n\t\t\t\t\t<span class=\"elementor-post-date\">\n\t\t\t2024-09-20\t\t<\/span>\n\t\t\t\t<span class=\"elementor-post-avatar\">\n\t\t\tKomentar\u0173: 0\t\t<\/span>\n\t\t\t\t<\/div>\n\t\t\t\t<div class=\"elementor-post__excerpt\">\n\t\t\t<p>Patobulinkite savo erdv\u0119 su m\u016bs\u0173 moderniais kvap\u0173 difuzoriais: tobulas elegancijos ir funkcionalumo derinys Nam\u0173 kvap\u0173 pasaulyje ma\u017eai kas gali prilygti universaliems ir vizualiai \u012fsp\u016bdingiems nendri\u0173<\/p>\n\t\t<\/div>\n\t\t\n\t\t<a class=\"elementor-post__read-more\" href=\"https:\/\/thequeenhouse.co.uk\/lt\/patobulinkite-savo-erdve-su-musu-moderniais-kvapu-difuzoriais-tobulas-elegancijos-ir-funkcionalumo-derinys\/\" aria-label=\"Read more about Patobulinkite savo erdv\u0119 su m\u016bs\u0173 moderniais kvap\u0173 difuzoriais: tobulas elegancijos ir funkcionalumo derinys\" tabindex=\"-1\" >\n\t\t\tRead More \u00bb\t\t<\/a>\n\n\t\t\t\t<\/div>\n\t\t\t\t<\/article>\n\t\t\t\t<article class=\"elementor-post elementor-grid-item post-10139 post type-post status-publish format-standard has-post-thumbnail hentry category-uncategorized-lt\" role=\"listitem\">\n\t\t\t\t<a class=\"elementor-post__thumbnail__link\" href=\"https:\/\/thequeenhouse.co.uk\/lt\/pristatome-musu-nauja-2024-metu-rudens-prabangiu-harmony-zvakiu-kolekcija\/\" tabindex=\"-1\" >\n\t\t\t<div class=\"elementor-post__thumbnail\"><img decoding=\"async\" width=\"300\" height=\"274\" data-src=\"https:\/\/thequeenhouse.co.uk\/wp-content\/smush-webp\/2024\/09\/Pilna-kolekcijos-foto-1-300x274.jpg.webp\" class=\"attachment-medium size-medium wp-image-9758 lazyload\" alt=\"\" data-srcset=\"https:\/\/thequeenhouse.co.uk\/wp-content\/smush-webp\/2024\/09\/Pilna-kolekcijos-foto-1-300x274.jpg.webp 300w, https:\/\/thequeenhouse.co.uk\/wp-content\/smush-webp\/2024\/09\/Pilna-kolekcijos-foto-1-768x703.jpg.webp 768w, https:\/\/thequeenhouse.co.uk\/wp-content\/smush-webp\/2024\/09\/Pilna-kolekcijos-foto-1-600x549.jpg.webp 600w, https:\/\/thequeenhouse.co.uk\/wp-content\/smush-webp\/2024\/09\/Pilna-kolekcijos-foto-1.jpg.webp 787w\" data-sizes=\"(max-width: 300px) 100vw, 300px\" src=\"data:image\/svg+xml;base64,PHN2ZyB3aWR0aD0iMSIgaGVpZ2h0PSIxIiB4bWxucz0iaHR0cDovL3d3dy53My5vcmcvMjAwMC9zdmciPjwvc3ZnPg==\" style=\"--smush-placeholder-width: 300px; --smush-placeholder-aspect-ratio: 300\/274;\" \/><\/div>\n\t\t<\/a>\n\t\t\t\t<div class=\"elementor-post__text\">\n\t\t\t\t<h3 class=\"elementor-post__title\">\n\t\t\t<a href=\"https:\/\/thequeenhouse.co.uk\/lt\/pristatome-musu-nauja-2024-metu-rudens-prabangiu-harmony-zvakiu-kolekcija\/\" >\n\t\t\t\tPristatome m\u016bs\u0173 nauj\u0105 2024 met\u0173 rudens prabangi\u0173 \u201eHarmony\u201c \u017evaki\u0173 kolekcij\u0105.\t\t\t<\/a>\n\t\t<\/h3>\n\t\t\t\t<div class=\"elementor-post__meta-data\">\n\t\t\t\t\t<span class=\"elementor-post-date\">\n\t\t\t2024-09-04\t\t<\/span>\n\t\t\t\t<span class=\"elementor-post-avatar\">\n\t\t\tKomentar\u0173: 0\t\t<\/span>\n\t\t\t\t<\/div>\n\t\t\t\t<div class=\"elementor-post__excerpt\">\n\t\t\t<p>M\u016bs\u0173 nauja 450gr \u201eHarmony\u201c \u017evaki\u0173 kolekcija \u012fkv\u0117pta jauki\u0173 rudens vakar\u0173. Kiekviena \u0161ios kolekcijos \u017evak\u0117 kruop\u0161\u010diai pagaminta naudojant nat\u016bral\u0173 kokos\u0173 va\u0161k\u0105 \u2013 auk\u0161\u010diausios kokyb\u0117s, ekologi\u0161kas, kuris<\/p>\n\t\t<\/div>\n\t\t\n\t\t<a class=\"elementor-post__read-more\" href=\"https:\/\/thequeenhouse.co.uk\/lt\/pristatome-musu-nauja-2024-metu-rudens-prabangiu-harmony-zvakiu-kolekcija\/\" aria-label=\"Read more about Pristatome m\u016bs\u0173 nauj\u0105 2024 met\u0173 rudens prabangi\u0173 \u201eHarmony\u201c \u017evaki\u0173 kolekcij\u0105.\" tabindex=\"-1\" >\n\t\t\tRead More \u00bb\t\t<\/a>\n\n\t\t\t\t<\/div>\n\t\t\t\t<\/article>\n\t\t\t\t<article class=\"elementor-post elementor-grid-item post-9313 post type-post status-publish format-standard has-post-thumbnail hentry category-uncategorized-lt\" role=\"listitem\">\n\t\t\t\t<a class=\"elementor-post__thumbnail__link\" href=\"https:\/\/thequeenhouse.co.uk\/lt\/naujoji-2024-m-rudens-kolekcija-osom-800gr-prabangiu-kvepianciu-zvakiu-kolekcija-ka-tik-pasieke-mus\/\" tabindex=\"-1\" >\n\t\t\t<div class=\"elementor-post__thumbnail\"><img decoding=\"async\" width=\"300\" height=\"225\" data-src=\"https:\/\/thequeenhouse.co.uk\/wp-content\/smush-webp\/2024\/09\/OSOM-Main-all-photo-300x225.jpg.webp\" class=\"attachment-medium size-medium wp-image-9293 lazyload\" alt=\"\" data-srcset=\"https:\/\/thequeenhouse.co.uk\/wp-content\/smush-webp\/2024\/09\/OSOM-Main-all-photo-300x225.jpg.webp 300w, https:\/\/thequeenhouse.co.uk\/wp-content\/smush-webp\/2024\/09\/OSOM-Main-all-photo-1024x768.jpg.webp 1024w, https:\/\/thequeenhouse.co.uk\/wp-content\/smush-webp\/2024\/09\/OSOM-Main-all-photo-768x576.jpg.webp 768w, https:\/\/thequeenhouse.co.uk\/wp-content\/smush-webp\/2024\/09\/OSOM-Main-all-photo-1536x1152.jpg.webp 1536w, https:\/\/thequeenhouse.co.uk\/wp-content\/smush-webp\/2024\/09\/OSOM-Main-all-photo-2048x1536.jpg.webp 2048w, https:\/\/thequeenhouse.co.uk\/wp-content\/smush-webp\/2024\/09\/OSOM-Main-all-photo-600x450.jpg.webp 600w\" data-sizes=\"(max-width: 300px) 100vw, 300px\" src=\"data:image\/svg+xml;base64,PHN2ZyB3aWR0aD0iMSIgaGVpZ2h0PSIxIiB4bWxucz0iaHR0cDovL3d3dy53My5vcmcvMjAwMC9zdmciPjwvc3ZnPg==\" style=\"--smush-placeholder-width: 300px; --smush-placeholder-aspect-ratio: 300\/225;\" \/><\/div>\n\t\t<\/a>\n\t\t\t\t<div class=\"elementor-post__text\">\n\t\t\t\t<h3 class=\"elementor-post__title\">\n\t\t\t<a href=\"https:\/\/thequeenhouse.co.uk\/lt\/naujoji-2024-m-rudens-kolekcija-osom-800gr-prabangiu-kvepianciu-zvakiu-kolekcija-ka-tik-pasieke-mus\/\" >\n\t\t\t\tNaujoji 2024 m. rudens kolekcija \u201eOsom\u201c 800gr prabangi\u0173 kvepian\u010di\u0173 \u017evaki\u0173 kolekcija k\u0105 tik pasiek\u0117 mus!\t\t\t<\/a>\n\t\t<\/h3>\n\t\t\t\t<div class=\"elementor-post__meta-data\">\n\t\t\t\t\t<span class=\"elementor-post-date\">\n\t\t\t2024-09-04\t\t<\/span>\n\t\t\t\t<span class=\"elementor-post-avatar\">\n\t\t\tKomentar\u0173: 0\t\t<\/span>\n\t\t\t\t<\/div>\n\t\t\t\t<div class=\"elementor-post__excerpt\">\n\t\t\t<p>Pakyl\u0117kite savo rudens atmosfer\u0105 Ruduo yra poky\u010di\u0173 metas. Pasaulis aplink mus kei\u010diasi nuo vasaros ry\u0161ki\u0173 \u017ealumyn\u0173 iki sodri\u0173, \u0161ilt\u0173 rudens ton\u0173. Tai komforto metas, kai<\/p>\n\t\t<\/div>\n\t\t\n\t\t<a class=\"elementor-post__read-more\" href=\"https:\/\/thequeenhouse.co.uk\/lt\/naujoji-2024-m-rudens-kolekcija-osom-800gr-prabangiu-kvepianciu-zvakiu-kolekcija-ka-tik-pasieke-mus\/\" aria-label=\"Read more about Naujoji 2024 m. rudens kolekcija \u201eOsom\u201c 800gr prabangi\u0173 kvepian\u010di\u0173 \u017evaki\u0173 kolekcija k\u0105 tik pasiek\u0117 mus!\" tabindex=\"-1\" >\n\t\t\tRead More \u00bb\t\t<\/a>\n\n\t\t\t\t<\/div>\n\t\t\t\t<\/article>\n\t\t\t\t<article class=\"elementor-post elementor-grid-item post-9217 post type-post status-publish format-standard has-post-thumbnail hentry category-uncategorized-lt\" role=\"listitem\">\n\t\t\t\t<a class=\"elementor-post__thumbnail__link\" href=\"https:\/\/thequeenhouse.co.uk\/lt\/kvapu-galerija\/\" tabindex=\"-1\" >\n\t\t\t<div class=\"elementor-post__thumbnail\"><img decoding=\"async\" width=\"240\" height=\"300\" data-src=\"https:\/\/thequeenhouse.co.uk\/wp-content\/smush-webp\/2024\/08\/WhatsApp-Image-2024-08-27-at-17.00.51_d9254560-240x300.jpg.webp\" class=\"attachment-medium size-medium wp-image-9212 lazyload\" alt=\"\" data-srcset=\"https:\/\/thequeenhouse.co.uk\/wp-content\/smush-webp\/2024\/08\/WhatsApp-Image-2024-08-27-at-17.00.51_d9254560-240x300.jpg.webp 240w, https:\/\/thequeenhouse.co.uk\/wp-content\/smush-webp\/2024\/08\/WhatsApp-Image-2024-08-27-at-17.00.51_d9254560-819x1024.jpg.webp 819w, https:\/\/thequeenhouse.co.uk\/wp-content\/smush-webp\/2024\/08\/WhatsApp-Image-2024-08-27-at-17.00.51_d9254560-768x960.jpg.webp 768w, https:\/\/thequeenhouse.co.uk\/wp-content\/smush-webp\/2024\/08\/WhatsApp-Image-2024-08-27-at-17.00.51_d9254560-300x375.jpg.webp 300w, https:\/\/thequeenhouse.co.uk\/wp-content\/smush-webp\/2024\/08\/WhatsApp-Image-2024-08-27-at-17.00.51_d9254560-600x750.jpg.webp 600w, https:\/\/thequeenhouse.co.uk\/wp-content\/smush-webp\/2024\/08\/WhatsApp-Image-2024-08-27-at-17.00.51_d9254560.jpg.webp 1080w\" data-sizes=\"(max-width: 240px) 100vw, 240px\" src=\"data:image\/svg+xml;base64,PHN2ZyB3aWR0aD0iMSIgaGVpZ2h0PSIxIiB4bWxucz0iaHR0cDovL3d3dy53My5vcmcvMjAwMC9zdmciPjwvc3ZnPg==\" style=\"--smush-placeholder-width: 240px; --smush-placeholder-aspect-ratio: 240\/300;\" \/><\/div>\n\t\t<\/a>\n\t\t\t\t<div class=\"elementor-post__text\">\n\t\t\t\t<h3 class=\"elementor-post__title\">\n\t\t\t<a href=\"https:\/\/thequeenhouse.co.uk\/lt\/kvapu-galerija\/\" >\n\t\t\t\tKvap\u0173 galerija\t\t\t<\/a>\n\t\t<\/h3>\n\t\t\t\t<div class=\"elementor-post__meta-data\">\n\t\t\t\t\t<span class=\"elementor-post-date\">\n\t\t\t2024-08-27\t\t<\/span>\n\t\t\t\t<span class=\"elementor-post-avatar\">\n\t\t\tKomentar\u0173: 0\t\t<\/span>\n\t\t\t\t<\/div>\n\t\t\t\t<div class=\"elementor-post__excerpt\">\n\t\t\t\t\t<\/div>\n\t\t\n\t\t<a class=\"elementor-post__read-more\" href=\"https:\/\/thequeenhouse.co.uk\/lt\/kvapu-galerija\/\" aria-label=\"Read more about Kvap\u0173 galerija\" tabindex=\"-1\" >\n\t\t\tRead More \u00bb\t\t<\/a>\n\n\t\t\t\t<\/div>\n\t\t\t\t<\/article>\n\t\t\t\t<article class=\"elementor-post elementor-grid-item post-8106 post type-post status-publish format-standard has-post-thumbnail hentry category-uncategorized-lt\" role=\"listitem\">\n\t\t\t\t<a class=\"elementor-post__thumbnail__link\" href=\"https:\/\/thequeenhouse.co.uk\/lt\/pristatome-musu-nauja-purskiamu-namu-kvepalu-kolekcija\/\" tabindex=\"-1\" >\n\t\t\t<div class=\"elementor-post__thumbnail\"><img decoding=\"async\" width=\"300\" height=\"261\" data-src=\"https:\/\/thequeenhouse.co.uk\/wp-content\/smush-webp\/2024\/08\/WhatsApp-Image-2024-08-01-at-12.40.51_06bd184e-300x261.jpg.webp\" class=\"attachment-medium size-medium wp-image-8100 lazyload\" alt=\"coming soon image\" data-srcset=\"https:\/\/thequeenhouse.co.uk\/wp-content\/smush-webp\/2024\/08\/WhatsApp-Image-2024-08-01-at-12.40.51_06bd184e-300x261.jpg.webp 300w, https:\/\/thequeenhouse.co.uk\/wp-content\/smush-webp\/2024\/08\/WhatsApp-Image-2024-08-01-at-12.40.51_06bd184e-1024x892.jpg.webp 1024w, https:\/\/thequeenhouse.co.uk\/wp-content\/smush-webp\/2024\/08\/WhatsApp-Image-2024-08-01-at-12.40.51_06bd184e-768x669.jpg.webp 768w, https:\/\/thequeenhouse.co.uk\/wp-content\/smush-webp\/2024\/08\/WhatsApp-Image-2024-08-01-at-12.40.51_06bd184e-600x523.jpg.webp 600w, https:\/\/thequeenhouse.co.uk\/wp-content\/smush-webp\/2024\/08\/WhatsApp-Image-2024-08-01-at-12.40.51_06bd184e.jpg.webp 1290w\" data-sizes=\"(max-width: 300px) 100vw, 300px\" src=\"data:image\/svg+xml;base64,PHN2ZyB3aWR0aD0iMSIgaGVpZ2h0PSIxIiB4bWxucz0iaHR0cDovL3d3dy53My5vcmcvMjAwMC9zdmciPjwvc3ZnPg==\" style=\"--smush-placeholder-width: 300px; --smush-placeholder-aspect-ratio: 300\/261;\" \/><\/div>\n\t\t<\/a>\n\t\t\t\t<div class=\"elementor-post__text\">\n\t\t\t\t<h3 class=\"elementor-post__title\">\n\t\t\t<a href=\"https:\/\/thequeenhouse.co.uk\/lt\/pristatome-musu-nauja-purskiamu-namu-kvepalu-kolekcija\/\" >\n\t\t\t\tPristatome m\u016bs\u0173 nauj\u0105 pur\u0161kiam\u0173 nam\u0173 kvepal\u0173 kolekcij\u0105!\t\t\t<\/a>\n\t\t<\/h3>\n\t\t\t\t<div class=\"elementor-post__meta-data\">\n\t\t\t\t\t<span class=\"elementor-post-date\">\n\t\t\t2024-08-01\t\t<\/span>\n\t\t\t\t<span class=\"elementor-post-avatar\">\n\t\t\tKomentar\u0173: 0\t\t<\/span>\n\t\t\t\t<\/div>\n\t\t\t\t<div class=\"elementor-post__excerpt\">\n\t\t\t<p>D\u017eiaugiam\u0117s gal\u0117dami prane\u0161ti apie art\u0117jant\u012f m\u016bs\u0173 visi\u0161kai naujos pur\u0161kiamu nam\u0173 kvepal\u0173 kolekcijos pristatym\u0105, skirt\u0105 paversti j\u016bs\u0173 gyvenam\u0105sias erdves aromatingomis \u0161ventov\u0117mis. \u012esivaizduokite, kad \u012f\u017eengsite \u012f kambar\u012f,<\/p>\n\t\t<\/div>\n\t\t\n\t\t<a class=\"elementor-post__read-more\" href=\"https:\/\/thequeenhouse.co.uk\/lt\/pristatome-musu-nauja-purskiamu-namu-kvepalu-kolekcija\/\" aria-label=\"Read more about Pristatome m\u016bs\u0173 nauj\u0105 pur\u0161kiam\u0173 nam\u0173 kvepal\u0173 kolekcij\u0105!\" tabindex=\"-1\" >\n\t\t\tRead More \u00bb\t\t<\/a>\n\n\t\t\t\t<\/div>\n\t\t\t\t<\/article>\n\t\t\t\t<\/div>\n\t\t\n\t\t\t\t\t\t<\/div>\n\t\t\t\t<\/div>\n\t\t\t\t\t<\/div>\n\t\t<\/div>\n\t\t\t\t\t<\/div>\n\t\t<\/section>\n\t\t\t\t<\/div>\n\t\t","protected":false},"excerpt":{"rendered":"<p>Blogas &amp; Naujienos<\/p>\n","protected":false},"author":1,"featured_media":0,"parent":0,"menu_order":0,"comment_status":"closed","ping_status":"closed","template":"elementor_header_footer","meta":{"footnotes":""},"class_list":["post-583","page","type-page","status-publish","hentry"],"_links":{"self":[{"href":"https:\/\/thequeenhouse.co.uk\/lt\/wp-json\/wp\/v2\/pages\/583","targetHints":{"allow":["GET"]}}],"collection":[{"href":"https:\/\/thequeenhouse.co.uk\/lt\/wp-json\/wp\/v2\/pages"}],"about":[{"href":"https:\/\/thequeenhouse.co.uk\/lt\/wp-json\/wp\/v2\/types\/page"}],"author":[{"embeddable":true,"href":"https:\/\/thequeenhouse.co.uk\/lt\/wp-json\/wp\/v2\/users\/1"}],"replies":[{"embeddable":true,"href":"https:\/\/thequeenhouse.co.uk\/lt\/wp-json\/wp\/v2\/comments?post=583"}],"version-history":[{"count":10,"href":"https:\/\/thequeenhouse.co.uk\/lt\/wp-json\/wp\/v2\/pages\/583\/revisions"}],"predecessor-version":[{"id":8869,"href":"https:\/\/thequeenhouse.co.uk\/lt\/wp-json\/wp\/v2\/pages\/583\/revisions\/8869"}],"wp:attachment":[{"href":"https:\/\/thequeenhouse.co.uk\/lt\/wp-json\/wp\/v2\/media?parent=583"}],"curies":[{"name":"wp","href":"https:\/\/api.w.org\/{rel}","templated":true}]}}