{"id":6833,"date":"2024-07-04T08:34:33","date_gmt":"2024-07-04T07:34:33","guid":{"rendered":"https:\/\/thequeenhouse.co.uk\/?page_id=6833"},"modified":"2025-06-23T08:42:57","modified_gmt":"2025-06-23T07:42:57","slug":"pristatymas","status":"publish","type":"page","link":"https:\/\/thequeenhouse.co.uk\/lt\/pristatymas\/","title":{"rendered":"Pristatymas"},"content":{"rendered":"\t\t<div data-elementor-type=\"wp-page\" data-elementor-id=\"6833\" class=\"elementor elementor-6833 elementor-6134\" data-elementor-post-type=\"page\">\n\t\t\t\t\t\t<section class=\"elementor-section elementor-top-section elementor-element elementor-element-3dad536 elementor-section-boxed elementor-section-height-default elementor-section-height-default\" data-id=\"3dad536\" data-element_type=\"section\" data-e-type=\"section\" data-settings=\"{&quot;background_background&quot;:&quot;classic&quot;}\">\n\t\t\t\t\t\t\t<div class=\"elementor-background-overlay\"><\/div>\n\t\t\t\t\t\t\t<div class=\"elementor-container elementor-column-gap-default\">\n\t\t\t\t\t<div class=\"elementor-column elementor-col-100 elementor-top-column elementor-element elementor-element-3691b78\" data-id=\"3691b78\" data-element_type=\"column\" data-e-type=\"column\">\n\t\t\t<div class=\"elementor-widget-wrap elementor-element-populated\">\n\t\t\t\t\t\t<div class=\"elementor-element elementor-element-bde9476 elementor-invisible elementor-widget elementor-widget-heading\" data-id=\"bde9476\" data-element_type=\"widget\" data-e-type=\"widget\" data-settings=\"{&quot;_animation&quot;:&quot;fadeInDown&quot;}\" data-widget_type=\"heading.default\">\n\t\t\t\t\t<h2 class=\"elementor-heading-title elementor-size-default\">Pristatymas ir Gr\u0105\u017einimas<\/h2>\t\t\t\t<\/div>\n\t\t\t\t\t<\/div>\n\t\t<\/div>\n\t\t\t\t\t<\/div>\n\t\t<\/section>\n\t\t<div class=\"elementor-element elementor-element-a2e5e12 e-flex e-con-boxed e-con e-parent\" data-id=\"a2e5e12\" data-element_type=\"container\" data-e-type=\"container\">\n\t\t\t\t\t<div class=\"e-con-inner\">\n\t\t\t\t<div class=\"elementor-element elementor-element-7034dbd elementor-widget elementor-widget-text-editor\" data-id=\"7034dbd\" data-element_type=\"widget\" data-e-type=\"widget\" data-widget_type=\"text-editor.default\">\n\t\t\t\t\t\t\t\t\t<p><strong>Pristatymo Galimyb\u0117s:<\/strong><\/p><p>\u012emon\u0117je \u201eThe Q House LTD\u201c siekiame suteikti jums efektyvias ir patikimas pristatymo galimybes. M\u016bs\u0173 turimi pristatymo metodai yra:<\/p><p>Royal Mail Standartinis: <br \/>Pristatymas per 2-3 darbo dienas u\u017e \u00a35.99\u00a3<\/p><p>Royal Mail Prioritetinis: <br \/>Pristatymas kit\u0105 darbo dien\u0105, jei u\u017esakymas pateikiamas iki 11 val. ryto kaina \u00a39.99\u00a3<\/p><p>***\u012esitikinkite, kad u\u017esakymas pateiktas iki 11 val., kad gautum\u0117te pristatym\u0105 kit\u0105 darbo dien\u0105. U\u017esakymai pateikti po \u0161io laiko bus apdoroti kit\u0105 darbo dien\u0105.<\/p><p>Visi u\u017esakymai gauti Penktadien\u012f po 17:00val ruo\u0161iami bus sekan\u010di\u0105 darbo dien\u0105 pirmadien\u012f. &#8211; Prioritetinis u\u017esakymas turi galimyb\u0119 b\u016bti i\u0161siustas \u0160e\u0161tadien\u012f.<\/p><p>U\u017esakym\u0173 paruo\u0161imo laikas 1-2 dienos.<\/p><p>U\u017esakymai su \u017evak\u0117mis\u00a02-3\u00a0dienos.<\/p><p><strong>Gr\u0105\u017einimo Politika:<\/strong><\/p><p>Mes siekiame visi\u0161ko klient\u0173 pasitenkinimo. Jei nesate visi\u0161kai patenkinti savo pirkiniu, susisiekite su mumis el. pa\u0161tu <a rel=\"noreferrer\">info@thequeenhouse.co.uk<\/a>. Kiekvienas atvejis bus sprend\u017eiamas atskirai.<\/p><p>Gr\u0105\u017einimai: Gav\u0119 ir patikrin\u0119 j\u016bs\u0173 gr\u0105\u017einim\u0105, prane\u0161ime jums apie j\u016bs\u0173 gr\u0105\u017einimo patvirtinim\u0105 arba atmetim\u0105. Jei patvirtinta, j\u016bs\u0173 gr\u0105\u017einimas bus apdorotas ir kreditas automati\u0161kai bus pritaikytas j\u016bs\u0173 originaliam mok\u0117jimo b\u016bdui.<\/p><p>Keitimai: Mes kei\u010diame tik tuos daiktus, kurie yra defektuoti arba sugadinti. Jei jums reikia pakeisti t\u0105 pat\u012f daikt\u0105, atsi\u0173skite mums el. lai\u0161k\u0105 adresu <a rel=\"noreferrer\">info@thequeenhouse.co.uk<\/a>.<\/p><p>Jei turite papildom\u0173 klausim\u0173 ar r\u016bpes\u010di\u0173 d\u0117l m\u016bs\u0173 pristatymo ir gr\u0105\u017einimo politikos, susisiekite su mumis el. pa\u0161tu <a rel=\"noreferrer\">info@thequeenhouse.co.uk<\/a>.<\/p>\t\t\t\t\t\t\t\t<\/div>\n\t\t\t\t\t<\/div>\n\t\t\t\t<\/div>\n\t\t\t\t<\/div>\n\t\t","protected":false},"excerpt":{"rendered":"<p>Pristatymas ir Gr\u0105\u017einimas Pristatymo Galimyb\u0117s: \u012emon\u0117je \u201eThe Q House LTD\u201c siekiame suteikti jums efektyvias ir patikimas pristatymo galimybes. M\u016bs\u0173 turimi pristatymo metodai yra: Royal Mail Standartinis: Pristatymas per 2-3 darbo dienas u\u017e \u00a35.99\u00a3 Royal Mail Prioritetinis: Pristatymas kit\u0105 darbo dien\u0105, jei u\u017esakymas pateikiamas iki 11 val. ryto kaina \u00a39.99\u00a3 ***\u012esitikinkite, kad u\u017esakymas pateiktas iki 11 [&hellip;]<\/p>\n","protected":false},"author":2,"featured_media":0,"parent":0,"menu_order":0,"comment_status":"closed","ping_status":"closed","template":"elementor_header_footer","meta":{"footnotes":""},"class_list":["post-6833","page","type-page","status-publish","hentry"],"_links":{"self":[{"href":"https:\/\/thequeenhouse.co.uk\/lt\/wp-json\/wp\/v2\/pages\/6833","targetHints":{"allow":["GET"]}}],"collection":[{"href":"https:\/\/thequeenhouse.co.uk\/lt\/wp-json\/wp\/v2\/pages"}],"about":[{"href":"https:\/\/thequeenhouse.co.uk\/lt\/wp-json\/wp\/v2\/types\/page"}],"author":[{"embeddable":true,"href":"https:\/\/thequeenhouse.co.uk\/lt\/wp-json\/wp\/v2\/users\/2"}],"replies":[{"embeddable":true,"href":"https:\/\/thequeenhouse.co.uk\/lt\/wp-json\/wp\/v2\/comments?post=6833"}],"version-history":[{"count":13,"href":"https:\/\/thequeenhouse.co.uk\/lt\/wp-json\/wp\/v2\/pages\/6833\/revisions"}],"predecessor-version":[{"id":14433,"href":"https:\/\/thequeenhouse.co.uk\/lt\/wp-json\/wp\/v2\/pages\/6833\/revisions\/14433"}],"wp:attachment":[{"href":"https:\/\/thequeenhouse.co.uk\/lt\/wp-json\/wp\/v2\/media?parent=6833"}],"curies":[{"name":"wp","href":"https:\/\/api.w.org\/{rel}","templated":true}]}}