{"id":6838,"date":"2024-07-04T08:37:52","date_gmt":"2024-07-04T07:37:52","guid":{"rendered":"https:\/\/thequeenhouse.co.uk\/?page_id=6838"},"modified":"2024-07-04T08:39:07","modified_gmt":"2024-07-04T07:39:07","slug":"privatumo-politika","status":"publish","type":"page","link":"https:\/\/thequeenhouse.co.uk\/lt\/privatumo-politika\/","title":{"rendered":"Privatumo politika"},"content":{"rendered":"\t\t<div data-elementor-type=\"wp-page\" data-elementor-id=\"6838\" class=\"elementor elementor-6838 elementor-6138\" data-elementor-post-type=\"page\">\n\t\t\t\t\t\t<section class=\"elementor-section elementor-top-section elementor-element elementor-element-fcc48d6 elementor-section-boxed elementor-section-height-default elementor-section-height-default\" data-id=\"fcc48d6\" data-element_type=\"section\" data-e-type=\"section\" data-settings=\"{&quot;background_background&quot;:&quot;classic&quot;}\">\n\t\t\t\t\t\t\t<div class=\"elementor-background-overlay\"><\/div>\n\t\t\t\t\t\t\t<div class=\"elementor-container elementor-column-gap-default\">\n\t\t\t\t\t<div class=\"elementor-column elementor-col-100 elementor-top-column elementor-element elementor-element-f80c9a1\" data-id=\"f80c9a1\" data-element_type=\"column\" data-e-type=\"column\">\n\t\t\t<div class=\"elementor-widget-wrap elementor-element-populated\">\n\t\t\t\t\t\t<div class=\"elementor-element elementor-element-6b68d0d elementor-invisible elementor-widget elementor-widget-heading\" data-id=\"6b68d0d\" data-element_type=\"widget\" data-e-type=\"widget\" data-settings=\"{&quot;_animation&quot;:&quot;fadeInDown&quot;}\" data-widget_type=\"heading.default\">\n\t\t\t\t\t<h2 class=\"elementor-heading-title elementor-size-default\">Privatumo politika<\/h2>\t\t\t\t<\/div>\n\t\t\t\t\t<\/div>\n\t\t<\/div>\n\t\t\t\t\t<\/div>\n\t\t<\/section>\n\t\t<div class=\"elementor-element elementor-element-eb1f122 e-flex e-con-boxed e-con e-parent\" data-id=\"eb1f122\" data-element_type=\"container\" data-e-type=\"container\">\n\t\t\t\t\t<div class=\"e-con-inner\">\n\t\t\t\t<div class=\"elementor-element elementor-element-cb549bc elementor-widget elementor-widget-text-editor\" data-id=\"cb549bc\" data-element_type=\"widget\" data-e-type=\"widget\" data-widget_type=\"text-editor.default\">\n\t\t\t\t\t\t\t\t\t<p>\u012esigaliojimo data: 2024-07-01<\/p><p>\u012evadas<\/p><p>Sveiki atvyk\u0119 \u012f The Q House LTD. Mes esame \u012fsipareigoj\u0119 saugoti j\u016bs\u0173 asmenin\u0119 informacij\u0105 ir j\u016bs\u0173 teis\u0119 \u012f privatum\u0105. Jei turite koki\u0173 nors klausim\u0173 ar r\u016bpes\u010di\u0173 d\u0117l \u0161ios privatumo politikos ar m\u016bs\u0173 praktikos, susijusios su j\u016bs\u0173 asmenine informacija, susisiekite su mumis adresu:<br \/>\u012emon\u0117s pavadinimas: The Q House LTD<br \/>Adresas: 85 Great Portland Street, Pirmas Auk\u0161tas, Londonas, W1W 7LT, JK<br \/>El. pa\u0161tas: info@thequeenhouse.co.uk<\/p><p>\u0160i privatumo politika apra\u0161o, kaip mes galime naudoti j\u016bs\u0173 informacij\u0105, jei:<\/p><p>Apsilankote m\u016bs\u0173 svetain\u0117je https:\/\/thequeenhouse.co.uk\/<br \/>Bendraujate su mumis kitais susijusiais b\u016bdais \u2015 \u012fskaitant pardavimus, rinkodar\u0105 ar renginius<br \/>Koki\u0105 informacij\u0105 mes renkame?<\/p><p>Asmenin\u0117 informacija, kuri\u0105 atskleid\u017eiate mums: Mes renkame asmenin\u0119 informacij\u0105, kuri\u0105 j\u016bs savanori\u0161kai mums pateikiate, i\u0161reik\u0161dami susidom\u0117jim\u0105 gauti informacij\u0105 apie mus ar m\u016bs\u0173 produktus ir paslaugas. Asmenin\u0117 informacija, kuri\u0105 mes renkame, gali apimti \u0161i\u0105 informacij\u0105:<br \/>Vardas<br \/>Pavard\u0117<br \/>El. pa\u0161tas<br \/>Adresas<br \/>Telefono numeris<\/p><p>Informacija, kuri renkama automati\u0161kai: Mes automati\u0161kai renkame tam tikr\u0105 informacij\u0105, kai lankot\u0117s, naudojat\u0117s ar nar\u0161ote svetain\u0117je. \u0160i informacija neatskleid\u017eia j\u016bs\u0173 specifin\u0117s tapatyb\u0117s, ta\u010diau gali apimti \u012frenginio ir naudojimo informacij\u0105.<\/p><p>Kaip mes naudojame j\u016bs\u0173 informacij\u0105?<\/p><p>Mes naudojame per m\u016bs\u0173 svetain\u0119 surinkt\u0105 asmenin\u0119 informacij\u0105 \u012fvairiais verslo tikslais, apra\u0161ytais \u017eemiau:<br \/>Nor\u0117dami palengvinti paskyros k\u016brim\u0105 ir autentifikavim\u0105 bei kitaip valdyti naudotoj\u0173 paskyras.<br \/>Nor\u0117dami si\u0173sti jums administracin\u0119 informacij\u0105, pvz., pakeitimus m\u016bs\u0173 s\u0105lygose, taisykl\u0117se ir politikose.<br \/>Atsakyti \u012f teisinius pra\u0161ymus ir u\u017ekirsti keli\u0105 \u017ealai.<\/p><p>Ar j\u016bs\u0173 informacija bus bendrinama su kitais?<\/p><p>Mes bendriname informacij\u0105 tik su j\u016bs\u0173 sutikimu, siekiant laikytis \u012fstatym\u0173, teikti jums paslaugas, apsaugoti j\u016bs\u0173 teises arba vykdyti verslo \u012fsipareigojimus.<\/p><p>Kaip mes saugome j\u016bs\u0173 informacij\u0105?<\/p><p>Mes \u012fgyvendinome tinkamas technines ir organizacines saugumo priemones, skirtas apsaugoti bet koki\u0105 m\u016bs\u0173 tvarkom\u0105 asmenin\u0119 informacij\u0105.<\/p><p>Kokios yra j\u016bs\u0173 privatumo teis\u0117s?<\/p><p>Pagal taikomus duomen\u0173 apsaugos \u012fstatymus j\u016bs turite tam tikras teises. Jos gali apimti teis\u0119 (i) pra\u0161yti prieigos ir gauti j\u016bs\u0173 asmenin\u0117s informacijos kopij\u0105, (ii) pra\u0161yti taisymo ar i\u0161trynimo; (iii) apriboti j\u016bs\u0173 asmenin\u0117s informacijos tvarkym\u0105; ir (iv) jei taikoma, \u012f duomen\u0173 perkeliamum\u0105.<\/p><p>Duomen\u0173 saugojimas<\/p><p>Mes saugosime j\u016bs\u0173 asmenin\u0119 informacij\u0105 tiek, kiek tai b\u016btina \u0161ioje privatumo politikoje nurodytais tikslais.<\/p><p>Politikos atnaujinimai<\/p><p>Mes galime periodi\u0161kai atnaujinti \u0161i\u0105 privatumo politik\u0105. Atnaujinta versija bus nurodyta atnaujinta \u201ePataisyta\u201c data ir atnaujinta versija \u012fsigalios, kai tik ji bus prieinama.<\/p><p>Susisiekite su mumis<\/p><p>Jei turite klausim\u0173 ar pastab\u0173 d\u0117l \u0161ios politikos, galite mums ra\u0161yti el. pa\u0161tu info@thequeenhouse.co.uk arba pa\u0161tu adresu:<br \/>The Q House LTD<br \/>Adresas: 85 Great Portland Street, Pirmas Auk\u0161tas, Londonas, W1W 7LT, JK<\/p>\t\t\t\t\t\t\t\t<\/div>\n\t\t\t\t\t<\/div>\n\t\t\t\t<\/div>\n\t\t\t\t<\/div>\n\t\t","protected":false},"excerpt":{"rendered":"<p>Privatumo politika \u012esigaliojimo data: 2024-07-01 \u012evadas Sveiki atvyk\u0119 \u012f The Q House LTD. Mes esame \u012fsipareigoj\u0119 saugoti j\u016bs\u0173 asmenin\u0119 informacij\u0105 ir j\u016bs\u0173 teis\u0119 \u012f privatum\u0105. Jei turite koki\u0173 nors klausim\u0173 ar r\u016bpes\u010di\u0173 d\u0117l \u0161ios privatumo politikos ar m\u016bs\u0173 praktikos, susijusios su j\u016bs\u0173 asmenine informacija, susisiekite su mumis adresu:\u012emon\u0117s pavadinimas: The Q House LTDAdresas: 85 Great [&hellip;]<\/p>\n","protected":false},"author":2,"featured_media":0,"parent":0,"menu_order":0,"comment_status":"closed","ping_status":"closed","template":"elementor_header_footer","meta":{"footnotes":""},"class_list":["post-6838","page","type-page","status-publish","hentry"],"_links":{"self":[{"href":"https:\/\/thequeenhouse.co.uk\/lt\/wp-json\/wp\/v2\/pages\/6838","targetHints":{"allow":["GET"]}}],"collection":[{"href":"https:\/\/thequeenhouse.co.uk\/lt\/wp-json\/wp\/v2\/pages"}],"about":[{"href":"https:\/\/thequeenhouse.co.uk\/lt\/wp-json\/wp\/v2\/types\/page"}],"author":[{"embeddable":true,"href":"https:\/\/thequeenhouse.co.uk\/lt\/wp-json\/wp\/v2\/users\/2"}],"replies":[{"embeddable":true,"href":"https:\/\/thequeenhouse.co.uk\/lt\/wp-json\/wp\/v2\/comments?post=6838"}],"version-history":[{"count":3,"href":"https:\/\/thequeenhouse.co.uk\/lt\/wp-json\/wp\/v2\/pages\/6838\/revisions"}],"predecessor-version":[{"id":6841,"href":"https:\/\/thequeenhouse.co.uk\/lt\/wp-json\/wp\/v2\/pages\/6838\/revisions\/6841"}],"wp:attachment":[{"href":"https:\/\/thequeenhouse.co.uk\/lt\/wp-json\/wp\/v2\/media?parent=6838"}],"curies":[{"name":"wp","href":"https:\/\/api.w.org\/{rel}","templated":true}]}}