{"id":6843,"date":"2024-07-04T08:41:05","date_gmt":"2024-07-04T07:41:05","guid":{"rendered":"https:\/\/thequeenhouse.co.uk\/?page_id=6843"},"modified":"2024-08-15T08:19:29","modified_gmt":"2024-08-15T07:19:29","slug":"slapuku-politika","status":"publish","type":"page","link":"https:\/\/thequeenhouse.co.uk\/lt\/slapuku-politika\/","title":{"rendered":"Slapuk\u0173 politika"},"content":{"rendered":"\t\t<div data-elementor-type=\"wp-page\" data-elementor-id=\"6843\" class=\"elementor elementor-6843 elementor-6142\" data-elementor-post-type=\"page\">\n\t\t\t\t\t\t<section class=\"elementor-section elementor-top-section elementor-element elementor-element-7ffc5ae elementor-section-boxed elementor-section-height-default elementor-section-height-default\" data-id=\"7ffc5ae\" data-element_type=\"section\" data-e-type=\"section\" data-settings=\"{&quot;background_background&quot;:&quot;classic&quot;}\">\n\t\t\t\t\t\t\t<div class=\"elementor-background-overlay\"><\/div>\n\t\t\t\t\t\t\t<div class=\"elementor-container elementor-column-gap-default\">\n\t\t\t\t\t<div class=\"elementor-column elementor-col-100 elementor-top-column elementor-element elementor-element-e12f83d\" data-id=\"e12f83d\" data-element_type=\"column\" data-e-type=\"column\">\n\t\t\t<div class=\"elementor-widget-wrap elementor-element-populated\">\n\t\t\t\t\t\t<div class=\"elementor-element elementor-element-b5510a5 elementor-invisible elementor-widget elementor-widget-heading\" data-id=\"b5510a5\" data-element_type=\"widget\" data-e-type=\"widget\" data-settings=\"{&quot;_animation&quot;:&quot;fadeInDown&quot;}\" data-widget_type=\"heading.default\">\n\t\t\t\t\t<h2 class=\"elementor-heading-title elementor-size-default\">Slapuk\u0173 politika<\/h2>\t\t\t\t<\/div>\n\t\t\t\t\t<\/div>\n\t\t<\/div>\n\t\t\t\t\t<\/div>\n\t\t<\/section>\n\t\t<div class=\"elementor-element elementor-element-806447a e-flex e-con-boxed e-con e-parent\" data-id=\"806447a\" data-element_type=\"container\" data-e-type=\"container\">\n\t\t\t\t\t<div class=\"e-con-inner\">\n\t\t\t\t\t<\/div>\n\t\t\t\t<\/div>\n\t\t<div class=\"elementor-element elementor-element-9ea5d08 e-flex e-con-boxed e-con e-parent\" data-id=\"9ea5d08\" data-element_type=\"container\" data-e-type=\"container\">\n\t\t\t\t\t<div class=\"e-con-inner\">\n\t\t\t\t<div class=\"elementor-element elementor-element-8146188 elementor-widget elementor-widget-text-editor\" data-id=\"8146188\" data-element_type=\"widget\" data-e-type=\"widget\" data-widget_type=\"text-editor.default\">\n\t\t\t\t\t\t\t\t\t<p>Slapuk\u0173 Politika \u201eThe Q House LTD\u201c<\/p><p>\u012esigaliojimo data: 2024-07-01<\/p><p>Sveiki atvyk\u0119 \u012f \u201eThe Q House LTD\u201c! Mes naudojame slapukus ir pana\u0161ias technologijas, siekdami pagerinti j\u016bs\u0173 patirt\u012f m\u016bs\u0173 svetain\u0117je, pasiekiamoje i\u0161 https:\/\/thequeenhouse.co.uk. \u0160i politika i\u0161samiai apra\u0161o, kaip mes naudojame slapukus ir kaip j\u016bs galite juos valdyti.<\/p><p>Kas yra slapukai?<\/p><p>Slapukai yra ma\u017ei duomen\u0173 failai, kuriuos j\u016bs\u0173 nar\u0161ykl\u0117je ar \u012frenginyje saugo lankomos svetain\u0117s. Jie pla\u010diai naudojami tam, kad svetain\u0117s veikt\u0173 efektyviau ir teikt\u0173 informacij\u0105 svetaini\u0173 savininkams.<\/p><p>Kaip mes naudojame slapukus<\/p><p>Mes naudojame slapukus kelioms funkcijoms:<\/p><p>B\u016btini slapukai: \u0160ie slapukai yra b\u016btini svetain\u0117s veikimui ir j\u0173 negalima i\u0161jungti. Jie paprastai nustatomi kaip j\u016bs\u0173 veiksmai m\u016bs\u0173 svetain\u0117je, pavyzd\u017eiui, nustatant j\u016bs\u0173 privatumo parinktis, prisijungiant ar pildant formas.<\/p><p>Na\u0161umo ir analiz\u0117s slapukai: Mes naudojame \u201eGoogle Analytics\u201c ir \u201eGoogle Tag Manager\u201c, kad rinktume informacij\u0105 apie tai, kaip j\u016bs s\u0105veikaujate su m\u016bs\u0173 svetaine. \u0160ie slapukai padeda mums suprasti lankytoj\u0173 srauto modelius ir gerinti svetain\u0117s funkcionalum\u0105 bei turin\u012f.<\/p><p>Socialin\u0117s \u017einiasklaidos ir reklamos slapukai: \u0160ie slapukai yra nustatyti m\u016bs\u0173 svetain\u0117je m\u016bs\u0173 reklamos partneri\u0173, toki\u0173 kaip \u201eFacebook Pixel\u201c. \u0160ios kompanijos gali naudoti \u0161iuos slapukus kurdamos j\u016bs\u0173 interes\u0173 profil\u012f ir rodydamos jums aktuali\u0105 reklam\u0105 kitose svetain\u0117se.<\/p><p>J\u016bs\u0173 pasirinkimai d\u0117l slapuk\u0173<\/p><p>J\u016bs turite teis\u0119 nuspr\u0119sti, ar priimti slapukus, ar ne. Galite nustatyti arba pakeisti savo interneto nar\u0161ykl\u0117s valdiklius, kad priimtum\u0117te arba atmestum\u0117te slapukus. Jei nuspr\u0119site atmesti slapukus, vis tiek gal\u0117site naudotis m\u016bs\u0173 svetaine, ta\u010diau kai kurios funkcijos ir sritys gali b\u016bti ribotos.<\/p><p>Daugiau informacijos<\/p><p>Jei turite klausim\u0173 apie m\u016bs\u0173 slapuk\u0173 ar kit\u0173 technologij\u0173 naudojim\u0105, pra\u0161ome ra\u0161yti mums el. pa\u0161tu info@thequeenhouse.co.uk.<\/p><p>Kontaktin\u0117 informacija<\/p><p>\u012emon\u0117s pavadinimas: The Q House LTD<br \/>Adresas: 85 Great Portland Street, Pirmas Auk\u0161tas, Londonas, W1W 7LT, JK<br \/>El. pa\u0161tas: info@thequeenhouse.co.uk<\/p>\t\t\t\t\t\t\t\t<\/div>\n\t\t\t\t\t<\/div>\n\t\t\t\t<\/div>\n\t\t\t\t<\/div>\n\t\t","protected":false},"excerpt":{"rendered":"<p>Slapuk\u0173 politika Slapuk\u0173 Politika \u201eThe Q House LTD\u201c \u012esigaliojimo data: 2024-07-01 Sveiki atvyk\u0119 \u012f \u201eThe Q House LTD\u201c! Mes naudojame slapukus ir pana\u0161ias technologijas, siekdami pagerinti j\u016bs\u0173 patirt\u012f m\u016bs\u0173 svetain\u0117je, pasiekiamoje i\u0161 https:\/\/thequeenhouse.co.uk. \u0160i politika i\u0161samiai apra\u0161o, kaip mes naudojame slapukus ir kaip j\u016bs galite juos valdyti. Kas yra slapukai? Slapukai yra ma\u017ei duomen\u0173 failai, [&hellip;]<\/p>\n","protected":false},"author":2,"featured_media":0,"parent":0,"menu_order":0,"comment_status":"closed","ping_status":"closed","template":"elementor_header_footer","meta":{"footnotes":""},"class_list":["post-6843","page","type-page","status-publish","hentry"],"_links":{"self":[{"href":"https:\/\/thequeenhouse.co.uk\/lt\/wp-json\/wp\/v2\/pages\/6843","targetHints":{"allow":["GET"]}}],"collection":[{"href":"https:\/\/thequeenhouse.co.uk\/lt\/wp-json\/wp\/v2\/pages"}],"about":[{"href":"https:\/\/thequeenhouse.co.uk\/lt\/wp-json\/wp\/v2\/types\/page"}],"author":[{"embeddable":true,"href":"https:\/\/thequeenhouse.co.uk\/lt\/wp-json\/wp\/v2\/users\/2"}],"replies":[{"embeddable":true,"href":"https:\/\/thequeenhouse.co.uk\/lt\/wp-json\/wp\/v2\/comments?post=6843"}],"version-history":[{"count":6,"href":"https:\/\/thequeenhouse.co.uk\/lt\/wp-json\/wp\/v2\/pages\/6843\/revisions"}],"predecessor-version":[{"id":8840,"href":"https:\/\/thequeenhouse.co.uk\/lt\/wp-json\/wp\/v2\/pages\/6843\/revisions\/8840"}],"wp:attachment":[{"href":"https:\/\/thequeenhouse.co.uk\/lt\/wp-json\/wp\/v2\/media?parent=6843"}],"curies":[{"name":"wp","href":"https:\/\/api.w.org\/{rel}","templated":true}]}}