{"id":10002,"date":"2024-09-04T20:06:59","date_gmt":"2024-09-04T19:07:02","guid":{"rendered":"https:\/\/thequeenhouse.co.uk\/?post_type=product&#038;p=10002"},"modified":"2025-09-20T12:28:25","modified_gmt":"2025-09-20T11:28:25","slug":"harmony-450gr-prabangi-zvake-pastel-mint","status":"publish","type":"product","link":"https:\/\/thequeenhouse.co.uk\/lt\/produktas\/harmony-450gr-prabangi-zvake-pastel-mint\/","title":{"rendered":"\u201eHarmony\u201c 450gr prabangi \u017evak\u0117 &#8211; Pastel Mint"},"content":{"rendered":"<p><strong>2024 m. Naujausia rudens kolekcija<\/strong><\/p>\n<p><strong><u>Apra\u0161ymas:<\/u><\/strong><\/p>\n<p>Pasinerkite \u012f raminan\u010di\u0105 rudens \u0161ilum\u0105 su \u201eHarmony\u201c prabangi\u0105ja \u017evake, tikru m\u016bs\u0173 2024 m. kolekcijos atradimu. Su meile pagaminta i\u0161 ekologi\u0161ko kokos\u0173 va\u0161ko, \u0161varus degimas bei tinkantis veganams. Auk\u0161tos kokyb\u0117s, parfumuoti kvapai &#8211; kiekvienas degimas suteiks jums atsipalaidavimo b\u016bsen\u0105, suteiks \u0161ilt\u0105, jauki\u0105 nam\u0173 atmosfer\u0105 &#8211; ni\u016br\u0173 rudens vakar\u0105. \u017dvak\u0117 yra eleganti\u0161kame keramikiniame inde, kuris puikiai papildo bet kok\u012f interjer\u0105 savo minimalistiniu, ta\u010diau i\u0161skirtiniu dizainu.<\/p>\n<p><strong>Ypatyb\u0117s:<\/strong><\/p>\n<ul>\n<li><strong>Ekologi\u0161kas kokos\u0173 va\u0161kas:<\/strong> Tvariai i\u0161gaunamas, ekologi\u0161kas va\u0161kas, kuris dega \u0161variai ir tolygiai, ne toksi\u0161kas.<\/li>\n<li><strong>Tinka veganams:<\/strong> N\u0117ra joki\u0173 gyv\u016bnin\u0117s kilm\u0117s ingredient\u0173, tod\u0117l tai be s\u0105\u017ein\u0117s grau\u017eaties teikiantis malonumas.<\/li>\n<\/ul>\n<p>&nbsp;<\/p>\n<p><strong>Priderinami kvapn\u016bs aromatai:<\/strong><\/p>\n<p>Pasirinkite i\u0161 \u012fvairi\u0173 prabangi\u0173 kvap\u0173, atitinkan\u010di\u0173 j\u016bs\u0173 nuotaik\u0105 ar prog\u0105.<\/p>\n<p>&nbsp;<\/p>\n<p><strong>Medvilnin\u0117 dagtis:<\/strong><\/p>\n<p>U\u017etikrina tolyg\u0173 ir stabil\u0173 degim\u0105, maksimaliai m\u0117gaujantis \u017evake.<\/p>\n<p>&nbsp;<\/p>\n<p><strong>Eleganti\u0161kas keramikinis indelis pasteliniu spalv\u0173:<\/strong><\/p>\n<p>I\u0161oriniai indo matmenys &#8211; 84 mm skersmens ir 97 mm auk\u0161\u010dio, puikiai tinka prid\u0117ti prabangos j\u016bs\u0173 erdvei.<\/p>\n<p>&nbsp;<\/p>\n<p>&nbsp;<\/p>\n<p><strong>Kod\u0117l verta \u012fsigyti:<\/strong><\/p>\n<ul>\n<li><strong>Tvari prabanga:<\/strong> M\u0117gaukit\u0117s geriausiais dalykais \u2013 \u017evake, kuri yra ir prabangi, ir draugi\u0161ka aplinkai.<\/li>\n<li><strong>Puikiai tinka dovanoms:<\/strong> Priderinami kvapai ir eleganti\u0161ka pakuot\u0117 daro \u0161i\u0105 \u017evak\u0119 idealia dovana mylimiems \u017emon\u0117ms.<\/li>\n<li><strong>Rudens atmosfera:<\/strong> Sukurkite jauki\u0105 nam\u0173 aplink\u0105 su \u0161iltais ir viliojan\u010diais rudens kvapais.<\/li>\n<\/ul>\n","protected":false},"excerpt":{"rendered":"<p><strong>2024 m. Naujausia rudens kolekcija<\/strong><\/p>\n<p><strong><u>Apra\u0161ymas:<\/u><\/strong><\/p>\n<p>Pasinerkite \u012f raminan\u010di\u0105 rudens \u0161ilum\u0105 su \u201eHarmony\u201c prabangi\u0105ja \u017evake, tikru m\u016bs\u0173 2024 m. kolekcijos atradimu. Su meile pagaminta i\u0161 ekologi\u0161ko kokos\u0173 va\u0161ko, \u0161varus degimas bei tinkantis veganams. Auk\u0161tos kokyb\u0117s, parfumuoti kvapai &#8211; kiekvienas degimas suteiks jums atsipalaidavimo b\u016bsen\u0105, suteiks \u0161ilt\u0105, jauki\u0105 nam\u0173 atmosfer\u0105 &#8211; ni\u016br\u0173 rudens vakar\u0105. \u017dvak\u0117 yra eleganti\u0161kame keramikiniame inde, kuris puikiai papildo bet kok\u012f interjer\u0105 savo minimalistiniu, ta\u010diau i\u0161skirtiniu dizainu.<\/p>\n","protected":false},"featured_media":9752,"comment_status":"open","ping_status":"closed","template":"","meta":[],"product_brand":[],"product_cat":[251,295,52],"product_tag":[],"class_list":{"0":"post-10002","1":"product","2":"type-product","3":"status-publish","4":"has-post-thumbnail","6":"product_cat-harmony-kolekcija-450g","7":"product_cat-nauja-kolekcija","8":"product_cat-zvakes","10":"first","11":"instock","12":"taxable","13":"shipping-taxable","14":"purchasable","15":"product-type-variable"},"_links":{"self":[{"href":"https:\/\/thequeenhouse.co.uk\/lt\/wp-json\/wp\/v2\/product\/10002","targetHints":{"allow":["GET"]}}],"collection":[{"href":"https:\/\/thequeenhouse.co.uk\/lt\/wp-json\/wp\/v2\/product"}],"about":[{"href":"https:\/\/thequeenhouse.co.uk\/lt\/wp-json\/wp\/v2\/types\/product"}],"replies":[{"embeddable":true,"href":"https:\/\/thequeenhouse.co.uk\/lt\/wp-json\/wp\/v2\/comments?post=10002"}],"wp:featuredmedia":[{"embeddable":true,"href":"https:\/\/thequeenhouse.co.uk\/lt\/wp-json\/wp\/v2\/media\/9752"}],"wp:attachment":[{"href":"https:\/\/thequeenhouse.co.uk\/lt\/wp-json\/wp\/v2\/media?parent=10002"}],"wp:term":[{"taxonomy":"product_brand","embeddable":true,"href":"https:\/\/thequeenhouse.co.uk\/lt\/wp-json\/wp\/v2\/product_brand?post=10002"},{"taxonomy":"product_cat","embeddable":true,"href":"https:\/\/thequeenhouse.co.uk\/lt\/wp-json\/wp\/v2\/product_cat?post=10002"},{"taxonomy":"product_tag","embeddable":true,"href":"https:\/\/thequeenhouse.co.uk\/lt\/wp-json\/wp\/v2\/product_tag?post=10002"}],"curies":[{"name":"wp","href":"https:\/\/api.w.org\/{rel}","templated":true}]}}