{"id":11043,"date":"2024-09-27T14:37:51","date_gmt":"2024-09-27T13:37:51","guid":{"rendered":"https:\/\/thequeenhouse.co.uk\/be-a-queen-purple-shampoo-take-yellow-shades-off\/"},"modified":"2024-10-14T11:09:07","modified_gmt":"2024-10-14T10:09:07","slug":"be-a-queen-purple-shampoo-take-yellow-shades-off","status":"publish","type":"product","link":"https:\/\/thequeenhouse.co.uk\/lt\/produktas\/be-a-queen-purple-shampoo-take-yellow-shades-off\/","title":{"rendered":"\u201cBe a Queen\u201d Purple Shampoo &#8211; Take Yellow Shades off"},"content":{"rendered":"<p>Be a Queen Violetinis \u0160amp\u016bnas \u2013 I\u0161ry\u0161kinkite Savo \u0160viesi\u0173 ir Sidabrini\u0173 Plauk\u0173 Gro\u017e\u012f<\/p>\n<p>Atskleiskite tikr\u0105j\u012f savo \u0161viesi\u0173, pilk\u0173 ar sidabrini\u0173 plauk\u0173 spindes\u012f su Be a Queen Violetiniu \u0160amp\u016bnu. Specialiai sukurtas neutralizuoti nepageidaujamus gelsvus ir oran\u017einius atspalvius, \u0161is \u0161amp\u016bnas padeda atkurti v\u0117s\u0173 ir ry\u0161k\u0173 j\u016bs\u0173 plauk\u0173 ton\u0105. Unikalus auk\u0161tos kokyb\u0117s ingredient\u0173 derinys ne tik i\u0161ry\u0161kina j\u016bs\u0173 plauk\u0173 nat\u016bral\u0173 \u017evilges\u012f ir spindes\u012f, bet ir suteikia b\u016btinos dr\u0117gm\u0117s, kad plaukai i\u0161likt\u0173 sveiki ir \u017evilgantys.<\/p>\n<ul>\n<li>Neutralizuoja Gelsvus ir Oran\u017einius Atspalvius: \u0160amp\u016bne esantys stipr\u016bs violetiniai pigmentai veiksmingai neutralizuoja nepageidaujamus gelsvus ir oran\u017einius atspalvius, tod\u0117l puikiai tinka i\u0161laikyti v\u0117s\u0173, pelen\u0173 ton\u0105 \u0161viesiuose, pilkuose ir sidabriniuose plaukuose.<\/li>\n<li>Ry\u0161kina Spalv\u0105 ir Suteikia Blizgesio: Atkurkite plauk\u0173 ry\u0161kum\u0105 ir i\u0161ry\u0161kinkite \u0161viesius bei sidabrinius atspalvius, suteikdami plaukams gra\u017e\u0173, blizgant\u012f pavir\u0161i\u0173. Puikus pasirinkimas norint kasdien m\u0117gautis salono vertais rezultatais.<\/li>\n<li>Dr\u0117kinimas ir Maitinimas: \u0160amp\u016bno sud\u0117tyje esantys dr\u0117kinantys ingredientai u\u017etikrina, kad plaukai i\u0161likt\u0173 mink\u0161ti, \u0161veln\u016bs ir lengvai valdomi, nesausindami ir netrapindami j\u0173, kaip tai da\u017enai b\u016bna su spalv\u0105 palaikan\u010diais produktais.<\/li>\n<li>Be Sulfat\u0173 ir Paraben\u0173: \u0160velnus galvos odai ir plaukams, \u0161amp\u016bno formul\u0117 be sulfat\u0173 ir paraben\u0173 saugo da\u017eytus plaukus ir u\u017etikrina, kad j\u016bs\u0173 plaukai ilgainiui i\u0161likt\u0173 sveiki bei ry\u0161k\u016bs.<\/li>\n<li>Tinka Vis\u0173 Tip\u0173 Plaukams: Nesvarbu, ar j\u016bs\u0173 plaukai nat\u016braliai \u0161vies\u016bs, da\u017eyti ar sidabriniai, \u0161is \u0161amp\u016bnas suteikia profesionalius rezultatus ir yra b\u016btina priemon\u0117 norint i\u0161laikyti tobul\u0105 plauk\u0173 spalv\u0105.<\/li>\n<\/ul>\n<p>&nbsp;<\/p>\n<p>Atskleiskite Tikr\u0105j\u012f Savo \u0160viesi\u0173 ir Sidabrini\u0173 Plauk\u0173 Gro\u017e\u012f:<\/p>\n<p>Be a Queen Violetinis \u0160amp\u016bnas ne tik koreguoja ir i\u0161ry\u0161kina j\u016bs\u0173 plauk\u0173 spalv\u0105, bet ir gerina j\u0173 bendr\u0105 b\u016bkl\u0119 bei i\u0161vaizd\u0105. Reguliarus naudojimas pad\u0117s i\u0161laikyti \u0161vie\u017ei\u0105, ry\u0161ki\u0105 ir spindin\u010di\u0105 plauk\u0173 i\u0161vaizd\u0105. Jaustis pasitikint ir gra\u017eiai kiekvien\u0105 dien\u0105 pad\u0117s plaukai, spinduliuojantys elegancij\u0105 ir rafinuotum\u0105.<\/p>\n<p>I\u0161kelkite savo \u0161viesius ir sidabrinius plaukus \u012f kit\u0105 lygmen\u012f \u2013 B\u016bkite Karalien\u0117 ir atskleiskite tikr\u0105sias savo spalvas!<\/p>\n<p>&nbsp;<\/p>\n<p>INGREDIENTAI:<\/p>\n<p>Water, Sodium C14-16 Alpha Olefin Sulfonate, Cocamidopropyl Betaine, Acrylates Copolymer, Coco-Glucoside, Glycol Distearate, Olea Europaea (Olive) Fruit Oil, Sodium Hydroxide, Potassium Sorbate, Phenoxyethanol, Fragrance, Disodium EDTA, Panthenol, Tocopheryl Acetate, Asparagus Cochinchinensis Extract, Propanediol, Bletilla Striata Extract, Glycerine, Albizia Julibrissin Durazz Extract, Natural Pigment, Hydrolyzed Silk<\/p>\n","protected":false},"excerpt":{"rendered":"<p>Be a Queen Violetinis \u0160amp\u016bnas \u2013 I\u0161ry\u0161kinkite Savo \u0160viesi\u0173 ir Sidabrini\u0173 Plauk\u0173 Gro\u017e\u012f<\/p>\n<p>Atskleiskite tikr\u0105j\u012f savo \u0161viesi\u0173, pilk\u0173 ar sidabrini\u0173 plauk\u0173 spindes\u012f su Be a Queen Violetiniu \u0160amp\u016bnu. Specialiai sukurtas neutralizuoti nepageidaujamus gelsvus ir oran\u017einius atspalvius, \u0161is \u0161amp\u016bnas padeda atkurti v\u0117s\u0173 ir ry\u0161k\u0173 j\u016bs\u0173 plauk\u0173 ton\u0105. Unikalus auk\u0161tos kokyb\u0117s ingredient\u0173 derinys ne tik i\u0161ry\u0161kina j\u016bs\u0173 plauk\u0173 nat\u016bral\u0173 \u017evilges\u012f ir spindes\u012f, bet ir suteikia b\u016btinos dr\u0117gm\u0117s, kad plaukai i\u0161likt\u0173 sveiki ir \u017evilgantys.<\/p>\n","protected":false},"featured_media":11039,"comment_status":"open","ping_status":"closed","template":"","meta":[],"product_brand":[],"product_cat":[43,222],"product_tag":[],"class_list":{"0":"post-11043","1":"product","2":"type-product","3":"status-publish","4":"has-post-thumbnail","6":"product_cat-grozis","7":"product_cat-plauku-prieziuros-priemones","9":"first","10":"instock","11":"taxable","12":"shipping-taxable","13":"purchasable","14":"product-type-simple"},"_links":{"self":[{"href":"https:\/\/thequeenhouse.co.uk\/lt\/wp-json\/wp\/v2\/product\/11043","targetHints":{"allow":["GET"]}}],"collection":[{"href":"https:\/\/thequeenhouse.co.uk\/lt\/wp-json\/wp\/v2\/product"}],"about":[{"href":"https:\/\/thequeenhouse.co.uk\/lt\/wp-json\/wp\/v2\/types\/product"}],"replies":[{"embeddable":true,"href":"https:\/\/thequeenhouse.co.uk\/lt\/wp-json\/wp\/v2\/comments?post=11043"}],"wp:featuredmedia":[{"embeddable":true,"href":"https:\/\/thequeenhouse.co.uk\/lt\/wp-json\/wp\/v2\/media\/11039"}],"wp:attachment":[{"href":"https:\/\/thequeenhouse.co.uk\/lt\/wp-json\/wp\/v2\/media?parent=11043"}],"wp:term":[{"taxonomy":"product_brand","embeddable":true,"href":"https:\/\/thequeenhouse.co.uk\/lt\/wp-json\/wp\/v2\/product_brand?post=11043"},{"taxonomy":"product_cat","embeddable":true,"href":"https:\/\/thequeenhouse.co.uk\/lt\/wp-json\/wp\/v2\/product_cat?post=11043"},{"taxonomy":"product_tag","embeddable":true,"href":"https:\/\/thequeenhouse.co.uk\/lt\/wp-json\/wp\/v2\/product_tag?post=11043"}],"curies":[{"name":"wp","href":"https:\/\/api.w.org\/{rel}","templated":true}]}}