{"id":11047,"date":"2024-09-27T14:44:56","date_gmt":"2024-09-27T13:44:56","guid":{"rendered":"https:\/\/thequeenhouse.co.uk\/?post_type=product&#038;p=11047"},"modified":"2024-10-14T11:09:07","modified_gmt":"2024-10-14T10:09:07","slug":"be-a-queen-purple-shampoo-conditioner-duo","status":"publish","type":"product","link":"https:\/\/thequeenhouse.co.uk\/lt\/produktas\/be-a-queen-purple-shampoo-conditioner-duo\/","title":{"rendered":"\u201cBe a Queen\u201d Purple Shampoo &#038; Conditioner Duo"},"content":{"rendered":"<p>Be a Queen Violetinis \u0160amp\u016bnas ir Kondicionierius<\/p>\n<p>Atskleiskite Tikr\u0105j\u012f Savo \u0160viesi\u0173 ir Sidabrini\u0173 Plauk\u0173 Gro\u017e\u012f:<\/p>\n<p>Be a Queen Violetinis \u0160amp\u016bnas ne tik koreguoja ir i\u0161ry\u0161kina j\u016bs\u0173 plauk\u0173 spalv\u0105, bet ir gerina j\u0173 bendr\u0105 b\u016bkl\u0119 bei i\u0161vaizd\u0105. Reguliarus naudojimas pad\u0117s i\u0161laikyti \u0161vie\u017ei\u0105, ry\u0161ki\u0105 ir spindin\u010di\u0105 plauk\u0173 i\u0161vaizd\u0105. Jaustis pasitikint ir gra\u017eiai kiekvien\u0105 dien\u0105 pad\u0117s plaukai, spinduliuojantys elegancij\u0105 ir rafinuotum\u0105.<\/p>\n<p>I\u0161kelkite savo \u0161viesius ir sidabrinius plaukus \u012f kit\u0105 lygmen\u012f \u2013 B\u016bkite Karalien\u0117 ir atskleiskite tikr\u0105sias savo spalvas!<\/p>\n<p>&nbsp;<\/p>\n","protected":false},"excerpt":{"rendered":"<p>Be a Queen Violetinis \u0160amp\u016bnas ir Kondicionierius<\/p>\n<p>Atskleiskite tikr\u0105j\u012f savo \u0161viesi\u0173, pilk\u0173 ar sidabrini\u0173 plauk\u0173 spindes\u012f su Be a Queen Violetiniu \u0160amp\u016bnu. Specialiai sukurtas neutralizuoti nepageidaujamus gelsvus ir oran\u017einius atspalvius, \u0161is \u0161amp\u016bnas padeda atkurti v\u0117s\u0173 ir ry\u0161k\u0173 j\u016bs\u0173 plauk\u0173 ton\u0105. Unikalus auk\u0161tos kokyb\u0117s ingredient\u0173 derinys ne tik i\u0161ry\u0161kina j\u016bs\u0173 plauk\u0173 nat\u016bral\u0173 \u017evilges\u012f ir spindes\u012f, bet ir suteikia b\u016btinos dr\u0117gm\u0117s, kad plaukai i\u0161likt\u0173 sveiki ir \u017evilgantys.<\/p>\n","protected":false},"featured_media":11041,"comment_status":"open","ping_status":"closed","template":"","meta":[],"product_brand":[],"product_cat":[43,222],"product_tag":[],"class_list":{"0":"post-11047","1":"product","2":"type-product","3":"status-publish","4":"has-post-thumbnail","6":"product_cat-grozis","7":"product_cat-plauku-prieziuros-priemones","9":"first","10":"instock","11":"taxable","12":"shipping-taxable","13":"purchasable","14":"product-type-simple"},"_links":{"self":[{"href":"https:\/\/thequeenhouse.co.uk\/lt\/wp-json\/wp\/v2\/product\/11047","targetHints":{"allow":["GET"]}}],"collection":[{"href":"https:\/\/thequeenhouse.co.uk\/lt\/wp-json\/wp\/v2\/product"}],"about":[{"href":"https:\/\/thequeenhouse.co.uk\/lt\/wp-json\/wp\/v2\/types\/product"}],"replies":[{"embeddable":true,"href":"https:\/\/thequeenhouse.co.uk\/lt\/wp-json\/wp\/v2\/comments?post=11047"}],"wp:featuredmedia":[{"embeddable":true,"href":"https:\/\/thequeenhouse.co.uk\/lt\/wp-json\/wp\/v2\/media\/11041"}],"wp:attachment":[{"href":"https:\/\/thequeenhouse.co.uk\/lt\/wp-json\/wp\/v2\/media?parent=11047"}],"wp:term":[{"taxonomy":"product_brand","embeddable":true,"href":"https:\/\/thequeenhouse.co.uk\/lt\/wp-json\/wp\/v2\/product_brand?post=11047"},{"taxonomy":"product_cat","embeddable":true,"href":"https:\/\/thequeenhouse.co.uk\/lt\/wp-json\/wp\/v2\/product_cat?post=11047"},{"taxonomy":"product_tag","embeddable":true,"href":"https:\/\/thequeenhouse.co.uk\/lt\/wp-json\/wp\/v2\/product_tag?post=11047"}],"curies":[{"name":"wp","href":"https:\/\/api.w.org\/{rel}","templated":true}]}}