{"id":11053,"date":"2024-09-27T15:08:00","date_gmt":"2024-09-27T14:08:00","guid":{"rendered":"https:\/\/thequeenhouse.co.uk\/?post_type=product&#038;p=11053"},"modified":"2024-10-14T11:09:07","modified_gmt":"2024-10-14T10:09:07","slug":"be-a-queen-purple-conditioner-take-yellow-shades-off-copy","status":"publish","type":"product","link":"https:\/\/thequeenhouse.co.uk\/lt\/produktas\/be-a-queen-purple-conditioner-take-yellow-shades-off-copy\/","title":{"rendered":"\u201cBe a Queen\u201d Apple Cider Vinegar Shampoo &#8211; Scalp &#038; Moisture"},"content":{"rendered":"<p><span class=\"s2\">Be a Queen &#8211; Obuoli\u0173 Sidro Acto \u0160amp\u016bnas \u2013 Sveikai Galvos Odai ir Dr\u0117gniems Plaukams<\/span><\/p>\n<p>Pasiekite, sveikus plaukus su m\u016bs\u0173 Be a Queen Obuoli\u0173 Sidro Acto Kondicionieriumi, sukurtu atgaivinti ir pamaitinti j\u016bs\u0173 plaukus bei galvos od\u0105. Praturtintas obuoli\u0173 sidro acto galia, \u0161is kondicionierius subalansuoja galvos odos nat\u016bral\u0173 pH, skatina blizges\u012f ir \u0161velnina kiekvien\u0105 plauk\u0173 sruog\u0105, suteikdamas plaukams sveik\u0105, \u017evilgant\u012f vaizd\u0105 ir gaiv\u0173 poj\u016bt\u012f.<\/p>\n<div class=\"s4\"><span class=\"s3\">\u2022 <\/span><span class=\"s2\">Giliai Maitina ir Dr\u0117kina<\/span>: Praturtintas auk\u0161tos kokyb\u0117s ingredientais, \u0161is kondicionierius u\u017etikrina intensyv\u0173 dr\u0117kinim\u0105, i\u0161laikydamas plaukus mink\u0161tus, \u0161velnius ir dr\u0117kintus. Puikiai tinka suvaldyti garbanojim\u0105si ir palengvinti plauk\u0173 i\u0161\u0161ukavim\u0105, stiprina plaukus nuo \u0161akn\u0173 iki galiuk\u0173.<\/div>\n<div class=\"s4\"><span class=\"s3\">\u2022 <\/span><span class=\"s2\">Obuoli\u0173 Sidro Acto Privalumai<\/span>: D\u0117l savo galvos odos valymo savybi\u0173, obuoli\u0173 sidro actas \u0161velniai pa\u0161alina susikaupusius ne\u0161varumus ir produkt\u0173 liku\u010dius, skatina sveik\u0105 galvos odos aplink\u0105 ir padeda i\u0161vengti pleiskan\u0173 atsiradimo.<\/div>\n<div class=\"s4\"><span class=\"s3\">\u2022 <\/span><span class=\"s2\">Atkuriamas Nat\u016bralus Blizgesys ir \u0160velnumas<\/span>: \u0160i unikali formul\u0117 gr\u0105\u017eina plaukams nat\u016bral\u0173 \u017evilges\u012f ir \u0161velnum\u0105. Kondicionierius u\u017edaro plauko kutikulas ir suma\u017eina skilin\u0117jim\u0105, palikdamas plaukus \u017evilgan\u010dius ir lengvai valdomus.<\/div>\n<div class=\"s4\"><span class=\"s3\">\u2022 <\/span><span class=\"s2\">Tinka Vis\u0173 Tip\u0173 Plaukams<\/span>: Nesvarbu, ar j\u016bs\u0173 plaukai ties\u016bs, banguoti ar garbanoti, \u0161is kondicionierius puikiai tinka visiems plauk\u0173 tipams, tod\u0117l yra b\u016btinas kiekvienos plauk\u0173 prie\u017ei\u016bros rutinos priedas.<\/div>\n<div class=\"s4\"><span class=\"s3\">\u2022 <\/span><span class=\"s2\">Eleganti\u0161kas Dizainas<\/span>: Supakuotas \u012f gra\u017ei\u0105 gintarin\u0119 buteliuk\u0105 su patogia dozatoriaus pompa, Be a Queen Obuoli\u0173 Sidro Acto Kondicionierius suteikia j\u016bs\u0173 vonios kambariui prabangos ir u\u017etikrina patog\u0173, \u0161var\u0173 naudojim\u0105.<\/div>\n<p class=\"s5\">\n<p>Atraskite savo plauk\u0173 nat\u016bral\u0173 gro\u017e\u012f ir \u201eB\u016bkite Karalien\u0117\u201c su \u0161iuo stipriu, maitinamuoju kondicionieriumi. Puikiai tinka sveikai galvos odai ir gra\u017eiai dr\u0117kinamiems plaukams pasiekti \u2013 tai idealus sprendimas tiems, kurie nori pagerinti savo plauk\u0173 prie\u017ei\u016bros rutin\u0105. Pajuskite transformacij\u0105 ir leiskite savo plaukams spind\u0117ti kaip kar\u016bnai!<\/p>\n<p>&nbsp;<\/p>\n<p><span class=\"s2\">INGRIDIENTS:<\/span><\/p>\n<p>Water, Cocos Nucifera (Coconut) Oil, Hydrogenated Avocado Oil, Cetyl Alcohol, Hydrogenated Sweet Almond Oil, Panthenol, Tocopheryl Acetate, Hydrogenated Castor Oil, Simmondsia Chinensis (Jojoba) Seed Oil, Argania Spinosa Kernel Oil, Shea Butter, Sodium PCA, Brassicamidopropyl Dimethylamine, Olive Oil PEG-7 Esters, Polyquaternium-73, Polyquaternium-7, Sorbitan Caprylate, P-Anisic Acid, Cetrimonium Chloride, Disodium EDTA, Citric Acid<\/p>\n","protected":false},"excerpt":{"rendered":"<p><span class=\"s2\">Be a Queen &#8211; Obuoli\u0173 Sidro Acto \u0160amp\u016bnas \u2013 Sveikai Galvos Odai ir Dr\u0117gniems Plaukams<\/span><\/p>\n<p>Pasiekite, sveikus plaukus su m\u016bs\u0173 Be a Queen Obuoli\u0173 Sidro Acto Kondicionieriumi, sukurtu atgaivinti ir pamaitinti j\u016bs\u0173 plaukus bei galvos od\u0105. Praturtintas obuoli\u0173 sidro acto galia, \u0161is kondicionierius subalansuoja galvos odos nat\u016bral\u0173 pH, skatina blizges\u012f ir \u0161velnina kiekvien\u0105 plauk\u0173 sruog\u0105, suteikdamas plaukams sveik\u0105, \u017evilgant\u012f vaizd\u0105 ir gaiv\u0173 poj\u016bt\u012f.<\/p>\n","protected":false},"featured_media":11055,"comment_status":"open","ping_status":"closed","template":"","meta":[],"product_brand":[],"product_cat":[43,222],"product_tag":[],"class_list":{"0":"post-11053","1":"product","2":"type-product","3":"status-publish","4":"has-post-thumbnail","6":"product_cat-grozis","7":"product_cat-plauku-prieziuros-priemones","9":"first","10":"outofstock","11":"taxable","12":"shipping-taxable","13":"purchasable","14":"product-type-simple"},"_links":{"self":[{"href":"https:\/\/thequeenhouse.co.uk\/lt\/wp-json\/wp\/v2\/product\/11053","targetHints":{"allow":["GET"]}}],"collection":[{"href":"https:\/\/thequeenhouse.co.uk\/lt\/wp-json\/wp\/v2\/product"}],"about":[{"href":"https:\/\/thequeenhouse.co.uk\/lt\/wp-json\/wp\/v2\/types\/product"}],"replies":[{"embeddable":true,"href":"https:\/\/thequeenhouse.co.uk\/lt\/wp-json\/wp\/v2\/comments?post=11053"}],"wp:featuredmedia":[{"embeddable":true,"href":"https:\/\/thequeenhouse.co.uk\/lt\/wp-json\/wp\/v2\/media\/11055"}],"wp:attachment":[{"href":"https:\/\/thequeenhouse.co.uk\/lt\/wp-json\/wp\/v2\/media?parent=11053"}],"wp:term":[{"taxonomy":"product_brand","embeddable":true,"href":"https:\/\/thequeenhouse.co.uk\/lt\/wp-json\/wp\/v2\/product_brand?post=11053"},{"taxonomy":"product_cat","embeddable":true,"href":"https:\/\/thequeenhouse.co.uk\/lt\/wp-json\/wp\/v2\/product_cat?post=11053"},{"taxonomy":"product_tag","embeddable":true,"href":"https:\/\/thequeenhouse.co.uk\/lt\/wp-json\/wp\/v2\/product_tag?post=11053"}],"curies":[{"name":"wp","href":"https:\/\/api.w.org\/{rel}","templated":true}]}}