{"id":11065,"date":"2024-09-27T15:35:35","date_gmt":"2024-09-27T14:35:35","guid":{"rendered":"https:\/\/thequeenhouse.co.uk\/?post_type=product&#038;p=11065"},"modified":"2024-10-14T11:09:06","modified_gmt":"2024-10-14T10:09:06","slug":"be-a-queen-apple-cider-vinegar-shampoo-scalp-moisture-copy-2","status":"publish","type":"product","link":"https:\/\/thequeenhouse.co.uk\/lt\/produktas\/be-a-queen-apple-cider-vinegar-shampoo-scalp-moisture-copy-2\/","title":{"rendered":"\u201cBe a Queen\u201d Hair Treatment Shampoo with Biotin, Vitamin E, and Pro-Vitamin B5 Complex"},"content":{"rendered":"<p>Be a Queen Plauk\u0173 Gydymo \u0160amp\u016bnas su Biotinu, Vitaminu E ir Pro-Vitamino B5 Kompleksu<\/p>\n<p>Atskleiskite savo plauk\u0173 gro\u017e\u012f ir sveikat\u0105 su Be a Queen Plauk\u0173 Gydymo \u0160amp\u016bnu, praturtintu biotinu, vitaminu E ir Pro-Vitamino B5 kompleksu. \u0160i profesionalios kokyb\u0117s formul\u0117 sukurta tam, kad pad\u0117t\u0173 atkurti ir sustiprinti plaukus nuo \u0161akn\u0173 iki galiuk\u0173. Puikiai i\u0161valo galvos od\u0105 ir plaukus, suteikia jiems nat\u016bral\u0173 blizges\u012f ir glotnum\u0105, o taip pat skatina stipresni\u0173 ir sveikesni\u0173 plauk\u0173 augim\u0105.<\/p>\n<p>&nbsp;<\/p>\n<ul>\n<li>Stiprinimas su Biotinu: Biotinas, da\u017enai vadinamas \u201eplauk\u0173 augimo vitaminu\u201c, skatina stipresni\u0173, storesni\u0173 plauk\u0173 augim\u0105, stiprina kiekvienos sruogos strukt\u016br\u0105, ma\u017eina j\u0173 l\u016b\u017ein\u0117jim\u0105 ir skatina sveikesn\u012f augim\u0105. D\u017eiaukit\u0117s vizualiai pilnesniais ir ma\u017eiau pa\u017eeidimams atspariais plaukais.<\/li>\n<li>Gilus Maitinimas su Vitaminu E: Vitaminas E suteikia b\u016btin\u0173 maistini\u0173 med\u017eiag\u0173 plaukams ir galvos odai, gerina dr\u0117gm\u0117s i\u0161laikym\u0105, suteikia plaukams mink\u0161tumo ir blizgesio. Taip pat kovoja su aplinkos veiksni\u0173 daroma \u017eala, tod\u0117l plaukai i\u0161lieka glotn\u016bs ir lengvai valdomi.<\/li>\n<li>Remontas ir Dr\u0117kinimas su Pro-Vitamino B5 Kompleksu: Pro-Vitamino B5 kompleksas giliai \u012fsiskverbia \u012f plauko strukt\u016br\u0105, stiprina susilpn\u0117jusias sruogas ir gerina j\u0173 elastingum\u0105, tod\u0117l plaukai tampa tvirtesni, dr\u0117kinami ir atgaivinti. \u0160is ingredientas taip pat padeda i\u0161vengti plauk\u0173 skilin\u0117jimo ir suteikia nat\u016bralaus apimties bei pilnumo.<\/li>\n<li>\u0160velnus Valymas ir Balansas: \u0160amp\u016bnas \u0161velniai, bet veiksmingai valo galvos od\u0105, pa\u0161alina ne\u0161varumus, produkt\u0173 liku\u010dius ir riebal\u0173 pertekli\u0173, ta\u010diau nei\u0161sausina plauk\u0173. Po plovimo galvos oda i\u0161lieka subalansuota ir atgaivinta, sukuriant ideali\u0105 terp\u0119 optimaliai plauk\u0173 sveikatai.<\/li>\n<li>Tinka Vis\u0173 Tip\u0173 Plaukams: Nesvarbu, ar j\u016bs\u0173 plaukai sausi, pa\u017eeisti, da\u017eyti ar ploni, Be a Queen Plauk\u0173 Gydymo \u0160amp\u016bnas veiksmingai veikia vis\u0173 tip\u0173 plaukus, u\u017etikrindamas visapusi\u0161k\u0105 prie\u017ei\u016br\u0105 ir maitinim\u0105.<\/li>\n<\/ul>\n<p>&nbsp;<\/p>\n<p>Prabangus Dizainas ir Patogumas:<\/p>\n<p>Supakuotas \u012f stiling\u0105, minimalistinio dizaino balt\u0105 buteliuk\u0105, Be a Queen Plauk\u0173 Gydymo \u0160amp\u016bnas papuo\u0161 bet koki\u0105 vonios kambario aplink\u0105. Patogi atver\u010diama dangtelio konstrukcija u\u017etikrina skland\u0173, \u0161var\u0173 naudojim\u0105, leid\u017eiant jums patirti prabangi\u0105 plauk\u0173 prie\u017ei\u016br\u0105 namuose.<\/p>\n<p>Kod\u0117l Rinktis Be a Queen?<\/p>\n<p>Be a Queen Plauk\u0173 Gydymo \u0160amp\u016bnas \u2013 tai sprendimas, padedantis atkurti ir palaikyti plauk\u0173 sveikat\u0105. Su unikaliu auk\u0161tos kokyb\u0117s ingredient\u0173 deriniu ir pa\u017eangia formulacija \u0161is \u0161amp\u016bnas suteikia visk\u0105, ko reikia norint sustiprinti, atkurti ir i\u0161ry\u0161kinti plauk\u0173 gro\u017e\u012f. Pajuskite skirtum\u0105 kiekvien\u0105 kart\u0105 plaunant plaukus ir puosel\u0117kite savo kar\u016bn\u0105 \u2013 nes kiekviena karalien\u0117 nusipelno tur\u0117ti stulbinan\u010dius plaukus.<\/p>\n<p>&nbsp;<\/p>\n<p>Atgaivinkite, atkurkite ir spind\u0117kite kaip karalien\u0117 su Be a Queen Plauk\u0173 Gydymo \u0160amp\u016bnu!<\/p>\n<p>&nbsp;<\/p>\n<p>Ingredientai:<\/p>\n<p>Aqua\/Water\/Eau, Sodium Lauroyl Methyl Isethionate, Lauryl Glucoside, Disodium Coccamphodipropionate, Sodium Cocoyl Isethionate, Sodium Lauroyl Sarcosinate, Acrylates Copolymer, Parfum\/ Fragrance, Glycerin, Litchi Chinensis Pericarp Extract, Serenos Serrulata Fruit Extract, Eriobotrya Japonica Fruit\/Leaf Extract, Citrus Junos Peel Extract, Rhodiola Rosea Root Extract, Cynara Scolymus (Arti\u0161oko) Lap\u0173 Ekstraktas, Hidrolizuotas Dar\u017eovi\u0173 Baltymas, PG-Propyl Silanetriol, Hidrolizuotas Ry\u017ei\u0173 Baltymas, Ry\u017ei\u0173 Aliejaus Glicereth-8 Esteriai, Biotinas, Panthenol, Cocamide MIPA, Butylene Glycol, Polyquaternium-10, Silicone Quaternium-8, Trideceth-10, Butyl Methoxydibenzoylmethane, Ethylhexyl Methoxycinnamate, Ethylhexy Salicylate, Disodium EDTA, Citric Acid, Phenoxyethanol, Caprylyl Glycol, Ethyhexyglycerin, Sodium Benzoate, Benzyl Alcohol, Isopropanolamine, Potassium Sorbate, Limonene.<\/p>\n","protected":false},"excerpt":{"rendered":"<p>Be a Queen Plauk\u0173 Gydymo \u0160amp\u016bnas su Biotinu, Vitaminu E ir Pro-Vitamino B5 Kompleksu<\/p>\n<p>Atskleiskite savo plauk\u0173 gro\u017e\u012f ir sveikat\u0105 su Be a Queen Plauk\u0173 Gydymo \u0160amp\u016bnu, praturtintu biotinu, vitaminu E ir Pro-Vitamino B5 kompleksu. \u0160i profesionalios kokyb\u0117s formul\u0117 sukurta tam, kad pad\u0117t\u0173 atkurti ir sustiprinti plaukus nuo \u0161akn\u0173 iki galiuk\u0173. Puikiai i\u0161valo galvos od\u0105 ir plaukus, suteikia jiems nat\u016bral\u0173 blizges\u012f ir glotnum\u0105, o taip pat skatina stipresni\u0173 ir sveikesni\u0173 plauk\u0173 augim\u0105.<\/p>\n","protected":false},"featured_media":11067,"comment_status":"open","ping_status":"closed","template":"","meta":[],"product_brand":[],"product_cat":[43,222],"product_tag":[],"class_list":{"0":"post-11065","1":"product","2":"type-product","3":"status-publish","4":"has-post-thumbnail","6":"product_cat-grozis","7":"product_cat-plauku-prieziuros-priemones","9":"first","10":"outofstock","11":"taxable","12":"shipping-taxable","13":"purchasable","14":"product-type-simple"},"_links":{"self":[{"href":"https:\/\/thequeenhouse.co.uk\/lt\/wp-json\/wp\/v2\/product\/11065","targetHints":{"allow":["GET"]}}],"collection":[{"href":"https:\/\/thequeenhouse.co.uk\/lt\/wp-json\/wp\/v2\/product"}],"about":[{"href":"https:\/\/thequeenhouse.co.uk\/lt\/wp-json\/wp\/v2\/types\/product"}],"replies":[{"embeddable":true,"href":"https:\/\/thequeenhouse.co.uk\/lt\/wp-json\/wp\/v2\/comments?post=11065"}],"wp:featuredmedia":[{"embeddable":true,"href":"https:\/\/thequeenhouse.co.uk\/lt\/wp-json\/wp\/v2\/media\/11067"}],"wp:attachment":[{"href":"https:\/\/thequeenhouse.co.uk\/lt\/wp-json\/wp\/v2\/media?parent=11065"}],"wp:term":[{"taxonomy":"product_brand","embeddable":true,"href":"https:\/\/thequeenhouse.co.uk\/lt\/wp-json\/wp\/v2\/product_brand?post=11065"},{"taxonomy":"product_cat","embeddable":true,"href":"https:\/\/thequeenhouse.co.uk\/lt\/wp-json\/wp\/v2\/product_cat?post=11065"},{"taxonomy":"product_tag","embeddable":true,"href":"https:\/\/thequeenhouse.co.uk\/lt\/wp-json\/wp\/v2\/product_tag?post=11065"}],"curies":[{"name":"wp","href":"https:\/\/api.w.org\/{rel}","templated":true}]}}