{"id":11071,"date":"2024-09-27T15:48:30","date_gmt":"2024-09-27T14:48:31","guid":{"rendered":"https:\/\/thequeenhouse.co.uk\/?post_type=product&#038;p=11071"},"modified":"2024-10-14T11:09:06","modified_gmt":"2024-10-14T10:09:06","slug":"be-a-queen-hair-treatment-shampoo-with-biotin-vitamin-e-and-pro-vitamin-b5-complex-copy","status":"publish","type":"product","link":"https:\/\/thequeenhouse.co.uk\/lt\/produktas\/be-a-queen-hair-treatment-shampoo-with-biotin-vitamin-e-and-pro-vitamin-b5-complex-copy\/","title":{"rendered":"\u201cBe a Queen\u201d Hair Treatment Conditioner with Biotin, Vitamin E, and Pro-Vitamin B5 Complex"},"content":{"rendered":"<p><span class=\"s2\">Be a Queen <\/span><span class=\"s2\">Plauk\u0173<\/span> <span class=\"s2\">Gydymo<\/span> <span class=\"s2\">Kondicionierius<\/span> <span class=\"s2\">su<\/span> <span class=\"s2\">Biotinu<\/span><span class=\"s2\">, <\/span><span class=\"s2\">Vitaminu<\/span><span class=\"s2\"> E <\/span><span class=\"s2\">ir<\/span><span class=\"s2\"> Pro-Vitamino B5 <\/span><span class=\"s2\">Kompleksu<\/span><\/p>\n<p>Atkuriant plauk\u0173 sveikat\u0105, niekas neprilygsta Be a Queen Plauk\u0173 Gydymo Kondicionieriui. \u0160i prabangi formul\u0117, praturtinta biotinu, vitaminu E ir Pro-Vitamino B5 kompleksu, skirta intensyviam plauk\u0173 maitinimui, pa\u017eeist\u0173 plauk\u0173atk\u016brimui ir bendros plauk\u0173 b\u016bkl\u0117s gerinimui. Idealiai tinkatiems, kurie siekia profesionali\u0173 plauk\u0173 prie\u017ei\u016bros rezultat\u0173namuose.<\/p>\n<div class=\"s4\"><span class=\"s3\">\u2022 <\/span><span class=\"s2\">Pa\u017eangi<\/span> <span class=\"s2\">Plauk\u0173<\/span> <span class=\"s2\">Atk\u016brimo<\/span> <span class=\"s2\">ir<\/span> <span class=\"s2\">Stiprinimo<\/span> <span class=\"s2\">Formul\u0117<\/span><span class=\"s2\">: <\/span>Biotinas \u2013 pagrindin\u0117 maistin\u0117 med\u017eiaga, \u017einoma d\u0117lsavo geb\u0117jimo skatinti stipresn\u012f plauk\u0173 augim\u0105 irsuma\u017einti j\u0173 l\u016b\u017ein\u0117jim\u0105. \u0160is kondicionierius padedasustiprinti kiekvien\u0105 plauko sruog\u0105, gerindamaselastingum\u0105 ir atsparum\u0105 pa\u017eeidimams.<\/div>\n<div class=\"s4\"><span class=\"s3\">\u2022 <\/span><span class=\"s2\">Maitinimas<\/span> <span class=\"s2\">ir<\/span> <span class=\"s2\">Dr\u0117gm\u0117s<\/span> <span class=\"s2\">I\u0161laikymas<\/span><span class=\"s2\">: <\/span>Vitaminas E giliaikondicionuoja ir dr\u0117kina plaukus, sulaiko dr\u0117gm\u0119 irapsaugo nuo aplinkos poveikio bei laisv\u0173j\u0173 radikal\u0173. Rezultatas \u2013 lygesni, lengvai valdomi plaukai su sveikuir \u017evilgan\u010diu spindesiu.<\/div>\n<div class=\"s4\"><span class=\"s3\">\u2022 <\/span><span class=\"s2\">Pro-Vitamino B5 <\/span><span class=\"s2\">Kompleksas<\/span> <span class=\"s2\">Elastingumui<\/span><span class=\"s2\">: <\/span>Pro-Vitamino B5 kompleksas giliai \u012fsiskverbia \u012f plaukostrukt\u016br\u0105, atkurdamas ir stiprindamas susilpn\u0117jusiassruogas. Jis padeda atkurti plauk\u0173 nat\u016brali\u0105gyvybingum\u0105, gerindamas j\u0173 tekst\u016br\u0105 ir suteikdamasapimties bei pilnumo.<\/div>\n<div class=\"s4\"><span class=\"s3\">\u2022 <\/span><span class=\"s2\">Visapusi\u0161ka<\/span> <span class=\"s2\">Apsauga<\/span> <span class=\"s2\">ir<\/span> <span class=\"s2\">Dr\u0117kinimas<\/span><span class=\"s2\">: <\/span>\u0160i pa\u017eangi formul\u0117padeda i\u0161vengti plauk\u0173 skilin\u0117jimo ir apsaugo nuob\u016bsim\u0173 pa\u017eeidim\u0173, u\u017etikrindama dr\u0117gm\u0117s i\u0161laikym\u0105 irapsaugin\u012f sluoksn\u012f, kad plaukai visada atrodyt\u0173 puikiai.<\/div>\n<div class=\"s4\"><span class=\"s3\">\u2022 <\/span><span class=\"s2\">Tinka <\/span><span class=\"s2\">Vis\u0173<\/span> <span class=\"s2\">Tip\u0173<\/span> <span class=\"s2\">Plaukams<\/span><span class=\"s2\">: <\/span>Nesvarbu, ar j\u016bs\u0173 plaukaiyra sausi, pa\u017eeisti, da\u017eyti ar chemi\u0161kai apdoroti, Be a Queen kondicionierius suteikia b\u016btin\u0173 maistini\u0173med\u017eiag\u0173, kad atkurt\u0173 ir palaikyt\u0173 optimali\u0105 plauk\u0173sveikat\u0105.<\/div>\n<p class=\"s5\">\n<p><span class=\"s2\">Profesional\u016bs<\/span> <span class=\"s2\">Rezultatai<\/span> <span class=\"s2\">Namuose<\/span><span class=\"s2\">:<\/span><\/p>\n<p>Naudojant unikali\u0105 galing\u0173 ingredient\u0173 kombinacij\u0105, Be a Queen Plauk\u0173 Gydymo Kondicionierius suteikia saloniniusrezultatus, paver\u010diant sausus ir trapus plaukus \u012f \u0161velnias, lanks\u010dias ir gra\u017eiai atkurian\u010dias sruogas. Reguliarusnaudojimas sustiprins plauk\u0173 strukt\u016br\u0105, suteiks \u017evilgesio irpad\u0117s pasiekti profesionaliai pri\u017ei\u016brim\u0173 plauk\u0173 efekt\u0105.<\/p>\n<p><span class=\"s2\">Prabangus<\/span> <span class=\"s2\">Dizainas<\/span> <span class=\"s2\">ir<\/span> <span class=\"s2\">Patogumas<\/span><span class=\"s2\">:<\/span><\/p>\n<p>Supakuotas \u012f eleganti\u0161k\u0105, minimalistinio dizaino balt\u0105buteliuk\u0105, \u0161is kondicionierius ne tik u\u017etikrina veiksming\u0105plauk\u0173 prie\u017ei\u016br\u0105, bet ir papuo\u0161 j\u016bs\u0173 vonios kambar\u012f. Patogus, lengvai naudojamas dizainas u\u017etikrina skland\u017ei\u0105 naudojimopatirt\u012f, tod\u0117l tai b\u016btinas priedas j\u016bs\u0173 plauk\u0173 prie\u017ei\u016brosrutinoje.<\/p>\n<p>&nbsp;<\/p>\n<p>Pasiekite savo plauk\u0173 tikslus su Be a Queen Plauk\u0173 GydymoKondicionieriumi ir patirkite pasitik\u0117jim\u0105, kuris ateina suatgaivintais, \u017evilgan\u010diais plaukais. Kiekviena karalien\u0117nusipelno tur\u0117ti sveik\u0173 ir gra\u017ei\u0173 plauk\u0173 kar\u016bn\u0105!<\/p>\n<p>&nbsp;<\/p>\n<p><span class=\"s2\">Ingredientai<\/span><span class=\"s2\">:<\/span><\/p>\n<p>Aqua, Butyrospermum Parkii (\u0160ia sviestas), Argania Spinosa (Argano) s\u0117kl\u0173 aliejus, Biotinas, Keratinas, SteardimoniumHydroxypropyl Hydrolyzed Silk (\u0160ilko baltymas), CetearylAlcohol, Ananas Sativus (Ananaso vaisiaus ekstraktas), Aesculus Hippocastanum (Paprastasis ka\u0161tonas) ekstraktas, Hydrolyzed Cocoa Fruit (Kakavos vaisiaus ekstraktas), Hydrolyzed Pea Protein (\u017dirni\u0173 baltymas), Panthenol (Pro Vitaminas B5), Tocopherol (Vitaminas E), Citric Acid, Phenoxyethanol.<\/p>\n","protected":false},"excerpt":{"rendered":"<p><span class=\"s2\">Be a Queen <\/span><span class=\"s2\">Plauk\u0173<\/span> <span class=\"s2\">Gydymo<\/span> <span class=\"s2\">Kondicionierius<\/span> <span class=\"s2\">su<\/span> <span class=\"s2\">Biotinu<\/span><span class=\"s2\">, <\/span><span class=\"s2\">Vitaminu<\/span><span class=\"s2\"> E <\/span><span class=\"s2\">ir<\/span><span class=\"s2\"> Pro-Vitamino B5 <\/span><span class=\"s2\">Kompleksu<\/span><\/p>\n<p>Atkuriant plauk\u0173 sveikat\u0105, niekas neprilygsta Be a Queen Plauk\u0173 Gydymo Kondicionieriui. \u0160i prabangi formul\u0117, praturtinta biotinu, vitaminu E ir Pro-Vitamino B5 kompleksu, skirta intensyviam plauk\u0173 maitinimui, pa\u017eeist\u0173 plauk\u0173atk\u016brimui ir bendros plauk\u0173 b\u016bkl\u0117s gerinimui. Idealiai tinkatiems, kurie siekia profesionali\u0173 plauk\u0173 prie\u017ei\u016bros rezultat\u0173namuose.<\/p>\n","protected":false},"featured_media":11073,"comment_status":"open","ping_status":"closed","template":"","meta":[],"product_brand":[],"product_cat":[43,222],"product_tag":[],"class_list":{"0":"post-11071","1":"product","2":"type-product","3":"status-publish","4":"has-post-thumbnail","6":"product_cat-grozis","7":"product_cat-plauku-prieziuros-priemones","9":"first","10":"outofstock","11":"taxable","12":"shipping-taxable","13":"purchasable","14":"product-type-simple"},"_links":{"self":[{"href":"https:\/\/thequeenhouse.co.uk\/lt\/wp-json\/wp\/v2\/product\/11071","targetHints":{"allow":["GET"]}}],"collection":[{"href":"https:\/\/thequeenhouse.co.uk\/lt\/wp-json\/wp\/v2\/product"}],"about":[{"href":"https:\/\/thequeenhouse.co.uk\/lt\/wp-json\/wp\/v2\/types\/product"}],"replies":[{"embeddable":true,"href":"https:\/\/thequeenhouse.co.uk\/lt\/wp-json\/wp\/v2\/comments?post=11071"}],"wp:featuredmedia":[{"embeddable":true,"href":"https:\/\/thequeenhouse.co.uk\/lt\/wp-json\/wp\/v2\/media\/11073"}],"wp:attachment":[{"href":"https:\/\/thequeenhouse.co.uk\/lt\/wp-json\/wp\/v2\/media?parent=11071"}],"wp:term":[{"taxonomy":"product_brand","embeddable":true,"href":"https:\/\/thequeenhouse.co.uk\/lt\/wp-json\/wp\/v2\/product_brand?post=11071"},{"taxonomy":"product_cat","embeddable":true,"href":"https:\/\/thequeenhouse.co.uk\/lt\/wp-json\/wp\/v2\/product_cat?post=11071"},{"taxonomy":"product_tag","embeddable":true,"href":"https:\/\/thequeenhouse.co.uk\/lt\/wp-json\/wp\/v2\/product_tag?post=11071"}],"curies":[{"name":"wp","href":"https:\/\/api.w.org\/{rel}","templated":true}]}}