{"id":11078,"date":"2024-09-27T17:48:07","date_gmt":"2024-09-27T16:48:07","guid":{"rendered":"https:\/\/thequeenhouse.co.uk\/?post_type=product&#038;p=11078"},"modified":"2024-10-14T11:09:06","modified_gmt":"2024-10-14T10:09:06","slug":"be-a-queen-hair-treatment-shampoo-conditioner-with-biotin-vitamin-e-and-pro-vitamin-b5-complex-copy","status":"publish","type":"product","link":"https:\/\/thequeenhouse.co.uk\/lt\/produktas\/be-a-queen-hair-treatment-shampoo-conditioner-with-biotin-vitamin-e-and-pro-vitamin-b5-complex-copy\/","title":{"rendered":"\u201cBe a Queen\u201d Watermelon Hair Repair Shampoo &#038; Conditioner with Amino Acids Duo"},"content":{"rendered":"<p>\u201cBe a Queen\u201d Arb\u016bz\u0173 Plauk\u0173 Atkuriamasis \u0160amp\u016bnas ir Konditionierius su Amino R\u016bg\u0161timis Duo<\/p>\n","protected":false},"excerpt":{"rendered":"<p>\u201cBe a Queen\u201d Arb\u016bz\u0173 Plauk\u0173 Atkuriamasis \u0160amp\u016bnas ir Konditionierius su Amino R\u016bg\u0161timis Duo<\/p>\n<p>&nbsp;<\/p>\n","protected":false},"featured_media":11080,"comment_status":"open","ping_status":"closed","template":"","meta":[],"product_brand":[],"product_cat":[43,222],"product_tag":[],"class_list":{"0":"post-11078","1":"product","2":"type-product","3":"status-publish","4":"has-post-thumbnail","6":"product_cat-grozis","7":"product_cat-plauku-prieziuros-priemones","9":"first","10":"outofstock","11":"taxable","12":"shipping-taxable","13":"purchasable","14":"product-type-simple"},"_links":{"self":[{"href":"https:\/\/thequeenhouse.co.uk\/lt\/wp-json\/wp\/v2\/product\/11078","targetHints":{"allow":["GET"]}}],"collection":[{"href":"https:\/\/thequeenhouse.co.uk\/lt\/wp-json\/wp\/v2\/product"}],"about":[{"href":"https:\/\/thequeenhouse.co.uk\/lt\/wp-json\/wp\/v2\/types\/product"}],"replies":[{"embeddable":true,"href":"https:\/\/thequeenhouse.co.uk\/lt\/wp-json\/wp\/v2\/comments?post=11078"}],"wp:featuredmedia":[{"embeddable":true,"href":"https:\/\/thequeenhouse.co.uk\/lt\/wp-json\/wp\/v2\/media\/11080"}],"wp:attachment":[{"href":"https:\/\/thequeenhouse.co.uk\/lt\/wp-json\/wp\/v2\/media?parent=11078"}],"wp:term":[{"taxonomy":"product_brand","embeddable":true,"href":"https:\/\/thequeenhouse.co.uk\/lt\/wp-json\/wp\/v2\/product_brand?post=11078"},{"taxonomy":"product_cat","embeddable":true,"href":"https:\/\/thequeenhouse.co.uk\/lt\/wp-json\/wp\/v2\/product_cat?post=11078"},{"taxonomy":"product_tag","embeddable":true,"href":"https:\/\/thequeenhouse.co.uk\/lt\/wp-json\/wp\/v2\/product_tag?post=11078"}],"curies":[{"name":"wp","href":"https:\/\/api.w.org\/{rel}","templated":true}]}}