{"id":11084,"date":"2024-09-27T18:03:01","date_gmt":"2024-09-27T17:03:01","guid":{"rendered":"https:\/\/thequeenhouse.co.uk\/?post_type=product&#038;p=11084"},"modified":"2024-10-14T11:09:06","modified_gmt":"2024-10-14T10:09:06","slug":"be-a-queen-hair-treatment-conditioner-with-biotin-vitamin-e-and-pro-vitamin-b5-complex-copy","status":"publish","type":"product","link":"https:\/\/thequeenhouse.co.uk\/lt\/produktas\/be-a-queen-hair-treatment-conditioner-with-biotin-vitamin-e-and-pro-vitamin-b5-complex-copy\/","title":{"rendered":"\u201cBe a Queen\u201d Watermelon Hair Repair Shampoo with Amino Acids"},"content":{"rendered":"<p>\u201cBe a Queen\u201d Arb\u016bz\u0173 Plauk\u0173 Atkuriamasis \u0160amp\u016bnas su Amino R\u016bg\u0161timis<\/p>\n<p>Atkuriant ir stiprinant plaukus, niekas neprilygsta Be a Queen Arb\u016bz\u0173 Plauk\u0173 Atkuriamajam \u0160amp\u016bnui. Praturtintas arb\u016bz\u0173 ekstraktu ir galingu amino r\u016bg\u0161\u010di\u0173 kompleksu, \u0161is unikalus \u0161amp\u016bnas skirtas pa\u017eeistiems plaukams atkurti, dr\u0117kinti ir stiprinti. Naudodami \u0161\u012f \u0161amp\u016bn\u0105, suteiksite savo plaukams gyvybingumo, elastingumo ir sveik\u0105 i\u0161vaizd\u0105, u\u017etikrindami, kad jie atrodyt\u0173 \u017evilgantys ir pilni gyvyb\u0117s.<\/p>\n<ul>\n<li>Intensyvus Atk\u016brimas ir Stiprinimas: Esmin\u0117s amino r\u016bg\u0161tys padeda atkurti ir sustiprinti pa\u017eeistus plaukus i\u0161 vidaus, didinant j\u0173 elastingum\u0105 ir atsparum\u0105 pa\u017eeidimams. Reguliarus naudojimas suma\u017eina l\u016b\u017ein\u0117jim\u0105 ir skilin\u0117jim\u0105, tod\u0117l plaukai tampa pastebimai stipresni ir sveikesni.<\/li>\n<li>Maitinamasis Arb\u016bz\u0173 Ekstraktas: Turtingas vitaminais ir antioksidantais, arb\u016bz\u0173 ekstraktas giliai dr\u0117kina ir atgaivina kiekvien\u0105 plauk\u0173 sruog\u0105, atkuriant dr\u0117gm\u0117s balans\u0105 ir suteikiant plaukams \u0161ilkin\u012f \u0161velnum\u0105. Nat\u016bralus, gaivus kvapas taip pat atgaivina poj\u016b\u010dius, paver\u010diant kiekvien\u0105 plovim\u0105 malonia patirtimi.<\/li>\n<li>Gilus Valymas ir Dr\u0117kinimas: \u0160is \u0161amp\u016bnas \u0161velniai pa\u0161alina ne\u0161varumus ir riebal\u0173 pertekli\u0173, i\u0161laikydamas nat\u016bral\u0173 plauk\u0173 dr\u0117gm\u0117s balans\u0105. U\u017etikrina giliai valan\u010di\u0105, ta\u010diau nepa\u017eeid\u017eian\u010di\u0105 prie\u017ei\u016br\u0105, kuri palieka plaukus mink\u0161tus ir lengvai valdomus.<\/li>\n<li>Amino R\u016bg\u0161\u010di\u0173 Kompleksas: Amino r\u016bg\u0161tys padeda atkurti ir apsaugoti plaukus, stiprindamos j\u0173 baltym\u0173 strukt\u016br\u0105, skatina sveikesn\u012f plauk\u0173 augim\u0105 ir suteikia \u017evilgesio bei \u0161velnumo.<\/li>\n<li>Tinka Vis\u0173 Tip\u0173 Plaukams: \u0160is \u0161amp\u016bnas idealiai tinka vis\u0173 tip\u0173 plaukams, ypa\u010d sausiems ir pa\u017eeistiems. Be a Queen Arb\u016bz\u0173 Plauk\u0173 Atkuriamasis \u0160amp\u016bnas teikia visapusi\u0161k\u0105 prie\u017ei\u016br\u0105 ir stiprina plaukus nuo \u0161akn\u0173 iki galiuk\u0173.<\/li>\n<\/ul>\n<p>&nbsp;<\/p>\n<p>Atskleiskite Arb\u016bz\u0173 ir Amino R\u016bg\u0161\u010di\u0173 Gali\u0105:<\/p>\n<p>Paverskite savo plauk\u0173 prie\u017ei\u016bros rutin\u0105 intensyvaus dr\u0117kinimo ir atstatymo proced\u016bra su Be a Queen Arb\u016bz\u0173 \u0160amp\u016bnu. D\u0117l unikalios amino r\u016bg\u0161\u010di\u0173 ir nat\u016bralaus arb\u016bz\u0173 ekstrakto formul\u0117s \u0161is \u0161amp\u016bnas stiprina plaukus, apsaugo nuo pa\u017eeidim\u0173 ir palaiko j\u0173 dr\u0117gm\u0117s lyg\u012f, tod\u0117l plaukai atrodo stipr\u016bs, sveiki ir \u0161vyti nat\u016braliu gro\u017eiu.<\/p>\n<p>&nbsp;<\/p>\n<p>I\u0161laisvinkite Savo Plauk\u0173 Potencial\u0105:<\/p>\n<p>Pakyl\u0117kite savo plaukus \u012f kit\u0105 lyg\u012f su Be a Queen Arb\u016bz\u0173 Plauk\u0173 Atkuriamuoju \u0160amp\u016bnu \u2013 nes j\u016bs\u0173 plaukai nusipelno geriausios prie\u017ei\u016bros. Pajuskite gaivinan\u010di\u0105 dr\u0117gm\u0119 ir stiprum\u0105 kiekvien\u0105 kart\u0105 plov\u0119 plaukus!<\/p>\n<p>Ingredientai:<\/p>\n<p>Dejonizuotas I\u0161grynintas Vanduo, Decyl Glucoside, Cocamidopropyl Betaine, Cocamidopropyl Hydroxysultaine, Panax Ginseng (\u017den\u0161enio) \u0160akn\u0173 Ekstraktas, Curcuma Longa (Ciber\u017eol\u0117s) \u0160akn\u0173 Ekstraktas, Cocamide MIPA, Argania Spinosa (Argano) S\u0117kl\u0173 Aliejus, Citrullus Lanatus (Arb\u016bz\u0173) Vaisi\u0173 Ekstraktas, Polyquaternium 80, Polyquaternium 71, Biotinas (Vitaminas H), Nigella Sativa (Juodgr\u016bd\u0117s) Aliejus, Phyllanthus Emblica, Serenoa Serrulata Ekstraktas, Hibiscus Rosa-Sinensis Ekstraktas, Nikotino R\u016bg\u0161tis Niacinas, Beta Sitosterolis, Camellia Sinensis (\u017daliosios Arbatos) Ekstraktas, Arbatmed\u017eio Aliejus, Sorbitan Oleatas, Urtica Dioica (Dilg\u0117l\u0117s) Ekstraktas, Cedrus Atlantica (Kedro) Aliejus, Rosmarinus Officinalis (Rozmarino) Aliejus, Sojos Izoflavonas, Cinko Piritonas, Tokoferolis (Vitaminas E), Phenoxyethanol, Salvia Sclarea (\u0160alavijo) Aliejus, Ethylhexyl Glycerin, Hexylene Glycol, Citrus Medica Limonum (Citrinos) Aliejus, Caprylyl Glycol, Decyl Glucoside Crosspolymer, Citrin\u0173 R\u016bg\u0161tis.<\/p>\n<p>&nbsp;<\/p>\n","protected":false},"excerpt":{"rendered":"<p>\u201cBe a Queen\u201d Arb\u016bz\u0173 Plauk\u0173 Atkuriamasis \u0160amp\u016bnas su Amino R\u016bg\u0161timis<\/p>\n<p>Atkuriant ir stiprinant plaukus, niekas neprilygsta Be a Queen Arb\u016bz\u0173 Plauk\u0173 Atkuriamajam \u0160amp\u016bnui. Praturtintas arb\u016bz\u0173 ekstraktu ir galingu amino r\u016bg\u0161\u010di\u0173 kompleksu, \u0161is unikalus \u0161amp\u016bnas skirtas pa\u017eeistiems plaukams atkurti, dr\u0117kinti ir stiprinti. Naudodami \u0161\u012f \u0161amp\u016bn\u0105, suteiksite savo plaukams gyvybingumo, elastingumo ir sveik\u0105 i\u0161vaizd\u0105, u\u017etikrindami, kad jie atrodyt\u0173 \u017evilgantys ir pilni gyvyb\u0117s.<\/p>\n","protected":false},"featured_media":11088,"comment_status":"open","ping_status":"closed","template":"","meta":[],"product_brand":[],"product_cat":[43,222],"product_tag":[],"class_list":{"0":"post-11084","1":"product","2":"type-product","3":"status-publish","4":"has-post-thumbnail","6":"product_cat-grozis","7":"product_cat-plauku-prieziuros-priemones","9":"first","10":"outofstock","11":"taxable","12":"shipping-taxable","13":"purchasable","14":"product-type-simple"},"_links":{"self":[{"href":"https:\/\/thequeenhouse.co.uk\/lt\/wp-json\/wp\/v2\/product\/11084","targetHints":{"allow":["GET"]}}],"collection":[{"href":"https:\/\/thequeenhouse.co.uk\/lt\/wp-json\/wp\/v2\/product"}],"about":[{"href":"https:\/\/thequeenhouse.co.uk\/lt\/wp-json\/wp\/v2\/types\/product"}],"replies":[{"embeddable":true,"href":"https:\/\/thequeenhouse.co.uk\/lt\/wp-json\/wp\/v2\/comments?post=11084"}],"wp:featuredmedia":[{"embeddable":true,"href":"https:\/\/thequeenhouse.co.uk\/lt\/wp-json\/wp\/v2\/media\/11088"}],"wp:attachment":[{"href":"https:\/\/thequeenhouse.co.uk\/lt\/wp-json\/wp\/v2\/media?parent=11084"}],"wp:term":[{"taxonomy":"product_brand","embeddable":true,"href":"https:\/\/thequeenhouse.co.uk\/lt\/wp-json\/wp\/v2\/product_brand?post=11084"},{"taxonomy":"product_cat","embeddable":true,"href":"https:\/\/thequeenhouse.co.uk\/lt\/wp-json\/wp\/v2\/product_cat?post=11084"},{"taxonomy":"product_tag","embeddable":true,"href":"https:\/\/thequeenhouse.co.uk\/lt\/wp-json\/wp\/v2\/product_tag?post=11084"}],"curies":[{"name":"wp","href":"https:\/\/api.w.org\/{rel}","templated":true}]}}