{"id":11093,"date":"2024-09-27T18:23:12","date_gmt":"2024-09-27T17:23:12","guid":{"rendered":"https:\/\/thequeenhouse.co.uk\/?post_type=product&#038;p=11093"},"modified":"2024-10-14T11:09:06","modified_gmt":"2024-10-14T10:09:06","slug":"be-a-queen-watermelon-hair-repair-shampoo-with-amino-acids-copy","status":"publish","type":"product","link":"https:\/\/thequeenhouse.co.uk\/lt\/produktas\/be-a-queen-watermelon-hair-repair-shampoo-with-amino-acids-copy\/","title":{"rendered":"\u201cBe a Queen\u201d Watermelon Hair Repair Conditioner with Amino Acids"},"content":{"rendered":"<p>\u201cBe a Queen\u201d Arb\u016bz\u0173 Plauk\u0173 Atkuriamasis Kondicionierius su Amino R\u016bg\u0161timis<\/p>\n<p>Palepinkite ir atgaivinkite savo plaukus su Be a Queen Arb\u016bz\u0173 Plauk\u0173 Atkuriamuoju Kondicionieriumi, sukurtu intensyviam dr\u0117kinimui ir atstatymui naudojant arb\u016bz\u0173 ekstrakt\u0105 ir galing\u0105 amino r\u016bg\u0161\u010di\u0173 kompleks\u0105. \u0160is prabangus kondicionierius kruop\u0161\u010diai maitina, stiprina ir atkuria nat\u016brali\u0105 plauk\u0173 gyvybingum\u0105, palikdamas juos mink\u0161tus, \u0161ilkinius ir sveikus.<\/p>\n<ul>\n<li>Stiprina ir Atkuria: Esmin\u0117s amino r\u016bg\u0161tys, tokios kaip \u0161ilko ir avi\u017e\u0173 baltymai, padeda atkurti ir sustiprinti kiekvien\u0105 plauko sruog\u0105 i\u0161 vidaus, suma\u017einant l\u016b\u017ein\u0117jim\u0105 ir skilin\u0117jim\u0105 bei skatinant elastingum\u0105 ir stiprum\u0105.<\/li>\n<li>Maitinamasis Arb\u016bz\u0173 Ekstraktas: Turtingas vitaminais, antioksidantais ir dr\u0117gm\u0119 sulaikan\u010diomis savyb\u0117mis, arb\u016bz\u0173 ekstraktas atgaivina plaukus, suteikdamas dr\u0117kinim\u0105 ir sveik\u0105 blizges\u012f. Jis taip pat apsaugo plaukus nuo aplinkos poveikio, pad\u0117damas i\u0161laikyti plauk\u0173 \u0161velnum\u0105 ir lengv\u0105 valdym\u0105.<\/li>\n<li>Elastingumo ir Blizgesio Gerinimas: Kondicionierius pagerina plauk\u0173 elastingum\u0105 ir \u0161velnum\u0105, tod\u0117l plaukai tampa lengviau i\u0161\u0161ukuojami ir formuojami. Rezultatas \u2013 \u0161veln\u016bs, \u017evilgantys ir lengviau valdomi plaukai, kurie atrodo ir jau\u010diasi sveikesni.<\/li>\n<li>Gilus Kondicionavimas ir Dr\u0117gm\u0117s I\u0161laikymas: U\u017etikrina gil\u0173 kondicionavim\u0105 ir dr\u0117gm\u0117s i\u0161laikym\u0105, nesunkinant plauk\u0173 ir padedant i\u0161laikyti j\u0173 dr\u0117gm\u0119 bei apsaug\u0105 nuo \u0161iurk\u0161tumo ir garbanojimosi.<\/li>\n<li>Tinka Vis\u0173 Tip\u0173 Plaukams: Nesvarbu, ar j\u016bs\u0173 plaukai yra sausi, pa\u017eeisti, da\u017eyti, ar tiesiog reikia papildomos prie\u017ei\u016bros, Be a Queen Arb\u016bz\u0173 Plauk\u0173 Atkuriamasis Kondicionierius stiprina ir atkuria plaukus iki optimalios j\u0173 sveikatos b\u016bkl\u0117s.<\/li>\n<\/ul>\n<p>Kod\u0117l Rinktis Be a Queen?<\/p>\n<p>Be a Queen Arb\u016bz\u0173 Plauk\u0173 Atkuriamasis Kondicionierius apjungia nat\u016brali\u0105 arb\u016bz\u0173 naud\u0105 su pa\u017eangiomis amino r\u016bg\u0161timis, kad suteikt\u0173 j\u016bs\u0173 plaukams geriausi\u0105 atk\u016brimo ir dr\u0117kinimo rezultat\u0105. Puikiai tinka tiems, kurie nori sustiprinti plauk\u0173 strukt\u016br\u0105, suma\u017einti l\u016b\u017ein\u0117jim\u0105 ir pasiekti \u0161veln\u0173, \u017evilgant\u012f pavir\u0161i\u0173.<\/p>\n<p>I\u0161laisvinkite Savo Plauk\u0173 Gro\u017e\u012f:<\/p>\n<p>Patirkite plauk\u0173 transformacij\u0105 su Be a Queen Arb\u016bz\u0173 Plauk\u0173 Atkuriamuoju Kondicionieriumi. Su kiekvienu naudojimu, j\u016bs\u0173 plaukai taps stipresni, \u0161velnesni ir labiau \u017evilgantys \u2013 nes kiekviena karalien\u0117 nusipelno plauk\u0173, kurie spindi sveikata ir gro\u017eiu!<\/p>\n<p>&nbsp;<\/p>\n<p>Ingredientai:<\/p>\n<p>Dejonizuotas I\u0161grynintas Vanduo, Decyl Glucoside, Cocamidopropyl Betaine, Cocamidopropyl Water (Aqua), Lanolinas, Quaternium-18, Argania Spinosa (Argano) S\u0117kl\u0173 Aliejus, Hydroxypropyltrimonium, Hydrolyzed Oryza Sativa (Ry\u017ei\u0173) Baltymai\/Siloxysilicate, Oryza Sativa (Ry\u017ei\u0173) Ekstraktas, Hidrolizuotas Kolagenas, Hidrolizuotas Keratinas (Keratino Baltymas), Imbiero Aliejus, Citrullus Lanatus (Arb\u016bz\u0173) Vaisi\u0173 Ekstraktas, \u0160ilko Amino R\u016bg\u0161tys, Glycine Soja (Soj\u0173) Baltymai, Glicerinas, Isopropyl Palmitatas, Sodium Lauroyl Oat Amino Acids, Citrin\u0173 R\u016bg\u0161tis.<\/p>\n<p>&nbsp;<\/p>\n","protected":false},"excerpt":{"rendered":"<p>\u201cBe a Queen\u201d Arb\u016bz\u0173 Plauk\u0173 Atkuriamasis Kondicionierius su Amino R\u016bg\u0161timis<\/p>\n<p>Palepinkite ir atgaivinkite savo plaukus su Be a Queen Arb\u016bz\u0173 Plauk\u0173 Atkuriamuoju Kondicionieriumi, sukurtu intensyviam dr\u0117kinimui ir atstatymui naudojant arb\u016bz\u0173 ekstrakt\u0105 ir galing\u0105 amino r\u016bg\u0161\u010di\u0173 kompleks\u0105. \u0160is prabangus kondicionierius kruop\u0161\u010diai maitina, stiprina ir atkuria nat\u016brali\u0105 plauk\u0173 gyvybingum\u0105, palikdamas juos mink\u0161tus, \u0161ilkinius ir sveikus.<\/p>\n","protected":false},"featured_media":11095,"comment_status":"open","ping_status":"closed","template":"","meta":[],"product_brand":[],"product_cat":[43,222],"product_tag":[],"class_list":{"0":"post-11093","1":"product","2":"type-product","3":"status-publish","4":"has-post-thumbnail","6":"product_cat-grozis","7":"product_cat-plauku-prieziuros-priemones","9":"first","10":"outofstock","11":"taxable","12":"shipping-taxable","13":"purchasable","14":"product-type-simple"},"_links":{"self":[{"href":"https:\/\/thequeenhouse.co.uk\/lt\/wp-json\/wp\/v2\/product\/11093","targetHints":{"allow":["GET"]}}],"collection":[{"href":"https:\/\/thequeenhouse.co.uk\/lt\/wp-json\/wp\/v2\/product"}],"about":[{"href":"https:\/\/thequeenhouse.co.uk\/lt\/wp-json\/wp\/v2\/types\/product"}],"replies":[{"embeddable":true,"href":"https:\/\/thequeenhouse.co.uk\/lt\/wp-json\/wp\/v2\/comments?post=11093"}],"wp:featuredmedia":[{"embeddable":true,"href":"https:\/\/thequeenhouse.co.uk\/lt\/wp-json\/wp\/v2\/media\/11095"}],"wp:attachment":[{"href":"https:\/\/thequeenhouse.co.uk\/lt\/wp-json\/wp\/v2\/media?parent=11093"}],"wp:term":[{"taxonomy":"product_brand","embeddable":true,"href":"https:\/\/thequeenhouse.co.uk\/lt\/wp-json\/wp\/v2\/product_brand?post=11093"},{"taxonomy":"product_cat","embeddable":true,"href":"https:\/\/thequeenhouse.co.uk\/lt\/wp-json\/wp\/v2\/product_cat?post=11093"},{"taxonomy":"product_tag","embeddable":true,"href":"https:\/\/thequeenhouse.co.uk\/lt\/wp-json\/wp\/v2\/product_tag?post=11093"}],"curies":[{"name":"wp","href":"https:\/\/api.w.org\/{rel}","templated":true}]}}