{"id":11748,"date":"2024-10-04T15:32:10","date_gmt":"2024-10-04T14:32:10","guid":{"rendered":"https:\/\/thequeenhouse.co.uk\/?post_type=product&#038;p=11748"},"modified":"2024-10-14T11:03:32","modified_gmt":"2024-10-14T10:03:32","slug":"mangu-ranku-vaskas-copy","status":"publish","type":"product","link":"https:\/\/thequeenhouse.co.uk\/lt\/produktas\/mangu-ranku-vaskas-copy\/","title":{"rendered":"Luxury Hand &#038; Body Lotion &#8211; Winter Spirit"},"content":{"rendered":"<p>Winter Spirit prabangus rank\u0173 ir k\u016bno losjonas \u2013 pajuskite \u017eiemos esm\u0119<\/p>\n<p>Pasinerkite \u012f jauk\u0173 ir kerint\u012f Winter Spirit prabangaus k\u016bno losjono aromat\u0105, sukurt\u0105 naudojant auk\u0161\u010diausios kokyb\u0117s ingredientus, kad giliai dr\u0117kint\u0173 ir maitint\u0173 j\u016bs\u0173 od\u0105. \u0160is prabangus losjonas apgaubia od\u0105 dr\u0117gme ir suteikia ilgai i\u0161liekant\u012f, jauk\u0173 aromat\u0105, kuris puikiai tinka \u0161altuoju met\u0173 laiku. Sukurtas tam, kad oda b\u016bt\u0173 \u0161velni kaip \u0161ilkas, jo turtinga tekst\u016bra ir eleganti\u0161kas kvapas taps puikiu papildymu j\u016bs\u0173 kasdienei odos prie\u017ei\u016bros rutinai.<\/p>\n<p>\u2022 Vir\u0161utin\u0117s natos: Gaivus ir vaisi\u0161kas spanguoli\u0173 bei apelsin\u0173 mi\u0161inys suteikia energijos bei gaivos, atspind\u0117damas \u017eiemos ryto tra\u0161kum\u0105.<br \/>\n\u2022 \u0160irdies natos: \u0160iltas ir jaukus cinamono, jazmin\u0173 bei lelij\u0173 derinys prideda subtil\u0173 g\u0117li\u0173 prisilietim\u0105 su lengvu prieskoni\u0173 aromatu, kuris primena \u017eiemos \u0161ven\u010di\u0173 \u0161ilum\u0105.<br \/>\n\u2022 Bazin\u0117s natos: Saldus ir \u0161velnus sandalmed\u017eio, kedro, muskuso, vanil\u0117s bei cukraus derinys suteikia jauki\u0105 ir \u0161ilt\u0105 u\u017ebaigim\u0105, ilgai i\u0161liekant\u012f ant odos.<\/p>\n<p>Prabangus dizainas: puiki dovana ar eleganti\u0161kas vonios kambario akcentas<br \/>\nWinter Spirit k\u016bno losjonas yra eleganti\u0161kame juodame butelyje, puo\u0161tame auksiniais akcentais ir marmuro detal\u0117mis, tod\u0117l jis yra ne tik funkcionalus, bet ir dailus. Auksinis dozatorius u\u017etikrina prabang\u0173 ir patog\u0173 naudojim\u0105, o butelio rafinuotas dizainas taps puikiu akcentu j\u016bs\u0173 vonios kambaryje ar ant kosmetinio staliuko. Ar ie\u0161kote dovanos, ar stilingo papildymo savo odos prie\u017ei\u016bros kolekcijai, \u0161is losjonas suteiks tiek gro\u017e\u012f, tiek puiki\u0105 prie\u017ei\u016br\u0105.<\/p>\n","protected":false},"excerpt":{"rendered":"<p>Winter Spirit prabangus rank\u0173 ir k\u016bno losjonas \u2013 pajuskite \u017eiemos esm\u0119<\/p>\n<p>Pasinerkite \u012f jauk\u0173 ir kerint\u012f Winter Spirit prabangaus rank\u0173 ir k\u016bno losjono aromat\u0105, sukurt\u0105 naudojant auk\u0161\u010diausios kokyb\u0117s ingredientus, kad giliai dr\u0117kint\u0173 ir maitint\u0173 j\u016bs\u0173 od\u0105. \u0160is prabangus losjonas apgaubia od\u0105 dr\u0117gme ir suteikia ilgai i\u0161liekant\u012f, jauk\u0173 aromat\u0105, kuris puikiai tinka \u0161altuoju met\u0173 laiku. Sukurtas tam, kad oda b\u016bt\u0173 \u0161velni kaip \u0161ilkas, jo turtinga tekst\u016bra ir eleganti\u0161kas kvapas taps puikiu papildymu j\u016bs\u0173 kasdienei odos prie\u017ei\u016bros rutinai.<\/p>\n<p>&nbsp;<\/p>\n","protected":false},"featured_media":11750,"comment_status":"open","ping_status":"closed","template":"","meta":[],"product_brand":[],"product_cat":[43,211,213],"product_tag":[],"class_list":{"0":"post-11748","1":"product","2":"type-product","3":"status-publish","4":"has-post-thumbnail","6":"product_cat-grozis","7":"product_cat-kuno-prieziuros-priemones","8":"product_cat-ranku-prieziuros-priemones","10":"first","11":"instock","12":"taxable","13":"shipping-taxable","14":"purchasable","15":"product-type-simple"},"_links":{"self":[{"href":"https:\/\/thequeenhouse.co.uk\/lt\/wp-json\/wp\/v2\/product\/11748","targetHints":{"allow":["GET"]}}],"collection":[{"href":"https:\/\/thequeenhouse.co.uk\/lt\/wp-json\/wp\/v2\/product"}],"about":[{"href":"https:\/\/thequeenhouse.co.uk\/lt\/wp-json\/wp\/v2\/types\/product"}],"replies":[{"embeddable":true,"href":"https:\/\/thequeenhouse.co.uk\/lt\/wp-json\/wp\/v2\/comments?post=11748"}],"wp:featuredmedia":[{"embeddable":true,"href":"https:\/\/thequeenhouse.co.uk\/lt\/wp-json\/wp\/v2\/media\/11750"}],"wp:attachment":[{"href":"https:\/\/thequeenhouse.co.uk\/lt\/wp-json\/wp\/v2\/media?parent=11748"}],"wp:term":[{"taxonomy":"product_brand","embeddable":true,"href":"https:\/\/thequeenhouse.co.uk\/lt\/wp-json\/wp\/v2\/product_brand?post=11748"},{"taxonomy":"product_cat","embeddable":true,"href":"https:\/\/thequeenhouse.co.uk\/lt\/wp-json\/wp\/v2\/product_cat?post=11748"},{"taxonomy":"product_tag","embeddable":true,"href":"https:\/\/thequeenhouse.co.uk\/lt\/wp-json\/wp\/v2\/product_tag?post=11748"}],"curies":[{"name":"wp","href":"https:\/\/api.w.org\/{rel}","templated":true}]}}