{"id":11755,"date":"2024-10-04T15:56:11","date_gmt":"2024-10-04T14:56:11","guid":{"rendered":"https:\/\/thequeenhouse.co.uk\/?post_type=product&#038;p=11755"},"modified":"2024-10-14T11:03:32","modified_gmt":"2024-10-14T10:03:32","slug":"luxury-hand-body-lotion-winter-spirit-copy","status":"publish","type":"product","link":"https:\/\/thequeenhouse.co.uk\/lt\/produktas\/luxury-hand-body-lotion-winter-spirit-copy\/","title":{"rendered":"Luxury Hand &#038; Body Lotion &#8211; Secret Island"},"content":{"rendered":"<p>Secret Island prabangus rank\u0173 ir k\u016bno losjonas \u2013 i\u0161skirtin\u0117 odos prie\u017ei\u016bros patirtis<\/p>\n<p>Pasinerkite \u012f raminan\u010di\u0105 ir prabangi\u0105 Secret Island prabangaus rank\u0173 ir k\u016bno losjono esm\u0119, sukurt\u0105 naudojant auk\u0161\u010diausios kokyb\u0117s ingredientus, skirtus maitinti ir puosel\u0117ti j\u016bs\u0173 od\u0105. \u0160is turtingos tekst\u016bros dr\u0117kinamasis losjonas palieka od\u0105 \u0161velni\u0105 ir sudr\u0117kint\u0105, o jo kerintis, ilgai i\u0161liekantis aromatas apgaubia jus poj\u016b\u010di\u0173 patirtimi, kuri i\u0161lieka vis\u0105 dien\u0105.<\/p>\n<p>\u2022 Vir\u0161utin\u0117s natos: Ry\u0161kus ir gaivus bergamo\u010di\u0173 aromatas pa\u017eadina j\u016bs\u0173 poj\u016b\u010dius, suteikdamas citrusinio gaivumo pli\u016bpsn\u012f.<br \/>\n\u2022 \u0160irdies natos: Subtilus lelij\u0173 ir j\u016bros oro derinys sukuria raminant\u012f, lengv\u0105 kvap\u0105, primenant\u012f taik\u0173 pab\u0117gim\u0105 \u012f sal\u0105.<br \/>\n\u2022 Bazin\u0117s natos: \u0160ilti sald\u017eios vanil\u0117s, \u0161velnaus muskuso ir kreminio kokoso tonai suteikia jauki\u0105 ir prabangi\u0105 pabaig\u0105.<\/p>\n<p>Tobula dovana ar vonios kambario akcentas<br \/>\nSecret Island losjonas yra ne tik malonumas j\u016bs\u0173 odai, bet ir stilingas akcentas j\u016bs\u0173 erdvei. Prabangus juodas butelis su eleganti\u0161kais auksiniais akcentais i\u0161siskiria rafinuotumu ir stiliumi, tod\u0117l jis puikiai papildys bet kur\u012f vonios kambario dekor\u0105 ar kosmetin\u012f staliuk\u0105. Jo eleganti\u0161kas, modernus dizainas su auksiniu dozatoriumi leid\u017eia lengvai naudoti ir tampa idealia dovana ypatingam \u017emogui arba asmeniniu malonumu.<\/p>\n","protected":false},"excerpt":{"rendered":"<p>Secret Island prabangus rank\u0173 ir k\u016bno losjonas \u2013 i\u0161skirtin\u0117 odos prie\u017ei\u016bros patirtis<\/p>\n<p>Pasinerkite \u012f raminan\u010di\u0105 ir prabangi\u0105 Secret Island prabangaus rank\u0173 ir k\u016bno losjono esm\u0119, sukurt\u0105 naudojant auk\u0161\u010diausios kokyb\u0117s ingredientus, skirtus maitinti ir puosel\u0117ti j\u016bs\u0173 od\u0105. \u0160is turtingos tekst\u016bros dr\u0117kinamasis losjonas palieka od\u0105 \u0161velni\u0105 ir sudr\u0117kint\u0105, o jo kerintis, ilgai i\u0161liekantis aromatas apgaubia jus poj\u016b\u010di\u0173 patirtimi, kuri i\u0161lieka vis\u0105 dien\u0105.<\/p>\n","protected":false},"featured_media":11757,"comment_status":"open","ping_status":"closed","template":"","meta":[],"product_brand":[],"product_cat":[43,211,213],"product_tag":[],"class_list":{"0":"post-11755","1":"product","2":"type-product","3":"status-publish","4":"has-post-thumbnail","6":"product_cat-grozis","7":"product_cat-kuno-prieziuros-priemones","8":"product_cat-ranku-prieziuros-priemones","10":"first","11":"instock","12":"taxable","13":"shipping-taxable","14":"purchasable","15":"product-type-simple"},"_links":{"self":[{"href":"https:\/\/thequeenhouse.co.uk\/lt\/wp-json\/wp\/v2\/product\/11755","targetHints":{"allow":["GET"]}}],"collection":[{"href":"https:\/\/thequeenhouse.co.uk\/lt\/wp-json\/wp\/v2\/product"}],"about":[{"href":"https:\/\/thequeenhouse.co.uk\/lt\/wp-json\/wp\/v2\/types\/product"}],"replies":[{"embeddable":true,"href":"https:\/\/thequeenhouse.co.uk\/lt\/wp-json\/wp\/v2\/comments?post=11755"}],"wp:featuredmedia":[{"embeddable":true,"href":"https:\/\/thequeenhouse.co.uk\/lt\/wp-json\/wp\/v2\/media\/11757"}],"wp:attachment":[{"href":"https:\/\/thequeenhouse.co.uk\/lt\/wp-json\/wp\/v2\/media?parent=11755"}],"wp:term":[{"taxonomy":"product_brand","embeddable":true,"href":"https:\/\/thequeenhouse.co.uk\/lt\/wp-json\/wp\/v2\/product_brand?post=11755"},{"taxonomy":"product_cat","embeddable":true,"href":"https:\/\/thequeenhouse.co.uk\/lt\/wp-json\/wp\/v2\/product_cat?post=11755"},{"taxonomy":"product_tag","embeddable":true,"href":"https:\/\/thequeenhouse.co.uk\/lt\/wp-json\/wp\/v2\/product_tag?post=11755"}],"curies":[{"name":"wp","href":"https:\/\/api.w.org\/{rel}","templated":true}]}}