{"id":11761,"date":"2024-10-04T16:20:16","date_gmt":"2024-10-04T15:20:16","guid":{"rendered":"https:\/\/thequeenhouse.co.uk\/?post_type=product&#038;p=11761"},"modified":"2024-10-14T11:03:32","modified_gmt":"2024-10-14T10:03:32","slug":"luxury-hand-body-lotion-secret-island-copy","status":"publish","type":"product","link":"https:\/\/thequeenhouse.co.uk\/lt\/produktas\/luxury-hand-body-lotion-secret-island-copy\/","title":{"rendered":"Luxury Hand &#038; Body Lotion &#8211; Cuban Tobacco"},"content":{"rendered":"<p>Kubos tabako prabangus rank\u0173 ir k\u016bno losjonas &#8211; turtinga, patirtis<\/p>\n<p>Pasinerkite \u012f dr\u0105s\u0173, prabang\u0173 Kubos Tabako prabangaus rank\u0173 ir k\u016bno losjono kvap\u0105, pagamint\u0105 i\u0161 auk\u0161\u010diausios kokyb\u0117s ingredient\u0173, kad pamaitintum\u0117te ir giliai dr\u0117kintum\u0117te od\u0105. \u0160is sodrus, aksominis losjonas si\u016blo ilgai i\u0161liekan\u010di\u0105 dr\u0117gm\u0119, o \u017eavus aromatas nukelia j\u016bs\u0173 poj\u016b\u010dius \u012f \u0161ilumos ir atlaidumo kelion\u0119. \u0160is losjonas, puikiai tinkantis kasdieniam naudojimui, palieka j\u016bs\u0173 od\u0105 \u0161velni\u0105, lygi\u0105 ir lengvai kvepian\u010di\u0105 nepamir\u0161tamu, rafinuotu kvapu.<\/p>\n<ul>\n<li>\u00a0Vir\u0161utin\u0117s natos: Dr\u0105sus tabako, medaus, egzoti\u0161k\u0173 prieskoni\u0173 ir ry\u0161ki\u0173 citrusini\u0173 vaisi\u0173 susiliejimas sukuria dinami\u0161k\u0105 ir gaivinant\u012f \u012fvad\u0105 \u012f \u0161\u012f malon\u0173 aromat\u0105.<\/li>\n<li>\u0160irdis: Sandalmed\u017eio ir sumed\u0117jusi\u0173 akord\u0173 \u0161iluma suteikia gylio ir jaukaus, \u017eemi\u0161ko turtingumo, subalansuojan\u010dio kvap\u0105.<\/li>\n<li>Pagrindin\u0117s natos: Gintaras, tonka pupel\u0117s, pa\u010diuliai ir saldus medus suteikia jausming\u0105 ir \u0161ilt\u0105 apdail\u0105, palikdami nei\u0161dildom\u0105 prabangos ir elegancijos \u012fsp\u016bd\u012f.<\/li>\n<\/ul>\n<p>&nbsp;<\/p>\n<p>Prabangus dizainas: puikiai tinka dovanoti ar j\u016bs\u0173 vonios kambario dekorui<\/p>\n<p>Matiniame juodame butelyje su auksiniais akcentais laikomas Kubos tabako k\u016bno losjonas yra toks pat vizualiai stulbinantis, kaip ir jo turinys. Modernus, eleganti\u0161kas dizainas pasi\u017eymi marmurin\u0117mis aukso detal\u0117mis ir auksu padengtu dozatoriumi, kad b\u016bt\u0173 lengva naudoti, tod\u0117l jis puikiai tinka dovanoti ar j\u016bs\u0173 vonios kambariui. D\u0117l savo rafinuotos i\u0161vaizdos ir auk\u0161\u010diausios kokyb\u0117s pakuot\u0117s \u0161is losjonas yra ideali dovana ka\u017ekam ypatingam ar asmeniniam naudojimui, kuris suteikia j\u016bs\u0173 kasdienybei prabangos.<\/p>\n","protected":false},"excerpt":{"rendered":"<p>Kubos tabako prabangus rank\u0173 ir k\u016bno losjonas &#8211; turtinga, patirtis<\/p>\n<p>Pasinerkite \u012f dr\u0105s\u0173, prabang\u0173 Kubos Tabako prabangaus rank\u0173 ir k\u016bno losjono kvap\u0105, pagamint\u0105 i\u0161 auk\u0161\u010diausios kokyb\u0117s ingredient\u0173, kad pamaitintum\u0117te ir giliai dr\u0117kintum\u0117te od\u0105. \u0160is sodrus, aksominis losjonas si\u016blo ilgai i\u0161liekan\u010di\u0105 dr\u0117gm\u0119, o \u017eavus aromatas nukelia j\u016bs\u0173 poj\u016b\u010dius \u012f \u0161ilumos ir atlaidumo kelion\u0119. \u0160is losjonas, puikiai tinkantis kasdieniam naudojimui, palieka j\u016bs\u0173 od\u0105 \u0161velni\u0105, lygi\u0105 ir lengvai kvepian\u010di\u0105 nepamir\u0161tamu, rafinuotu kvapu.<\/p>\n","protected":false},"featured_media":11763,"comment_status":"open","ping_status":"closed","template":"","meta":[],"product_brand":[],"product_cat":[43,211,213],"product_tag":[],"class_list":{"0":"post-11761","1":"product","2":"type-product","3":"status-publish","4":"has-post-thumbnail","6":"product_cat-grozis","7":"product_cat-kuno-prieziuros-priemones","8":"product_cat-ranku-prieziuros-priemones","10":"first","11":"instock","12":"taxable","13":"shipping-taxable","14":"purchasable","15":"product-type-simple"},"_links":{"self":[{"href":"https:\/\/thequeenhouse.co.uk\/lt\/wp-json\/wp\/v2\/product\/11761","targetHints":{"allow":["GET"]}}],"collection":[{"href":"https:\/\/thequeenhouse.co.uk\/lt\/wp-json\/wp\/v2\/product"}],"about":[{"href":"https:\/\/thequeenhouse.co.uk\/lt\/wp-json\/wp\/v2\/types\/product"}],"replies":[{"embeddable":true,"href":"https:\/\/thequeenhouse.co.uk\/lt\/wp-json\/wp\/v2\/comments?post=11761"}],"wp:featuredmedia":[{"embeddable":true,"href":"https:\/\/thequeenhouse.co.uk\/lt\/wp-json\/wp\/v2\/media\/11763"}],"wp:attachment":[{"href":"https:\/\/thequeenhouse.co.uk\/lt\/wp-json\/wp\/v2\/media?parent=11761"}],"wp:term":[{"taxonomy":"product_brand","embeddable":true,"href":"https:\/\/thequeenhouse.co.uk\/lt\/wp-json\/wp\/v2\/product_brand?post=11761"},{"taxonomy":"product_cat","embeddable":true,"href":"https:\/\/thequeenhouse.co.uk\/lt\/wp-json\/wp\/v2\/product_cat?post=11761"},{"taxonomy":"product_tag","embeddable":true,"href":"https:\/\/thequeenhouse.co.uk\/lt\/wp-json\/wp\/v2\/product_tag?post=11761"}],"curies":[{"name":"wp","href":"https:\/\/api.w.org\/{rel}","templated":true}]}}