{"id":11768,"date":"2024-10-04T17:09:10","date_gmt":"2024-10-04T16:09:10","guid":{"rendered":"https:\/\/thequeenhouse.co.uk\/?post_type=product&#038;p=11768"},"modified":"2025-07-09T11:21:46","modified_gmt":"2025-07-09T10:21:46","slug":"luxury-hand-body-lotion-cuban-tobacco-copy","status":"publish","type":"product","link":"https:\/\/thequeenhouse.co.uk\/lt\/produktas\/luxury-hand-body-lotion-cuban-tobacco-copy\/","title":{"rendered":"Luxury Hand &#038; Body Lotion &#8211; Peony Blush"},"content":{"rendered":"<p>Peony Blush prabangus rank\u0173 ir k\u016bno losjonas \u2013 elegancijos esm\u0117<\/p>\n<p>Palepinkite savo od\u0105 Peony Blush prabangiu rank\u0173 ir k\u016bno losjonu \u2013 auk\u0161\u010diausios kokyb\u0117s odos prie\u017ei\u016bros produktu, praturtintu geriausiais ingredientais, kad suteikt\u0173 intensyv\u0173 dr\u0117kinim\u0105 ir maitinim\u0105. \u0160is losjonas yra kruop\u0161\u010diai sukurtas taip, kad j\u016bs\u0173 oda tapt\u0173 \u0161ilkin\u0117, o jo rafinuotas ir ilgai i\u0161liekantis aromatas kiekvieno naudojimo metu praturtint\u0173 j\u016bs\u0173 poj\u016b\u010dius. Tobulas g\u0117li\u0173 ir vaisi\u0173 nat\u0173 derinys padaro \u0161\u012f k\u016bno losjon\u0105 b\u016btinu tiems, kurie kasdien vertina elegancij\u0105.<\/p>\n<p>\u2022 Vir\u0161utin\u0117s natos: Subtilus bij\u016bn\u0173 ekstrakto g\u0117li\u0173 aromatas susilieja su sald\u017eiu ir gaiviu raudonojo obuolio kvapu, sukurdami \u017eval\u0173 ir pakyl\u0117jant\u012f prad\u017eios ton\u0105.<br \/>\n\u2022 \u0160irdies natos: Prabangi ro\u017e\u0117 ir jausmingas jazminas skleid\u017eiasi \u0161irdyje, pasi\u016blydami nesenstan\u010di\u0105, romanti\u0161k\u0105 esm\u0119, kuri ilgai i\u0161lieka ant odos.<br \/>\n\u2022 Bazin\u0117s natos: Turtingas, aksominis na\u0161lai\u010di\u0173, sulting\u0173 slyv\u0173, muskuso ir sausosios gintaro derinys suteikia \u0161ilto ir jaukaus u\u017ebaigimo, paliekant ilgalaik\u012f elegancijos ir gilumo \u012fsp\u016bd\u012f.<\/p>\n<p>Tobula dovana arba prabangi vonios kambario detal\u0117<br \/>\nEleganti\u0161kame juodame butelyje su auksiniais akcentais supakuotas Peony Blush k\u016bno losjonas spinduliuoja prabanga ir rafinuotumu. Jo dailus minimalistinis dizainas su auksiniu dozatoriumi ir marmuriniu auksiniu dekoru paver\u010dia \u0161\u012f produkt\u0105 ne tik odos prie\u017ei\u016bros b\u016btinybe, bet ir nuostabiu dekoratyviniu akcentu. Ar pad\u0117tas ant kosmetinio staliuko, ar \u012fteiktas kaip dovana, \u0161is gra\u017eus butelis suteikia \u017eavesio bet kuriai erdvei.<\/p>\n","protected":false},"excerpt":{"rendered":"<p>Peony Blush prabangus rank\u0173 ir k\u016bno losjonas \u2013 elegancijos esm\u0117<\/p>\n<p>Palepinkite savo od\u0105 Peony Blush prabangiu rank\u0173 ir k\u016bno losjonu \u2013 auk\u0161\u010diausios kokyb\u0117s odos prie\u017ei\u016bros produktu, praturtintu geriausiais ingredientais, kad suteikt\u0173 intensyv\u0173 dr\u0117kinim\u0105 ir maitinim\u0105. \u0160is losjonas yra kruop\u0161\u010diai sukurtas taip, kad j\u016bs\u0173 oda tapt\u0173 \u0161ilkin\u0117, o jo rafinuotas ir ilgai i\u0161liekantis aromatas kiekvieno naudojimo metu praturtint\u0173 j\u016bs\u0173 poj\u016b\u010dius. Tobulas g\u0117li\u0173 ir vaisi\u0173 nat\u0173 derinys padaro \u0161\u012f k\u016bno losjon\u0105 b\u016btinu tiems, kurie kasdien vertina elegancij\u0105.<\/p>\n","protected":false},"featured_media":11772,"comment_status":"open","ping_status":"closed","template":"","meta":[],"product_brand":[],"product_cat":[43,211,213],"product_tag":[],"class_list":{"0":"post-11768","1":"product","2":"type-product","3":"status-publish","4":"has-post-thumbnail","6":"product_cat-grozis","7":"product_cat-kuno-prieziuros-priemones","8":"product_cat-ranku-prieziuros-priemones","10":"first","11":"outofstock","12":"taxable","13":"shipping-taxable","14":"purchasable","15":"product-type-simple"},"_links":{"self":[{"href":"https:\/\/thequeenhouse.co.uk\/lt\/wp-json\/wp\/v2\/product\/11768","targetHints":{"allow":["GET"]}}],"collection":[{"href":"https:\/\/thequeenhouse.co.uk\/lt\/wp-json\/wp\/v2\/product"}],"about":[{"href":"https:\/\/thequeenhouse.co.uk\/lt\/wp-json\/wp\/v2\/types\/product"}],"replies":[{"embeddable":true,"href":"https:\/\/thequeenhouse.co.uk\/lt\/wp-json\/wp\/v2\/comments?post=11768"}],"wp:featuredmedia":[{"embeddable":true,"href":"https:\/\/thequeenhouse.co.uk\/lt\/wp-json\/wp\/v2\/media\/11772"}],"wp:attachment":[{"href":"https:\/\/thequeenhouse.co.uk\/lt\/wp-json\/wp\/v2\/media?parent=11768"}],"wp:term":[{"taxonomy":"product_brand","embeddable":true,"href":"https:\/\/thequeenhouse.co.uk\/lt\/wp-json\/wp\/v2\/product_brand?post=11768"},{"taxonomy":"product_cat","embeddable":true,"href":"https:\/\/thequeenhouse.co.uk\/lt\/wp-json\/wp\/v2\/product_cat?post=11768"},{"taxonomy":"product_tag","embeddable":true,"href":"https:\/\/thequeenhouse.co.uk\/lt\/wp-json\/wp\/v2\/product_tag?post=11768"}],"curies":[{"name":"wp","href":"https:\/\/api.w.org\/{rel}","templated":true}]}}