{"id":11792,"date":"2024-10-16T12:38:19","date_gmt":"2024-10-16T11:38:19","guid":{"rendered":"https:\/\/thequeenhouse.co.uk\/?post_type=product&#038;p=11792"},"modified":"2026-01-11T12:57:00","modified_gmt":"2026-01-11T11:57:00","slug":"isankstinis-uzsakymas-nici-demiu-valiklis-copy","status":"publish","type":"product","link":"https:\/\/thequeenhouse.co.uk\/lt\/produktas\/isankstinis-uzsakymas-nici-demiu-valiklis-copy\/","title":{"rendered":"NICI &#8211; D\u0117mi\u0173 valiklis"},"content":{"rendered":"<p style=\"font-weight: 400;\">NICI d\u0117mi\u0173 valiklis su aktyviuoju deguonimi efektyviai pa\u0161alina net sunkiausiai i\u0161plaunamas ir<br \/>\n\u012fsisen\u0117jusias d\u0117mes, tokias kaip raudonojo vyno, arbatos, kavos, \u017eol\u0117s, purvo ir kitas. Tinka<br \/>\nvalyti ne tik drabu\u017ei\u0173, bet ir bald\u0173 mink\u0161t\u0105sias dalis, automobili\u0173 salonus, \u012fvairias kilimines<br \/>\ndangas. Jame n\u0117ra chloro, d\u0117m\u0117s valomos d\u0117ka esan\u010dio aktyviojo deguonies. \u0160velni d\u0117mi\u0173<br \/>\n\u0161alinimo priemon\u0117 atgaivina ir i\u0161saugo spalvas, valant daugybe kart\u0173.<\/p>\n<p style=\"font-weight: 400;\">Pagaminta Lietuvoje.<\/p>\n<p style=\"font-weight: 400;\">Naudojimas: Prad\u017eioje reikia pabandyti valikl\u012f ma\u017eai matomoje vietoje. U\u017epurk\u0161ti ant d\u0117m\u0117s,<br \/>\npalaikyti 5 min., pavalyti ar \u0161velniai patrinti valom\u0105 viet\u0105 kempine ir d\u0117ti \u012f skalbimo ma\u0161in\u0105 (jei<br \/>\nnaudojama ant drabu\u017ei\u0173). Viso proceso metu neleisti valikliui i\u0161d\u017ei\u016bti. Esant b\u016btinybei veiksm\u0105<br \/>\npakartoti. Jei valote kilim\u0105 ar bald\u0173 mink\u0161t\u0105j\u0105 dal\u012f, pirmiausia j\u0105 i\u0161siurbti su siurbliu.<br \/>\nD\u0116MESIO! Neleisti i\u0161d\u017ei\u016bti, nuvalyti vandeniu sudr\u0117kinta kempine. Nepilti ant metalini\u0173 detali\u0173.<br \/>\nNenaudoti valant d\u0117mes ant \u0161ilkini\u0173 audini\u0173 ir rytieti\u0161k\u0173 kilim\u0173.<\/p>\n","protected":false},"excerpt":{"rendered":"<p style=\"font-weight: 400;\">NICI d\u0117mi\u0173 valiklis su aktyviuoju deguonimi efektyviai pa\u0161alina net sunkiausiai i\u0161plaunamas ir<br \/>\n\u012fsisen\u0117jusias d\u0117mes, tokias kaip raudonojo vyno, arbatos, kavos, \u017eol\u0117s, purvo ir kitas. Tinka<br \/>\nvalyti ne tik drabu\u017ei\u0173, bet ir bald\u0173 mink\u0161t\u0105sias dalis, automobili\u0173 salonus, \u012fvairias kilimines<br \/>\ndangas. Jame n\u0117ra chloro, d\u0117m\u0117s valomos d\u0117ka esan\u010dio aktyviojo deguonies. \u0160velni d\u0117mi\u0173<br \/>\n\u0161alinimo priemon\u0117 atgaivina ir i\u0161saugo spalvas, valant daugybe kart\u0173.<\/p>\n<p style=\"font-weight: 400;\">\n","protected":false},"featured_media":8434,"comment_status":"open","ping_status":"closed","template":"","meta":[],"product_brand":[],"product_cat":[43,44],"product_tag":[],"class_list":{"0":"post-11792","1":"product","2":"type-product","3":"status-publish","4":"has-post-thumbnail","6":"product_cat-grozis","7":"product_cat-namams","9":"first","10":"instock","11":"taxable","12":"shipping-taxable","13":"purchasable","14":"product-type-simple"},"_links":{"self":[{"href":"https:\/\/thequeenhouse.co.uk\/lt\/wp-json\/wp\/v2\/product\/11792","targetHints":{"allow":["GET"]}}],"collection":[{"href":"https:\/\/thequeenhouse.co.uk\/lt\/wp-json\/wp\/v2\/product"}],"about":[{"href":"https:\/\/thequeenhouse.co.uk\/lt\/wp-json\/wp\/v2\/types\/product"}],"replies":[{"embeddable":true,"href":"https:\/\/thequeenhouse.co.uk\/lt\/wp-json\/wp\/v2\/comments?post=11792"}],"wp:featuredmedia":[{"embeddable":true,"href":"https:\/\/thequeenhouse.co.uk\/lt\/wp-json\/wp\/v2\/media\/8434"}],"wp:attachment":[{"href":"https:\/\/thequeenhouse.co.uk\/lt\/wp-json\/wp\/v2\/media?parent=11792"}],"wp:term":[{"taxonomy":"product_brand","embeddable":true,"href":"https:\/\/thequeenhouse.co.uk\/lt\/wp-json\/wp\/v2\/product_brand?post=11792"},{"taxonomy":"product_cat","embeddable":true,"href":"https:\/\/thequeenhouse.co.uk\/lt\/wp-json\/wp\/v2\/product_cat?post=11792"},{"taxonomy":"product_tag","embeddable":true,"href":"https:\/\/thequeenhouse.co.uk\/lt\/wp-json\/wp\/v2\/product_tag?post=11792"}],"curies":[{"name":"wp","href":"https:\/\/api.w.org\/{rel}","templated":true}]}}