{"id":11856,"date":"2024-10-16T14:02:07","date_gmt":"2024-10-16T13:02:07","guid":{"rendered":"https:\/\/thequeenhouse.co.uk\/?post_type=product&#038;p=11856"},"modified":"2026-01-17T00:58:11","modified_gmt":"2026-01-16T23:58:11","slug":"hialurono-rugsties-serumo-veido-kaukes-copy-2","status":"publish","type":"product","link":"https:\/\/thequeenhouse.co.uk\/lt\/produktas\/hialurono-rugsties-serumo-veido-kaukes-copy-2\/","title":{"rendered":"\u201cVitality\u201d Liposom\u0173 Technologijos Facial Mask\u2019s with Squeeze Cactus extract 10x20ml"},"content":{"rendered":"<p><strong>NR1 Geriausiai odos ph ir dr\u0117kinimui- tinka vis\u0173 tip\u0173 odai<\/strong><\/p>\n<p>&#8222;Vitality&#8221; veido kauk\u0117s skirtos gerai odos b\u016bklei palaikyti. Dr\u0117kina ir gaivina od\u0105. Suteikia gyvybingumo. Kauki\u0173 pluo\u0161tai papildyti kaktuso ekstraktu, druskos presuot\u0173 vaisi\u0173 tirpalu. Kauk\u0117s kuriamos naudojant <strong>LIPOSOM\u0172 TECHNOLOGIJ\u0104.<\/strong><\/p>\n<p>Pasirinkus<strong> liposom\u0173 technologijos veido kaukes<\/strong>, u\u017etikrins pa\u017eangi\u0105 odos prie\u017ei\u016br\u0105, u\u017etikrinan\u010di\u0105 gilesn\u012f dr\u0117kinim\u0105, efektyvesn\u012f maitinim\u0105 ir \u0161velni\u0105 prie\u017ei\u016br\u0105. Patirkite pa\u017eangiausi\u0173 technologij\u0173 skirtumus, kurie pagerina j\u016bs\u0173 odos prie\u017ei\u016bros rutin\u0105, suteikia jums sveikesn\u0119, \u0161vytin\u010di\u0105 ir atjaunint\u0105 od\u0105.<\/p>\n<p><strong>Liposom\u0173 technologija<\/strong> &#8211; pagerina odos prie\u017ei\u016br\u0105, leisdama veikliosioms med\u017eiagoms prasiskverbti giliau \u012f od\u0105, u\u017etikrindama geresn\u0119 absorbcij\u0105 ir ilgalaik\u012f poveik\u012f. \u0160ios kauk\u0117s u\u017etikrina tikslin\u012f dr\u0117kinim\u0105 ir maitinim\u0105, tod\u0117l jos yra veiksmingesn\u0117s nei tradicin\u0117s galimyb\u0117s. Jie taip pat pagerina ingredient\u0173 stabilum\u0105, u\u017etikrina nuolatin\u0119 dr\u0117gm\u0119 ir yra \u0161veln\u016bs vis\u0173 tip\u0173 odai, si\u016blydami puiki\u0105 odos prie\u017ei\u016bros patirt\u012f ir matomus rezultatus.<\/p>\n<p><strong>Naudoti:<\/strong><\/p>\n<p>Nuplaukite veid\u0105, nuvalykite toniku. U\u017ed\u0117kite kauk\u0119 ant veido. Palikite 10-20 minu\u010di\u0173. Nuimkite kauk\u0119, patap\u0161nokite skys\u010dio pertekli\u0173 ant pir\u0161t\u0173 pagalv\u0117mis \u00a1bakstel\u0117kite ant odos.<\/p>\n<p><strong>PAGAMINTA KOR\u0116JOJE<\/strong><\/p>\n<p>&nbsp;<\/p>\n<p><strong>INGREDIENTS<\/strong> WaterAqua), Glycereth-26, Methy propanediol, Glycerin, Polysorbate 20, Acrylates\/C10-30 Alkyl Acrylate Crosspolymer, Arginine, Bis-Ethoxydiglycol Cyclohexane 1,4-Dicarboxylate, Xanthan Gum, Titanium Dioxide, Punica Granatum Fruit Extract, Oleth-10, Polysorbate 60, Xylityiglucoside, Butylene Glycol, Anhydroxylito, Silica, Triethoxycaprylyisilane, Xylitol, Biotin, Caprylic\/Capric Triglyceride, Glucose, Hydrogenated Lecithin, Alteromonas Ferment Extract, Black Strap Powder, Opuntia Coccinellitera Fruit Extract, Phytosterols, Ethylhexylglycerin, Disodium EDTA, 1,2-Hexanediol, Phenoxyethanol, Chlorphenesin, Fragrance(Parfum), Limonene<\/p>\n","protected":false},"excerpt":{"rendered":"<p><strong>NR1 Geriausiai odos ph ir dr\u0117kinimui- tinka vis\u0173 tip\u0173 odai<\/strong><\/p>\n<p><em>Pakuot\u0117je yra 10 atskir\u0173 veido kauki\u0173.<\/em><\/p>\n<p>&#8222;Vitality&#8221; veido kauk\u0117s skirtos gerai odos b\u016bklei palaikyti. Dr\u0117kina ir gaivina od\u0105. Suteikia gyvybingumo. Kauki\u0173 pluo\u0161tai papildyti kaktuso ekstraktu, druskos presuot\u0173 vaisi\u0173 tirpalu. Kauk\u0117s kuriamos naudojant <strong>LIPOSOM\u0172 TECHNOLOGIJ\u0104.<\/strong><\/p>\n<p>Pasirinkus<strong> liposom\u0173 technologijos veido kaukes<\/strong>, u\u017etikrins pa\u017eangi\u0105 odos prie\u017ei\u016br\u0105, u\u017etikrinan\u010di\u0105 gilesn\u012f dr\u0117kinim\u0105, efektyvesn\u012f maitinim\u0105 ir \u0161velni\u0105 prie\u017ei\u016br\u0105. Patirkite pa\u017eangiausi\u0173 technologij\u0173 skirtumus, kurie pagerina j\u016bs\u0173 odos prie\u017ei\u016bros rutin\u0105, suteikia jums sveikesn\u0119, \u0161vytin\u010di\u0105 ir atjaunint\u0105 od\u0105.<\/p>\n<p><strong>Liposom\u0173 technologija<\/strong> &#8211; pagerina odos prie\u017ei\u016br\u0105, leisdama veikliosioms med\u017eiagoms prasiskverbti giliau \u012f od\u0105, u\u017etikrindama geresn\u0119 absorbcij\u0105 ir ilgalaik\u012f poveik\u012f. \u0160ios kauk\u0117s u\u017etikrina tikslin\u012f dr\u0117kinim\u0105 ir maitinim\u0105, tod\u0117l jos yra veiksmingesn\u0117s nei tradicin\u0117s galimyb\u0117s. Jie taip pat pagerina ingredient\u0173 stabilum\u0105, u\u017etikrina nuolatin\u0119 dr\u0117gm\u0119 ir yra \u0161veln\u016bs vis\u0173 tip\u0173 odai, si\u016blydami puiki\u0105 odos prie\u017ei\u016bros patirt\u012f ir matomus rezultatus.<\/p>\n","protected":false},"featured_media":11842,"comment_status":"open","ping_status":"closed","template":"","meta":[],"product_brand":[],"product_cat":[43,212],"product_tag":[],"class_list":{"0":"post-11856","1":"product","2":"type-product","3":"status-publish","4":"has-post-thumbnail","6":"product_cat-grozis","7":"product_cat-veido-prieziuros-priemones","9":"first","10":"instock","11":"taxable","12":"shipping-taxable","13":"purchasable","14":"product-type-simple"},"_links":{"self":[{"href":"https:\/\/thequeenhouse.co.uk\/lt\/wp-json\/wp\/v2\/product\/11856","targetHints":{"allow":["GET"]}}],"collection":[{"href":"https:\/\/thequeenhouse.co.uk\/lt\/wp-json\/wp\/v2\/product"}],"about":[{"href":"https:\/\/thequeenhouse.co.uk\/lt\/wp-json\/wp\/v2\/types\/product"}],"replies":[{"embeddable":true,"href":"https:\/\/thequeenhouse.co.uk\/lt\/wp-json\/wp\/v2\/comments?post=11856"}],"wp:featuredmedia":[{"embeddable":true,"href":"https:\/\/thequeenhouse.co.uk\/lt\/wp-json\/wp\/v2\/media\/11842"}],"wp:attachment":[{"href":"https:\/\/thequeenhouse.co.uk\/lt\/wp-json\/wp\/v2\/media?parent=11856"}],"wp:term":[{"taxonomy":"product_brand","embeddable":true,"href":"https:\/\/thequeenhouse.co.uk\/lt\/wp-json\/wp\/v2\/product_brand?post=11856"},{"taxonomy":"product_cat","embeddable":true,"href":"https:\/\/thequeenhouse.co.uk\/lt\/wp-json\/wp\/v2\/product_cat?post=11856"},{"taxonomy":"product_tag","embeddable":true,"href":"https:\/\/thequeenhouse.co.uk\/lt\/wp-json\/wp\/v2\/product_tag?post=11856"}],"curies":[{"name":"wp","href":"https:\/\/api.w.org\/{rel}","templated":true}]}}