{"id":11875,"date":"2024-10-16T14:51:49","date_gmt":"2024-10-16T13:51:49","guid":{"rendered":"https:\/\/thequeenhouse.co.uk\/?post_type=product&#038;p=11875"},"modified":"2024-10-16T15:18:44","modified_gmt":"2024-10-16T14:18:44","slug":"biotin-beauty-complex-copy-2","status":"publish","type":"product","link":"https:\/\/thequeenhouse.co.uk\/lt\/produktas\/biotin-beauty-complex-copy-2\/","title":{"rendered":"MYLIU SAVE &#8211; Vitamin\u0173 Kompleksas Moters Gro\u017eiui, 60 table\u010di\u0173"},"content":{"rendered":"<p><strong>Myliu save<\/strong> \u2013 vitaminai stiprin\u0105 imunitet\u0105, stimuliuoja plauk\u0173 augim\u0105, subalansuoja hormonus, suteikia \u017evilgesio odai, stabdo plauk\u0173 slinkim\u0105, suteikia energijos, atstato odos b\u016bkl\u0119, bei stiprin\u0105 nag\u0173 b\u016bkl\u0119.<\/p>\n<ul>\n<li>Vitaminai ir mineralai plaukams ir nagams.<\/li>\n<li>Saugu n\u0117\u0161\u010dioms ir kr\u016btimi maitinan\u010dioms moterims.<\/li>\n<li>Net 400 mg sieros aminor\u016bg\u0161\u010di\u0173, kurios yra pagrindin\u0117s plauko strukt\u016bros statybin\u0117s med\u017eiagos (L-cisteinas, L-metioninas).<\/li>\n<li>Sveik\u0173 plauk\u0173 i\u0161laikymas (cinkas, biotinas, selenas).<\/li>\n<li>Padeda i\u0161laikyti sveikus nagus (cinkas, selenas).<\/li>\n<li>Palaiko tinkam\u0105 plauk\u0173 pigmentacij\u0105 (varis).<\/li>\n<li>Padeda tinkamai gaminti skydliauk\u0117s hormonus ir tinkamai funkcionuoti skydliaukei (jodui).<\/li>\n<li>Tinka organizmo atstatymui ir stiprinimui(folio r\u016bg\u0161tis, gele\u017eis, jodas, B grup\u0117s vitaminai).<\/li>\n<\/ul>\n<p>&nbsp;<\/p>\n<p>Biotinas, selenas, cinkas \u2013 padeda palaikyti normali\u0105 plauk\u0173 b\u016bkl\u0119.<\/p>\n<p>Varis padeda palaikyti nat\u016brali\u0105 plauk\u0173 pigmentacij\u0105.<\/p>\n<p>Selenas, cinkas \u2013 padeda palaikyti normali\u0105 nag\u0173 b\u016bkl\u0119.<\/p>\n<p>Vitaminas C padeda palaikyti normal\u0173 kolageno, kuris reikalingas normaliai odos funkcijai, susidarym\u0105.<\/p>\n<p>Vitaminas E padeda apsaugoti l\u0105steles nuo oksidacin\u0117s pa\u017eaidos<\/p>\n<p>&nbsp;<\/p>\n<p><strong>Vartojimas:\u00a0<\/strong>rekomenduojama suaugusiesiems gerti po 2\u202ftabletes per dien\u0105 valgio metu.<\/p>\n<p><strong>\u012esp\u0117jimai:\u00a0<\/strong>maisto papildas netur\u0117t\u0173 b\u016bti vartojamas kaip maisto pakaitalas. Nevir\u0161ykite nustatytos rekomenduojamos paros doz\u0117s. Svarbu \u012fvairi ir subalansuota mityba bei sveikas gyvenimo b\u016bdas.<\/p>\n<p>&nbsp;<\/p>\n<p><strong>Sudedamosios dalys:<\/strong> emulsiklis mikrokristalin\u00e9 celiulioz\u00e9, L-cisteinas, L-metioninas, L-askorbo r\u00fcgstis (vitaminas C), maltodekstrinas, gelezies fumaratas, tabletes dangalas (stabilizatorius hidroksipropilmetilceliu- lioze, ryziy krakmolas, stabilizatoriai hidroksipropilceliulioz\u00e9 ir polietilenglikolis, lipnuma reguliuojancios medziagos talkas ir riebaly r\u00fcgstys, daziklis &#8211; gelezies oksidai ir gelezies hidroksidai), stabilizatorius skersinio rysio natrio karboksimetilceliulioze, cinko citratas, DL-alfa-tok-oferilacetatas (vitaminas E), stabilizatorius polivinilpirolidonas, glajine medziaga mazai pakeista hidroksipropilceliulioze (L-HPC), lipnuma reguliuojanti medziaga riebaly r\u00fcgsciy magnio druskos, nikotinamidas (niacinas), L-selenometioninas, lipnuma reguliuojandios medziagos silicio dioksidas ir riebaly r\u00fcgstys, vario gliukonatas, kalcio D-pantotena- t\u00e1s (pantoteno r\u00fcgstis), piridoksino hidrochloridas (vitaminas B6), riboflavinas, pteroilmonoglutamo r\u00fcgstis (folio r\u00fcgstis), kalio jodidas, D-biotinas, metilkobalaminas (vitaminas B12).<\/p>\n","protected":false},"excerpt":{"rendered":"<p><strong>Myliu save<\/strong> \u2013 vitaminai stiprin\u0105 imunitet\u0105, stimuliuoja plauk\u0173 augim\u0105, subalansuoja hormonus, suteikia \u017evilgesio odai, stabdo plauk\u0173 slinkim\u0105, suteikia energijos, atstato odos b\u016bkl\u0119, bei stiprin\u0105 nag\u0173 b\u016bkl\u0119.<\/p>\n<ul>\n<li>Vitaminai ir mineralai plaukams ir nagams.<\/li>\n<li>Saugu n\u0117\u0161\u010dioms ir kr\u016btimi maitinan\u010dioms moterims.<\/li>\n<li>Net 400 mg sieros aminor\u016bg\u0161\u010di\u0173, kurios yra pagrindin\u0117s plauko strukt\u016bros statybin\u0117s med\u017eiagos (L-cisteinas, L-metioninas).<\/li>\n<li>Sveik\u0173 plauk\u0173 i\u0161laikymas (cinkas, biotinas, selenas).<\/li>\n<li>Padeda i\u0161laikyti sveikus nagus (cinkas, selenas).<\/li>\n<li>Palaiko tinkam\u0105 plauk\u0173 pigmentacij\u0105 (varis).<\/li>\n<li>Padeda tinkamai gaminti skydliauk\u0117s hormonus ir tinkamai funkcionuoti skydliaukei (jodui).<\/li>\n<li>Tinka organizmo atstatymui ir stiprinimui(folio r\u016bg\u0161tis, gele\u017eis, jodas, B grup\u0117s vitaminai).<\/li>\n<\/ul>\n<p>&nbsp;<\/p>\n<p>Biotinas, selenas, cinkas \u2013 padeda palaikyti normali\u0105 plauk\u0173 b\u016bkl\u0119.<\/p>\n<p>Varis padeda palaikyti nat\u016brali\u0105 plauk\u0173 pigmentacij\u0105.<\/p>\n<p>Selenas, cinkas \u2013 padeda palaikyti normali\u0105 nag\u0173 b\u016bkl\u0119.<\/p>\n<p>Vitaminas C padeda palaikyti normal\u0173 kolageno, kuris reikalingas normaliai odos funkcijai, susidarym\u0105.<\/p>\n<p>Vitaminas E padeda apsaugoti l\u0105steles nuo oksidacin\u0117s pa\u017eaidos<\/p>\n<p>&nbsp;<\/p>\n<p><strong>MADE IN LITHUANIA<\/strong><\/p>\n","protected":false},"featured_media":11881,"comment_status":"open","ping_status":"closed","template":"","meta":[],"product_brand":[],"product_cat":[43,215],"product_tag":[],"class_list":{"0":"post-11875","1":"product","2":"type-product","3":"status-publish","4":"has-post-thumbnail","6":"product_cat-grozis","7":"product_cat-vitaminai-ir-papildai","9":"first","10":"outofstock","11":"taxable","12":"shipping-taxable","13":"purchasable","14":"product-type-simple"},"_links":{"self":[{"href":"https:\/\/thequeenhouse.co.uk\/lt\/wp-json\/wp\/v2\/product\/11875","targetHints":{"allow":["GET"]}}],"collection":[{"href":"https:\/\/thequeenhouse.co.uk\/lt\/wp-json\/wp\/v2\/product"}],"about":[{"href":"https:\/\/thequeenhouse.co.uk\/lt\/wp-json\/wp\/v2\/types\/product"}],"replies":[{"embeddable":true,"href":"https:\/\/thequeenhouse.co.uk\/lt\/wp-json\/wp\/v2\/comments?post=11875"}],"wp:featuredmedia":[{"embeddable":true,"href":"https:\/\/thequeenhouse.co.uk\/lt\/wp-json\/wp\/v2\/media\/11881"}],"wp:attachment":[{"href":"https:\/\/thequeenhouse.co.uk\/lt\/wp-json\/wp\/v2\/media?parent=11875"}],"wp:term":[{"taxonomy":"product_brand","embeddable":true,"href":"https:\/\/thequeenhouse.co.uk\/lt\/wp-json\/wp\/v2\/product_brand?post=11875"},{"taxonomy":"product_cat","embeddable":true,"href":"https:\/\/thequeenhouse.co.uk\/lt\/wp-json\/wp\/v2\/product_cat?post=11875"},{"taxonomy":"product_tag","embeddable":true,"href":"https:\/\/thequeenhouse.co.uk\/lt\/wp-json\/wp\/v2\/product_tag?post=11875"}],"curies":[{"name":"wp","href":"https:\/\/api.w.org\/{rel}","templated":true}]}}