{"id":11892,"date":"2024-10-16T15:40:06","date_gmt":"2024-10-16T14:40:06","guid":{"rendered":"https:\/\/thequeenhouse.co.uk\/?post_type=product&#038;p=11892"},"modified":"2026-04-05T00:20:18","modified_gmt":"2026-04-04T23:20:18","slug":"nici-parfumuotas-skalbiklis-cherry-velvet-elixir-1000-ml-copy-2","status":"publish","type":"product","link":"https:\/\/thequeenhouse.co.uk\/lt\/produktas\/nici-parfumuotas-skalbiklis-cherry-velvet-elixir-1000-ml-copy-2\/","title":{"rendered":"NICI &#8211; Parfumuotas Mink\u0161tiklis &#8211; CHERRY VELVET ELIXIR, 1000 ml"},"content":{"rendered":"<div class=\"ewa-rteLine\">\n<p><strong>NICI<\/strong> parfumuotas drabu\u017ei\u0173 mink\u0161tiklis CHERRY VELVET ELIXIR ne tik mink\u0161tina J\u016bs\u0173 drabu\u017eius, bet ir suteikia prabangaus ir i\u0161skirtinio aromato. Naudojamas galutiniam skalbini\u0173 skalavimui.<\/p>\n<p><strong>NICI parfumuoto mink\u0161tiklio CHERRY VELVET ELIXIR kvapo natos:<\/strong><\/p>\n<p>Vir\u0161utin\u0117s natos \u2013 VY\u0160NIA, CITRINA, APELSINAS, MIGDOLAI<\/p>\n<p>Vidurin\u0117s natos \u2013 JAZMINAS, CINAMONAS, RO\u017d\u0116, \u017dIBUT\u0116<\/p>\n<p>Bazin\u0117s natos \u2013 MUSKUSAS, KEDRO MEDIENA<\/p>\n<p>Leiskite savo drabu\u017eiams atskleisti svaiginant\u012f aromato pasaul\u012f su <strong>NICI \u201eCherry Velvet Elixir<\/strong>\u201c. \u0160is i\u0161skirtinis parfumuotas skalbiklis ir mink\u0161tiklis suteiks J\u016bs\u0173 skalbiniams ne tik \u0161varos, bet ir nepakartojam\u0105, ilgai i\u0161liekant\u012f kvap\u0105, kuris jus u\u017eburs kiekvien\u0105 kart\u0105.<br \/>\n<b data-stringify-type=\"bold\">Kvapas:<\/b>\u00a0Pajuskite sodr\u0173, prinokusi\u0173 vy\u0161ni\u0173 saldum\u0105, \u0161velniai susiliejant\u012f su aksominiu, subtiliu prabangos poj\u016b\u010diu. Kvapas \u017eadina jausmus, primindamas vasaros dienas, kai oras pripildytas sald\u017ei\u0173 vaisi\u0173 aromato. Tai ne tik kvapas, tai \u2013 nuotaika, elegancija ir nepakartojamas \u0161velnumas, kuriuo nor\u0117sis m\u0117gautis kasdien.<\/p>\n<p><b data-stringify-type=\"bold\">Patirkite nepakartojam\u0105 komfort\u0105:<\/b>\u00a0\u201eCherry Velvet Elixir\u201c ne tik puikiai valo ir mink\u0161tina audinius, bet ir palieka nepakartojam\u0105 aromato \u0161leif\u0105, kuris i\u0161liks ilgai po skalbimo. Kiekvien\u0105 kart\u0105 prisilietus prie J\u016bs\u0173 drabu\u017ei\u0173, jausite, kaip jie kvepia prabanga, tarsi b\u016bt\u0173 i\u0161plauti parfumerijos meistr\u0173 rankomis.<br \/>\nSkalbimas su \u201eCherry Velvet Elixir\u201c \u2013 tai ne tik kasdien\u0117 b\u016btinyb\u0117, bet ir malonumas, kuris apsups Jus i\u0161skirtiniu, kerin\u010diu aromatu, praturtins kasdien\u0119 rutin\u0105, suteiks nauj\u0105 potyr\u012f j\u016bs\u0173 m\u0117gstamiausiems drabu\u017eiams ir patalynei.<\/p>\n<\/div>\n<p style=\"font-weight: 400;\"><strong>Pagaminta Lietuvoje.<\/strong><\/p>\n<p>Ingridientai:<\/p>\n<p>5 \u2013 15 % katijonini\u0173 pavir\u0161inio aktyvumo med\u017eiag\u0173, konservantas Phenoxyethanol,<br \/>\nButylbenzisothiazolone, Laurylamine Dipropylenediamine, kvapioji med\u017eiaga,<br \/>\nAlpha \u2013 Isomethyl Ionone, Benzaldehyde, Cinnamal, Coumarin, Eugenol, Geraniol,<br \/>\nHexyl Cinnamal, Limonene, Linalool.<\/p>\n","protected":false},"excerpt":{"rendered":"<div class=\"ewa-rteLine\"><strong>NICI<\/strong> parfumuotas drabu\u017ei\u0173 mink\u0161tiklis CHERRY VELVET ELIXIR ne tik mink\u0161tina J\u016bs\u0173 drabu\u017eius, bet ir suteikia prabangaus ir i\u0161skirtinio aromato. Naudojamas galutiniam skalbini\u0173 skalavimui.<\/div>\n<div>\n<p>Leiskite savo drabu\u017eiams atskleisti svaiginant\u012f aromato pasaul\u012f su <strong>NICI \u201eCherry Velvet Elixir<\/strong>\u201c. \u0160is i\u0161skirtinis parfumuotas skalbiklis ir mink\u0161tiklis suteiks J\u016bs\u0173 skalbiniams ne tik \u0161varos, bet ir nepakartojam\u0105, ilgai i\u0161liekant\u012f kvap\u0105, kuris jus u\u017eburs kiekvien\u0105 kart\u0105.<br \/>\n<b data-stringify-type=\"bold\">Kvapas:<\/b>\u00a0Pajuskite sodr\u0173, prinokusi\u0173 vy\u0161ni\u0173 saldum\u0105, \u0161velniai susiliejant\u012f su aksominiu, subtiliu prabangos poj\u016b\u010diu. Kvapas \u017eadina jausmus, primindamas vasaros dienas, kai oras pripildytas sald\u017ei\u0173 vaisi\u0173 aromato. Tai ne tik kvapas, tai \u2013 nuotaika, elegancija ir nepakartojamas \u0161velnumas, kuriuo nor\u0117sis m\u0117gautis kasdien.<\/p>\n<p><b data-stringify-type=\"bold\">Patirkite nepakartojam\u0105 komfort\u0105:<\/b>\u00a0\u201eCherry Velvet Elixir\u201c ne tik puikiai valo ir mink\u0161tina audinius, bet ir palieka nepakartojam\u0105 aromato \u0161leif\u0105, kuris i\u0161liks ilgai po skalbimo. Kiekvien\u0105 kart\u0105 prisilietus prie J\u016bs\u0173 drabu\u017ei\u0173, jausite, kaip jie kvepia prabanga, tarsi b\u016bt\u0173 i\u0161plauti parfumerijos meistr\u0173 rankomis.<br \/>\nSkalbimas su \u201eCherry Velvet Elixir\u201c \u2013 tai ne tik kasdien\u0117 b\u016btinyb\u0117, bet ir malonumas, kuris apsups Jus i\u0161skirtiniu, kerin\u010diu aromatu, praturtins kasdien\u0119 rutin\u0105, suteiks nauj\u0105 potyr\u012f j\u016bs\u0173 m\u0117gstamiausiems drabu\u017eiams ir patalynei.<\/p>\n<\/div>\n","protected":false},"featured_media":11894,"comment_status":"open","ping_status":"closed","template":"","meta":[],"product_brand":[],"product_cat":[44],"product_tag":[],"class_list":{"0":"post-11892","1":"product","2":"type-product","3":"status-publish","4":"has-post-thumbnail","6":"product_cat-namams","8":"first","9":"instock","10":"sale","11":"taxable","12":"shipping-taxable","13":"purchasable","14":"product-type-simple"},"_links":{"self":[{"href":"https:\/\/thequeenhouse.co.uk\/lt\/wp-json\/wp\/v2\/product\/11892","targetHints":{"allow":["GET"]}}],"collection":[{"href":"https:\/\/thequeenhouse.co.uk\/lt\/wp-json\/wp\/v2\/product"}],"about":[{"href":"https:\/\/thequeenhouse.co.uk\/lt\/wp-json\/wp\/v2\/types\/product"}],"replies":[{"embeddable":true,"href":"https:\/\/thequeenhouse.co.uk\/lt\/wp-json\/wp\/v2\/comments?post=11892"}],"wp:featuredmedia":[{"embeddable":true,"href":"https:\/\/thequeenhouse.co.uk\/lt\/wp-json\/wp\/v2\/media\/11894"}],"wp:attachment":[{"href":"https:\/\/thequeenhouse.co.uk\/lt\/wp-json\/wp\/v2\/media?parent=11892"}],"wp:term":[{"taxonomy":"product_brand","embeddable":true,"href":"https:\/\/thequeenhouse.co.uk\/lt\/wp-json\/wp\/v2\/product_brand?post=11892"},{"taxonomy":"product_cat","embeddable":true,"href":"https:\/\/thequeenhouse.co.uk\/lt\/wp-json\/wp\/v2\/product_cat?post=11892"},{"taxonomy":"product_tag","embeddable":true,"href":"https:\/\/thequeenhouse.co.uk\/lt\/wp-json\/wp\/v2\/product_tag?post=11892"}],"curies":[{"name":"wp","href":"https:\/\/api.w.org\/{rel}","templated":true}]}}