{"id":12387,"date":"2024-11-09T12:50:31","date_gmt":"2024-11-09T11:50:31","guid":{"rendered":"https:\/\/thequeenhouse.co.uk\/?post_type=product&#038;p=12387"},"modified":"2024-11-09T13:10:45","modified_gmt":"2024-11-09T12:10:45","slug":"diamond-christmas-sidabrinis-zerintis-drugelis-650gr-copy","status":"publish","type":"product","link":"https:\/\/thequeenhouse.co.uk\/lt\/produktas\/diamond-christmas-sidabrinis-zerintis-drugelis-650gr-copy\/","title":{"rendered":"Kal\u0117din\u0117 Gil\u0117 &#8211; 400gr"},"content":{"rendered":"<p>\u0160i \u017evak\u0117 yra nuostabi kal\u0117din\u0117 dekoracija, spinduliuojanti \u0161ilum\u0105 ir \u017eiemos mi\u0161ko \u017eaves\u012f.\u00a0 \u017dvak\u0117 \u012flieta \u012f keramin\u012f puodel\u012f su dang\u010diu, primenan\u010diu \u0104\u017euolo giles, pasi\u017eymint\u012f autenti\u0161ku tekst\u016bruotu dizainu. Dangt\u012f puo\u0161ia nedidelis kankor\u0117\u017eis, matiniai lapai, raudonos uogos ir sniego prisilietimas, sukuriantis stebukling\u0105 mi\u0161ko atmosfer\u0105. Viduje pasl\u0117ptas \u017eaismingas va\u0161kas, \u017eerintis rudas kaip \u0161okoladiniai sausainiai, primenantys meduolius, \u017evakei suteikiantys \u012fnoringumo. \u0160ie sausainiai ne tik sustiprina \u017eaisming\u0105 \u017evak\u0117s atmosfer\u0105, bet ir pakelia \u0161ventin\u0119 dvasi\u0105, su\u017eadindami jauk\u0173 \u0161ventini\u0173 skan\u0117st\u0173 ir nam\u0173 kvap\u0105.<\/p>\n<p>Galite rinktis i\u0161 3 populiariausi\u0173 skirting\u0173 kal\u0117dini\u0173 kvap\u0173<\/p>\n<p>\u0160okoladin\u0117 kava Latte<\/p>\n<p>Apelsinas+ obuolys ir cinamonas<\/p>\n<p>Apelsinas ir sald\u017eios aviet\u0117s<\/p>\n<p>Talpa 400g<\/p>\n<p class=\"p1\">\n","protected":false},"excerpt":{"rendered":"<p>\u0160i \u017evak\u0117 yra nuostabi kal\u0117din\u0117 dekoracija, spinduliuojanti \u0161ilum\u0105 ir \u017eiemos mi\u0161ko \u017eaves\u012f.\u00a0 \u017dvak\u0117 \u012flieta \u012f keramin\u012f puodel\u012f su dang\u010diu, primenan\u010diu \u0104\u017euolo giles, pasi\u017eymint\u012f autenti\u0161ku tekst\u016bruotu dizainu. Dangt\u012f puo\u0161ia nedidelis kankor\u0117\u017eis, matiniai lapai, raudonos uogos ir sniego prisilietimas, sukuriantis stebukling\u0105 mi\u0161ko atmosfer\u0105. Viduje pasl\u0117ptas \u017eaismingas va\u0161kas, \u017eerintis rudas kaip \u0161okoladiniai sausainiai, primenantys meduolius, \u017evakei suteikiantys \u012fnoringumo. \u0160ie sausainiai ne tik sustiprina \u017eaisming\u0105 \u017evak\u0117s atmosfer\u0105, bet ir pakelia \u0161ventin\u0119 dvasi\u0105, su\u017eadindami jauk\u0173 \u0161ventini\u0173 skan\u0117st\u0173 ir nam\u0173 kvap\u0105.<\/p>\n<p>Galite rinktis i\u0161 3 populiariausi\u0173 skirting\u0173 kal\u0117dini\u0173 kvap\u0173<\/p>\n<p>\u0160okoladin\u0117 kava Latte<\/p>\n<p>Apelsinas+ obuolys ir cinamonas<\/p>\n<p>Apelsinas ir sald\u017eios aviet\u0117s<\/p>\n<p>Talpa 400g<\/p>\n","protected":false},"featured_media":12391,"comment_status":"open","ping_status":"closed","template":"","meta":[],"product_brand":[],"product_cat":[174],"product_tag":[],"class_list":{"0":"post-12387","1":"product","2":"type-product","3":"status-publish","4":"has-post-thumbnail","6":"product_cat-christmas-lt","8":"first","9":"outofstock","10":"taxable","11":"shipping-taxable","12":"purchasable","13":"product-type-variable"},"_links":{"self":[{"href":"https:\/\/thequeenhouse.co.uk\/lt\/wp-json\/wp\/v2\/product\/12387","targetHints":{"allow":["GET"]}}],"collection":[{"href":"https:\/\/thequeenhouse.co.uk\/lt\/wp-json\/wp\/v2\/product"}],"about":[{"href":"https:\/\/thequeenhouse.co.uk\/lt\/wp-json\/wp\/v2\/types\/product"}],"replies":[{"embeddable":true,"href":"https:\/\/thequeenhouse.co.uk\/lt\/wp-json\/wp\/v2\/comments?post=12387"}],"wp:featuredmedia":[{"embeddable":true,"href":"https:\/\/thequeenhouse.co.uk\/lt\/wp-json\/wp\/v2\/media\/12391"}],"wp:attachment":[{"href":"https:\/\/thequeenhouse.co.uk\/lt\/wp-json\/wp\/v2\/media?parent=12387"}],"wp:term":[{"taxonomy":"product_brand","embeddable":true,"href":"https:\/\/thequeenhouse.co.uk\/lt\/wp-json\/wp\/v2\/product_brand?post=12387"},{"taxonomy":"product_cat","embeddable":true,"href":"https:\/\/thequeenhouse.co.uk\/lt\/wp-json\/wp\/v2\/product_cat?post=12387"},{"taxonomy":"product_tag","embeddable":true,"href":"https:\/\/thequeenhouse.co.uk\/lt\/wp-json\/wp\/v2\/product_tag?post=12387"}],"curies":[{"name":"wp","href":"https:\/\/api.w.org\/{rel}","templated":true}]}}