{"id":13345,"date":"2024-12-06T11:40:18","date_gmt":"2024-12-06T10:40:18","guid":{"rendered":"https:\/\/thequeenhouse.co.uk\/?post_type=product&#038;p=13345"},"modified":"2026-01-10T12:51:48","modified_gmt":"2026-01-10T11:51:48","slug":"vitality-liposomu-technologijos-facial-masks-with-squeeze-cactus-extract-10x20ml-copy","status":"publish","type":"product","link":"https:\/\/thequeenhouse.co.uk\/lt\/produktas\/vitality-liposomu-technologijos-facial-masks-with-squeeze-cactus-extract-10x20ml-copy\/","title":{"rendered":"CARRA C3 Remineralizuojanti Dant\u0173 Pasta"},"content":{"rendered":"<p><strong>CARRA C3 &#8211; ypa\u010d gaivi ir remineralizuojanti dant\u0173 pasta<\/strong>\u00a0su harmoningai deran\u010diomis aktyviomis med\u017eiagomis &#8211; net 25 % ksilitolio, 1450 ppm natrio fluorido ir dant\u0173 emalio mineralo &#8211; hidroksiapatito &#8211; suteiks apsaug\u0105 nuo \u0117duonies, ma\u017eins apna\u0161\u0173 susidarym\u0105 ant dant\u0173 ir suteiks ypa\u010d gaiv\u0173 burnos kvap\u0105.<\/p>\n<p><strong>Dant\u0173 pastoje n\u0117ra papildom\u0173 \u0161alutini\u0173 med\u017eiag\u0173<\/strong>, galin\u010di\u0173 tur\u0117ti neigiam\u0105 poveik\u012f, kaip SLS, alkoholio, paraben\u0173, titano dioksido. Neturi gliuteno ir tinkama veganams. D\u0117l nedidelio abrazyvumo, RDA 60, tinka \u017emon\u0117ms su estetiniu plombavimu.<\/p>\n<p><strong>Sud\u0117tyje yra natrio fluorido.<\/strong>\u00a06 met\u0173 ir jaunesniems: naudokite \u017eirnio dyd\u017eio kiek\u012f su suaugusi\u0173j\u0173 prie\u017ei\u016bra, kad suma\u017eintum\u0117te pastos nurijim\u0105. Jei vartojate fluor\u0105 i\u0161 kit\u0173 produkt\u0173, tuomet prie\u0161 pastos vartojim\u0105 pasikonsultuokite su odontologu arba gydytoju.<\/p>\n<p><strong>Naudojimas:<\/strong><\/p>\n<ol>\n<li>Sudr\u0117kinkite dant\u0173 \u0161epet\u0117l\u012f \u0161iltu vandeniu.<\/li>\n<li>Ant \u0161epet\u0117lio u\u017etepkite nedidel\u012f kiek\u012f dant\u0173 pastos.<\/li>\n<li>\u0160velniai, sukamaisiais judesiais valykite dantis ma\u017eiausiai 2 minutes.<\/li>\n<li>I\u0161sivalius dantis vandeniu skalauti neb\u016btina.<\/li>\n<li>Naudokite ryte ir vakare.<\/li>\n<\/ol>\n<p><strong>Dant\u0173 pasta tinka r\u016bkaliams, naikina nemalon\u0173 kvap\u0105. Pastos t\u016bris yra 75 ml.<\/strong><\/p>\n<p>&nbsp;<\/p>\n<p><strong>Sud\u0117tis:<\/strong><\/p>\n<p>Ksilitolis, glicerinas, vanduo, hidratuotas silicio dioksidas, laurilo gliukozidas, aromatas, hidroksiapatitas, ksantano derva, kalcio karbonatas, kalcio glicerofosfatas, natrio fluoridas, natrio sacharinas, natrio benzoatas, kalio sorbatas, mentolis, menta piperita aliejus, CI 42090, CI 19140, CI 16255.<\/p>\n","protected":false},"excerpt":{"rendered":"<p><strong>CARRA C3 &#8211; ypa\u010d gaivi ir remineralizuojanti dant\u0173 pasta<\/strong>\u00a0su harmoningai deran\u010diomis aktyviomis med\u017eiagomis &#8211; net 25 % ksilitolio, 1450 ppm natrio fluorido ir dant\u0173 emalio mineralo &#8211; hidroksiapatito &#8211; suteiks apsaug\u0105 nuo \u0117duonies, ma\u017eins apna\u0161\u0173 susidarym\u0105 ant dant\u0173 ir suteiks ypa\u010d gaiv\u0173 burnos kvap\u0105.<\/p>\n<p>&nbsp;<\/p>\n<p>&nbsp;<\/p>\n","protected":false},"featured_media":13347,"comment_status":"open","ping_status":"closed","template":"","meta":[],"product_brand":[],"product_cat":[308],"product_tag":[],"class_list":{"0":"post-13345","1":"product","2":"type-product","3":"status-publish","4":"has-post-thumbnail","6":"product_cat-sveiki-dantys","8":"first","9":"outofstock","10":"taxable","11":"shipping-taxable","12":"purchasable","13":"product-type-simple"},"_links":{"self":[{"href":"https:\/\/thequeenhouse.co.uk\/lt\/wp-json\/wp\/v2\/product\/13345","targetHints":{"allow":["GET"]}}],"collection":[{"href":"https:\/\/thequeenhouse.co.uk\/lt\/wp-json\/wp\/v2\/product"}],"about":[{"href":"https:\/\/thequeenhouse.co.uk\/lt\/wp-json\/wp\/v2\/types\/product"}],"replies":[{"embeddable":true,"href":"https:\/\/thequeenhouse.co.uk\/lt\/wp-json\/wp\/v2\/comments?post=13345"}],"wp:featuredmedia":[{"embeddable":true,"href":"https:\/\/thequeenhouse.co.uk\/lt\/wp-json\/wp\/v2\/media\/13347"}],"wp:attachment":[{"href":"https:\/\/thequeenhouse.co.uk\/lt\/wp-json\/wp\/v2\/media?parent=13345"}],"wp:term":[{"taxonomy":"product_brand","embeddable":true,"href":"https:\/\/thequeenhouse.co.uk\/lt\/wp-json\/wp\/v2\/product_brand?post=13345"},{"taxonomy":"product_cat","embeddable":true,"href":"https:\/\/thequeenhouse.co.uk\/lt\/wp-json\/wp\/v2\/product_cat?post=13345"},{"taxonomy":"product_tag","embeddable":true,"href":"https:\/\/thequeenhouse.co.uk\/lt\/wp-json\/wp\/v2\/product_tag?post=13345"}],"curies":[{"name":"wp","href":"https:\/\/api.w.org\/{rel}","templated":true}]}}