{"id":13355,"date":"2024-12-06T12:03:55","date_gmt":"2024-12-06T11:03:55","guid":{"rendered":"https:\/\/thequeenhouse.co.uk\/?post_type=product&#038;p=13355"},"modified":"2025-01-29T22:25:13","modified_gmt":"2025-01-29T21:25:13","slug":"vitality-liposomu-technologijos-facial-masks-with-squeeze-cactus-extract-10x20ml-copy-2","status":"publish","type":"product","link":"https:\/\/thequeenhouse.co.uk\/lt\/produktas\/vitality-liposomu-technologijos-facial-masks-with-squeeze-cactus-extract-10x20ml-copy-2\/","title":{"rendered":"SLA PARIS Modeliuojan\u010di\u0173 Pudr\u0173 Palet\u0117, 2x6g"},"content":{"rendered":"<p><a href=\"https:\/\/shopbysiegel.com\/prekiu-zenklai\/sla\/\" target=\"_blank\" rel=\"noopener\">SLA Paris<\/a>\u00a0Modeliuojan\u010di\u0173 pudr\u0173 palet\u0117 2x6g<\/p>\n<p>Naudojimas: Nor\u0117dami pagilinti arba suma\u017einti tam tikras veido vietas naudokite tamsi\u0105 spalv\u0105, \u0161viesi spalva i\u0161kelia, padidina. Nor\u0117dami tiksli\u0173 , stukturizuot\u0173 judesi\u0173 naudokite \u0161epet\u0117l\u012f SLA Nr. 26.<\/p>\n<p>Sud\u0117tyje yra silikono, kuris mink\u0161tina ir palieka aksomin\u0119 pl\u0117vel\u0119 ant odos. Taip pat yra talkas, kuris absorbuoja ir suteikia matin\u012f efekt\u0105.<\/p>\n<p>SLA Paris\u00a0<a href=\"https:\/\/www.instagram.com\/p\/CU-EyZbIjmP\/\" target=\"_blank\" rel=\"noopener\">Modeliuojan\u010di\u0173 pudr\u0173 palet\u0117<\/a>\u00a0\u2013 N\u0116RA FENOKSITENOLIO, N\u0116RA PEG, NETESTUOTA SU GYV\u016aNAIS.<\/p>\n<p><strong>SLA Paris<\/strong>\u00a0yra pranc\u016bz\u0173 k\u016br\u0117jo ir vizionieriaus Serge Louis Alvarez prek\u0117s \u017eenklas. Jis nuolat diegia naujoves ir tobulina makia\u017eo pasaul\u012f i\u0161 savo ekologi\u0161kos laboratorijos ir gamyklos Piet\u0173 Pranc\u016bzijoje. Kiekvienas sukurtas produktas \u2013 novatori\u0161kas ir unikalus, o kuriamas makia\u017eo asortimentas \u2013 nat\u016bralus, kuriame n\u0117ra fenoksietanolio. \u0160ios priemon\u0117s niekada n\u0117ra i\u0161bandomos su gyv\u016bnais!<\/p>\n","protected":false},"excerpt":{"rendered":"<p>SLA Paris yra pranc\u016bz\u0173 k\u016br\u0117jo ir vizionieriaus Serge Louis Alvarez prek\u0117s \u017eenklas. Jis nuolat diegia naujoves ir tobulina makia\u017eo pasaul\u012f i\u0161 savo ekologi\u0161kos laboratorijos ir gamyklos Piet\u0173 Pranc\u016bzijoje. Kiekvienas sukurtas produktas \u2013 novatori\u0161kas ir unikalus, o kuriamas makia\u017eo asortimentas \u2013 nat\u016bralus, kuriame n\u0117ra fenoksietanolio. \u0160ios priemon\u0117s niekada n\u0117ra i\u0161bandomos su gyv\u016bnais!<\/p>\n<p>&nbsp;<\/p>\n","protected":false},"featured_media":13357,"comment_status":"open","ping_status":"closed","template":"","meta":[],"product_brand":[],"product_cat":[312,43],"product_tag":[],"class_list":{"0":"post-13355","1":"product","2":"type-product","3":"status-publish","4":"has-post-thumbnail","6":"product_cat-dekoratyvine-kosmetika","7":"product_cat-grozis","9":"first","10":"outofstock","11":"taxable","12":"shipping-taxable","13":"purchasable","14":"product-type-simple"},"_links":{"self":[{"href":"https:\/\/thequeenhouse.co.uk\/lt\/wp-json\/wp\/v2\/product\/13355","targetHints":{"allow":["GET"]}}],"collection":[{"href":"https:\/\/thequeenhouse.co.uk\/lt\/wp-json\/wp\/v2\/product"}],"about":[{"href":"https:\/\/thequeenhouse.co.uk\/lt\/wp-json\/wp\/v2\/types\/product"}],"replies":[{"embeddable":true,"href":"https:\/\/thequeenhouse.co.uk\/lt\/wp-json\/wp\/v2\/comments?post=13355"}],"wp:featuredmedia":[{"embeddable":true,"href":"https:\/\/thequeenhouse.co.uk\/lt\/wp-json\/wp\/v2\/media\/13357"}],"wp:attachment":[{"href":"https:\/\/thequeenhouse.co.uk\/lt\/wp-json\/wp\/v2\/media?parent=13355"}],"wp:term":[{"taxonomy":"product_brand","embeddable":true,"href":"https:\/\/thequeenhouse.co.uk\/lt\/wp-json\/wp\/v2\/product_brand?post=13355"},{"taxonomy":"product_cat","embeddable":true,"href":"https:\/\/thequeenhouse.co.uk\/lt\/wp-json\/wp\/v2\/product_cat?post=13355"},{"taxonomy":"product_tag","embeddable":true,"href":"https:\/\/thequeenhouse.co.uk\/lt\/wp-json\/wp\/v2\/product_tag?post=13355"}],"curies":[{"name":"wp","href":"https:\/\/api.w.org\/{rel}","templated":true}]}}