{"id":13362,"date":"2024-12-06T12:19:15","date_gmt":"2024-12-06T11:19:15","guid":{"rendered":"https:\/\/thequeenhouse.co.uk\/?post_type=product&#038;p=13362"},"modified":"2025-01-29T22:19:08","modified_gmt":"2025-01-29T21:19:08","slug":"sla-paris-modeliuojanciu-pudru-palete-2x6g-copy","status":"publish","type":"product","link":"https:\/\/thequeenhouse.co.uk\/lt\/produktas\/sla-paris-modeliuojanciu-pudru-palete-2x6g-copy\/","title":{"rendered":"SLA PARIS Biri Pudra su Hialurono R\u016bg\u0161timi 10g"},"content":{"rendered":"<p><strong>SLA Paris<\/strong> biri pudra su hialurono r\u016bg\u0161timi \u2013 tai nauja ir novatori\u0161ka formul\u0117, kurios sud\u0117tyje yra daugiau nei 25% gryno vandens, praturtinta hialurono r\u016bg\u0161timi, suteikia j\u016bs\u0173 odai gaivumo ir absoliutaus jaukumo poj\u016bt\u012f.<\/p>\n<p>Savo turtingos sud\u0117ties d\u0117ka, suteikia odai nat\u016bral\u0173 matin\u012f efekt\u0105, bet visi\u0161kai jos nesausina, padeda palaikyti nat\u016bral\u0173 odos dr\u0117gm\u0117s lyg\u012f, u\u017epildo smulkius odos nelygumus, j\u016bs\u0173 oda jausis ne tik jaukiai, \u0161velniai, bet ir atrodys lygi ir spindinti.<\/p>\n<p>Tinka vis\u0173 tip\u0173 odai, net ir sausai ar brand\u017eiai odai!<\/p>\n<p><strong>Kuo dar ypatinga SLA Paris biri pudra su hialurono r\u016bg\u0161timi ?<\/strong><\/p>\n<ul>\n<li>Tinka visiems odos atspalviams;<\/li>\n<li>Padeda ilgiau is\u030claikyti dre\u0307gme\u0328 veido odoje;<\/li>\n<li>Oda atrodo aksomine\u0307;<\/li>\n<li>Sulygina is\u030csiple\u0307tusias poras;<\/li>\n<li>Bedengiant jausites lyg teptume\u0307t s\u030clapia\u0328 produkt\u0105;<\/li>\n<li>Sude\u0307tyje yra HIALURONO, kuris uz\u030cpildo visus nelygumus;<\/li>\n<li>Taip pat, daugiau negu 20% VANDENS, pudra drekina veido oda\u0328 visa\u0328 diena\u0328, tac\u030ciau tuo pac\u030ciu metu suteikia matini\u0328 efekta\u0328;<\/li>\n<li>Tinka tiek sausai, tiek riebesnei odai.<\/li>\n<\/ul>\n<p>Tur\u0117kite visada su savimi nauj\u0105 \u0161velni\u0105 biri\u0105 pudr\u0105 su hialurono r\u016bg\u0161timi, kuri nesausina, o palaiko nat\u016bral\u0173 dr\u0117gm\u0117s lyg\u012f odoje ir suteikia lygi\u0105, spindin\u010di\u0105 i\u0161vaizd\u0105.<\/p>\n<p><a href=\"https:\/\/shopbysiegel.com\/prekiu-zenklai\/sla\/\" target=\"_blank\" rel=\"noopener\">SLA Paris<\/a>\u00a0yra pranc\u016bz\u0173 k\u016br\u0117jo ir vizionieriaus Serge Louis Alvarez prek\u0117s \u017eenklas. Jis nuolat diegia naujoves ir tobulina makia\u017eo pasaul\u012f i\u0161 savo ekologi\u0161kos laboratorijos ir gamyklos Piet\u0173 Pranc\u016bzijoje. Kiekvienas sukurtas produktas \u2013 novatori\u0161kas ir unikalus, o kuriamas makia\u017eo asortimentas \u2013 nat\u016bralus, kuriame n\u0117ra fenoksietanolio. \u0160ios priemon\u0117s niekada n\u0117ra i\u0161bandomos su gyv\u016bnais!<\/p>\n<p><strong>2013 m. SLA Paris buvo apdovanota \u201ePrix H.Pierantoni de L\u2019Innovation<\/strong>\u201c u\u017e i\u0161skirtin\u0119 sukurt\u0105 mikronizacijos sistem\u0105, kurios d\u0117ka pudros milteliai dabar yra 10 kart\u0173 smulkesni nei bet kurie kiti milteliai, o pigmentacijos lygis \u2013 auk\u0161tas, siekiantis net 50 \u2013 60 %.<\/p>\n<p>I\u0161bandykite ir tai neabejotinai taps J\u016bs\u0173 m\u0117gstamiausia, \u201cmust \u2013 have\u201d makia\u017eo priemone!<\/p>\n","protected":false},"excerpt":{"rendered":"<p><strong>SLA Paris<\/strong> biri pudra su hialurono r\u016bg\u0161timi \u2013 tai nauja ir novatori\u0161ka formul\u0117, kurios sud\u0117tyje yra daugiau nei 25% gryno vandens, praturtinta hialurono r\u016bg\u0161timi, suteikia j\u016bs\u0173 odai gaivumo ir absoliutaus jaukumo poj\u016bt\u012f.<\/p>\n<p>Savo turtingos sud\u0117ties d\u0117ka, suteikia odai nat\u016bral\u0173 matin\u012f efekt\u0105, bet visi\u0161kai jos nesausina, padeda palaikyti nat\u016bral\u0173 odos dr\u0117gm\u0117s lyg\u012f, u\u017epildo smulkius odos nelygumus, j\u016bs\u0173 oda jausis ne tik jaukiai, \u0161velniai, bet ir atrodys lygi ir spindinti.<\/p>\n<p>Tinka vis\u0173 tip\u0173 odai, net ir sausai ar brand\u017eiai odai!<\/p>\n<p>&nbsp;<\/p>\n<p>&nbsp;<\/p>\n","protected":false},"featured_media":13366,"comment_status":"open","ping_status":"closed","template":"","meta":[],"product_brand":[],"product_cat":[312,43],"product_tag":[],"class_list":{"0":"post-13362","1":"product","2":"type-product","3":"status-publish","4":"has-post-thumbnail","6":"product_cat-dekoratyvine-kosmetika","7":"product_cat-grozis","9":"first","10":"instock","11":"taxable","12":"shipping-taxable","13":"purchasable","14":"product-type-simple"},"_links":{"self":[{"href":"https:\/\/thequeenhouse.co.uk\/lt\/wp-json\/wp\/v2\/product\/13362","targetHints":{"allow":["GET"]}}],"collection":[{"href":"https:\/\/thequeenhouse.co.uk\/lt\/wp-json\/wp\/v2\/product"}],"about":[{"href":"https:\/\/thequeenhouse.co.uk\/lt\/wp-json\/wp\/v2\/types\/product"}],"replies":[{"embeddable":true,"href":"https:\/\/thequeenhouse.co.uk\/lt\/wp-json\/wp\/v2\/comments?post=13362"}],"wp:featuredmedia":[{"embeddable":true,"href":"https:\/\/thequeenhouse.co.uk\/lt\/wp-json\/wp\/v2\/media\/13366"}],"wp:attachment":[{"href":"https:\/\/thequeenhouse.co.uk\/lt\/wp-json\/wp\/v2\/media?parent=13362"}],"wp:term":[{"taxonomy":"product_brand","embeddable":true,"href":"https:\/\/thequeenhouse.co.uk\/lt\/wp-json\/wp\/v2\/product_brand?post=13362"},{"taxonomy":"product_cat","embeddable":true,"href":"https:\/\/thequeenhouse.co.uk\/lt\/wp-json\/wp\/v2\/product_cat?post=13362"},{"taxonomy":"product_tag","embeddable":true,"href":"https:\/\/thequeenhouse.co.uk\/lt\/wp-json\/wp\/v2\/product_tag?post=13362"}],"curies":[{"name":"wp","href":"https:\/\/api.w.org\/{rel}","templated":true}]}}