{"id":13376,"date":"2024-12-06T12:35:48","date_gmt":"2024-12-06T11:35:48","guid":{"rendered":"https:\/\/thequeenhouse.co.uk\/?post_type=product&#038;p=13376"},"modified":"2025-02-28T18:56:24","modified_gmt":"2025-02-28T17:56:24","slug":"vitality-liposomu-technologijos-facial-masks-with-squeeze-cactus-extract-10x20ml-copy-3","status":"publish","type":"product","link":"https:\/\/thequeenhouse.co.uk\/lt\/produktas\/vitality-liposomu-technologijos-facial-masks-with-squeeze-cactus-extract-10x20ml-copy-3\/","title":{"rendered":"NUMEE Kremas Veidui su Niacinamidu &#8211; GAME ON PAUSE SKIN PERFECTING, 50ml"},"content":{"rendered":"<p>NUMEE kremas su niacinamidu GAME ON PAUSE SKIN PERFECTING \u2013 \u017ealioji alternatyva retinoliui. Sud\u0117tyje yra antioksidant\u0173, vitamino B3 (niacinamido) ir bakuchiolio. Kremas padeda skatinti kolageno gamyb\u0105, suma\u017eina smulki\u0173 rauk\u0161li\u0173 atsiradim\u0105 ir apsaugo nuo miesto ter\u0161al\u0173. Oda atrodo lygesn\u0117, stangresn\u0117 ir labiau spindinti.<\/p>\n<p><strong>Niacinamidas. Vitaminas B3 (3 %):<\/strong>\u00a0viena \u017einomiausi\u0173 aktyvi\u0173j\u0173 med\u017eiag\u0173, turin\u010di\u0173 daug naudos. Atkuria netolyg\u0173 odos atspalv\u012f ir suma\u017eina spalvos pasikeitim\u0105. Suma\u017eina rauk\u0161li\u0173 atsiradim\u0105. Pagerina odos elastingum\u0105. Padeda apsisaugoti nuo miesto ter\u0161al\u0173 \u017ealos. Stimuliuoja kolageno sintez\u0119. Stiprina odos barjer\u0105.<br \/>\n<strong>Baku\u010diolis. Nat\u016brali alternatyva retinoliui (0,5%):<\/strong>\u00a0toks pat veiksmingas kaip retinolis, tik neturintis joki\u0173 su juo susijusi\u0173 neigiam\u0173 savybi\u0173. Padeda i\u0161laikyti odos lipid\u0173 vientisum\u0105. Stimuliuoja kolageno sintez\u0119.<br \/>\n<strong>Tamarindus Indica s\u0117klos (0,5%):<\/strong>\u00a0nat\u016bralus dr\u0117kinamasis polisacharidas, gerinantis odos dr\u0117kinim\u0105, elastingum\u0105 ir stangrum\u0105.<br \/>\n<strong>Neossance\u00ae Skvalanas tvariai gaunamas i\u0161 cukranendri\u0173 (2%):<\/strong>\u00a0dr\u0117kina od\u0105, tod\u0117l oda tampa lygi ir elastinga.<br \/>\n<strong>Taukmed\u017eio sviestas (1,70%):<\/strong>\u00a0dr\u0117kina, mink\u0161tina ir maitina od\u0105.<\/p>\n<p><strong>Naudojimas:<\/strong><br \/>\nTepkite ant k\u0105 tik nuvalytos veido odos ryte ir (arba) vakare.<\/p>\n<p>NUMEE kremas su niacinamidu GAME ON PAUSE SKIN PERFECTING tinka veganams.<br \/>\n95% ingredient\u0173 yra nat\u016bralios kilm\u0117s.<\/p>\n<p><a href=\"https:\/\/shopbysiegel.com\/prekiu-zenklai\/numee\/\" target=\"_blank\" rel=\"noopener\"><strong>Numee<\/strong><\/a>\u00a0prek\u0117s \u017eenklas buvo sukurtas po daugiau nei 20 met\u0173 paie\u0161k\u0173 ir k\u016brimo proceso. Svarbiausia produkt\u0173 filosofijoje yra saugumas, efektyvumas ir inovatyvumas bei prieinama kaina. J\u0173 tikslas \u2013 nat\u016bralus ir \u201e\u0161velnus\u201c gro\u017eis, kuris i\u0161 tikr\u0173j\u0173 veikia. Si\u016blo odos prie\u017ei\u016bros sprendimus, kurie yra malon\u016bs tiek J\u016bs\u0173 odai, tiek planetai, kurioje gyvename. Tai produktai, kuriuos i\u0161 ties\u0173 smagu naudoti!<\/p>\n<p><strong>INGRIDIENTS:<\/strong>\u00a0Aqua, Glycerin, Glyceryl Stearate, Niacinamide, Propanediol, Squalane,<br \/>\nButyrospermum Parkii Butter, Cetearyl Alcohol, Glyceryl Stearate Citrate, Sodium Acrylates Crosspolymer-2, Bakuchiol, Caprylyl Glycol, Triethyl Citrate, Tamarindus Indica Seed Polysaccharide, Benzoic Acid, Glycine Soja Oil, Parfum, Sodium Gluconate, Xanthan Gum, Sodium Hydroxide, Tocopherol, Glucose, Beta-Sitosterol, Silica, Squalene<\/p>\n","protected":false},"excerpt":{"rendered":"<p>NUMEE kremas su niacinamidu GAME ON PAUSE SKIN PERFECTING \u2013 \u017ealioji alternatyva retinoliui. Sud\u0117tyje yra antioksidant\u0173, vitamino B3 (niacinamido) ir bakuchiolio. Kremas padeda skatinti kolageno gamyb\u0105, suma\u017eina smulki\u0173 rauk\u0161li\u0173 atsiradim\u0105 ir apsaugo nuo miesto ter\u0161al\u0173. Oda atrodo lygesn\u0117, stangresn\u0117 ir labiau spindinti.<\/p>\n<p><strong>Niacinamidas. Vitaminas B3 (3 %):<\/strong>\u00a0viena \u017einomiausi\u0173 aktyvi\u0173j\u0173 med\u017eiag\u0173, turin\u010di\u0173 daug naudos. Atkuria netolyg\u0173 odos atspalv\u012f ir suma\u017eina spalvos pasikeitim\u0105. Suma\u017eina rauk\u0161li\u0173 atsiradim\u0105. Pagerina odos elastingum\u0105. Padeda apsisaugoti nuo miesto ter\u0161al\u0173 \u017ealos. Stimuliuoja kolageno sintez\u0119. Stiprina odos barjer\u0105.<br \/>\n<strong>Baku\u010diolis. Nat\u016brali alternatyva retinoliui (0,5%):<\/strong>\u00a0toks pat veiksmingas kaip retinolis, tik neturintis joki\u0173 su juo susijusi\u0173 neigiam\u0173 savybi\u0173. Padeda i\u0161laikyti odos lipid\u0173 vientisum\u0105. Stimuliuoja kolageno sintez\u0119.<br \/>\n<strong>Tamarindus Indica s\u0117klos (0,5%):<\/strong>\u00a0nat\u016bralus dr\u0117kinamasis polisacharidas, gerinantis odos dr\u0117kinim\u0105, elastingum\u0105 ir stangrum\u0105.<br \/>\n<strong>Neossance\u00ae Skvalanas tvariai gaunamas i\u0161 cukranendri\u0173 (2%):<\/strong>\u00a0dr\u0117kina od\u0105, tod\u0117l oda tampa lygi ir elastinga.<br \/>\n<strong>Taukmed\u017eio sviestas (1,70%):<\/strong>\u00a0dr\u0117kina, mink\u0161tina ir maitina od\u0105.<\/p>\n<p>&nbsp;<\/p>\n<p>&nbsp;<\/p>\n","protected":false},"featured_media":13369,"comment_status":"open","ping_status":"closed","template":"","meta":[],"product_brand":[],"product_cat":[43,212],"product_tag":[],"class_list":{"0":"post-13376","1":"product","2":"type-product","3":"status-publish","4":"has-post-thumbnail","6":"product_cat-grozis","7":"product_cat-veido-prieziuros-priemones","9":"first","10":"outofstock","11":"taxable","12":"shipping-taxable","13":"purchasable","14":"product-type-simple"},"_links":{"self":[{"href":"https:\/\/thequeenhouse.co.uk\/lt\/wp-json\/wp\/v2\/product\/13376","targetHints":{"allow":["GET"]}}],"collection":[{"href":"https:\/\/thequeenhouse.co.uk\/lt\/wp-json\/wp\/v2\/product"}],"about":[{"href":"https:\/\/thequeenhouse.co.uk\/lt\/wp-json\/wp\/v2\/types\/product"}],"replies":[{"embeddable":true,"href":"https:\/\/thequeenhouse.co.uk\/lt\/wp-json\/wp\/v2\/comments?post=13376"}],"wp:featuredmedia":[{"embeddable":true,"href":"https:\/\/thequeenhouse.co.uk\/lt\/wp-json\/wp\/v2\/media\/13369"}],"wp:attachment":[{"href":"https:\/\/thequeenhouse.co.uk\/lt\/wp-json\/wp\/v2\/media?parent=13376"}],"wp:term":[{"taxonomy":"product_brand","embeddable":true,"href":"https:\/\/thequeenhouse.co.uk\/lt\/wp-json\/wp\/v2\/product_brand?post=13376"},{"taxonomy":"product_cat","embeddable":true,"href":"https:\/\/thequeenhouse.co.uk\/lt\/wp-json\/wp\/v2\/product_cat?post=13376"},{"taxonomy":"product_tag","embeddable":true,"href":"https:\/\/thequeenhouse.co.uk\/lt\/wp-json\/wp\/v2\/product_tag?post=13376"}],"curies":[{"name":"wp","href":"https:\/\/api.w.org\/{rel}","templated":true}]}}