{"id":13389,"date":"2024-12-06T16:15:09","date_gmt":"2024-12-06T15:15:09","guid":{"rendered":"https:\/\/thequeenhouse.co.uk\/?post_type=product&#038;p=13389"},"modified":"2025-01-29T22:06:03","modified_gmt":"2025-01-29T21:06:03","slug":"numee-intensyvaus-drekinimo-serumas-su-hialuronu-drops-of-benefits-hydro-boost-b5-ha-30ml-copy","status":"publish","type":"product","link":"https:\/\/thequeenhouse.co.uk\/lt\/produktas\/numee-intensyvaus-drekinimo-serumas-su-hialuronu-drops-of-benefits-hydro-boost-b5-ha-30ml-copy\/","title":{"rendered":"MYHAIRVITAMINS &#8211; Blakstien\u0173 Augim\u0105 Skatinantis Serumas &#8211; VITAMIN INFUSED EYELASH GROWTH SERUM"},"content":{"rendered":"<div class=\"flex-1 overflow-hidden\">\n<div class=\"h-full\">\n<div class=\"react-scroll-to-bottom--css-yasir-79elbk h-full\">\n<div class=\"react-scroll-to-bottom--css-yasir-1n7m0yu\">\n<div class=\"flex flex-col text-sm md:pb-9\">\n<article class=\"w-full scroll-mb-[var(--thread-trailing-height,150px)] text-token-text-primary focus-visible:outline-2 focus-visible:outline-offset-[-4px]\" dir=\"auto\" data-testid=\"conversation-turn-119\" data-scroll-anchor=\"true\">\n<div class=\"m-auto text-base py-[18px] px-3 md:px-4 w-full md:px-5 lg:px-4 xl:px-5\">\n<div class=\"mx-auto flex flex-1 gap-4 text-base md:gap-5 lg:gap-6 md:max-w-3xl lg:max-w-[40rem] xl:max-w-[48rem]\">\n<div class=\"group\/conversation-turn relative flex w-full min-w-0 flex-col agent-turn\">\n<div class=\"flex-col gap-1 md:gap-3\">\n<div class=\"flex max-w-full flex-col flex-grow\">\n<div class=\"min-h-8 text-message flex w-full flex-col items-end gap-2 whitespace-normal break-words text-start [.text-message+&amp;]:mt-5\" dir=\"auto\" data-message-author-role=\"assistant\" data-message-id=\"762daf3e-53bd-437c-873b-5f661bb57c5c\" data-message-model-slug=\"gpt-4o\">\n<div class=\"flex w-full flex-col gap-1 empty:hidden first:pt-[3px]\">\n<div class=\"markdown prose w-full break-words dark:prose-invert light\">\n<h3>Pagrindiniai privalumai:<\/h3>\n<ul>\n<li><strong>Ilgesn\u0117s ir tankesn\u0117s blakstienos<\/strong>: Skatina pastebimai ilgesni\u0173 ir tankesni\u0173 blakstien\u0173 augim\u0105.<\/li>\n<li><strong>Pagerinta i\u0161vaizda<\/strong>: Stiprina blakstienas, suteikdamas joms sveikumo ir gyvybingumo.<\/li>\n<li><strong>Vitamin\u0173 kompleksas<\/strong>: Maitina ir stiprina blakstienas nuo \u0161akn\u0173 iki galiuk\u0173.<\/li>\n<li><strong>\u0160velnus ir efektyvus<\/strong>: Tinkamas naudoti kasdien, laikantis rekomendacij\u0173.<\/li>\n<\/ul>\n<h3>Naudojimo instrukcija:<\/h3>\n<p>Nor\u0117dami pasiekti geriausi\u0173 rezultat\u0173 ir i\u0161vengti galimo dirginimo:<\/p>\n<ol>\n<li>U\u017etikrinkite, kad akys ir blakstienos b\u016bt\u0173 \u0161varios, be makia\u017eo ar riebal\u0173.<\/li>\n<li>Naudodami aplikatori\u0173, plonu sluoksniu tepkite serum\u0105 palei vir\u0161utini\u0173 blakstien\u0173 linij\u0105, kaip tepant skyst\u0105 aki\u0173 pravedim\u0105.<\/li>\n<li>Naudokite kart\u0105 per dien\u0105, geriausia vakare.<\/li>\n<li>Venkite tiesioginio kontakto su akimis. Jei atsiranda dirginimas, nutraukite naudojim\u0105 ir pasitarkite su specialistu.<\/li>\n<\/ol>\n<h3>Rezultatai, kuriais d\u017eiaugsit\u0117s:<\/h3>\n<p>Naudojant reguliariai ir tinkamai, gal\u0117site d\u017eiaugtis blakstienomis, kurios yra:<\/p>\n<ul>\n<li><strong>Ilgesn\u0117s<\/strong>: Nat\u016bralus augimas, suteikiantis akivaizd\u0173 ilg\u012f.<\/li>\n<li><strong>Tankesn\u0117s<\/strong>: Pilnesn\u0117s ir i\u0161rai\u0161kingesn\u0117s blakstienos.<\/li>\n<li><strong>Sveikesn\u0117s<\/strong>: Stiprintos ir maitinamos nuo \u0161akn\u0173 iki galiuk\u0173.<\/li>\n<\/ul>\n<p>Pabr\u0117\u017ekite savo nat\u016bral\u0173 gro\u017e\u012f su <strong>MYHAIRVITAMINS Blakstien\u0173 Augim\u0105 Skatinan\u010diu Serumu<\/strong> ir m\u0117gaukit\u0117s \u017eavingomis blakstienomis, kuriomis did\u017eiuosit\u0117s!<\/p>\n<\/div>\n<\/div>\n<\/div>\n<\/div>\n<div class=\"mb-2 flex gap-3 empty:hidden -ml-2\">\n<div class=\"items-center justify-start rounded-xl p-1 flex\">\n<div class=\"flex items-center\">\n<p>&nbsp;<\/p>\n<div class=\"flex\"><\/div>\n<\/div>\n<\/div>\n<\/div>\n<\/div>\n<\/div>\n<\/div>\n<\/div>\n<\/article>\n<\/div>\n<\/div>\n<\/div>\n<\/div>\n<\/div>\n","protected":false},"excerpt":{"rendered":"<div class=\"flex-1 overflow-hidden\">\n<div class=\"h-full\">\n<div class=\"react-scroll-to-bottom--css-yasir-79elbk h-full\">\n<div class=\"react-scroll-to-bottom--css-yasir-1n7m0yu\">\n<div class=\"flex flex-col text-sm md:pb-9\">\n<article class=\"w-full scroll-mb-[var(--thread-trailing-height,150px)] text-token-text-primary focus-visible:outline-2 focus-visible:outline-offset-[-4px]\" dir=\"auto\" data-testid=\"conversation-turn-119\" data-scroll-anchor=\"true\">\n<div class=\"m-auto text-base py-[18px] px-3 md:px-4 w-full md:px-5 lg:px-4 xl:px-5\">\n<div class=\"mx-auto flex flex-1 gap-4 text-base md:gap-5 lg:gap-6 md:max-w-3xl lg:max-w-[40rem] xl:max-w-[48rem]\">\n<div class=\"group\/conversation-turn relative flex w-full min-w-0 flex-col agent-turn\">\n<div class=\"flex-col gap-1 md:gap-3\">\n<div class=\"flex max-w-full flex-col flex-grow\">\n<div class=\"min-h-8 text-message flex w-full flex-col items-end gap-2 whitespace-normal break-words text-start [.text-message+&amp;]:mt-5\" dir=\"auto\" data-message-author-role=\"assistant\" data-message-id=\"762daf3e-53bd-437c-873b-5f661bb57c5c\" data-message-model-slug=\"gpt-4o\">\n<div class=\"flex w-full flex-col gap-1 empty:hidden first:pt-[3px]\">\n<div class=\"markdown prose w-full break-words dark:prose-invert light\">\n<p><strong>MYHAIRVITAMINS Vitamin\u0173 Pagrindu Sukurtas Blakstien\u0173 Augim\u0105 Skatinantis Serumas<\/strong><\/p>\n<p>Pasiekite ilgesnes, tankesnes ir sveikesnes blakstienas su <strong>MYHAIRVITAMINS Vitamin\u0173 Pagrindu Sukurtu Blakstien\u0173 Augim\u0105 Skatinan\u010diu Serumu<\/strong>, sukurtu pagerinti blakstien\u0173 ilg\u012f, tankum\u0105 ir bendr\u0105 i\u0161vaizd\u0105. Praturtintas vitaminais ir aktyviosiomis med\u017eiagomis, \u0161is serumas skatina nat\u016bral\u0173 blakstien\u0173 augim\u0105, padarydamas jas stipresnes ir labiau i\u0161ry\u0161kintas.<\/p>\n<\/div>\n<\/div>\n<\/div>\n<\/div>\n<\/div>\n<\/div>\n<\/div>\n<\/div>\n<\/article>\n<\/div>\n<\/div>\n<\/div>\n<\/div>\n<\/div>\n<div class=\"md:pt-0 dark:border-white\/20 md:border-transparent md:dark:border-transparent w-full\">\n<div>\n<div class=\"m-auto text-base px-3 md:px-4 w-full md:px-5 lg:px-4 xl:px-5\">\n<div class=\"mx-auto flex flex-1 gap-4 text-base md:gap-5 lg:gap-6 md:max-w-3xl lg:max-w-[40rem] xl:max-w-[48rem]\">\n<div class=\"flex justify-center\"><\/div>\n<\/div>\n<\/div>\n<\/div>\n<\/div>\n","protected":false},"featured_media":13397,"comment_status":"open","ping_status":"closed","template":"","meta":[],"product_brand":[],"product_cat":[310,43],"product_tag":[],"class_list":{"0":"post-13389","1":"product","2":"type-product","3":"status-publish","4":"has-post-thumbnail","6":"product_cat-blakstienos","7":"product_cat-grozis","9":"first","10":"instock","11":"taxable","12":"shipping-taxable","13":"purchasable","14":"product-type-simple"},"_links":{"self":[{"href":"https:\/\/thequeenhouse.co.uk\/lt\/wp-json\/wp\/v2\/product\/13389","targetHints":{"allow":["GET"]}}],"collection":[{"href":"https:\/\/thequeenhouse.co.uk\/lt\/wp-json\/wp\/v2\/product"}],"about":[{"href":"https:\/\/thequeenhouse.co.uk\/lt\/wp-json\/wp\/v2\/types\/product"}],"replies":[{"embeddable":true,"href":"https:\/\/thequeenhouse.co.uk\/lt\/wp-json\/wp\/v2\/comments?post=13389"}],"wp:featuredmedia":[{"embeddable":true,"href":"https:\/\/thequeenhouse.co.uk\/lt\/wp-json\/wp\/v2\/media\/13397"}],"wp:attachment":[{"href":"https:\/\/thequeenhouse.co.uk\/lt\/wp-json\/wp\/v2\/media?parent=13389"}],"wp:term":[{"taxonomy":"product_brand","embeddable":true,"href":"https:\/\/thequeenhouse.co.uk\/lt\/wp-json\/wp\/v2\/product_brand?post=13389"},{"taxonomy":"product_cat","embeddable":true,"href":"https:\/\/thequeenhouse.co.uk\/lt\/wp-json\/wp\/v2\/product_cat?post=13389"},{"taxonomy":"product_tag","embeddable":true,"href":"https:\/\/thequeenhouse.co.uk\/lt\/wp-json\/wp\/v2\/product_tag?post=13389"}],"curies":[{"name":"wp","href":"https:\/\/api.w.org\/{rel}","templated":true}]}}