{"id":13433,"date":"2024-12-13T12:24:17","date_gmt":"2024-12-13T11:24:17","guid":{"rendered":"https:\/\/thequeenhouse.co.uk\/?post_type=product&#038;p=13433"},"modified":"2024-12-13T12:33:47","modified_gmt":"2024-12-13T11:33:47","slug":"sla-paris-biri-pudra-su-hialurono-rugstimi-10g-copy","status":"publish","type":"product","link":"https:\/\/thequeenhouse.co.uk\/lt\/produktas\/sla-paris-biri-pudra-su-hialurono-rugstimi-10g-copy\/","title":{"rendered":"MESAUDA Milano \u2013 Perfect ,,Nude&#8221; Lips Pencil 203"},"content":{"rendered":"<p>L\u016bp\u0173 da\u017e\u0173 nub\u0117gimas yra vienas i\u0161 labiausiai varginan\u010di\u0173 dalyk\u0173 ne\u0161iojant l\u016bp\u0173 da\u017eus. To prie\u017eas\u010di\u0173 yra daug, ta\u010diau sprendimas yra vienas &#8211; naudojant ger\u0105 l\u016bp\u0173 pie\u0161tuk\u0105, pvz., &#8222;Mesauda Milano Perfect Lips&#8221;. Jis sukuria barjer\u0105, reikaling\u0105 nub\u0117gimao prevencijai.<\/p>\n<p><strong>&#8222;Mesauda Milano Perfect Lips&#8221; privalumai:<\/strong><\/p>\n<p>&#8211; Turi subalansuot\u0105 formul\u0119;<br \/>\n&#8211; Priver\u010dia l\u016bpas atrodyti putlesnes;<br \/>\n&#8211; Apsaugo nuo \u017ealing\u0173 aplinkos veiksni\u0173;<br \/>\n&#8211; U\u017etikrina slydimo tikslum\u0105;<br \/>\n&#8211; Prailgina l\u016bp\u0173 da\u017e\u0173 ilgaam\u017ei\u0161kum\u0105 nei\u0161blukus ir nei\u0161bl\u0117stant;<br \/>\n&#8211; Ergonomi\u0161kas dizainas, kad j\u012f b\u016bt\u0173 lengva naudoti;<br \/>\n&#8211; Atsparus d\u0117m\u0117ms.<\/p>\n","protected":false},"excerpt":{"rendered":"<p>L\u016bp\u0173 da\u017e\u0173 nub\u0117gimas yra vienas i\u0161 labiausiai varginan\u010di\u0173 dalyk\u0173 ne\u0161iojant l\u016bp\u0173 da\u017eus. To prie\u017eas\u010di\u0173 yra daug, ta\u010diau sprendimas yra vienas &#8211; naudojant ger\u0105 l\u016bp\u0173 pie\u0161tuk\u0105, pvz., &#8222;Mesauda Milano Perfect Lips&#8221;. Jis sukuria barjer\u0105, reikaling\u0105 nub\u0117gimao prevencijai.<\/p>\n<p><strong>&#8222;Mesauda Milano Perfect Lips&#8221; privalumai:<\/strong><\/p>\n<p>&#8211; Turi subalansuot\u0105 formul\u0119;<br \/>\n&#8211; Priver\u010dia l\u016bpas atrodyti putlesnes;<br \/>\n&#8211; Apsaugo nuo \u017ealing\u0173 aplinkos veiksni\u0173;<br \/>\n&#8211; U\u017etikrina slydimo tikslum\u0105;<br \/>\n&#8211; Prailgina l\u016bp\u0173 da\u017e\u0173 ilgaam\u017ei\u0161kum\u0105 nei\u0161blukus ir nei\u0161bl\u0117stant;<br \/>\n&#8211; Ergonomi\u0161kas dizainas, kad j\u012f b\u016bt\u0173 lengva naudoti;<br \/>\n&#8211; Atsparus d\u0117m\u0117ms.<\/p>\n","protected":false},"featured_media":13435,"comment_status":"open","ping_status":"closed","template":"","meta":[],"product_brand":[],"product_cat":[312,43],"product_tag":[],"class_list":{"0":"post-13433","1":"product","2":"type-product","3":"status-publish","4":"has-post-thumbnail","6":"product_cat-dekoratyvine-kosmetika","7":"product_cat-grozis","9":"first","10":"outofstock","11":"taxable","12":"shipping-taxable","13":"purchasable","14":"product-type-simple"},"_links":{"self":[{"href":"https:\/\/thequeenhouse.co.uk\/lt\/wp-json\/wp\/v2\/product\/13433","targetHints":{"allow":["GET"]}}],"collection":[{"href":"https:\/\/thequeenhouse.co.uk\/lt\/wp-json\/wp\/v2\/product"}],"about":[{"href":"https:\/\/thequeenhouse.co.uk\/lt\/wp-json\/wp\/v2\/types\/product"}],"replies":[{"embeddable":true,"href":"https:\/\/thequeenhouse.co.uk\/lt\/wp-json\/wp\/v2\/comments?post=13433"}],"wp:featuredmedia":[{"embeddable":true,"href":"https:\/\/thequeenhouse.co.uk\/lt\/wp-json\/wp\/v2\/media\/13435"}],"wp:attachment":[{"href":"https:\/\/thequeenhouse.co.uk\/lt\/wp-json\/wp\/v2\/media?parent=13433"}],"wp:term":[{"taxonomy":"product_brand","embeddable":true,"href":"https:\/\/thequeenhouse.co.uk\/lt\/wp-json\/wp\/v2\/product_brand?post=13433"},{"taxonomy":"product_cat","embeddable":true,"href":"https:\/\/thequeenhouse.co.uk\/lt\/wp-json\/wp\/v2\/product_cat?post=13433"},{"taxonomy":"product_tag","embeddable":true,"href":"https:\/\/thequeenhouse.co.uk\/lt\/wp-json\/wp\/v2\/product_tag?post=13433"}],"curies":[{"name":"wp","href":"https:\/\/api.w.org\/{rel}","templated":true}]}}