{"id":13437,"date":"2024-12-13T12:40:09","date_gmt":"2024-12-13T11:40:09","guid":{"rendered":"https:\/\/thequeenhouse.co.uk\/?post_type=product&#038;p=13437"},"modified":"2025-01-29T22:03:52","modified_gmt":"2025-01-29T21:03:52","slug":"vitality-liposomu-technologijos-facial-masks-with-squeeze-cactus-extract-10x20ml-copy-4","status":"publish","type":"product","link":"https:\/\/thequeenhouse.co.uk\/lt\/produktas\/vitality-liposomu-technologijos-facial-masks-with-squeeze-cactus-extract-10x20ml-copy-4\/","title":{"rendered":"Placenta &#038; Platinum &#8211; Face Masks from Japan"},"content":{"rendered":"<p><strong>Atrask Veido Odos Spindes\u012f su Placentos ir Platinos Kauk\u0117mis Tiesiai i\u0161 Japonijos<\/strong><\/p>\n<p>Pasinerkite \u012f prabang\u0105 su <strong>placentos ir platinos veido kauk\u0117mis<\/strong>, \u012fkv\u0117ptomis Japonijos gro\u017eio paslap\u010di\u0173. \u0160ios i\u0161skirtin\u0117s kauk\u0117s kruop\u0161\u010diai sukurtos tam, kad <strong>maitint\u0173, dr\u0117kint\u0173 ir atgaivint\u0173 j\u016bs\u0173 od\u0105<\/strong>, sujungiant tradicin\u0119 Japonijos gro\u017eio i\u0161mint\u012f su moderniausiomis odos prie\u017ei\u016bros technologijomis. Rezultatas? Lygesn\u0117, stangresn\u0117 ir nat\u016braliai \u0161vytinti oda.<\/p>\n<h3>Japon\u0173 Gro\u017eio Paslaptys<\/h3>\n<p>Japonija gars\u0117ja d\u0117mesiu <strong>sveikam gyvenimo b\u016bdui<\/strong> ir nat\u016braliai kosmetikai. Japon\u0117s moterys da\u017enai stebina savo jaunatvi\u0161ka ir spindin\u010dia oda \u2013 tai senovini\u0173 gro\u017eio ritual\u0173 bei moderni\u0173 inovacij\u0173 derinio rezultatas.<\/p>\n<h3>Placenta + Platina \u2013 Galingas Derinys<\/h3>\n<ul>\n<li><strong>Placenta<\/strong>: Skatina kolageno, elastino ir hialurono r\u016bg\u0161ties gamyb\u0105, suteikdama odai lygumo ir elastingumo.<\/li>\n<li><strong>Platina<\/strong>: Skatina odos regeneracij\u0105, pad\u0117dama atkurti jos gyvybingum\u0105 ir jaunatvi\u0161k\u0105 i\u0161vaizd\u0105.<\/li>\n<\/ul>\n<h3>Savyb\u0117s:<\/h3>\n<ul>\n<li><strong>Audinio Veido Kauk\u0117<\/strong>: Prisotinta auk\u0161tos kokyb\u0117s placentos ir platinos, kad u\u017etikrint\u0173 gil\u0173 odos maitinim\u0105.<\/li>\n<li><strong>Tinka Vis\u0173 Tip\u0173 Odai<\/strong>: \u0160velni ir efektyvi kauk\u0117, tinkanti \u012fvairiems odos tipams, u\u017etikrinanti universali\u0105 prie\u017ei\u016br\u0105 ir pastebimus rezultatus.<\/li>\n<\/ul>\n<p>I\u0161bandykite <strong>placentos ir platinos<\/strong> sinergij\u0105 su \u0161iomis prabangiomis veido kauk\u0117mis. Tegul j\u016bs\u0173 oda spindi sveikata ir gro\u017eiu, \u012fkv\u0117pta nesenstan\u010di\u0173 Japonijos odos prie\u017ei\u016bros paslap\u010di\u0173.<\/p>\n","protected":false},"excerpt":{"rendered":"<p><strong>Atrask Veido Odos Spindes\u012f su Placentos ir Platinos Kauk\u0117mis Tiesiai i\u0161 Japonijos<\/strong><\/p>\n<p>Pasinerkite \u012f prabang\u0105 su <strong>placentos ir platinos veido kauk\u0117mis<\/strong>, \u012fkv\u0117ptomis Japonijos gro\u017eio paslap\u010di\u0173. \u0160ios i\u0161skirtin\u0117s kauk\u0117s kruop\u0161\u010diai sukurtos tam, kad <strong>maitint\u0173, dr\u0117kint\u0173 ir atgaivint\u0173 j\u016bs\u0173 od\u0105<\/strong>, sujungiant tradicin\u0119 Japonijos gro\u017eio i\u0161mint\u012f su moderniausiomis odos prie\u017ei\u016bros technologijomis. Rezultatas? Lygesn\u0117, stangresn\u0117 ir nat\u016braliai \u0161vytinti oda.<\/p>\n<h3>Japon\u0173 Gro\u017eio Paslaptys<\/h3>\n<p>Japonija gars\u0117ja d\u0117mesiu <strong>sveikam gyvenimo b\u016bdui<\/strong> ir nat\u016braliai kosmetikai. Japon\u0117s moterys da\u017enai stebina savo jaunatvi\u0161ka ir spindin\u010dia oda \u2013 tai senovini\u0173 gro\u017eio ritual\u0173 bei moderni\u0173 inovacij\u0173 derinio rezultatas.<\/p>\n<p>&nbsp;<\/p>\n<p>&nbsp;<\/p>\n","protected":false},"featured_media":13451,"comment_status":"open","ping_status":"closed","template":"","meta":[],"product_brand":[],"product_cat":[173,43,212],"product_tag":[],"class_list":{"0":"post-13437","1":"product","2":"type-product","3":"status-publish","4":"has-post-thumbnail","6":"product_cat-best-sellers-lt","7":"product_cat-grozis","8":"product_cat-veido-prieziuros-priemones","10":"first","11":"instock","12":"taxable","13":"shipping-taxable","14":"purchasable","15":"product-type-simple"},"_links":{"self":[{"href":"https:\/\/thequeenhouse.co.uk\/lt\/wp-json\/wp\/v2\/product\/13437","targetHints":{"allow":["GET"]}}],"collection":[{"href":"https:\/\/thequeenhouse.co.uk\/lt\/wp-json\/wp\/v2\/product"}],"about":[{"href":"https:\/\/thequeenhouse.co.uk\/lt\/wp-json\/wp\/v2\/types\/product"}],"replies":[{"embeddable":true,"href":"https:\/\/thequeenhouse.co.uk\/lt\/wp-json\/wp\/v2\/comments?post=13437"}],"wp:featuredmedia":[{"embeddable":true,"href":"https:\/\/thequeenhouse.co.uk\/lt\/wp-json\/wp\/v2\/media\/13451"}],"wp:attachment":[{"href":"https:\/\/thequeenhouse.co.uk\/lt\/wp-json\/wp\/v2\/media?parent=13437"}],"wp:term":[{"taxonomy":"product_brand","embeddable":true,"href":"https:\/\/thequeenhouse.co.uk\/lt\/wp-json\/wp\/v2\/product_brand?post=13437"},{"taxonomy":"product_cat","embeddable":true,"href":"https:\/\/thequeenhouse.co.uk\/lt\/wp-json\/wp\/v2\/product_cat?post=13437"},{"taxonomy":"product_tag","embeddable":true,"href":"https:\/\/thequeenhouse.co.uk\/lt\/wp-json\/wp\/v2\/product_tag?post=13437"}],"curies":[{"name":"wp","href":"https:\/\/api.w.org\/{rel}","templated":true}]}}