{"id":13455,"date":"2024-12-13T13:04:14","date_gmt":"2024-12-13T12:04:14","guid":{"rendered":"https:\/\/thequeenhouse.co.uk\/?post_type=product&#038;p=13455"},"modified":"2025-01-29T22:03:02","modified_gmt":"2025-01-29T21:03:02","slug":"placenta-platinum-face-masks-from-japan-copy","status":"publish","type":"product","link":"https:\/\/thequeenhouse.co.uk\/lt\/produktas\/placenta-platinum-face-masks-from-japan-copy\/","title":{"rendered":"Gold and Bee Venom &#8211; Face Masks from Japan"},"content":{"rendered":"<p><strong>Atrask Veido Odos Prabang\u0105 su Aukso ir Bi\u010di\u0173 Nuod\u0173 Kauk\u0117mis Tiesiai i\u0161 Japonijos<\/strong><\/p>\n<p>Pasinerkite \u012f neprilygstam\u0105 odos prie\u017ei\u016br\u0105 su <strong>aukso ir bi\u010di\u0173 nuod\u0173 veido kauk\u0117mis<\/strong>, atgabentomis i\u0161 Japonijos. \u0160ios prabangios kauk\u0117s sukurtos tam, kad suteikt\u0173 j\u016bs\u0173 odai spindes\u012f, stangrum\u0105 ir jaunatvi\u0161k\u0105 i\u0161vaizd\u0105. Sujungus senovines Japonijos gro\u017eio tradicijas ir modernias technologijas, \u0161ios kauk\u0117s maitina, regeneruoja ir intensyviai dr\u0117kina od\u0105.<\/p>\n<h3>Aukso ir Bi\u010di\u0173 Nuod\u0173 Galia<\/h3>\n<ul>\n<li><strong>Auksas<\/strong>: Skatina kraujotak\u0105, ma\u017eina odos paraudim\u0105 ir u\u017edegimus, tuo pa\u010diu suteikdamas odai \u0161vyt\u0117jimo. Auksas taip pat padeda kovoti su rauk\u0161l\u0117mis ir sustiprina odos stangrum\u0105.<\/li>\n<li><strong>Bi\u010di\u0173 nuodai<\/strong>: Nat\u016brali \u201ebotokso\u201c alternatyva, skatinanti kolageno ir elastino gamyb\u0105, kurie u\u017epildo smulkias rauk\u0161les, suteikia odai glotnumo ir elastingumo.<\/li>\n<\/ul>\n<h3>Savyb\u0117s:<\/h3>\n<ul>\n<li><strong>Audinio Veido Kauk\u0117<\/strong>: Prisotinta aukso ir bi\u010di\u0173 nuod\u0173, suteikianti intensyv\u0173 maitinim\u0105 ir stangrinim\u0105.<\/li>\n<li><strong>Atjauninanti formul\u0117<\/strong>: Skatina l\u0105steli\u0173 regeneracij\u0105, ma\u017eina sen\u0117jimo po\u017eymius ir gerina odos tekst\u016br\u0105.<\/li>\n<li><strong>Vis\u0173 tip\u0173 odai<\/strong>: \u0160velni formul\u0117 tinka vis\u0173 tip\u0173 odai, \u012fskaitant jautri\u0105.<\/li>\n<\/ul>\n<h3>Nauda J\u016bs\u0173 Odai:<\/h3>\n<ul>\n<li>Stangresn\u0117 ir elastingesn\u0117 oda.<\/li>\n<li>Suma\u017e\u0117jusios rauk\u0161l\u0117s ir lygesn\u0117 tekst\u016bra.<\/li>\n<li>Nat\u016braliai spindinti ir jaunatvi\u0161ka i\u0161vaizda.<\/li>\n<\/ul>\n<p>I\u0161bandykite <strong>aukso ir bi\u010di\u0173 nuod\u0173 kaukes<\/strong> ir suteikite savo odai prabang\u0105 bei ypating\u0105 prie\u017ei\u016br\u0105, \u012fkv\u0117pt\u0105 nesenstan\u010di\u0173 Japonijos gro\u017eio paslap\u010di\u0173. Tegul j\u016bs\u0173 oda spindi prabanga ir sveikata!<\/p>\n","protected":false},"excerpt":{"rendered":"<p><strong>Atrask Veido Odos Prabang\u0105 su Aukso ir Bi\u010di\u0173 Nuod\u0173 Kauk\u0117mis Tiesiai i\u0161 Japonijos<\/strong><\/p>\n<p>Pasinerkite \u012f neprilygstam\u0105 odos prie\u017ei\u016br\u0105 su <strong>aukso ir bi\u010di\u0173 nuod\u0173 veido kauk\u0117mis<\/strong>, atgabentomis i\u0161 Japonijos. \u0160ios prabangios kauk\u0117s sukurtos tam, kad suteikt\u0173 j\u016bs\u0173 odai spindes\u012f, stangrum\u0105 ir jaunatvi\u0161k\u0105 i\u0161vaizd\u0105. Sujungus senovines Japonijos gro\u017eio tradicijas ir modernias technologijas, \u0161ios kauk\u0117s maitina, regeneruoja ir intensyviai dr\u0117kina od\u0105.<\/p>\n<h3>Aukso ir Bi\u010di\u0173 Nuod\u0173 Galia<\/h3>\n<ul>\n<li><strong>Auksas<\/strong>: Skatina kraujotak\u0105, ma\u017eina odos paraudim\u0105 ir u\u017edegimus, tuo pa\u010diu suteikdamas odai \u0161vyt\u0117jimo. Auksas taip pat padeda kovoti su rauk\u0161l\u0117mis ir sustiprina odos stangrum\u0105.<\/li>\n<li><strong>Bi\u010di\u0173 nuodai<\/strong>: Nat\u016brali \u201ebotokso\u201c alternatyva, skatinanti kolageno ir elastino gamyb\u0105, kurie u\u017epildo smulkias rauk\u0161les, suteikia odai glotnumo ir elastingumo.<\/li>\n<\/ul>\n<p>&nbsp;<\/p>\n<p>&nbsp;<\/p>\n","protected":false},"featured_media":13439,"comment_status":"open","ping_status":"closed","template":"","meta":[],"product_brand":[],"product_cat":[43,212],"product_tag":[],"class_list":{"0":"post-13455","1":"product","2":"type-product","3":"status-publish","4":"has-post-thumbnail","6":"product_cat-grozis","7":"product_cat-veido-prieziuros-priemones","9":"first","10":"instock","11":"taxable","12":"shipping-taxable","13":"purchasable","14":"product-type-simple"},"_links":{"self":[{"href":"https:\/\/thequeenhouse.co.uk\/lt\/wp-json\/wp\/v2\/product\/13455","targetHints":{"allow":["GET"]}}],"collection":[{"href":"https:\/\/thequeenhouse.co.uk\/lt\/wp-json\/wp\/v2\/product"}],"about":[{"href":"https:\/\/thequeenhouse.co.uk\/lt\/wp-json\/wp\/v2\/types\/product"}],"replies":[{"embeddable":true,"href":"https:\/\/thequeenhouse.co.uk\/lt\/wp-json\/wp\/v2\/comments?post=13455"}],"wp:featuredmedia":[{"embeddable":true,"href":"https:\/\/thequeenhouse.co.uk\/lt\/wp-json\/wp\/v2\/media\/13439"}],"wp:attachment":[{"href":"https:\/\/thequeenhouse.co.uk\/lt\/wp-json\/wp\/v2\/media?parent=13455"}],"wp:term":[{"taxonomy":"product_brand","embeddable":true,"href":"https:\/\/thequeenhouse.co.uk\/lt\/wp-json\/wp\/v2\/product_brand?post=13455"},{"taxonomy":"product_cat","embeddable":true,"href":"https:\/\/thequeenhouse.co.uk\/lt\/wp-json\/wp\/v2\/product_cat?post=13455"},{"taxonomy":"product_tag","embeddable":true,"href":"https:\/\/thequeenhouse.co.uk\/lt\/wp-json\/wp\/v2\/product_tag?post=13455"}],"curies":[{"name":"wp","href":"https:\/\/api.w.org\/{rel}","templated":true}]}}