{"id":13493,"date":"2025-01-27T12:49:26","date_gmt":"2025-01-27T11:49:26","guid":{"rendered":"https:\/\/thequeenhouse.co.uk\/?post_type=product&#038;p=13493"},"modified":"2025-02-18T19:54:46","modified_gmt":"2025-02-18T18:54:46","slug":"nici-parfumuotas-skalbiklis-cherry-velvet-elixir-1000-ml-copy-3","status":"publish","type":"product","link":"https:\/\/thequeenhouse.co.uk\/lt\/produktas\/nici-parfumuotas-skalbiklis-cherry-velvet-elixir-1000-ml-copy-3\/","title":{"rendered":"NICI Parfumuotas Skalbiklis TOBACCO, 1000 ml"},"content":{"rendered":"<p><strong>Kod\u0117l verta rinktis Tabako aromat\u0105?<\/strong><\/p>\n<ul>\n<li><strong>Galingas valymas:<\/strong> Fermentais praturtinta formul\u0117 lengvai pa\u0161alina sunkias d\u0117mes.<\/li>\n<li><strong>Spalv\u0173 apsauga:<\/strong> Specialios sudedamosios dalys i\u0161saugo audini\u0173 ry\u0161kum\u0105 ir apsaugo nuo blukimo.<\/li>\n<li><strong>I\u0161skirtinis Tabako aromatas:<\/strong>\n<ul>\n<li><strong>Vir\u0161utin\u0117s natos:<\/strong> Sodrus tabako lap\u0173, egzoti\u0161k\u0173 prieskoni\u0173 ir kakavos aromatas sukuria \u0161ilt\u0105, jauki\u0105 prad\u017ei\u0105.<\/li>\n<li><strong>Vidurin\u0117s natos:<\/strong> Kremin\u0117 vanil\u0117, tonkos pupel\u0117s ir tabako d\u016bmeliai suteikia jausming\u0105 ir rafinuot\u0105 \u0161ird\u012f.<\/li>\n<li><strong>Pagrindin\u0117s natos:<\/strong> \u017demi\u0161kos d\u017eiovint\u0173 vaisi\u0173 ir medienos natos sukuria tvirt\u0105 ir prabang\u0173 u\u017ebaigim\u0105.<br \/>\nKvapas skleid\u017eia elegancij\u0105 ir nesenstan\u010di\u0105 rafinuotum\u0105, paversdamas kiekvien\u0105 drabu\u017ei\u0173 prisilietim\u0105 jusliniu malonumu.<\/li>\n<\/ul>\n<\/li>\n<li><strong>Audini\u0173 mink\u0161tinimas:<\/strong> Drabu\u017eiai lieka \u0161veln\u016bs ir prisotinti prabangos aromato.<\/li>\n<li><strong>Be fosfat\u0173:<\/strong> \u0160velnus audiniams, odai ir aplinkai.<\/li>\n<\/ul>\n<h3>Prabangi skalbimo patirtis<\/h3>\n<p>Tegul <strong>NICI Tobacco<\/strong> i\u0161 naujo apibr\u0117\u017eia j\u016bs\u0173 po\u017ei\u016br\u012f \u012f skalbim\u0105. \u0160is i\u0161skirtinis skalbiklis ne tik u\u017etikrina nepriekai\u0161ting\u0105 valym\u0105, bet ir apgaubia j\u016bs\u0173 drabu\u017eius giliu ir rafinuotu aromatu, kuris i\u0161lieka ilgai po skalbimo.<\/p>\n","protected":false},"excerpt":{"rendered":"<div class=\"ewa-rteLine\">\n<div class=\"flex-1 overflow-hidden @container\/thread\">\n<div class=\"h-full\">\n<div class=\"react-scroll-to-bottom--css-cqnaz-79elbk h-full\">\n<div class=\"react-scroll-to-bottom--css-cqnaz-1n7m0yu\">\n<div class=\"flex flex-col text-sm md:pb-9\">\n<article class=\"w-full scroll-mb-[var(--thread-trailing-height,150px)] text-token-text-primary focus-visible:outline-2 focus-visible:outline-offset-[-4px]\" dir=\"auto\" data-testid=\"conversation-turn-153\" data-scroll-anchor=\"true\">\n<div class=\"m-auto text-base py-[18px] px-3 md:px-4 w-full md:px-5 lg:px-4 xl:px-5\">\n<div class=\"mx-auto flex flex-1 gap-4 text-base md:gap-5 lg:gap-6 md:max-w-3xl lg:max-w-[40rem] xl:max-w-[48rem]\">\n<div class=\"group\/conversation-turn relative flex w-full min-w-0 flex-col agent-turn\">\n<div class=\"flex-col gap-1 md:gap-3\">\n<div class=\"flex max-w-full flex-col flex-grow\">\n<div class=\"min-h-8 text-message flex w-full flex-col items-end gap-2 whitespace-normal break-words text-start [.text-message+&amp;]:mt-5\" dir=\"auto\" data-message-author-role=\"assistant\" data-message-id=\"76f4b7a4-55a9-404c-9681-40cb7cf93789\" data-message-model-slug=\"gpt-4o\">\n<div class=\"flex w-full flex-col gap-1 empty:hidden first:pt-[3px]\">\n<div class=\"markdown prose w-full break-words dark:prose-invert light\">\n<div class=\"ewa-rteLine\">\n<p><strong>NICI Kvepiantis Skalbini\u0173 Ploviklis \u2013 Tabako Aromatas<\/strong><\/p>\n<p>Atraskite unikal\u0173 ir prabang\u0173 b\u016bd\u0105 r\u016bpintis savo drabu\u017eiais su <strong>NICI kvepian\u010diu skalbini\u0173 plovikliu \u2013 Tabako aromatu<\/strong>. Praturtintas fermentais, kurie efektyviai pa\u0161alina d\u0117mes, \u0161is ploviklis yra specialiai sukurtas i\u0161saugoti audini\u0173 spalvas, u\u017etikrindamas, kad j\u016bs\u0173 drabu\u017eiai i\u0161likt\u0173 ry\u0161k\u016bs, \u0161var\u016bs ir gaiv\u016bs. Jo sud\u0117tyje n\u0117ra fosfat\u0173, tod\u0117l ploviklis yra \u0161velnus audiniams ir draugi\u0161kas aplinkai.<\/p>\n<p><strong>Be fosfat\u0173.<\/strong><\/p>\n<\/div>\n<div><\/div>\n<div class=\"ewa-rteLine\">\n<p><strong>NICI tabako kvapo natos:<\/strong><\/p>\n<ul>\n<li><strong>Vir\u0161utin\u0117s natos<\/strong>: Tabako lapai, prieskoniai, kakava<\/li>\n<li><strong>Vidurin\u0117s natos<\/strong>: Vanil\u0117, tonkos pupel\u0117s, tabako d\u016bmeliai<\/li>\n<li><strong>Pagrindin\u0117s natos<\/strong>: D\u017eiovinti vaisiai, medienos natos<\/li>\n<\/ul>\n<\/div>\n<div>\n<p>&nbsp;<\/p>\n<p>Tabako kvapas NICI kvepian\u010diame skalbini\u0173 ploviklyje yra ne tik aromatas \u2013 tai parei\u0161kimas. \u012esivaizduokite, kaip atidarote savo spint\u0105 ir jus pasitinka \u0161iltas, jaukus prieskoni\u0173, kakavos ir medienos aromatas, primenantis jaukias vakarones ir nesenstan\u010di\u0105 elegancij\u0105. Tai daugiau nei tiesiog \u0161var\u016bs skalbiniai \u2013 tai malonumas j\u016bs\u0173 poj\u016b\u010diams.<\/p>\n<p><strong>Pasinerkite \u012f prabangi\u0105 NICI tabako aromato skalbimo patirt\u012f \u0161iandien ir suteikite savo skalbiniams dr\u0105s\u0173, nepamir\u0161tam\u0105 kvap\u0105. Pirkite dabar ir kiekvien\u0105 skalbim\u0105 paverskite prabangos potyriu!<\/strong><\/p>\n<\/div>\n<p style=\"font-weight: 400;\"><strong>Pagaminta Lietuvoje.<\/strong><\/p>\n<p>Ingridientai: 5-15 % anijonini\u0173 aktyvi\u0173j\u0173 pavir\u0161iaus med\u017eiag\u0173, 5-15 % nejonini\u0173 aktyvi\u0173j\u0173 pavir\u0161iaus med\u017eiag\u0173, &lt; 5 %<br \/>\nmuilo, tul\u017eis, fermentai, konservantas, Phenoxyethanol, Butylbenzisothiazolone, Laurylamine<br \/>\nDipropylenediamine, kvapioji med\u017eiaga, Cinnamal, Citrus Aurantium Bergamia Peel Oil, Coumarin,<br \/>\nEugenol, Eugenyl Acetate.<\/p>\n<p>&nbsp;<\/p>\n<p>&nbsp;<\/p>\n<\/div>\n<\/div>\n<\/div>\n<\/div>\n<\/div>\n<\/div>\n<\/div>\n<\/div>\n<\/article>\n<\/div>\n<\/div>\n<\/div>\n<\/div>\n<\/div>\n<\/div>\n","protected":false},"featured_media":13495,"comment_status":"open","ping_status":"closed","template":"","meta":[],"product_brand":[],"product_cat":[44],"product_tag":[],"class_list":{"0":"post-13493","1":"product","2":"type-product","3":"status-publish","4":"has-post-thumbnail","6":"product_cat-namams","8":"first","9":"instock","10":"taxable","11":"shipping-taxable","12":"purchasable","13":"product-type-simple"},"_links":{"self":[{"href":"https:\/\/thequeenhouse.co.uk\/lt\/wp-json\/wp\/v2\/product\/13493","targetHints":{"allow":["GET"]}}],"collection":[{"href":"https:\/\/thequeenhouse.co.uk\/lt\/wp-json\/wp\/v2\/product"}],"about":[{"href":"https:\/\/thequeenhouse.co.uk\/lt\/wp-json\/wp\/v2\/types\/product"}],"replies":[{"embeddable":true,"href":"https:\/\/thequeenhouse.co.uk\/lt\/wp-json\/wp\/v2\/comments?post=13493"}],"wp:featuredmedia":[{"embeddable":true,"href":"https:\/\/thequeenhouse.co.uk\/lt\/wp-json\/wp\/v2\/media\/13495"}],"wp:attachment":[{"href":"https:\/\/thequeenhouse.co.uk\/lt\/wp-json\/wp\/v2\/media?parent=13493"}],"wp:term":[{"taxonomy":"product_brand","embeddable":true,"href":"https:\/\/thequeenhouse.co.uk\/lt\/wp-json\/wp\/v2\/product_brand?post=13493"},{"taxonomy":"product_cat","embeddable":true,"href":"https:\/\/thequeenhouse.co.uk\/lt\/wp-json\/wp\/v2\/product_cat?post=13493"},{"taxonomy":"product_tag","embeddable":true,"href":"https:\/\/thequeenhouse.co.uk\/lt\/wp-json\/wp\/v2\/product_tag?post=13493"}],"curies":[{"name":"wp","href":"https:\/\/api.w.org\/{rel}","templated":true}]}}