{"id":13504,"date":"2025-01-29T20:51:43","date_gmt":"2025-01-29T19:51:43","guid":{"rendered":"https:\/\/thequeenhouse.co.uk\/?post_type=product&#038;p=13504"},"modified":"2025-02-18T19:51:53","modified_gmt":"2025-02-18T18:51:53","slug":"numee-kremas-veidui-su-niacinamidu-game-on-pause-skin-perfecting-50ml-copy-2","status":"publish","type":"product","link":"https:\/\/thequeenhouse.co.uk\/lt\/produktas\/numee-kremas-veidui-su-niacinamidu-game-on-pause-skin-perfecting-50ml-copy-2\/","title":{"rendered":"MATH SCIENTIFIC vitaminizuojantis atstatantis serumas B5 RECOVERY, 30ml"},"content":{"rendered":"<p><strong>Naudojimas<\/strong>: Kelet\u0105 la\u0161\u0173 serumo paskirstykite ant \u0161varios veido ir kaklo odos. Jei u\u017esitep\u0119 ant sausos odos jau\u010diate tempim\u0105, naudokite ma\u017eesn\u012f produkto kiek\u012f arba tepkite ant dr\u0117gnos odos. Palaukite kol priemon\u0117 \u012fsigers. Tinka naudoti ryte ir\/ arba vakare. Galima naudoti paaki\u0173 sri\u010diai, venkite produkto patekimo \u012f akis. Laikykite vaikams neprieinamoje vietoje. Tik i\u0161oriniam naudojimui. Jei esate jautr\u016bs bent vienam i\u0161 ingredient\u0173, produkto nenaudokite.<\/p>\n<p><strong>D\u0117mesio<\/strong>: Jei produkt\u0105 naudosite pirm\u0105 kart\u0105, rekomenduojame atlikti lopo test\u0105. Nedidel\u012f kosmetin\u0117s priemon\u0117s kiek\u012f u\u017etepkite ant vidin\u0117s rie\u0161o pus\u0117s. Jei po vienos paros nepasirei\u0161k\u0117 jokie alergijos simptomai (paraudimas, nie\u017eulys), rei\u0161kia priemon\u0117 jums yra tinkama.<\/p>\n<p>Jei laukiat\u0117s, ar maitinate kr\u016btimi, prie\u0161 pradedant naudoti bet kok\u012f kosmetikos gamin\u012f, rekomenduojama pasitarti su jus pri\u017ei\u016brin\u010diu gydytoju.<\/p>\n<p>Pagaminta Lietuvoje.<\/p>\n","protected":false},"excerpt":{"rendered":"<p><strong>MATH SCIENTIFIC vitaminizuojantis atstatantis serumas B5 RECOVERY<\/strong> \u2013 b\u016btinas produktas kiekvienoje kosmetikos spintel\u0117je, kuomet reikia akimirksniu nuraminti ir atstatyti od\u0105, i\u0161tikus netik\u0117tai situacijai. \u0160is serumas su pantenoliu (provitaminu B5) yra skirtas vis\u0173 tip\u0173 odai. Provitaminas B5 padeda atkurti odos barjerines funkcijas ir atstatyti dr\u0117gm\u0117s balans\u0105 vir\u0161utiniame odos sluoksnyje. Subalansuotas hialurono r\u016bg\u0161ties ir glicerino santykis padeda i\u0161laikyti od\u0105 prisotint\u0105 dr\u0117gm\u0117s. Produkto efektyvumas \u012frodytas dermatologiniais tyrimais.<\/p>\n<p><strong>MATH SCIENTIFIC vitaminizuojantis atstatantis serumas B5 RECOVERY:<\/strong><\/p>\n<p>\u2022 Praturtintas pantenoliu (provitaminu B5)<\/p>\n<p>\u2022 Padeda atkurti ir stiprinti apsaugin\u012f odos barjer\u0105<\/p>\n<p>\u2022 Ramina od\u0105<\/p>\n<p>\u2022 50% labiau sudr\u0117kinta oda po 1val. ir 28% dr\u0117gnesn\u0117 oda po 24val.<\/p>\n<p>\u2022 Suteikia odai elastingumo<\/p>\n<p>&nbsp;<\/p>\n<p>&nbsp;<\/p>\n","protected":false},"featured_media":13506,"comment_status":"open","ping_status":"closed","template":"","meta":[],"product_brand":[],"product_cat":[43,212],"product_tag":[],"class_list":{"0":"post-13504","1":"product","2":"type-product","3":"status-publish","4":"has-post-thumbnail","6":"product_cat-grozis","7":"product_cat-veido-prieziuros-priemones","9":"first","10":"instock","11":"taxable","12":"shipping-taxable","13":"purchasable","14":"product-type-simple"},"_links":{"self":[{"href":"https:\/\/thequeenhouse.co.uk\/lt\/wp-json\/wp\/v2\/product\/13504","targetHints":{"allow":["GET"]}}],"collection":[{"href":"https:\/\/thequeenhouse.co.uk\/lt\/wp-json\/wp\/v2\/product"}],"about":[{"href":"https:\/\/thequeenhouse.co.uk\/lt\/wp-json\/wp\/v2\/types\/product"}],"replies":[{"embeddable":true,"href":"https:\/\/thequeenhouse.co.uk\/lt\/wp-json\/wp\/v2\/comments?post=13504"}],"wp:featuredmedia":[{"embeddable":true,"href":"https:\/\/thequeenhouse.co.uk\/lt\/wp-json\/wp\/v2\/media\/13506"}],"wp:attachment":[{"href":"https:\/\/thequeenhouse.co.uk\/lt\/wp-json\/wp\/v2\/media?parent=13504"}],"wp:term":[{"taxonomy":"product_brand","embeddable":true,"href":"https:\/\/thequeenhouse.co.uk\/lt\/wp-json\/wp\/v2\/product_brand?post=13504"},{"taxonomy":"product_cat","embeddable":true,"href":"https:\/\/thequeenhouse.co.uk\/lt\/wp-json\/wp\/v2\/product_cat?post=13504"},{"taxonomy":"product_tag","embeddable":true,"href":"https:\/\/thequeenhouse.co.uk\/lt\/wp-json\/wp\/v2\/product_tag?post=13504"}],"curies":[{"name":"wp","href":"https:\/\/api.w.org\/{rel}","templated":true}]}}