{"id":13516,"date":"2025-01-29T21:09:24","date_gmt":"2025-01-29T20:09:24","guid":{"rendered":"https:\/\/thequeenhouse.co.uk\/?post_type=product&#038;p=13516"},"modified":"2025-02-18T19:49:20","modified_gmt":"2025-02-18T18:49:20","slug":"math-scientific-gelis-nuo-spuogu-anti-acne-15ml-isankstinis-uzsakymas-copy","status":"publish","type":"product","link":"https:\/\/thequeenhouse.co.uk\/lt\/produktas\/math-scientific-gelis-nuo-spuogu-anti-acne-15ml-isankstinis-uzsakymas-copy\/","title":{"rendered":"MATH SCIENTIFIC giliai poras valantis aktyvusis prausiklis, 200ml"},"content":{"rendered":"<div>\n<div>\n<div>\n<div>\n<div class=\"ewa-rteLine\">\n<div>\n<div>\n<div>\n<div class=\"ewa-rteLine\"><strong>Naudojimas<\/strong>: Tepkite prausikl\u012f ant sausos odos ir masa\u017euokite apie 30 sekund\u017ei\u0173. Gausiai nuplaukite vandeniu. Kart\u0105 per savait\u0119 naudokite kaip valan\u010di\u0105 kauk\u0119: plon\u0105 prausiklio sluoksn\u012f 3 minut\u0117ms u\u017etepkite ant \u0161varios odos, gausiai nuplaukite vandeniu. Produktas netinkamas makia\u017eo valymui.<\/div>\n<div class=\"ewa-rteLine\">Pastaba: galimas lengvas odos dilg\u010diojimas. Saugokite, kad prausiklis nepatekt\u0173 \u012f akis. Laikyti vaikams nepasiekiamoje vietoje. Naudojant r\u016bg\u0161timis praturtintus produktus, rekomenduojame naudoti priemones su SPF apsauga. Jei pastebite sudirgim\u0105, priemon\u0117s nebenaudokite. Nerekomenduojama vaikams iki 12 met\u0173. Jei esate jautr\u016bs bent vienam i\u0161 ingredient\u0173, produkto nenaudokite.<\/div>\n<div class=\"ewa-rteLine\">D\u0117mesio: Jei produkt\u0105 naudosite pirm\u0105 kart\u0105, rekomenduojame atlikti lopo test\u0105. Nedidel\u012f kosmetin\u0117s priemon\u0117s kiek\u012f u\u017etepkite ant vidin\u0117s rie\u0161o pus\u0117s. Jei po vienos paros nepasirei\u0161k\u0117 jokie alergijos simptomai (paraudimas, nie\u017eulys), rei\u0161kia priemon\u0117 jums yra tinkama.<\/div>\n<div class=\"ewa-rteLine\"><\/div>\n<div class=\"ewa-rteLine\">Jei laukiat\u0117s, ar maitinate kr\u016btimi, prie\u0161 pradedant naudoti bet kok\u012f kosmetikos gamin\u012f, rekomenduojama pasitarti su jus pri\u017ei\u016brin\u010diu gydytoju.<\/div>\n<\/div>\n<\/div>\n<\/div>\n<\/div>\n<p>Pagaminta Lietuvoje.<\/p>\n<\/div>\n<\/div>\n<\/div>\n<div>\n<div class=\"ewa-rteLine\"><\/div>\n<\/div>\n<\/div>\n","protected":false},"excerpt":{"rendered":"<div class=\"ewa-rteLine\">\n<div>\n<div>\n<div>\n<div>\n<div class=\"ewa-rteLine\"><strong>DEEP CLEANSING GEL WASH<\/strong> i\u0161manusis prausiklis, praturtintas 5 % glikolio (AHA) ir 1,5 % salicilo (BHA) r\u016bg\u0161timis pa\u0161alina negyvas odos l\u0105steles, giliai i\u0161valo poras ir skatina odos regeneracij\u0105 (200ml.)<\/div>\n<div class=\"ewa-rteLine\"><\/div>\n<div>\n<div>\n<div class=\"ewa-rteLine\"><strong>MATH SCIENTIFIC<\/strong> giliai poras valantis aktyvusis prausiklis padeda spr\u0119sti specifines odos problemas pagal individualius poreikius. Minimalistin\u0117 formul\u0117 yra praturtinta 5% glikolio (AHA) ir 1,5% salicilo (BHA) r\u016bg\u0161timis. Prausiklis pa\u0161alina negyvas odos l\u0105steles (\u0161velniai eksfolijuoja), giliai i\u0161valo poras ir skatina odos regeneracij\u0105. Priemon\u0117 padeda skaistinti od\u0105 ir \u0161viesinti pigmentines d\u0117meles. Prausiklis yra tinkamas visiems odos tipams.<\/div>\n<div class=\"ewa-rteLine\"><\/div>\n<div class=\"ewa-rteLine\">In vitro tyrimas parod\u0117, kad produktas sukuria nepalanki\u0105 terp\u0119 Cutibacterium acnes mikroorganizmams daugintis.<\/div>\n<div class=\"ewa-rteLine\"><\/div>\n<div class=\"ewa-rteLine\">Prausiklio pH ~4.<\/div>\n<div><\/div>\n<div><strong>MATH SCIENTIFIC giliai poras valantis aktyvusis prausiklis:<\/strong><\/div>\n<div><\/div>\n<div>\n<ul>\n<li class=\"ewa-rteLine\">Efektyviai i\u0161valo poras ir pa\u0161alina negyvas odos l\u0105steles<\/li>\n<li class=\"ewa-rteLine\">Padeda kovoti su spuogais ir juos kontroliuoti<\/li>\n<li class=\"ewa-rteLine\">Padeda skaistinti od\u0105<\/li>\n<li class=\"ewa-rteLine\">Suteikia odai elastingumo<\/li>\n<li class=\"ewa-rteLine\">Padeda \u0161viesinti pigmentacij\u0105<\/li>\n<\/ul>\n<div><\/div>\n<\/div>\n<\/div>\n<\/div>\n<\/div>\n<\/div>\n<\/div>\n<\/div>\n<\/div>\n","protected":false},"featured_media":13526,"comment_status":"open","ping_status":"closed","template":"","meta":[],"product_brand":[],"product_cat":[43,212],"product_tag":[],"class_list":{"0":"post-13516","1":"product","2":"type-product","3":"status-publish","4":"has-post-thumbnail","6":"product_cat-grozis","7":"product_cat-veido-prieziuros-priemones","9":"first","10":"outofstock","11":"taxable","12":"shipping-taxable","13":"purchasable","14":"product-type-simple"},"_links":{"self":[{"href":"https:\/\/thequeenhouse.co.uk\/lt\/wp-json\/wp\/v2\/product\/13516","targetHints":{"allow":["GET"]}}],"collection":[{"href":"https:\/\/thequeenhouse.co.uk\/lt\/wp-json\/wp\/v2\/product"}],"about":[{"href":"https:\/\/thequeenhouse.co.uk\/lt\/wp-json\/wp\/v2\/types\/product"}],"replies":[{"embeddable":true,"href":"https:\/\/thequeenhouse.co.uk\/lt\/wp-json\/wp\/v2\/comments?post=13516"}],"wp:featuredmedia":[{"embeddable":true,"href":"https:\/\/thequeenhouse.co.uk\/lt\/wp-json\/wp\/v2\/media\/13526"}],"wp:attachment":[{"href":"https:\/\/thequeenhouse.co.uk\/lt\/wp-json\/wp\/v2\/media?parent=13516"}],"wp:term":[{"taxonomy":"product_brand","embeddable":true,"href":"https:\/\/thequeenhouse.co.uk\/lt\/wp-json\/wp\/v2\/product_brand?post=13516"},{"taxonomy":"product_cat","embeddable":true,"href":"https:\/\/thequeenhouse.co.uk\/lt\/wp-json\/wp\/v2\/product_cat?post=13516"},{"taxonomy":"product_tag","embeddable":true,"href":"https:\/\/thequeenhouse.co.uk\/lt\/wp-json\/wp\/v2\/product_tag?post=13516"}],"curies":[{"name":"wp","href":"https:\/\/api.w.org\/{rel}","templated":true}]}}