{"id":13532,"date":"2025-01-29T21:27:36","date_gmt":"2025-01-29T20:27:36","guid":{"rendered":"https:\/\/thequeenhouse.co.uk\/?post_type=product&#038;p=13532"},"modified":"2025-02-18T19:42:30","modified_gmt":"2025-02-18T18:42:30","slug":"hayejin-gyvybingumo-suteikiantis-veido-kremas-blessing-of-sprout-50ml-isankstinis-uzsakymas-copy","status":"publish","type":"product","link":"https:\/\/thequeenhouse.co.uk\/lt\/produktas\/hayejin-gyvybingumo-suteikiantis-veido-kremas-blessing-of-sprout-50ml-isankstinis-uzsakymas-copy\/","title":{"rendered":"HAYEJIN skaistinamasis toneris BLESSING OF SPROUT, 120ml !"},"content":{"rendered":"<div class=\"ewa-rteLine\">\n<p><strong>Naudojimas:<\/strong> nedidel\u012f kiek\u012f priemon\u0117s tepkite ant \u0161varios veido ir kaklo sri\u010di\u0173 odos ir lengvai patap\u0161nokite, kad \u012fsigert\u0173. Intensyvesniam poveikiui \u012ftrinkite nedidel\u012f toniko kiek\u012f tarp deln\u0173, taip j\u012f su\u0161ildydami, ir \u0161velniai prispauskite rankomis veid\u0105. Neb\u016btina naudoti vatos tampon\u0117lio. Rekomenduojama toner\u012f naudoti tiek ryte tiek vakare, bei prie\u0161 lak\u0161tini\u0173 kauki\u0173 proced\u016bras. Tokiu b\u016bdu J\u016bs\u0173 oda geriau pasisavins kit\u0173 produkt\u0173 sud\u0117ties savybes.<\/p>\n<p>\u012esp\u0117jimas \/atsargumo priemon\u0117s: skirta tik i\u0161oriniam naudojimui. Vengti patekimo \u012f akis. Saugoti nuo vaik\u0173 ir tiesiogini\u0173 saul\u0117s spinduli\u0173. Nenaudoti ant sudirgusios, paraudusios odos.<\/p>\n<p>Geriausia sunaudoti:\u00a0<strong>per 12 m\u0117nesi\u0173 nuo atidarymo<\/strong><\/p>\n<p>ES atsakingas asmuo:\u00a0<strong>Korean Beauty Kft. 1146 Budapest Zichy G\u00e9za utca 5. 1. em\/2.<\/strong><\/p>\n<p>Kilm\u0117s \u0161alis:\u00a0<strong>Piet\u0173 Kor\u0117ja<\/strong><\/p>\n<p>Partijos \/ serijos numeris \/ galiojimo laikas:<strong>\u00a0nurodyta ant pakuot\u0117s<\/strong><\/p>\n<p>Nominalus kiekis:\u00a0<strong>120 ml<\/strong><\/p>\n<p>&nbsp;<\/p>\n<p>&nbsp;<\/p>\n<\/div>\n","protected":false},"excerpt":{"rendered":"<div class=\"ewa-rteLine\">\n<div class=\"ewa-rteLine\">\n<p><strong>HAYEJIN skaistinamasis toneris<\/strong> &#8211; \u0161vyt\u0117jimo suteikiantis veido toneris su botanini\u0173 ekstrakt\u0173 kompleksu ir kapsul\u0117mis, kurios nat\u016braliai \u012fsigeria \u012f od\u0105 ir j\u0105 skaistina. Sud\u0117tyje yra nat\u016bralaus botaninio augalo daig\u0173 komplekso, <em>Nelumbo Nucifera<\/em>\u00a0gemalo ekstrakto, kurio d\u0117ka maitinama ir atgaivinama pavargusi oda. Toneris giliai dr\u0117kina, ma\u017eina poras, subalansuoja pH ir paruo\u0161ia od\u0105 kit\u0173 produkt\u0173 naudojimui. Inovatyvi priemon\u0117s formul\u0117 su inkapsuliuotais ingredientais greitai ir efektyviai atkuria nat\u016bral\u0173 odos spindes\u012f bei lygina odos tekst\u016br\u0105. Hipoalergin\u0117 formul\u0117 tinkama visiems odos tipams. Dermatologi\u0161kai patikrintas.<\/p>\n<p>&nbsp;<\/p>\n<p>&nbsp;<\/p>\n<\/div>\n<\/div>\n","protected":false},"featured_media":13534,"comment_status":"open","ping_status":"closed","template":"","meta":[],"product_brand":[],"product_cat":[43,212],"product_tag":[],"class_list":{"0":"post-13532","1":"product","2":"type-product","3":"status-publish","4":"has-post-thumbnail","6":"product_cat-grozis","7":"product_cat-veido-prieziuros-priemones","9":"first","10":"outofstock","11":"taxable","12":"shipping-taxable","13":"purchasable","14":"product-type-simple"},"_links":{"self":[{"href":"https:\/\/thequeenhouse.co.uk\/lt\/wp-json\/wp\/v2\/product\/13532","targetHints":{"allow":["GET"]}}],"collection":[{"href":"https:\/\/thequeenhouse.co.uk\/lt\/wp-json\/wp\/v2\/product"}],"about":[{"href":"https:\/\/thequeenhouse.co.uk\/lt\/wp-json\/wp\/v2\/types\/product"}],"replies":[{"embeddable":true,"href":"https:\/\/thequeenhouse.co.uk\/lt\/wp-json\/wp\/v2\/comments?post=13532"}],"wp:featuredmedia":[{"embeddable":true,"href":"https:\/\/thequeenhouse.co.uk\/lt\/wp-json\/wp\/v2\/media\/13534"}],"wp:attachment":[{"href":"https:\/\/thequeenhouse.co.uk\/lt\/wp-json\/wp\/v2\/media?parent=13532"}],"wp:term":[{"taxonomy":"product_brand","embeddable":true,"href":"https:\/\/thequeenhouse.co.uk\/lt\/wp-json\/wp\/v2\/product_brand?post=13532"},{"taxonomy":"product_cat","embeddable":true,"href":"https:\/\/thequeenhouse.co.uk\/lt\/wp-json\/wp\/v2\/product_cat?post=13532"},{"taxonomy":"product_tag","embeddable":true,"href":"https:\/\/thequeenhouse.co.uk\/lt\/wp-json\/wp\/v2\/product_tag?post=13532"}],"curies":[{"name":"wp","href":"https:\/\/api.w.org\/{rel}","templated":true}]}}