{"id":13536,"date":"2025-01-29T21:33:01","date_gmt":"2025-01-29T20:33:01","guid":{"rendered":"https:\/\/thequeenhouse.co.uk\/?post_type=product&#038;p=13536"},"modified":"2025-02-18T19:41:24","modified_gmt":"2025-02-18T18:41:24","slug":"hayejin-skaistinamasis-toneris-blessing-of-sprout-120ml-isankstinis-uzsakymas-copy","status":"publish","type":"product","link":"https:\/\/thequeenhouse.co.uk\/lt\/produktas\/hayejin-skaistinamasis-toneris-blessing-of-sprout-120ml-isankstinis-uzsakymas-copy\/","title":{"rendered":"HAYEJIN intensyviai dr\u0117kinan\u010dios bei jautri\u0105 od\u0105 raminan\u010dios ampul\u0117s veidui BLESSING OF SPROUT CICA-FULL SYSTEM, 7x2ml"},"content":{"rendered":"<div class=\"ewa-rteLine\">\n<p><strong>\u012esp\u0117jimas<\/strong> \/atsargumo priemon\u0117s: skirta tik i\u0161oriniam naudojimui. Saugoti nuo patekimo \u012f akis (patekus \u012f akis, gausiai skalauti vandeniu). Pasteb\u0117jus dirginim\u0105, nutraukti naudojim\u0105. Saugoti nuo vaik\u0173 ir tiesiogini\u0173 saul\u0117s spinduli\u0173.<\/p>\n<p>Geriausia sunaudoti:\u00a0<strong>i\u0161 karto atidarius<\/strong><\/p>\n<p>ES atsakingas asmuo:\u00a0<strong>Korean Beauty Kft. 1146 Budapest Zichy G\u00e9za utca 5. 1. em\/2.<\/strong><\/p>\n<p>Kilm\u0117s \u0161alis:\u00a0<strong>Piet\u0173 Kor\u0117ja<\/strong><\/p>\n<p>Partijos \/ serijos numeris \/ galiojimo laikas:<strong>\u00a0nurodyta ant pakuot\u0117s<\/strong><\/p>\n<p>Nominalus kiekis:\u00a0<strong>7\u00d72 ml<\/strong><\/p>\n<p>&nbsp;<\/p>\n<p>&nbsp;<\/p>\n<\/div>\n","protected":false},"excerpt":{"rendered":"<div class=\"ewa-rteLine\">\n<div class=\"ewa-rteLine\">\n<p><strong>HAYEJIN intensyviai dr\u0117kinan\u010dios bei jautri\u0105 od\u0105 raminan\u010dios ampul\u0117s veidui<\/strong> &#8211; sud\u0117tyje esantis keramidas, niacinamidas, pantenolis, hialurono r\u016bg\u0161tis ir augal\u0173 ekstraktai, \u012fskaitant Asian wader ekstrakt\u0105, nuramina jautri\u0105, aplinkos veiksni\u0173 pa\u017eeist\u0105 od\u0105. Priemon\u0117 yra nelipni ir lengvos tekst\u016bros, maloniai gaivina ir greitai \u012fsigeria. Apsaugo nuo pigmentacijos, intensyviai dr\u0117kina, stabdo sen\u0117jim\u0105, stiprina odos apsaugin\u012f barjer\u0105 ir palaiko ger\u0105 odos b\u016bkl\u0119, atkuria jos dr\u0117gm\u0117s, riebal\u0173 ir pH balans\u0105. Tinka jautriai odai. Rekomenduojama naudoti 7 dienas i\u0161 eil\u0117s. Hipoalergin\u0117 vegani\u0161ka formul\u0117.<\/p>\n<div class=\"ewa-rteLine\">\n<p><strong>Naudojimas:<\/strong><\/p>\n<p>1 \u017eingsnis. U\u017ed\u0117kite sandarinimo dangtel\u012f ant ampul\u0117s galvut\u0117s ir u\u017efiksuokite.<\/p>\n<p>2 \u017eingsnis. Nulau\u017ekite ampul\u0117s galvut\u0119, naudodami dangtel\u012f.<\/p>\n<p>3 \u017eingsnis. U\u017ed\u0117kite la\u0161inimo dangtel\u012f ant ampul\u0117s.<\/p>\n<p>4 \u017eingsnis. Naudojant la\u0161inimo dangtel\u012f paskirstykite ampul\u0117s turin\u012f pagal poreik\u012f. Paskirstykite priemon\u0119 ant odos ir \u0161velniai \u012fmasa\u017euokite.<\/p>\n<p>&nbsp;<\/p>\n<\/div>\n<\/div>\n<\/div>\n","protected":false},"featured_media":13538,"comment_status":"open","ping_status":"closed","template":"","meta":[],"product_brand":[],"product_cat":[43,212],"product_tag":[],"class_list":{"0":"post-13536","1":"product","2":"type-product","3":"status-publish","4":"has-post-thumbnail","6":"product_cat-grozis","7":"product_cat-veido-prieziuros-priemones","9":"first","10":"instock","11":"taxable","12":"shipping-taxable","13":"purchasable","14":"product-type-simple"},"_links":{"self":[{"href":"https:\/\/thequeenhouse.co.uk\/lt\/wp-json\/wp\/v2\/product\/13536","targetHints":{"allow":["GET"]}}],"collection":[{"href":"https:\/\/thequeenhouse.co.uk\/lt\/wp-json\/wp\/v2\/product"}],"about":[{"href":"https:\/\/thequeenhouse.co.uk\/lt\/wp-json\/wp\/v2\/types\/product"}],"replies":[{"embeddable":true,"href":"https:\/\/thequeenhouse.co.uk\/lt\/wp-json\/wp\/v2\/comments?post=13536"}],"wp:featuredmedia":[{"embeddable":true,"href":"https:\/\/thequeenhouse.co.uk\/lt\/wp-json\/wp\/v2\/media\/13538"}],"wp:attachment":[{"href":"https:\/\/thequeenhouse.co.uk\/lt\/wp-json\/wp\/v2\/media?parent=13536"}],"wp:term":[{"taxonomy":"product_brand","embeddable":true,"href":"https:\/\/thequeenhouse.co.uk\/lt\/wp-json\/wp\/v2\/product_brand?post=13536"},{"taxonomy":"product_cat","embeddable":true,"href":"https:\/\/thequeenhouse.co.uk\/lt\/wp-json\/wp\/v2\/product_cat?post=13536"},{"taxonomy":"product_tag","embeddable":true,"href":"https:\/\/thequeenhouse.co.uk\/lt\/wp-json\/wp\/v2\/product_tag?post=13536"}],"curies":[{"name":"wp","href":"https:\/\/api.w.org\/{rel}","templated":true}]}}