{"id":13565,"date":"2025-02-07T11:26:32","date_gmt":"2025-02-07T10:26:32","guid":{"rendered":"https:\/\/thequeenhouse.co.uk\/?post_type=product&#038;p=13565"},"modified":"2025-02-28T18:56:24","modified_gmt":"2025-02-28T17:56:24","slug":"sla-paris-biri-pudra-su-hialurono-rugstimi-10g-copy-2","status":"publish","type":"product","link":"https:\/\/thequeenhouse.co.uk\/lt\/produktas\/sla-paris-biri-pudra-su-hialurono-rugstimi-10g-copy-2\/","title":{"rendered":"SLA PARIS Kreminis Makia\u017eo Pagrindas &#8211; ULTIMATE COVER RADIANCE BEIGE NATURAL (771-04), 30ml"},"content":{"rendered":"<p><strong>SLA &#8211; Auk\u0161to maskavimo lygio kreminis makia\u017eo pagrindas<\/strong><\/p>\n<p>\u0160is kreminis makia\u017eo pagrindas u\u017etikrina itin stipr\u0173 maskavim\u0105, lengvai ir visi\u0161kai paslepia visus odos netobulumus, ta\u010diau nesuteikia kauk\u0117s efekto. Veidas i\u0161lieka matinis, ta\u010diau kartu i\u0161laiko nat\u016bral\u0173 \u0161vyt\u0117jim\u0105.<\/p>\n<p>&nbsp;<\/p>\n<p><strong>Kod\u0117l verta rinktis \u0161\u012f makia\u017eo pagrind\u0105?<\/strong><\/p>\n<p>\u2714 Auk\u0161tas maskavimas \u2013 tolygiai paslepia visus tr\u016bkumus vos vienu pot\u0117piu.<\/p>\n<p>\u2714 Nat\u016bralus efektas \u2013 nesudaro kauk\u0117s poj\u016b\u010dio, oda atrodo sveikai \u0161vytinti.<\/p>\n<p>\u2714 Ilgai i\u0161liekantis \u2013 atsparus vandeniui, i\u0161silaiko iki 24 valand\u0173.<\/p>\n<p>\u2714 Lengva ir \u0161velni tekst\u016bra \u2013 praturtintas nat\u016braliais aliejais, tod\u0117l oda jau\u010diasi patogiai vis\u0105 dien\u0105.<\/p>\n<p>\u2714 Tobulas fotosesijoms ir filmavimams \u2013 suteikia \u201ePhotoshop\u201c efekt\u0105 be papildomos korekcijos.<\/p>\n<p>&nbsp;<\/p>\n<p><strong>Kaip naudoti?<\/strong><\/p>\n<ul>\n<li>Lengvesniam padengimui \u2013 tepkite \u0161epet\u0117liu, kad i\u0161gautum\u0117te nat\u016bral\u0173 efekt\u0105.<\/li>\n<li>Stipriam maskavimui \u2013 naudokite makia\u017eo kempin\u0117l\u0119 (Blender\u012f), kad pasiektum\u0117te maksimal\u0173 u\u017emaskavim\u0105.<\/li>\n<\/ul>\n<p>&nbsp;<\/p>\n<p><strong>Pasiekite tobul\u0105 odos i\u0161vaizd\u0105 su auk\u0161tos kokyb\u0117s kreminiu makia\u017eo pagrindu, kuris suteikia ilgalaik\u012f, nepriekai\u0161ting\u0105 rezultat\u0105 be papildom\u0173 korekcij\u0173!<\/strong><\/p>\n<p>&nbsp;<\/p>\n<p>Pagaminta Prancuzijoje &#8211; Paris<\/p>\n","protected":false},"excerpt":{"rendered":"<p><strong>*** I\u0160ANKSTINIS U\u017dSAKYMAS &#8211; U\u017dSAKYM\u0172 VYKDYMAS IR SIUNTIMAS NUO VASARIO 21 D. ***<\/strong><\/p>\n<p><strong>SLA &#8211; Auk\u0161to maskavimo lygio kreminis makia\u017eo pagrindas<\/strong><\/p>\n<p>\u0160is kreminis makia\u017eo pagrindas u\u017etikrina itin stipr\u0173 maskavim\u0105, lengvai ir visi\u0161kai paslepia visus odos netobulumus, ta\u010diau nesuteikia kauk\u0117s efekto. Veidas i\u0161lieka matinis, ta\u010diau kartu i\u0161laiko nat\u016bral\u0173 \u0161vyt\u0117jim\u0105.<\/p>\n<p>&nbsp;<\/p>\n<p><strong>Kod\u0117l verta rinktis \u0161\u012f makia\u017eo pagrind\u0105?<\/strong><\/p>\n<p>\u2714 Auk\u0161tas maskavimas \u2013 tolygiai paslepia visus tr\u016bkumus vos vienu pot\u0117piu.<\/p>\n<p>\u2714 Nat\u016bralus efektas \u2013 nesudaro kauk\u0117s poj\u016b\u010dio, oda atrodo sveikai \u0161vytinti.<\/p>\n<p>\u2714 Ilgai i\u0161liekantis \u2013 atsparus vandeniui, i\u0161silaiko iki 24 valand\u0173.<\/p>\n<p>\u2714 Lengva ir \u0161velni tekst\u016bra \u2013 praturtintas nat\u016braliais aliejais, tod\u0117l oda jau\u010diasi patogiai vis\u0105 dien\u0105.<\/p>\n<p>\u2714 Tobulas fotosesijoms ir filmavimams \u2013 suteikia \u201ePhotoshop\u201c efekt\u0105 be papildomos korekcijos.<\/p>\n<p>&nbsp;<\/p>\n<p>&nbsp;<\/p>\n","protected":false},"featured_media":13569,"comment_status":"open","ping_status":"closed","template":"","meta":[],"product_brand":[],"product_cat":[312,43],"product_tag":[],"class_list":{"0":"post-13565","1":"product","2":"type-product","3":"status-publish","4":"has-post-thumbnail","6":"product_cat-dekoratyvine-kosmetika","7":"product_cat-grozis","9":"first","10":"outofstock","11":"taxable","12":"shipping-taxable","13":"purchasable","14":"product-type-simple"},"_links":{"self":[{"href":"https:\/\/thequeenhouse.co.uk\/lt\/wp-json\/wp\/v2\/product\/13565","targetHints":{"allow":["GET"]}}],"collection":[{"href":"https:\/\/thequeenhouse.co.uk\/lt\/wp-json\/wp\/v2\/product"}],"about":[{"href":"https:\/\/thequeenhouse.co.uk\/lt\/wp-json\/wp\/v2\/types\/product"}],"replies":[{"embeddable":true,"href":"https:\/\/thequeenhouse.co.uk\/lt\/wp-json\/wp\/v2\/comments?post=13565"}],"wp:featuredmedia":[{"embeddable":true,"href":"https:\/\/thequeenhouse.co.uk\/lt\/wp-json\/wp\/v2\/media\/13569"}],"wp:attachment":[{"href":"https:\/\/thequeenhouse.co.uk\/lt\/wp-json\/wp\/v2\/media?parent=13565"}],"wp:term":[{"taxonomy":"product_brand","embeddable":true,"href":"https:\/\/thequeenhouse.co.uk\/lt\/wp-json\/wp\/v2\/product_brand?post=13565"},{"taxonomy":"product_cat","embeddable":true,"href":"https:\/\/thequeenhouse.co.uk\/lt\/wp-json\/wp\/v2\/product_cat?post=13565"},{"taxonomy":"product_tag","embeddable":true,"href":"https:\/\/thequeenhouse.co.uk\/lt\/wp-json\/wp\/v2\/product_tag?post=13565"}],"curies":[{"name":"wp","href":"https:\/\/api.w.org\/{rel}","templated":true}]}}