{"id":13583,"date":"2025-02-07T12:03:06","date_gmt":"2025-02-07T11:03:06","guid":{"rendered":"https:\/\/thequeenhouse.co.uk\/?post_type=product&#038;p=13583"},"modified":"2025-02-07T12:06:45","modified_gmt":"2025-02-07T11:06:45","slug":"elegantiskos-nerudijancio-plieno-sidabrines-sampano-taures-2-vnt-rinkinys-280-ml-copy","status":"publish","type":"product","link":"https:\/\/thequeenhouse.co.uk\/lt\/produktas\/elegantiskos-nerudijancio-plieno-sidabrines-sampano-taures-2-vnt-rinkinys-280-ml-copy\/","title":{"rendered":"Eleganti\u0161kos Ner\u016bdijan\u010dio Plieno AUKSINES \u0161ampano taur\u0117s \u2013 2 vnt. rinkinys (280 ml)"},"content":{"rendered":"<p><strong>Pagrindin\u0117s savyb\u0117s:<\/strong><\/p>\n<p>\u2022 Auk\u0161tos kokyb\u0117s ner\u016bdijantis plienas \u2013 u\u017etikrina ilgaam\u017ei\u0161kum\u0105 ir eleganti\u0161k\u0105, poliruot\u0105 apdail\u0105.<br \/>\n\u2022 Eleganti\u0161kas ir modernus dizainas \u2013 laikui nepavaldi forma su auk\u0161tu, grak\u0161\u010diu profiliu, kad \u0161ampanas atskleist\u0173 geriausias savo savybes.<br \/>\n\u2022 Galima rinktis i\u0161 3 prabangi\u0173 spalv\u0173:<br \/>\n\u2022 Klasikin\u0117 sidabrin\u0117 \u2013 nesenstanti ir universali.<br \/>\n\u2022 Dr\u0105si juoda \u2013 moderni ir rafinuota.<br \/>\n\u2022 Prabangi auksin\u0117 \u2013 suteikia ypating\u0105 i\u0161skirtinum\u0105.<br \/>\n\u2022 Atsparios d\u016b\u017eiams ir patvarios \u2013 skirtingai nei tradicin\u0117s stiklin\u0117s taur\u0117s, \u0161ios ner\u016bdijan\u010dio plieno \u0161ampano taur\u0117s yra atsparios sm\u016bgiams, tod\u0117l jos puikiai tinka tiek naudojimui namuose, tiek lauke.<br \/>\n\u2022 Puiki dovana \u2013 pateikiamos dviej\u0173 tauri\u0173 rinkinyje, gra\u017eioje dovan\u0173 d\u0117\u017eut\u0117je, tod\u0117l tai idealus pasirinkimas vestuv\u0117ms, jubiliejams, \u012fkurtuv\u0117ms ar bet kuriai kitai ypatingai progai.<br \/>\n\u2022 Rekomenduojama plauti rankomis \u2013 lengvai valomos, i\u0161laikant nepriekai\u0161ting\u0105 j\u0173 i\u0161vaizd\u0105 daugel\u012f met\u0173.<\/p>\n<p>Patobulinkite savo \u0161ampano ragavimo patirt\u012f su \u0161iomis stilingomis, eleganti\u0161komis ir patvariomis taur\u0117mis, kurios puikiai tiks bet kokiai progai!<\/p>\n","protected":false},"excerpt":{"rendered":"<p>\u0160v\u0119skite stilingai su \u0161iomis prabangiomis ner\u016bdijan\u010dio plieno <i><strong>AUKSINES<\/strong> <\/i><strong>\u0161ampano taur\u0117mis,<\/strong> kurios sukurtos elegancijai ir ilgaam\u017ei\u0161kumui. Kiekviena taur\u0117 talpina 280 ml j\u016bs\u0173 m\u0117gstamo putojan\u010dio g\u0117rimo, tod\u0117l jos puikiai tinka ypatingoms progoms, eleganti\u0161koms vakarien\u0117ms ar kasdieniam prabangos poj\u016b\u010diui.<\/p>\n","protected":false},"featured_media":13585,"comment_status":"open","ping_status":"closed","template":"","meta":[],"product_brand":[],"product_cat":[44,315],"product_tag":[],"class_list":{"0":"post-13583","1":"product","2":"type-product","3":"status-publish","4":"has-post-thumbnail","6":"product_cat-namams","7":"product_cat-namu-dekoracijos","9":"first","10":"instock","11":"taxable","12":"shipping-taxable","13":"purchasable","14":"product-type-simple"},"_links":{"self":[{"href":"https:\/\/thequeenhouse.co.uk\/lt\/wp-json\/wp\/v2\/product\/13583","targetHints":{"allow":["GET"]}}],"collection":[{"href":"https:\/\/thequeenhouse.co.uk\/lt\/wp-json\/wp\/v2\/product"}],"about":[{"href":"https:\/\/thequeenhouse.co.uk\/lt\/wp-json\/wp\/v2\/types\/product"}],"replies":[{"embeddable":true,"href":"https:\/\/thequeenhouse.co.uk\/lt\/wp-json\/wp\/v2\/comments?post=13583"}],"wp:featuredmedia":[{"embeddable":true,"href":"https:\/\/thequeenhouse.co.uk\/lt\/wp-json\/wp\/v2\/media\/13585"}],"wp:attachment":[{"href":"https:\/\/thequeenhouse.co.uk\/lt\/wp-json\/wp\/v2\/media?parent=13583"}],"wp:term":[{"taxonomy":"product_brand","embeddable":true,"href":"https:\/\/thequeenhouse.co.uk\/lt\/wp-json\/wp\/v2\/product_brand?post=13583"},{"taxonomy":"product_cat","embeddable":true,"href":"https:\/\/thequeenhouse.co.uk\/lt\/wp-json\/wp\/v2\/product_cat?post=13583"},{"taxonomy":"product_tag","embeddable":true,"href":"https:\/\/thequeenhouse.co.uk\/lt\/wp-json\/wp\/v2\/product_tag?post=13583"}],"curies":[{"name":"wp","href":"https:\/\/api.w.org\/{rel}","templated":true}]}}