{"id":13588,"date":"2025-02-13T18:38:05","date_gmt":"2025-02-13T17:38:06","guid":{"rendered":"https:\/\/thequeenhouse.co.uk\/?post_type=product&#038;p=13588"},"modified":"2025-02-13T18:45:20","modified_gmt":"2025-02-13T17:45:20","slug":"elegantiskos-nerudijancio-plieno-auksines-sampano-taures-2-vnt-rinkinys-280-ml-copy","status":"publish","type":"product","link":"https:\/\/thequeenhouse.co.uk\/lt\/produktas\/elegantiskos-nerudijancio-plieno-auksines-sampano-taures-2-vnt-rinkinys-280-ml-copy\/","title":{"rendered":"Dekoratyvinis\/Veidui Rank\u0161luostukas &#8211; Flamingai \u2013 Problemos kartu!"},"content":{"rendered":"<p>Dekoratyvinis\/Veidui rank\u0161luostukas &#8211; Flamingai \u2013 Problemos kartu!<\/p>\n<p>Dydis: 60 cm x 40 cm<\/p>\n<p><strong>Ie\u0161kote mielos ir stilingos mini dovan\u0117l\u0117s savo mylimai draugei?<\/strong> \u0160is dekoratyvinis rank\u0161luostukas su <strong>\u017eaismingu flaming\u0173 dizainu ir humoristine fraze \u2013 puikus pasirinkimas!<\/strong><br \/>\n\u2022 Unikalus dizainas: Du eleganti\u0161ki flamingai, simbolizuojantys draugyst\u0119 ir linksmus nuotykius kartu.<br \/>\n\u2022 Universali paskirtis: Puikiai tinka veidui arba kaip dekoratyvin\u0117 detal\u0117 j\u016bs\u0173 namams.<br \/>\n\u2022 Puiki dovana: Tai ne tik stilinga, bet ir prasminga staigmena, priminsianti apie j\u016bs\u0173 ypating\u0105 ry\u0161\u012f.<\/p>\n<p>Papuo\u0161kite savo ar draug\u0117s erdv\u0119 \u0161iuo \u017eaviu rank\u0161luostuku!<\/p>\n","protected":false},"excerpt":{"rendered":"<p>Dekoratyvinis rank\u0161luostukas \u201eFlamingai \u2013 Problemos kartu!\u201c<\/p>\n<p>Dydis: 60 cm x 40 cm<\/p>\n<p><strong>Ie\u0161kote mielos ir stilingos mini dovan\u0117l\u0117s savo mylimai draugei?<\/strong> \u0160is dekoratyvinis rank\u0161luostukas su <strong>\u017eaismingu flaming\u0173 dizainu ir humoristine fraze \u2013 puikus pasirinkimas!<\/strong><br \/>\n\u2022 Unikalus dizainas: Du eleganti\u0161ki flamingai, simbolizuojantys draugyst\u0119 ir linksmus nuotykius kartu.<br \/>\n\u2022 Universali paskirtis: Puikiai tinka veidui arba kaip dekoratyvin\u0117 detal\u0117 j\u016bs\u0173 namams.<br \/>\n\u2022 Puiki dovana: Tai ne tik stilinga, bet ir prasminga staigmena, priminsianti apie j\u016bs\u0173 ypating\u0105 ry\u0161\u012f.<\/p>\n<p>Papuo\u0161kite savo ar draug\u0117s erdv\u0119 \u0161iuo \u017eaviu rank\u0161luostuku!<\/p>\n","protected":false},"featured_media":13592,"comment_status":"open","ping_status":"closed","template":"","meta":[],"product_brand":[],"product_cat":[312,43,44],"product_tag":[],"class_list":{"0":"post-13588","1":"product","2":"type-product","3":"status-publish","4":"has-post-thumbnail","6":"product_cat-dekoratyvine-kosmetika","7":"product_cat-grozis","8":"product_cat-namams","10":"first","11":"instock","12":"taxable","13":"shipping-taxable","14":"purchasable","15":"product-type-simple"},"_links":{"self":[{"href":"https:\/\/thequeenhouse.co.uk\/lt\/wp-json\/wp\/v2\/product\/13588","targetHints":{"allow":["GET"]}}],"collection":[{"href":"https:\/\/thequeenhouse.co.uk\/lt\/wp-json\/wp\/v2\/product"}],"about":[{"href":"https:\/\/thequeenhouse.co.uk\/lt\/wp-json\/wp\/v2\/types\/product"}],"replies":[{"embeddable":true,"href":"https:\/\/thequeenhouse.co.uk\/lt\/wp-json\/wp\/v2\/comments?post=13588"}],"wp:featuredmedia":[{"embeddable":true,"href":"https:\/\/thequeenhouse.co.uk\/lt\/wp-json\/wp\/v2\/media\/13592"}],"wp:attachment":[{"href":"https:\/\/thequeenhouse.co.uk\/lt\/wp-json\/wp\/v2\/media?parent=13588"}],"wp:term":[{"taxonomy":"product_brand","embeddable":true,"href":"https:\/\/thequeenhouse.co.uk\/lt\/wp-json\/wp\/v2\/product_brand?post=13588"},{"taxonomy":"product_cat","embeddable":true,"href":"https:\/\/thequeenhouse.co.uk\/lt\/wp-json\/wp\/v2\/product_cat?post=13588"},{"taxonomy":"product_tag","embeddable":true,"href":"https:\/\/thequeenhouse.co.uk\/lt\/wp-json\/wp\/v2\/product_tag?post=13588"}],"curies":[{"name":"wp","href":"https:\/\/api.w.org\/{rel}","templated":true}]}}