{"id":13597,"date":"2025-02-13T18:57:56","date_gmt":"2025-02-13T17:57:56","guid":{"rendered":"https:\/\/thequeenhouse.co.uk\/?post_type=product&#038;p=13597"},"modified":"2025-02-13T19:14:50","modified_gmt":"2025-02-13T18:14:50","slug":"dekoratyvinis-veidui-ranksluostukas-flamingai-problemos-kartu-copy","status":"publish","type":"product","link":"https:\/\/thequeenhouse.co.uk\/lt\/produktas\/dekoratyvinis-veidui-ranksluostukas-flamingai-problemos-kartu-copy\/","title":{"rendered":"Vonios Burbulai \u201eStrawberry Cheesecake\u201c"},"content":{"rendered":"<p>\u2728 Kod\u0117l verta i\u0161bandyti?<\/p>\n<p>\u2714 Svaiginantis aromatas \u2013 saldus bra\u0161kinio s\u016brio pyrago kvapas pavers j\u016bs\u0173 vonios laik\u0105 tikra SPA patirtimi.<\/p>\n<p>\u2714 Odos prie\u017ei\u016bra \u2013 sud\u0117tyje esantis kakavos sviestas (Theobroma Cacao) dr\u0117kina ir maitina od\u0105.<\/p>\n<p>\u2714 Nat\u016brali sud\u0117tis \u2013 be joki\u0173 nereikaling\u0173 chemikal\u0173, pagaminta su soda ir citrinos r\u016bg\u0161timi, kad vonia tapt\u0173 putojanti ir atgaivinanti.<\/p>\n<p>\u2714 100% VEGAN \u2013 be gyv\u016bnin\u0117s kilm\u0117s ingredient\u0173, netestuota su gyv\u016bnais!<\/p>\n<p>\u2714 Pagaminta Jungtin\u0117je Karalyst\u0117je (Made in UK) \u2013 auk\u0161\u010diausia kokyb\u0117, kuria galite pasitik\u0117ti.<\/p>\n<p>&nbsp;<\/p>\n<p>Tiesiog \u012fmeskite burbul\u0105 \u012f \u0161ilt\u0105 vanden\u012f, steb\u0117kite jo \u017eaving\u0105 tirpim\u0105 ir m\u0117gaukit\u0117s nepaprastu kvapu bei mink\u0161ta oda po maudyni\u0173.<\/p>\n<p>&nbsp;<\/p>\n<p>\u2764\ufe0f Atrodo kaip skaniausios spurgos, bet skirta j\u016bs\u0173 vonios ritualams \u2013 i\u0161bandykite jau dabar! \u2764\ufe0f<\/p>\n","protected":false},"excerpt":{"rendered":"<p><strong>Vonios burbulai \u201eStrawberry Cheesecake\u201c \u2013 saldus malonumas j\u016bs\u0173 k\u016bnui!<\/strong><\/p>\n<p>\u0160ie vonios burbulai atrodo lyg pa\u010dios skaniausios spurgos, ta\u010diau vietoj to, kad jas suvalgytum\u0117te, leiskite joms lepinti j\u016bs\u0173 od\u0105 ir poj\u016b\u010dius kvapnioje, atpalaiduojan\u010dioje vonioje.<\/p>\n","protected":false},"featured_media":13601,"comment_status":"open","ping_status":"closed","template":"","meta":[],"product_brand":[],"product_cat":[43,212],"product_tag":[],"class_list":{"0":"post-13597","1":"product","2":"type-product","3":"status-publish","4":"has-post-thumbnail","6":"product_cat-grozis","7":"product_cat-veido-prieziuros-priemones","9":"first","10":"instock","11":"taxable","12":"shipping-taxable","13":"purchasable","14":"product-type-simple"},"_links":{"self":[{"href":"https:\/\/thequeenhouse.co.uk\/lt\/wp-json\/wp\/v2\/product\/13597","targetHints":{"allow":["GET"]}}],"collection":[{"href":"https:\/\/thequeenhouse.co.uk\/lt\/wp-json\/wp\/v2\/product"}],"about":[{"href":"https:\/\/thequeenhouse.co.uk\/lt\/wp-json\/wp\/v2\/types\/product"}],"replies":[{"embeddable":true,"href":"https:\/\/thequeenhouse.co.uk\/lt\/wp-json\/wp\/v2\/comments?post=13597"}],"wp:featuredmedia":[{"embeddable":true,"href":"https:\/\/thequeenhouse.co.uk\/lt\/wp-json\/wp\/v2\/media\/13601"}],"wp:attachment":[{"href":"https:\/\/thequeenhouse.co.uk\/lt\/wp-json\/wp\/v2\/media?parent=13597"}],"wp:term":[{"taxonomy":"product_brand","embeddable":true,"href":"https:\/\/thequeenhouse.co.uk\/lt\/wp-json\/wp\/v2\/product_brand?post=13597"},{"taxonomy":"product_cat","embeddable":true,"href":"https:\/\/thequeenhouse.co.uk\/lt\/wp-json\/wp\/v2\/product_cat?post=13597"},{"taxonomy":"product_tag","embeddable":true,"href":"https:\/\/thequeenhouse.co.uk\/lt\/wp-json\/wp\/v2\/product_tag?post=13597"}],"curies":[{"name":"wp","href":"https:\/\/api.w.org\/{rel}","templated":true}]}}