{"id":13603,"date":"2025-02-13T19:15:49","date_gmt":"2025-02-13T18:15:49","guid":{"rendered":"https:\/\/thequeenhouse.co.uk\/?post_type=product&#038;p=13603"},"modified":"2025-02-13T19:21:49","modified_gmt":"2025-02-13T18:21:49","slug":"vonios-burbulai-strawberry-cheesecake-copy","status":"publish","type":"product","link":"https:\/\/thequeenhouse.co.uk\/lt\/produktas\/vonios-burbulai-strawberry-cheesecake-copy\/","title":{"rendered":"Vonios Burbulai \u201eSugary Sweet Fragrance\u201c"},"content":{"rendered":"<p>\u2728 Kod\u0117l verta i\u0161bandyti?<\/p>\n<p>\u2714 Saldus ir viliojantis aromatas \u2013 lyg tikras cukruotas skan\u0117stas, sukurs jauki\u0105 ir maloni\u0105 atmosfer\u0105.<\/p>\n<p>\u2714 Putojantis malonumas \u2013 steb\u0117kite, kaip burbulas tirpsta ir virsta spalvinga, kvapnia vonia.<\/p>\n<p>\u2714 \u0160velni prie\u017ei\u016bra \u2013 kruop\u0161\u010diai atrinktos sudedamosios dalys u\u017etikrina, kad j\u016bs\u0173 oda po vonios b\u016bt\u0173 \u0161velni ir mink\u0161ta.<\/p>\n<p>\u2714 100% VEGANI\u0160KA IR NETESTUOTA SU GYV\u016aNAIS \u2013 sud\u0117tyje n\u0117ra gyv\u016bnin\u0117s kilm\u0117s ingredient\u0173, produktas draugi\u0161kas gamtai!<\/p>\n<p>\u2714 Pagaminta Jungtin\u0117je Karalyst\u0117je (Made in UK) \u2013 auk\u0161\u010diausia kokyb\u0117, kuria galima pasitik\u0117ti.<\/p>\n<p>&nbsp;<\/p>\n<p>Saugios sudedamosios dalys:<\/p>\n<p>Pagrindin\u0117s sudedamosios dalys: Natrio bikarbonatas, citrinos r\u016bg\u0161tis, vanduo, kvapiosios med\u017eiagos, CI 19140.1 (Geltona 5), benzilo alkoholis.<\/p>\n<p>Dekoratyvin\u0117s detal\u0117s: Cukrus, hidrintas palmi\u0173 branduoli\u0173 aliejus, palmi\u0173 branduoli\u0173 aliejus, palmi\u0173 aliejus, kukur\u016bz\u0173 krakmolas, emulsiklis (E322), nat\u016bral\u016bs da\u017eikliai (E102, E133, E129, burok\u0117li\u0173 sultys, raudon\u0173j\u0173 kop\u016bst\u0173 sultys, anato ekstraktas), glajaus agentai (E965, E466, E903).<\/p>\n<p>&nbsp;<\/p>\n<p>Tiesiog \u012fmeskite burbul\u0105 \u012f \u0161ilt\u0105 vanden\u012f ir leiskite sald\u017eiam kvapui bei putojan\u010diai magijai paversti j\u016bs\u0173 voni\u0105 tikru cukrumi kvepian\u010diu rojumi!<\/p>\n<p>&nbsp;<\/p>\n<p>\u2764\ufe0f Atrodo kaip skaniausia spurga, kvepia kaip svajon\u0117 ir lepina kaip SPA \u2013 i\u0161bandykite jau \u0161iandien! \u2764\ufe0f<\/p>\n","protected":false},"excerpt":{"rendered":"<p><strong>Vonios burbulai \u201eSugary Sweet Fragrance\u201c \u2013 tikras malonumas j\u016bs\u0173 poj\u016b\u010diams!<\/strong><\/p>\n<p>Leiskite sau m\u0117gautis vonios ritualu, kuris primena skaniausius saldumynus! \u0160ie spurgas primenantys vonios burbulai ne tik suteiks voniai smag\u0173 putojim\u0105, bet ir pripildys j\u016bs\u0173 erdv\u0119 sald\u017eiu, svaiginan\u010diu aromatu.<\/p>\n<p>&nbsp;<\/p>\n<p>&nbsp;<\/p>\n","protected":false},"featured_media":13607,"comment_status":"open","ping_status":"closed","template":"","meta":[],"product_brand":[],"product_cat":[43,212],"product_tag":[],"class_list":{"0":"post-13603","1":"product","2":"type-product","3":"status-publish","4":"has-post-thumbnail","6":"product_cat-grozis","7":"product_cat-veido-prieziuros-priemones","9":"first","10":"instock","11":"taxable","12":"shipping-taxable","13":"purchasable","14":"product-type-simple"},"_links":{"self":[{"href":"https:\/\/thequeenhouse.co.uk\/lt\/wp-json\/wp\/v2\/product\/13603","targetHints":{"allow":["GET"]}}],"collection":[{"href":"https:\/\/thequeenhouse.co.uk\/lt\/wp-json\/wp\/v2\/product"}],"about":[{"href":"https:\/\/thequeenhouse.co.uk\/lt\/wp-json\/wp\/v2\/types\/product"}],"replies":[{"embeddable":true,"href":"https:\/\/thequeenhouse.co.uk\/lt\/wp-json\/wp\/v2\/comments?post=13603"}],"wp:featuredmedia":[{"embeddable":true,"href":"https:\/\/thequeenhouse.co.uk\/lt\/wp-json\/wp\/v2\/media\/13607"}],"wp:attachment":[{"href":"https:\/\/thequeenhouse.co.uk\/lt\/wp-json\/wp\/v2\/media?parent=13603"}],"wp:term":[{"taxonomy":"product_brand","embeddable":true,"href":"https:\/\/thequeenhouse.co.uk\/lt\/wp-json\/wp\/v2\/product_brand?post=13603"},{"taxonomy":"product_cat","embeddable":true,"href":"https:\/\/thequeenhouse.co.uk\/lt\/wp-json\/wp\/v2\/product_cat?post=13603"},{"taxonomy":"product_tag","embeddable":true,"href":"https:\/\/thequeenhouse.co.uk\/lt\/wp-json\/wp\/v2\/product_tag?post=13603"}],"curies":[{"name":"wp","href":"https:\/\/api.w.org\/{rel}","templated":true}]}}