{"id":13610,"date":"2025-02-13T19:25:19","date_gmt":"2025-02-13T18:25:19","guid":{"rendered":"https:\/\/thequeenhouse.co.uk\/?post_type=product&#038;p=13610"},"modified":"2025-02-13T20:02:19","modified_gmt":"2025-02-13T19:02:19","slug":"vonios-burbulai-sugary-sweet-fragrance-copy","status":"publish","type":"product","link":"https:\/\/thequeenhouse.co.uk\/lt\/produktas\/vonios-burbulai-sugary-sweet-fragrance-copy\/","title":{"rendered":"Vonios Burbul\u0173 rinkinys \u201eSugary Sweet &#038; Strawberry Cheesecake Duo\u201c"},"content":{"rendered":"<p>Vonios burbul\u0173 <strong>rinkinys<\/strong> \u201eSugary Sweet &amp; Strawberry Cheesecake Duo\u201c \u2013 6 spurg\u0173 malonumas!<\/p>\n<p>&nbsp;<\/p>\n<p><strong>Kam rinktis vien\u0105, jei galite tur\u0117ti abu?<\/strong> \u0160is i\u0161skirtinis 6 vonios burbul\u0173 rinkinys apjungia po tris kiekvieno nepakartojamo kvapo burbulus, suteikdamas jums tobul\u0105 derin\u012f atsipalaidavimui, kvapams ir putojan\u010diai prabangai.<\/p>\n<p>&nbsp;<\/p>\n<p><strong>\u2728 Kas viduje?<\/strong><\/p>\n<p>\u2714 3 x Strawberry Cheesecake \u2013 Saldus bra\u0161kinio s\u016brio pyrago aromatas pavers j\u016bs\u0173 voni\u0105 kremi\u0161ka ir svajinga poilsio oaze.<\/p>\n<p>\u2714 3 x Sugary Sweet Fragrance \u2013 Cukruotas, saldaini\u0173 primenantis kvapas, pripildantis j\u016bs\u0173 vonios laik\u0105 tikro saldumo.<\/p>\n","protected":false},"excerpt":{"rendered":"<p><strong>Kod\u0117l verta rinktis \u0161\u012f rinkin\u012f?<\/strong><\/p>\n<p>\u2714 Atrodo kaip skaniausios spurgos, bet lepina kaip SPA \u2013 kiekvienas burbulas sukurtas priminti viliojan\u010dius desertus, kad maudyn\u0117s b\u016bt\u0173 dar ypatingesn\u0117s.<\/p>\n<p>\u2714 Putojimas ir spalvos \u2013 steb\u0117kite, kaip burbulai tirpsta, sukurdami kvapni\u0105 ir spalving\u0105 vonios patirt\u012f.<\/p>\n<p>\u2714 100% VEGANI\u0160KA IR NETESTUOTA SU GYV\u016aNAIS \u2013 be gyv\u016bnin\u0117s kilm\u0117s ingredient\u0173, draugi\u0161ka aplinkai!<\/p>\n<p>\u2714 Pagaminta Jungtin\u0117je Karalyst\u0117je (Made in UK) \u2013 auk\u0161\u010diausia kokyb\u0117, sukurta r\u016bpestingai, kad vonios ritualas tapt\u0173 ypatingu.<\/p>\n<p>&nbsp;<\/p>\n<p><strong>Saugios sudedamosios dalys:<\/strong><\/p>\n<p>&nbsp;<\/p>\n<p>Pagrindin\u0117s sudedamosios dalys: Natrio bikarbonatas, citrinos r\u016bg\u0161tis, vanduo, kvapiosios med\u017eiagos, da\u017eikliai, od\u0105 puosel\u0117jantys dr\u0117kikliai.<\/p>\n<p>Dekoratyviniai elementai: Cukrus, nat\u016bral\u016bs aliejai, kukur\u016bz\u0173 krakmolas, nat\u016bral\u016bs ekstraktai, glajaus agentai.<\/p>\n<p>&nbsp;<\/p>\n<p>Tiesiog \u012fmeskite burbul\u0105 \u012f \u0161ilt\u0105 vanden\u012f, steb\u0117kite jo putojim\u0105 ir pasinerkite \u012f nepakartojamus kvapus, o j\u016bs\u0173 oda liks \u0161velni ir pamaitinta.<\/p>\n<p>&nbsp;<\/p>\n<p>\u2764\ufe0f Puiki dovana arba sav\u0119s palepinimas \u2013 nes j\u016bs nusipeln\u0117te tikro malonumo! \u2764\ufe0f<\/p>\n<p>&nbsp;<\/p>\n<p>&nbsp;<\/p>\n","protected":false},"featured_media":13612,"comment_status":"open","ping_status":"closed","template":"","meta":[],"product_brand":[],"product_cat":[43,212],"product_tag":[],"class_list":{"0":"post-13610","1":"product","2":"type-product","3":"status-publish","4":"has-post-thumbnail","6":"product_cat-grozis","7":"product_cat-veido-prieziuros-priemones","9":"first","10":"instock","11":"taxable","12":"shipping-taxable","13":"purchasable","14":"product-type-simple"},"_links":{"self":[{"href":"https:\/\/thequeenhouse.co.uk\/lt\/wp-json\/wp\/v2\/product\/13610","targetHints":{"allow":["GET"]}}],"collection":[{"href":"https:\/\/thequeenhouse.co.uk\/lt\/wp-json\/wp\/v2\/product"}],"about":[{"href":"https:\/\/thequeenhouse.co.uk\/lt\/wp-json\/wp\/v2\/types\/product"}],"replies":[{"embeddable":true,"href":"https:\/\/thequeenhouse.co.uk\/lt\/wp-json\/wp\/v2\/comments?post=13610"}],"wp:featuredmedia":[{"embeddable":true,"href":"https:\/\/thequeenhouse.co.uk\/lt\/wp-json\/wp\/v2\/media\/13612"}],"wp:attachment":[{"href":"https:\/\/thequeenhouse.co.uk\/lt\/wp-json\/wp\/v2\/media?parent=13610"}],"wp:term":[{"taxonomy":"product_brand","embeddable":true,"href":"https:\/\/thequeenhouse.co.uk\/lt\/wp-json\/wp\/v2\/product_brand?post=13610"},{"taxonomy":"product_cat","embeddable":true,"href":"https:\/\/thequeenhouse.co.uk\/lt\/wp-json\/wp\/v2\/product_cat?post=13610"},{"taxonomy":"product_tag","embeddable":true,"href":"https:\/\/thequeenhouse.co.uk\/lt\/wp-json\/wp\/v2\/product_tag?post=13610"}],"curies":[{"name":"wp","href":"https:\/\/api.w.org\/{rel}","templated":true}]}}