{"id":13622,"date":"2025-02-28T17:26:01","date_gmt":"2025-02-28T16:26:01","guid":{"rendered":"https:\/\/thequeenhouse.co.uk\/?post_type=product&#038;p=13622"},"modified":"2025-12-28T19:13:24","modified_gmt":"2025-12-28T18:13:24","slug":"biotin-beauty-complex-copy-3","status":"publish","type":"product","link":"https:\/\/thequeenhouse.co.uk\/lt\/produktas\/biotin-beauty-complex-copy-3\/","title":{"rendered":"Biotino kompleksas su Hyalurono r\u016bg\u0161timi"},"content":{"rendered":"<p><strong>Kod\u0117l verta rinktis m\u016bs\u0173 formul\u0119?<\/strong><\/p>\n<p>\u2714 Moksli\u0161kai pagr\u012fsta ir veiksminga sud\u0117tis<\/p>\n<p>\u2714 Visapusi\u0161ka plauk\u0173, odos ir nag\u0173 prie\u017ei\u016bra<\/p>\n<p>\u2714 Auk\u0161tos kokyb\u0117s veikliosios med\u017eiagos<\/p>\n<p>\u2714 Dr\u0117kina, stiprina ir skatina augim\u0105<\/p>\n<p>&nbsp;<\/p>\n<p><strong>Pasiekite stipresnius plaukus, elasting\u0105 od\u0105 ir tvirtus nagus su profesionalia gro\u017eio formul\u0117.<\/strong><\/p>\n<p>&nbsp;<\/p>\n<p><strong>Naudojimas: 2 kapsules per diena<\/strong><\/p>\n<p>&nbsp;<\/p>\n<p><strong>Pagaminta USA<\/strong><\/p>\n","protected":false},"excerpt":{"rendered":"<p><strong>Pa\u017eangus plauk\u0173, odos ir nag\u0173 kompleksas su Hyalurono rugstimi<\/strong><\/p>\n<p>&nbsp;<\/p>\n<p>M\u016bs\u0173 Plauk\u0173, odos ir nag\u0173 kompleksas yra moksliniais tyrimais pagr\u012fstas papildas, skirtas stipresniems plaukams, sveikesnei odai ir tvirtesniems nagams. <strong>Unikali 25 000 mg\u2021 gro\u017eio formul\u0117<\/strong> su biotinu, kolagenu, keratinu, hialurono r\u016bg\u0161timi ir esminiais vitaminais skatina nat\u016bral\u0173 gro\u017e\u012f ir gyvybingum\u0105.<\/p>\n<p>&nbsp;<\/p>\n<p><strong>Pagrindin\u0117s sudedamosios dalys ir nauda:<\/strong><\/p>\n<p>&nbsp;<\/p>\n<p>\u2714 <strong>10 mg hialurono r\u016bg\u0161ties<\/strong> \u2013 stipriai dr\u0117kina od\u0105, gerina elastingum\u0105 ir ma\u017eina smulkias rauk\u0161les.<\/p>\n<p>\u2714 <strong>Biotinas (5 000 mcg)<\/strong> \u2013 skatina keratino gamyb\u0105, padeda stiprinti plaukus ir nagus.<\/p>\n<p>\u2714 <strong>Hidrolizuotas kolagenas ir keratinas<\/strong> \u2013 stiprina plauk\u0173 strukt\u016br\u0105, gerina odos stangrum\u0105 ir elastingum\u0105.<\/p>\n<p>\u2714 <strong>Bambuko ekstraktas ir MSM<\/strong> \u2013 turtingi siliciu, padeda stiprinti plaukus, lyginti od\u0105 ir stiprinti nagus.<\/p>\n<p>\u2714<strong> Vitaminai A, D ir B kompleksas<\/strong> \u2013 b\u016btini l\u0105steli\u0173 atsinaujinimui, kolageno sintezei ir odos sveikatai.<\/p>\n<p>\u2714 <strong>Kalcis ir fosforas<\/strong> \u2013 gyvybi\u0161kai svarb\u016bs mineralai, palaikantys kaul\u0173, plauk\u0173 ir nag\u0173 strukt\u016br\u0105.<\/p>\n<p>\u2714<strong> Vynuogi\u0173 s\u0117kl\u0173 ir dilg\u0117li\u0173 ekstraktai<\/strong> \u2013 galingi antioksidantai, saugantys nuo aplinkos poveikio ir suteikiantys odai jaunatvi\u0161k\u0105 spindes\u012f.<\/p>\n<p>&nbsp;<\/p>\n","protected":false},"featured_media":13636,"comment_status":"open","ping_status":"closed","template":"","meta":[],"product_brand":[],"product_cat":[43,215],"product_tag":[],"class_list":{"0":"post-13622","1":"product","2":"type-product","3":"status-publish","4":"has-post-thumbnail","6":"product_cat-grozis","7":"product_cat-vitaminai-ir-papildai","9":"first","10":"instock","11":"taxable","12":"shipping-taxable","13":"purchasable","14":"product-type-simple"},"_links":{"self":[{"href":"https:\/\/thequeenhouse.co.uk\/lt\/wp-json\/wp\/v2\/product\/13622","targetHints":{"allow":["GET"]}}],"collection":[{"href":"https:\/\/thequeenhouse.co.uk\/lt\/wp-json\/wp\/v2\/product"}],"about":[{"href":"https:\/\/thequeenhouse.co.uk\/lt\/wp-json\/wp\/v2\/types\/product"}],"replies":[{"embeddable":true,"href":"https:\/\/thequeenhouse.co.uk\/lt\/wp-json\/wp\/v2\/comments?post=13622"}],"wp:featuredmedia":[{"embeddable":true,"href":"https:\/\/thequeenhouse.co.uk\/lt\/wp-json\/wp\/v2\/media\/13636"}],"wp:attachment":[{"href":"https:\/\/thequeenhouse.co.uk\/lt\/wp-json\/wp\/v2\/media?parent=13622"}],"wp:term":[{"taxonomy":"product_brand","embeddable":true,"href":"https:\/\/thequeenhouse.co.uk\/lt\/wp-json\/wp\/v2\/product_brand?post=13622"},{"taxonomy":"product_cat","embeddable":true,"href":"https:\/\/thequeenhouse.co.uk\/lt\/wp-json\/wp\/v2\/product_cat?post=13622"},{"taxonomy":"product_tag","embeddable":true,"href":"https:\/\/thequeenhouse.co.uk\/lt\/wp-json\/wp\/v2\/product_tag?post=13622"}],"curies":[{"name":"wp","href":"https:\/\/api.w.org\/{rel}","templated":true}]}}