{"id":13686,"date":"2025-03-13T20:43:24","date_gmt":"2025-03-13T19:43:24","guid":{"rendered":"https:\/\/thequeenhouse.co.uk\/?post_type=product&#038;p=13686"},"modified":"2025-11-24T14:13:42","modified_gmt":"2025-11-24T13:13:42","slug":"biotino-kompleksas-su-hyalurono-rugstimi-copy","status":"publish","type":"product","link":"https:\/\/thequeenhouse.co.uk\/lt\/produktas\/biotino-kompleksas-su-hyalurono-rugstimi-copy\/","title":{"rendered":"Karalien\u0117s &#8211; Plaulk\u0173 serumas nuo slinkimo 30ml"},"content":{"rendered":"<p><strong>Queen Biotin Plauk\u0173 Augimo Serumas \u2013 Stipresniems, Sveikesniems ir Blizgesniems Plaukams<\/strong><\/p>\n<p>Atraskite Queen Biotin plauk\u0173 augimo serum\u0105 \u2013 <strong>prabang\u0173, maitinant\u012f eliksyr\u0105, sukurt\u0105 kovoti su plauk\u0173 slinkimu, stiprinti sruogas ir suteikti plaukams tankumo, \u017evilgesio bei sveikatos<\/strong>. \u0160is pa\u017eangus serumas, praturtintas biotinu, vitaminu E, vitaminu B5 ir keratinu, maitina galvos od\u0105 ir atgaivina plaukus nuo \u0161akn\u0173 iki galiuk\u0173.<\/p>\n<p>&nbsp;<\/p>\n<p><strong>Kod\u0117l verta rinktis Queen Biotin serum\u0105?<\/strong><\/p>\n<p>\u2714 Skatina plauk\u0173 augim\u0105 ir ma\u017eina slinkim\u0105 \u2013 Biotinas, Trippetide-10 ir Trippetide-1 stiprina plauk\u0173 folikulus ir skatina greitesn\u012f augim\u0105.<\/p>\n<p>\u2714 Pantenolis &#8211; intensyvi dr\u0117gm\u0117 &amp; Apsauga &#8211; D-pantenolis (Pro-vitaminas B5) yra giliai dr\u0117kinantis ingredientas, palaikantis plauk\u0173 dr\u0117gm\u0117s balans\u0105, tuo pa\u010diu apsaugant juos nuo sausumo, l\u016b\u017ein\u0117jimo ir aplinkos \u017ealos. Jis palieka plaukus mink\u0161tus, lygius ir elastingesnius.<\/p>\n<p>\u2714 Stiprina ir atkuria \u2013 Hidrolizuoti kvie\u010di\u0173 ir soj\u0173 baltymai kartu su keratinu atstato ir stiprina plaukus, ma\u017eina j\u0173 l\u016b\u017ein\u0117jim\u0105 bei skilin\u0117jim\u0105.<\/p>\n<p>\u2714 Giliai dr\u0117kina ir maitina \u2013 Karali\u0161kasis arbatmed\u017eio ekstraktas, \u0161ilko ekstraktas suteikia intensyv\u0173 dr\u0117kinim\u0105, paliekant plaukus mink\u0161tus, glotnius ir lengvai formuojamus.<\/p>\n<p>\u2714 Ramina ir stiprina galvos od\u0105 \u2013 Nat\u016bral\u016bs ekstraktai, tokie kaip arbatmedis, rozmarinas, amla ir \u010diobreliai, padeda suma\u017einti galvos odos sudirgimus, kovoti su pleiskanomis ir sukurti puiki\u0105 terp\u0119 sveikam plauk\u0173 augimui.<\/p>\n<p>\u2714 Blizgesys ir sveikata \u2013 Vitaminas E, D-Panthenolis (Pro-Vitaminas B5) ir imbiero ekstraktas apsaugo plaukus nuo \u017ealing\u0173 aplinkos veiksni\u0173 ir suteikia jiems nat\u016bral\u0173 \u017evilges\u012f.<\/p>\n<p>&nbsp;<\/p>\n<p><strong>Kaip naudoti?<\/strong><\/p>\n<p>U\u017ela\u0161inkite kelis la\u0161us tiesiai ant galvos odos, \u0161velniai \u012fmasa\u017euokite ir palikite per nakt\u012f. Naudokite 2-3 kartus per savait\u0119 geriausiems rezultatams pasiekti.<\/p>\n<p>&nbsp;<\/p>\n<p><strong>Tinka vis\u0173 tip\u0173 plaukams<\/strong><\/p>\n<p>Nesvarbu, ar j\u016bs\u0173 plaukai sausi, pa\u017eeisti ar ret\u0117jantys \u2013 Queen Biotin Plauk\u0173 Augimo Serumas yra puikus sprendimas, pad\u0117siantis atkurti j\u0173 stiprum\u0105, tankum\u0105 ir nat\u016bral\u0173 \u017evilges\u012f.<\/p>\n<p>&nbsp;<\/p>\n<p><em><strong>Atsisveikinkite su plauk\u0173 slinkimu ir d\u017eiaukit\u0117s stipresniais, pilnesniais ir spindin\u010diais plaukais su Queen Biotin Hair Growth Serumu!<\/strong><\/em><\/p>\n","protected":false},"excerpt":{"rendered":"<p><strong>Queen Biotin Plauk\u0173 Augimo Serumas \u2013 Stipresniems, Sveikesniems ir Blizgesniems Plaukams<\/strong><\/p>\n<p>Atraskite Queen Biotin plauk\u0173 augimo serum\u0105 \u2013 <strong>prabang\u0173, maitinant\u012f eliksyr\u0105, sukurt\u0105 kovoti su plauk\u0173 slinkimu, stiprinti sruogas ir suteikti plaukams tankumo, \u017evilgesio bei sveikatos<\/strong>. \u0160is pa\u017eangus serumas, praturtintas biotinu, vitaminu E, vitaminu B5 ir keratinu, maitina galvos od\u0105 ir atgaivina plaukus nuo \u0161akn\u0173 iki galiuk\u0173.<\/p>\n<p>&nbsp;<\/p>\n<p><strong>Kod\u0117l verta rinktis Queen Biotin serum\u0105?<\/strong><\/p>\n<p>\u2714 Skatina plauk\u0173 augim\u0105 ir ma\u017eina slinkim\u0105 \u2013 Biotinas, Trippetide-10 ir Trippetide-1 stiprina plauk\u0173 folikulus ir skatina greitesn\u012f augim\u0105.<\/p>\n<p>\u2714 Pantenolis &#8211; intensyvi dr\u0117gm\u0117 &amp; Apsauga &#8211; D-pantenolis (Pro-vitaminas B5) yra giliai dr\u0117kinantis ingredientas, palaikantis plauk\u0173 dr\u0117gm\u0117s balans\u0105, tuo pa\u010diu apsaugant juos nuo sausumo, l\u016b\u017ein\u0117jimo ir aplinkos \u017ealos. Jis palieka plaukus mink\u0161tus, lygius ir elastingesnius.<\/p>\n<p>\u2714 Stiprina ir atkuria \u2013 Hidrolizuoti kvie\u010di\u0173 ir soj\u0173 baltymai kartu su keratinu atstato ir stiprina plaukus, ma\u017eina j\u0173 l\u016b\u017ein\u0117jim\u0105 bei skilin\u0117jim\u0105.<\/p>\n<p>\u2714 Giliai dr\u0117kina ir maitina \u2013 Karali\u0161kasis drebu\u010di\u0173 ekstraktas, \u0161ilko ekstraktas ir skvalanas suteikia intensyv\u0173 dr\u0117kinim\u0105, paliekant plaukus mink\u0161tus, glotnius ir lengvai formuojamus.<\/p>\n<p>\u2714 Ramina ir stiprina galvos od\u0105 \u2013 Nat\u016bral\u016bs ekstraktai, tokie kaip arbatmedis, rozmarinas, amla ir \u010diobreliai, padeda suma\u017einti galvos odos sudirgimus, kovoti su pleiskanomis ir sukurti puiki\u0105 terp\u0119 sveikam plauk\u0173 augimui.<\/p>\n<p>\u2714 Blizgesys ir sveikata \u2013 Vitaminas E, D-Panthenolis (Pro-Vitaminas B5) ir imbiero ekstraktas apsaugo plaukus nuo \u017ealing\u0173 aplinkos veiksni\u0173 ir suteikia jiems nat\u016bral\u0173 \u017evilges\u012f.<\/p>\n<p>&nbsp;<\/p>\n<p><strong>Kaip naudoti?<\/strong><\/p>\n<p>U\u017ela\u0161inkite kelis la\u0161us tiesiai ant galvos odos, \u0161velniai \u012fmasa\u017euokite ir palikite per nakt\u012f. Naudokite 2-3 kartus per savait\u0119 geriausiems rezultatams pasiekti.<\/p>\n<p>&nbsp;<\/p>\n<p><strong>Tinka vis\u0173 tip\u0173 plaukams<\/strong><\/p>\n<p>Nesvarbu, ar j\u016bs\u0173 plaukai sausi, pa\u017eeisti ar ret\u0117jantys \u2013 Queen Biotin Plauk\u0173 Augimo Serumas yra puikus sprendimas, pad\u0117siantis atkurti j\u0173 stiprum\u0105, tankum\u0105 ir nat\u016bral\u0173 \u017evilges\u012f.<\/p>\n<p>&nbsp;<\/p>\n<p><em><strong>Atsisveikinkite su plauk\u0173 slinkimu ir d\u017eiaukit\u0117s stipresniais, pilnesniais ir spindin\u010diais plaukais su Queen Biotin Hair Growth Serumu!<\/strong><\/em><\/p>\n","protected":false},"featured_media":13688,"comment_status":"open","ping_status":"closed","template":"","meta":[],"product_brand":[],"product_cat":[173,43,222],"product_tag":[],"class_list":{"0":"post-13686","1":"product","2":"type-product","3":"status-publish","4":"has-post-thumbnail","6":"product_cat-best-sellers-lt","7":"product_cat-grozis","8":"product_cat-plauku-prieziuros-priemones","10":"first","11":"instock","12":"taxable","13":"shipping-taxable","14":"purchasable","15":"product-type-simple"},"_links":{"self":[{"href":"https:\/\/thequeenhouse.co.uk\/lt\/wp-json\/wp\/v2\/product\/13686","targetHints":{"allow":["GET"]}}],"collection":[{"href":"https:\/\/thequeenhouse.co.uk\/lt\/wp-json\/wp\/v2\/product"}],"about":[{"href":"https:\/\/thequeenhouse.co.uk\/lt\/wp-json\/wp\/v2\/types\/product"}],"replies":[{"embeddable":true,"href":"https:\/\/thequeenhouse.co.uk\/lt\/wp-json\/wp\/v2\/comments?post=13686"}],"wp:featuredmedia":[{"embeddable":true,"href":"https:\/\/thequeenhouse.co.uk\/lt\/wp-json\/wp\/v2\/media\/13688"}],"wp:attachment":[{"href":"https:\/\/thequeenhouse.co.uk\/lt\/wp-json\/wp\/v2\/media?parent=13686"}],"wp:term":[{"taxonomy":"product_brand","embeddable":true,"href":"https:\/\/thequeenhouse.co.uk\/lt\/wp-json\/wp\/v2\/product_brand?post=13686"},{"taxonomy":"product_cat","embeddable":true,"href":"https:\/\/thequeenhouse.co.uk\/lt\/wp-json\/wp\/v2\/product_cat?post=13686"},{"taxonomy":"product_tag","embeddable":true,"href":"https:\/\/thequeenhouse.co.uk\/lt\/wp-json\/wp\/v2\/product_tag?post=13686"}],"curies":[{"name":"wp","href":"https:\/\/api.w.org\/{rel}","templated":true}]}}