{"id":13731,"date":"2025-03-18T00:10:26","date_gmt":"2025-03-17T23:10:26","guid":{"rendered":"https:\/\/thequeenhouse.co.uk\/?post_type=product&#038;p=13731"},"modified":"2025-10-25T09:14:15","modified_gmt":"2025-10-25T08:14:15","slug":"bb-secret-cream-12-warm-beige-30-ml-copy","status":"publish","type":"product","link":"https:\/\/thequeenhouse.co.uk\/lt\/produktas\/bb-secret-cream-12-warm-beige-30-ml-copy\/","title":{"rendered":"MIA MAKEUP BB Veido Kremas su Atspalviu &#8211; BB SECRET CREAM 04-LIGHT, 30 ml"},"content":{"rendered":"<p>MIA MAKEUP BB veido kremas su atspalviu nr. 04-LIGHT (\u0161viesesnis) \u2013 puikiai tinka kaip makia\u017eo pagrindas, m\u0117gstan\u010dioms nat\u016brali\u0105 i\u0161vaizd\u0105. Idealiai tinka norin\u010dioms greitai ir lengvai atlikti kasdien\u0119 gro\u017eio rutin\u0105. BB kremas i\u0161lygina odos spalv\u0105, suma\u017eina netobulumus ir dr\u0117kina od\u0105. Jo speciali daugiafunkcin\u0117 kremo pagrindu pagaminta formul\u0117 yra praturtinta mikrokapsuliuotais pigmentais, kurie puikiai prisitaiko prie odos tono, kad rezultatas b\u016bt\u0173 nepriekai\u0161tingai nat\u016bralus. Su patogiu dozatoriumi nepraleisite n\u0117 la\u0161o produkto, o beoris buteliukas u\u017etikrina puik\u0173 produkto i\u0161silaikym\u0105.<\/p>\n<p>Puikiai tinka tiems, kurie nori sudr\u0117kintos ir tolygios i\u0161vaizdos bei labai nat\u016bralaus rezultato.<\/p>\n<p>Naudojimas: tepkite pir\u0161t\u0173 galiukais, \u0161velniai paskirstykite ant \u0161varios veido odos.<\/p>\n<p>Patarimas: MIA MAKEUP BB veido kremas su atspalviu gali b\u016bti naudojamas ant bet kurios k\u016bno vietos norint suteikti tolygesn\u012f odos atspalv\u012f ir lengvai pamaskuoti.<\/p>\n<p><a href=\"https:\/\/shopbysiegel.com\/prekiu-zenklai\/mia-makeup\/\" target=\"_blank\" rel=\"noopener\"><strong>Mia Makeup<\/strong><\/a>\u00a0yra auk\u0161tos kokyb\u0117s kosmetikos sinonimas, sukurta ir pagaminta Italijoje. Prek\u0117s \u017eenklo vertyb\u0117s: meil\u0117 gro\u017eiui, d\u0117mesys detal\u0117ms, aistra, naujov\u0117s ir\u00a0<em>Made in Italy<\/em>\u00a0tradicijos.<\/p>\n<p>Prek\u0117s \u017eenklas yra \u012fsipareigoj\u0119s tiekti tik auk\u0161tos kokyb\u0117s produktus, tausojan\u010dius j\u016bs\u0173 od\u0105 ir aplink\u0105. Naudoja tik kontroliuojamas ir sertifikuotas sudedam\u0105sias dalis, atitinkan\u010dias grie\u017etas ES reglamento nuostatas.<\/p>\n<p><strong>MIA Makeup<\/strong>\u00a0\u2013 tai veido, aki\u0173 ir l\u016bp\u0173 makia\u017eo produktai, kuri\u0173 kiekvienas sukurtas taip, kad atitikt\u0173 kiekvieno odos tipo ir asmenyb\u0117s poreikius. Nuo l\u016bp\u0173 da\u017e\u0173 iki blakstien\u0173 tu\u0161\u0173 \u2013 kiekvienas produktas gaminamas kruop\u0161\u010diai ir d\u0117mesingai detal\u0117ms. Visa tai tam, kad j\u016bs atrodytum\u0117te nepriekai\u0161tingai!<\/p>\n","protected":false},"excerpt":{"rendered":"<p><strong>MIA MAKEUP BB veido kremas su atspalviu<\/strong> nr. 04-LIGHT (\u0161viesesnis) \u2013 puikiai tinka kaip makia\u017eo pagrindas, m\u0117gstan\u010dioms nat\u016brali\u0105 i\u0161vaizd\u0105. Idealiai tinka norin\u010dioms greitai ir lengvai atlikti kasdien\u0119 gro\u017eio rutin\u0105. BB kremas i\u0161lygina odos spalv\u0105, suma\u017eina netobulumus ir dr\u0117kina od\u0105. Jo speciali daugiafunkcin\u0117 kremo pagrindu pagaminta formul\u0117 yra praturtinta mikrokapsuliuotais pigmentais, kurie puikiai prisitaiko prie odos tono, kad rezultatas b\u016bt\u0173 nepriekai\u0161tingai nat\u016bralus. Su patogiu dozatoriumi nepraleisite n\u0117 la\u0161o produkto, o beoris buteliukas u\u017etikrina puik\u0173 produkto i\u0161silaikym\u0105.<\/p>\n<p>Puikiai tinka tiems, kurie nori sudr\u0117kintos ir tolygios i\u0161vaizdos bei labai nat\u016bralaus rezultato.<\/p>\n<p><strong>Naudojimas:<\/strong><\/p>\n<p>Tepkite pir\u0161t\u0173 galiukais, \u0161velniai paskirstykite ant \u0161varios veido odos.<\/p>\n<p><strong>Patarimas:<\/strong><\/p>\n<p>MIA MAKEUP BB veido kremas su atspalviu gali b\u016bti naudojamas ant bet kurios k\u016bno vietos norint suteikti tolygesn\u012f odos atspalv\u012f ir lengvai pamaskuoti.<\/p>\n<p><a href=\"https:\/\/shopbysiegel.com\/prekiu-zenklai\/mia-makeup\/\"><strong>Mia Makeup<\/strong><\/a>\u00a0yra auk\u0161tos kokyb\u0117s kosmetikos sinonimas, sukurta ir pagaminta Italijoje. Prek\u0117s \u017eenklo vertyb\u0117s: meil\u0117 gro\u017eiui, d\u0117mesys detal\u0117ms, aistra, naujov\u0117s ir\u00a0<em>Made in Italy<\/em>\u00a0tradicijos.<\/p>\n<p>Prek\u0117s \u017eenklas yra \u012fsipareigoj\u0119s tiekti tik auk\u0161tos kokyb\u0117s produktus, tausojan\u010dius j\u016bs\u0173 od\u0105 ir aplink\u0105. Naudoja tik kontroliuojamas ir sertifikuotas sudedam\u0105sias dalis, atitinkan\u010dias grie\u017etas ES reglamento nuostatas.<\/p>\n<p><strong>MIA Makeup<\/strong>\u00a0\u2013 tai veido, aki\u0173 ir l\u016bp\u0173 makia\u017eo produktai, kuri\u0173 kiekvienas sukurtas taip, kad atitikt\u0173 kiekvieno odos tipo ir asmenyb\u0117s poreikius. Nuo l\u016bp\u0173 da\u017e\u0173 iki blakstien\u0173 tu\u0161\u0173 \u2013 kiekvienas produktas gaminamas kruop\u0161\u010diai ir d\u0117mesingai detal\u0117ms. Visa tai tam, kad j\u016bs atrodytum\u0117te nepriekai\u0161tingai!<\/p>\n","protected":false},"featured_media":13727,"comment_status":"open","ping_status":"closed","template":"","meta":[],"product_brand":[],"product_cat":[312,43,212],"product_tag":[],"class_list":{"0":"post-13731","1":"product","2":"type-product","3":"status-publish","4":"has-post-thumbnail","6":"product_cat-dekoratyvine-kosmetika","7":"product_cat-grozis","8":"product_cat-veido-prieziuros-priemones","10":"first","11":"instock","12":"taxable","13":"shipping-taxable","14":"purchasable","15":"product-type-simple"},"_links":{"self":[{"href":"https:\/\/thequeenhouse.co.uk\/lt\/wp-json\/wp\/v2\/product\/13731","targetHints":{"allow":["GET"]}}],"collection":[{"href":"https:\/\/thequeenhouse.co.uk\/lt\/wp-json\/wp\/v2\/product"}],"about":[{"href":"https:\/\/thequeenhouse.co.uk\/lt\/wp-json\/wp\/v2\/types\/product"}],"replies":[{"embeddable":true,"href":"https:\/\/thequeenhouse.co.uk\/lt\/wp-json\/wp\/v2\/comments?post=13731"}],"wp:featuredmedia":[{"embeddable":true,"href":"https:\/\/thequeenhouse.co.uk\/lt\/wp-json\/wp\/v2\/media\/13727"}],"wp:attachment":[{"href":"https:\/\/thequeenhouse.co.uk\/lt\/wp-json\/wp\/v2\/media?parent=13731"}],"wp:term":[{"taxonomy":"product_brand","embeddable":true,"href":"https:\/\/thequeenhouse.co.uk\/lt\/wp-json\/wp\/v2\/product_brand?post=13731"},{"taxonomy":"product_cat","embeddable":true,"href":"https:\/\/thequeenhouse.co.uk\/lt\/wp-json\/wp\/v2\/product_cat?post=13731"},{"taxonomy":"product_tag","embeddable":true,"href":"https:\/\/thequeenhouse.co.uk\/lt\/wp-json\/wp\/v2\/product_tag?post=13731"}],"curies":[{"name":"wp","href":"https:\/\/api.w.org\/{rel}","templated":true}]}}