{"id":13746,"date":"2025-03-19T09:22:49","date_gmt":"2025-03-19T08:22:49","guid":{"rendered":"https:\/\/thequeenhouse.co.uk\/?post_type=product&#038;p=13746"},"modified":"2025-03-22T11:57:02","modified_gmt":"2025-03-22T10:57:02","slug":"nici-parfumuotas-minkstiklis-majeste-1000-ml-copy-2","status":"publish","type":"product","link":"https:\/\/thequeenhouse.co.uk\/lt\/produktas\/nici-parfumuotas-minkstiklis-majeste-1000-ml-copy-2\/","title":{"rendered":"SIMITRI Skalbiklis su Probiotikais &#8211; Smoky Cherry 1000ml"},"content":{"rendered":"<p><strong>SIMITRI<\/strong>\u00a0skystas skalbiklis \u2013 tai unikalus auk\u0161\u010diausios kokyb\u0117s produktas, sukurtas siekiant ne tik puikios \u0161varos, bet ir rafinuotos skalbimo patirties. \u0160is skalbiklis gaminamas i\u0161 nat\u016brali\u0173, augalin\u0117s kilm\u0117s \u017ealiav\u0173, kurios u\u017etikrina saug\u0173 ir tvar\u0173 naudojim\u0105, bei praturtintas probiotikais \u2013 gerosiomis bakterijomis, kurios ne tik apsaugo nuo blog\u0173j\u0173 bakterij\u0173, bet ir sukuria sveikesn\u0119 aplink\u0105 j\u016bs\u0173 drabu\u017eiams ir odai.<\/p>\n<p>D\u0117l savo \u0161velnios, ta\u010diau itin veiksmingos sud\u0117ties, SIMITRI skalbiklis efektyviai \u0161alina d\u0117mes, apsaugo audinius nuo nusid\u0117v\u0117jimo ir u\u017etikrina ry\u0161ki\u0173 spalv\u0173 ilgaam\u017ei\u0161kum\u0105. \u0160is skalbiklis idealiai tinka vis\u0173 tip\u0173 ir spalv\u0173 audiniams skalbti tiek \u017eemose, tiek auk\u0161tose temperat\u016brose.<\/p>\n<p><strong>Kvap\u0173 kompozicija \u2013 gundan\u010dio d\u016bmin\u0117s vy\u0161nios aromato harmonija<\/strong><\/p>\n<p>\u0160is skalbiklis apgaubia j\u016bs\u0173 skalbinius jausmingu ir paslaptingu kvapu, kuriame dera egzoti\u0161ka prabanga ir subtili elegancija. Kvap\u0173 natos \u017eavi savo gilumu ir rafinuotumu:<\/p>\n<p>\u2022\u00a0<strong>Vir\u0161utin\u0117s natos:<\/strong>\u00a0i\u0161rai\u0161kingos tamsiosios vy\u0161nios, \u0161afrano prabangos prieskonis ir pikanti\u0161ki juodieji serbentai.<\/p>\n<p>\u2022\u00a0<strong>Vidurin\u0117s natos:<\/strong>\u00a0\u0161ilti migdolai ir prabangi, \u0161velniai d\u016bmin\u0117 odos nata.<\/p>\n<p>\u2022\u00a0<strong>Bazin\u0117s natos:<\/strong>\u00a0sodrus muskusas, kremin\u0117 vanil\u0117 ir subtili medienos \u0161iluma.<\/p>\n<p>Kiekvienas kvapo sluoksnis atsiskleid\u017eia palaipsniui, sukurdamas ilgai i\u0161liekant\u012f ir unikal\u0173 aromat\u0105, kuris alsuoja rafinuotumu ir prabanga.<\/p>\n<p><strong>Naudojimas:<\/strong>\u00a020-30 ml priklausomai nuo skalbini\u0173 u\u017eter\u0161tumo ir vandens kietumo. 4,5 kg vidutini\u0161kai ne\u0161vari\u0173 skalbini\u0173, esant vidutinio kietumo vandeniui, naudokite 20 ml skalbimo skys\u010dio.<\/p>\n<p><strong>Sud\u0117tis:<\/strong>\u00a015-30% augalin\u0117s kilm\u0117s anijonini\u0173 pavir\u0161inio aktyvumo med\u017eiag\u0173, &lt;5% muilo, glicerolis, citrinos r\u016bg\u0161tis, kvap\u0173 kompozicija, konservantas (2- fenoksietanolis), probiotikai.<\/p>\n<p><strong>Pagaminta su meile Lietuvoje<\/strong>, siekiant sukurti produkt\u0105, kuris ne tik i\u0161plauna, bet ir r\u016bpinasi j\u016bs\u0173 aplinka bei gyvenimo kokybe.<\/p>\n","protected":false},"excerpt":{"rendered":"<div class=\"ewa-rteLine\">\n<div class=\"flex-1 overflow-hidden @container\/thread\">\n<div class=\"h-full\">\n<div class=\"react-scroll-to-bottom--css-cqnaz-79elbk h-full\">\n<div class=\"react-scroll-to-bottom--css-cqnaz-1n7m0yu\">\n<div class=\"flex flex-col text-sm md:pb-9\">\n<article class=\"w-full scroll-mb-[var(--thread-trailing-height,150px)] text-token-text-primary focus-visible:outline-2 focus-visible:outline-offset-[-4px]\" dir=\"auto\" data-testid=\"conversation-turn-153\" data-scroll-anchor=\"true\">\n<div class=\"m-auto text-base py-[18px] px-3 md:px-4 w-full md:px-5 lg:px-4 xl:px-5\">\n<div class=\"mx-auto flex flex-1 gap-4 text-base md:gap-5 lg:gap-6 md:max-w-3xl lg:max-w-[40rem] xl:max-w-[48rem]\">\n<div class=\"group\/conversation-turn relative flex w-full min-w-0 flex-col agent-turn\">\n<div class=\"flex-col gap-1 md:gap-3\">\n<div class=\"flex max-w-full flex-col flex-grow\">\n<div class=\"min-h-8 text-message flex w-full flex-col items-end gap-2 whitespace-normal break-words text-start [.text-message+&amp;]:mt-5\" dir=\"auto\" data-message-author-role=\"assistant\" data-message-id=\"76f4b7a4-55a9-404c-9681-40cb7cf93789\" data-message-model-slug=\"gpt-4o\">\n<div class=\"flex w-full flex-col gap-1 empty:hidden first:pt-[3px]\">\n<div class=\"markdown prose w-full break-words dark:prose-invert light\">\n<div class=\"ewa-rteLine\">\n<p><strong>SIMITRI<\/strong>\u00a0skystas skalbiklis \u2013 tai unikalus auk\u0161\u010diausios kokyb\u0117s produktas, sukurtas siekiant ne tik puikios \u0161varos, bet ir rafinuotos skalbimo patirties. \u0160is skalbiklis gaminamas i\u0161 nat\u016brali\u0173, augalin\u0117s kilm\u0117s \u017ealiav\u0173, kurios u\u017etikrina saug\u0173 ir tvar\u0173 naudojim\u0105, bei praturtintas probiotikais \u2013 gerosiomis bakterijomis, kurios ne tik apsaugo nuo blog\u0173j\u0173 bakterij\u0173, bet ir sukuria sveikesn\u0119 aplink\u0105 j\u016bs\u0173 drabu\u017eiams ir odai.<\/p>\n<p>D\u0117l savo \u0161velnios, ta\u010diau itin veiksmingos sud\u0117ties, SIMITRI skalbiklis efektyviai \u0161alina d\u0117mes, apsaugo audinius nuo nusid\u0117v\u0117jimo ir u\u017etikrina ry\u0161ki\u0173 spalv\u0173 ilgaam\u017ei\u0161kum\u0105. \u0160is skalbiklis idealiai tinka vis\u0173 tip\u0173 ir spalv\u0173 audiniams skalbti tiek \u017eemose, tiek auk\u0161tose temperat\u016brose.<\/p>\n<p><strong>Kvap\u0173 kompozicija \u2013 gundan\u010dio d\u016bmin\u0117s vy\u0161nios aromato harmonija<\/strong><\/p>\n<p>\u0160is skalbiklis apgaubia j\u016bs\u0173 skalbinius jausmingu ir paslaptingu kvapu, kuriame dera egzoti\u0161ka prabanga ir subtili elegancija. Kvap\u0173 natos \u017eavi savo gilumu ir rafinuotumu:<\/p>\n<p>\u2022\u00a0<strong>Vir\u0161utin\u0117s natos:<\/strong>\u00a0i\u0161rai\u0161kingos tamsiosios vy\u0161nios, \u0161afrano prabangos prieskonis ir pikanti\u0161ki juodieji serbentai.<\/p>\n<p>\u2022\u00a0<strong>Vidurin\u0117s natos:<\/strong>\u00a0\u0161ilti migdolai ir prabangi, \u0161velniai d\u016bmin\u0117 odos nata.<\/p>\n<p>\u2022\u00a0<strong>Bazin\u0117s natos:<\/strong>\u00a0sodrus muskusas, kremin\u0117 vanil\u0117 ir subtili medienos \u0161iluma.<\/p>\n<p>Kiekvienas kvapo sluoksnis atsiskleid\u017eia palaipsniui, sukurdamas ilgai i\u0161liekant\u012f ir unikal\u0173 aromat\u0105, kuris alsuoja rafinuotumu ir prabanga.<\/p>\n<p><strong>Naudojimas:<\/strong>\u00a020-30 ml priklausomai nuo skalbini\u0173 u\u017eter\u0161tumo ir vandens kietumo. 4,5 kg vidutini\u0161kai ne\u0161vari\u0173 skalbini\u0173, esant vidutinio kietumo vandeniui, naudokite 20 ml skalbimo skys\u010dio.<\/p>\n<p><strong>Sud\u0117tis:<\/strong>\u00a015-30% augalin\u0117s kilm\u0117s anijonini\u0173 pavir\u0161inio aktyvumo med\u017eiag\u0173, &lt;5% muilo, glicerolis, citrinos r\u016bg\u0161tis, kvap\u0173 kompozicija, konservantas (2- fenoksietanolis), probiotikai.<\/p>\n<p><strong>Pagaminta su meile Lietuvoje<\/strong>, siekiant sukurti produkt\u0105, kuris ne tik i\u0161plauna, bet ir r\u016bpinasi j\u016bs\u0173 aplinka bei gyvenimo kokybe.<\/p>\n<\/div>\n<\/div>\n<\/div>\n<\/div>\n<\/div>\n<\/div>\n<\/div>\n<\/div>\n<\/div>\n<\/article>\n<\/div>\n<\/div>\n<\/div>\n<\/div>\n<\/div>\n<\/div>\n","protected":false},"featured_media":13748,"comment_status":"open","ping_status":"closed","template":"","meta":[],"product_brand":[],"product_cat":[44],"product_tag":[],"class_list":{"0":"post-13746","1":"product","2":"type-product","3":"status-publish","4":"has-post-thumbnail","6":"product_cat-namams","8":"first","9":"instock","10":"taxable","11":"shipping-taxable","12":"purchasable","13":"product-type-simple"},"_links":{"self":[{"href":"https:\/\/thequeenhouse.co.uk\/lt\/wp-json\/wp\/v2\/product\/13746","targetHints":{"allow":["GET"]}}],"collection":[{"href":"https:\/\/thequeenhouse.co.uk\/lt\/wp-json\/wp\/v2\/product"}],"about":[{"href":"https:\/\/thequeenhouse.co.uk\/lt\/wp-json\/wp\/v2\/types\/product"}],"replies":[{"embeddable":true,"href":"https:\/\/thequeenhouse.co.uk\/lt\/wp-json\/wp\/v2\/comments?post=13746"}],"wp:featuredmedia":[{"embeddable":true,"href":"https:\/\/thequeenhouse.co.uk\/lt\/wp-json\/wp\/v2\/media\/13748"}],"wp:attachment":[{"href":"https:\/\/thequeenhouse.co.uk\/lt\/wp-json\/wp\/v2\/media?parent=13746"}],"wp:term":[{"taxonomy":"product_brand","embeddable":true,"href":"https:\/\/thequeenhouse.co.uk\/lt\/wp-json\/wp\/v2\/product_brand?post=13746"},{"taxonomy":"product_cat","embeddable":true,"href":"https:\/\/thequeenhouse.co.uk\/lt\/wp-json\/wp\/v2\/product_cat?post=13746"},{"taxonomy":"product_tag","embeddable":true,"href":"https:\/\/thequeenhouse.co.uk\/lt\/wp-json\/wp\/v2\/product_tag?post=13746"}],"curies":[{"name":"wp","href":"https:\/\/api.w.org\/{rel}","templated":true}]}}