{"id":13773,"date":"2025-03-22T12:14:37","date_gmt":"2025-03-22T11:14:37","guid":{"rendered":"https:\/\/thequeenhouse.co.uk\/?post_type=product&#038;p=13773"},"modified":"2025-03-22T12:19:22","modified_gmt":"2025-03-22T11:19:22","slug":"simitri-minkstiklis-su-probiotikais-smoky-cherry-1000ml-copy","status":"publish","type":"product","link":"https:\/\/thequeenhouse.co.uk\/lt\/produktas\/simitri-minkstiklis-su-probiotikais-smoky-cherry-1000ml-copy\/","title":{"rendered":"SIMITRI Mink\u0161tiklis su Probiotikais &#8211; Tobacco Vanilla 1000ml"},"content":{"rendered":"<p><strong>SIMITRI audini\u0173 mink\u0161tiklis<\/strong>\u00a0\u2013 tai prabangos poj\u016bt\u012f namuose kuriantis produktas, pagamintas i\u0161 nat\u016brali\u0173, augalin\u0117s kilm\u0117s \u017ealiav\u0173. Jo kruop\u0161\u010diai subalansuota sud\u0117tis ne tik \u0161velniai, bet ir veiksmingai apsaugo audinius, suteikia skalbiniams ypatingo mink\u0161tumo bei \u0161ilkinio \u0161velnumo.<\/p>\n<p>\u0160is audini\u0173 mink\u0161tiklis i\u0161siskiria subtiliu ir rafinuotu aromatu, kuris puosel\u0117ja j\u016bs\u0173 poj\u016b\u010dius. \u0160iltas tabako ir vanil\u0117s derinys sukuria jausming\u0105, \u0161iuolaiki\u0161k\u0105 ir eleganti\u0161k\u0105 atmosfer\u0105, lyg prabangaus parfumerijos meistro k\u016brinys.<\/p>\n<p>\u2022\u00a0<strong>Vir\u0161utin\u0117s natos:<\/strong>\u00a0d\u017eiovinti vaisiai ir pikanti\u0161ki prieskoniai suteikia \u0161ilumos bei \u017eaismingumo.<\/p>\n<p>\u2022\u00a0<strong>Vidurin\u0117s natos:<\/strong>\u00a0slyv\u0173, kakavos ir egzoti\u0161k\u0173 orchid\u0117j\u0173 akordai apgaubia giliu ir jausmingu aromatu.<\/p>\n<p>\u2022\u00a0<strong>Bazin\u0117s natos:<\/strong>\u00a0sodri vanil\u0117, subtilus romas ir \u0161velnus tabakas palieka ilgai i\u0161liekant\u012f kvap\u0173 \u0161leif\u0105.<\/p>\n<p><strong>Naudojimas:<\/strong>\u00a0vienam skalbimo ciklui (4,5 kg skalbini\u0173) naudokite 20 ml mink\u0161tiklio. Nor\u0117dami dar didesnio \u0161velnumo, galite padidinti doz\u0119 pagal poreik\u012f.<\/p>\n<p><strong>Sud\u0117tis:<\/strong>\u00a015\u201330 % augalin\u0117s kilm\u0117s katijonini\u0173 pavir\u0161inio aktyvumo med\u017eiag\u0173, 2-propanolis, kalcio chloridas, kvap\u0173 kompozicija.<\/p>\n<p><strong>Pagaminta Lietuvoje.<\/strong><\/p>\n<p><em>Pasirinkite SIMITRI \u2013 kai kokyb\u0117, \u0161velnumas ir prabanga susijungia \u012f vien\u0105.<\/em><\/p>\n","protected":false},"excerpt":{"rendered":"<div class=\"ewa-rteLine\">\n<div class=\"flex-1 overflow-hidden @container\/thread\">\n<div class=\"h-full\">\n<div class=\"react-scroll-to-bottom--css-cqnaz-79elbk h-full\">\n<div class=\"react-scroll-to-bottom--css-cqnaz-1n7m0yu\">\n<div class=\"flex flex-col text-sm md:pb-9\">\n<article class=\"w-full scroll-mb-[var(--thread-trailing-height,150px)] text-token-text-primary focus-visible:outline-2 focus-visible:outline-offset-[-4px]\" dir=\"auto\" data-testid=\"conversation-turn-153\" data-scroll-anchor=\"true\">\n<div class=\"m-auto text-base py-[18px] px-3 md:px-4 w-full md:px-5 lg:px-4 xl:px-5\">\n<div class=\"mx-auto flex flex-1 gap-4 text-base md:gap-5 lg:gap-6 md:max-w-3xl lg:max-w-[40rem] xl:max-w-[48rem]\">\n<div class=\"group\/conversation-turn relative flex w-full min-w-0 flex-col agent-turn\">\n<div class=\"flex-col gap-1 md:gap-3\">\n<div class=\"flex max-w-full flex-col flex-grow\">\n<div class=\"min-h-8 text-message flex w-full flex-col items-end gap-2 whitespace-normal break-words text-start [.text-message+&amp;]:mt-5\" dir=\"auto\" data-message-author-role=\"assistant\" data-message-id=\"76f4b7a4-55a9-404c-9681-40cb7cf93789\" data-message-model-slug=\"gpt-4o\">\n<div class=\"flex w-full flex-col gap-1 empty:hidden first:pt-[3px]\">\n<div class=\"markdown prose w-full break-words dark:prose-invert light\">\n<div class=\"ewa-rteLine\">\n<p><strong>SIMITRI audini\u0173 mink\u0161tiklis<\/strong>\u00a0\u2013 tai prabangos poj\u016bt\u012f namuose kuriantis produktas, pagamintas i\u0161 nat\u016brali\u0173, augalin\u0117s kilm\u0117s \u017ealiav\u0173. Jo kruop\u0161\u010diai subalansuota sud\u0117tis ne tik \u0161velniai, bet ir veiksmingai apsaugo audinius, suteikia skalbiniams ypatingo mink\u0161tumo bei \u0161ilkinio \u0161velnumo.<\/p>\n<p>\u0160is audini\u0173 mink\u0161tiklis i\u0161siskiria subtiliu ir rafinuotu aromatu, kuris puosel\u0117ja j\u016bs\u0173 poj\u016b\u010dius. \u0160iltas tabako ir vanil\u0117s derinys sukuria jausming\u0105, \u0161iuolaiki\u0161k\u0105 ir eleganti\u0161k\u0105 atmosfer\u0105, lyg prabangaus parfumerijos meistro k\u016brinys.<\/p>\n<p>\u2022\u00a0<strong>Vir\u0161utin\u0117s natos:<\/strong>\u00a0d\u017eiovinti vaisiai ir pikanti\u0161ki prieskoniai suteikia \u0161ilumos bei \u017eaismingumo.<\/p>\n<p>\u2022\u00a0<strong>Vidurin\u0117s natos:<\/strong>\u00a0slyv\u0173, kakavos ir egzoti\u0161k\u0173 orchid\u0117j\u0173 akordai apgaubia giliu ir jausmingu aromatu.<\/p>\n<p>\u2022\u00a0<strong>Bazin\u0117s natos:<\/strong>\u00a0sodri vanil\u0117, subtilus romas ir \u0161velnus tabakas palieka ilgai i\u0161liekant\u012f kvap\u0173 \u0161leif\u0105.<\/p>\n<p><strong>Naudojimas:<\/strong>\u00a0vienam skalbimo ciklui (4,5 kg skalbini\u0173) naudokite 20 ml mink\u0161tiklio. Nor\u0117dami dar didesnio \u0161velnumo, galite padidinti doz\u0119 pagal poreik\u012f.<\/p>\n<p><strong>Sud\u0117tis:<\/strong>\u00a015\u201330 % augalin\u0117s kilm\u0117s katijonini\u0173 pavir\u0161inio aktyvumo med\u017eiag\u0173, 2-propanolis, kalcio chloridas, kvap\u0173 kompozicija.<\/p>\n<p><strong>Pagaminta Lietuvoje.<\/strong><\/p>\n<p><em>Pasirinkite SIMITRI \u2013 kai kokyb\u0117, \u0161velnumas ir prabanga susijungia \u012f vien\u0105.<\/em><\/p>\n<\/div>\n<\/div>\n<\/div>\n<\/div>\n<\/div>\n<\/div>\n<\/div>\n<\/div>\n<\/div>\n<\/article>\n<\/div>\n<\/div>\n<\/div>\n<\/div>\n<\/div>\n<\/div>\n","protected":false},"featured_media":13771,"comment_status":"open","ping_status":"closed","template":"","meta":[],"product_brand":[],"product_cat":[44],"product_tag":[],"class_list":{"0":"post-13773","1":"product","2":"type-product","3":"status-publish","4":"has-post-thumbnail","6":"product_cat-namams","8":"first","9":"instock","10":"taxable","11":"shipping-taxable","12":"purchasable","13":"product-type-simple"},"_links":{"self":[{"href":"https:\/\/thequeenhouse.co.uk\/lt\/wp-json\/wp\/v2\/product\/13773","targetHints":{"allow":["GET"]}}],"collection":[{"href":"https:\/\/thequeenhouse.co.uk\/lt\/wp-json\/wp\/v2\/product"}],"about":[{"href":"https:\/\/thequeenhouse.co.uk\/lt\/wp-json\/wp\/v2\/types\/product"}],"replies":[{"embeddable":true,"href":"https:\/\/thequeenhouse.co.uk\/lt\/wp-json\/wp\/v2\/comments?post=13773"}],"wp:featuredmedia":[{"embeddable":true,"href":"https:\/\/thequeenhouse.co.uk\/lt\/wp-json\/wp\/v2\/media\/13771"}],"wp:attachment":[{"href":"https:\/\/thequeenhouse.co.uk\/lt\/wp-json\/wp\/v2\/media?parent=13773"}],"wp:term":[{"taxonomy":"product_brand","embeddable":true,"href":"https:\/\/thequeenhouse.co.uk\/lt\/wp-json\/wp\/v2\/product_brand?post=13773"},{"taxonomy":"product_cat","embeddable":true,"href":"https:\/\/thequeenhouse.co.uk\/lt\/wp-json\/wp\/v2\/product_cat?post=13773"},{"taxonomy":"product_tag","embeddable":true,"href":"https:\/\/thequeenhouse.co.uk\/lt\/wp-json\/wp\/v2\/product_tag?post=13773"}],"curies":[{"name":"wp","href":"https:\/\/api.w.org\/{rel}","templated":true}]}}