{"id":13775,"date":"2025-03-22T12:27:24","date_gmt":"2025-03-22T11:27:24","guid":{"rendered":"https:\/\/thequeenhouse.co.uk\/?post_type=product&#038;p=13775"},"modified":"2025-03-22T12:34:58","modified_gmt":"2025-03-22T11:34:58","slug":"simitri-minkstiklis-su-probiotikais-tobacco-vanilla-1000ml-copy","status":"publish","type":"product","link":"https:\/\/thequeenhouse.co.uk\/lt\/produktas\/simitri-minkstiklis-su-probiotikais-tobacco-vanilla-1000ml-copy\/","title":{"rendered":"SIMITRI Ind\u0173 Ploviklis su PROBIOTIKAIS &#8211; Fresh Cucumber 480ml"},"content":{"rendered":"<p><strong>SIMITRI ind\u0173 ploviklis sukurtas i\u0161 nat\u016brali\u0173, augalin\u0117s kilm\u0117s \u017ealiav\u0173, papildytas probiotikais\u00a0<\/strong>\u2013 naudingomis bakterijomis, kurios apsaugo nuo kenksming\u0173 mikroorganizm\u0173.<\/p>\n<p>Jo \u0161velni, ta\u010diau veiksminga sud\u0117tis leid\u017eia greitai ir lengvai pa\u0161alinti riebalus ir maisto liku\u010dius nuo \u012fvairi\u0173 pavir\u0161i\u0173, toki\u0173 kaip indai, stiklas, keramika ir kiti. Net nedidelis kiekis \u0161io ploviklio u\u017etikrina nepriekai\u0161ting\u0105 \u0161var\u0105.<\/p>\n<p><strong>SIMITRI ind\u0173 ploviklis pasi\u017eymi gaiviu agurk\u0173 aromatu<\/strong>, subtiliai susipinan\u010diu su m\u0117t\u0173 ir melion\u0173 natas, suteikian\u010diu malonios gaivos poj\u016bt\u012f j\u016bs\u0173 virtuv\u0117je.<\/p>\n<p>\u0160is produktas ypatingai \u0161velnus j\u016bs\u0173 rankoms, nes papildytas\u00a0<strong>hialurono r\u016bg\u0161timi<\/strong>\u00a0ir\u00a0<strong>nat\u016braliu \u0161ilko ekstraktu<\/strong>, kurie padeda apsaugoti od\u0105 nuo i\u0161saus\u0117jimo ir sudirginimo, u\u017etikrinant ilgalaik\u012f komfort\u0105.<\/p>\n<p><strong>Naudojimas:<\/strong>\u00a0siekiant tausoti gamt\u0105, vanden\u012f ir energij\u0105, rekomenduojame plauti indus u\u017ekim\u0161toje kriaukl\u0117je, o ne po tekan\u010diu vandeniu. Ind\u0173 plovimo tirpalui paruo\u0161ti naudokite 2-4 ml (priklausomai nuo ind\u0173 u\u017eter\u0161tumo) ploviklio, sumai\u0161yto su 5 litrais vandens. Panardinkite indus \u012f paruo\u0161t\u0105 tirpal\u0105 ir trinkite kempin\u0117le, tuomet perskalaukite \u0161variu vandeniu.<\/p>\n<p><strong>Sud\u0117tis:\u00a0<\/strong>5-15% augalin\u0117s kilm\u0117s anijonini\u0173 pavir\u0161inio aktyvumo med\u017eiag\u0173 (PAM), &lt;5% augalin\u0117s kilm\u0117s nejonini\u0173 PAM, &lt;5% augalin\u0117s kilm\u0117s amfoterini\u0173 PAM, glicerolis, citrinos r\u016bg\u0161tis, hialurono r\u016bg\u0161tis, \u0161ilko ekstraktas, konservantas (2-fenoksietanolis), kvap\u0173 kompozicija, probiotikai.<\/p>\n<p><strong>Pagaminta Lietuvoje.<\/strong><\/p>\n","protected":false},"excerpt":{"rendered":"<div class=\"ewa-rteLine\">\n<div class=\"flex-1 overflow-hidden @container\/thread\">\n<div class=\"h-full\">\n<div class=\"react-scroll-to-bottom--css-cqnaz-79elbk h-full\">\n<div class=\"react-scroll-to-bottom--css-cqnaz-1n7m0yu\">\n<div class=\"flex flex-col text-sm md:pb-9\">\n<article class=\"w-full scroll-mb-[var(--thread-trailing-height,150px)] text-token-text-primary focus-visible:outline-2 focus-visible:outline-offset-[-4px]\" dir=\"auto\" data-testid=\"conversation-turn-153\" data-scroll-anchor=\"true\">\n<div class=\"m-auto text-base py-[18px] px-3 md:px-4 w-full md:px-5 lg:px-4 xl:px-5\">\n<div class=\"mx-auto flex flex-1 gap-4 text-base md:gap-5 lg:gap-6 md:max-w-3xl lg:max-w-[40rem] xl:max-w-[48rem]\">\n<div class=\"group\/conversation-turn relative flex w-full min-w-0 flex-col agent-turn\">\n<div class=\"flex-col gap-1 md:gap-3\">\n<div class=\"flex max-w-full flex-col flex-grow\">\n<div class=\"min-h-8 text-message flex w-full flex-col items-end gap-2 whitespace-normal break-words text-start [.text-message+&amp;]:mt-5\" dir=\"auto\" data-message-author-role=\"assistant\" data-message-id=\"76f4b7a4-55a9-404c-9681-40cb7cf93789\" data-message-model-slug=\"gpt-4o\">\n<div class=\"flex w-full flex-col gap-1 empty:hidden first:pt-[3px]\">\n<div class=\"markdown prose w-full break-words dark:prose-invert light\">\n<div class=\"ewa-rteLine\">\n<p><strong>SIMITRI ind\u0173 ploviklis sukurtas i\u0161 nat\u016brali\u0173, augalin\u0117s kilm\u0117s \u017ealiav\u0173, papildytas probiotikais\u00a0<\/strong>\u2013 naudingomis bakterijomis, kurios apsaugo nuo kenksming\u0173 mikroorganizm\u0173.<\/p>\n<p>Jo \u0161velni, ta\u010diau veiksminga sud\u0117tis leid\u017eia greitai ir lengvai pa\u0161alinti riebalus ir maisto liku\u010dius nuo \u012fvairi\u0173 pavir\u0161i\u0173, toki\u0173 kaip indai, stiklas, keramika ir kiti. Net nedidelis kiekis \u0161io ploviklio u\u017etikrina nepriekai\u0161ting\u0105 \u0161var\u0105.<\/p>\n<p><strong>SIMITRI ind\u0173 ploviklis pasi\u017eymi gaiviu agurk\u0173 aromatu<\/strong>, subtiliai susipinan\u010diu su m\u0117t\u0173 ir melion\u0173 natas, suteikian\u010diu malonios gaivos poj\u016bt\u012f j\u016bs\u0173 virtuv\u0117je.<\/p>\n<p>\u0160is produktas ypatingai \u0161velnus j\u016bs\u0173 rankoms, nes papildytas\u00a0<strong>hialurono r\u016bg\u0161timi<\/strong>\u00a0ir\u00a0<strong>nat\u016braliu \u0161ilko ekstraktu<\/strong>, kurie padeda apsaugoti od\u0105 nuo i\u0161saus\u0117jimo ir sudirginimo, u\u017etikrinant ilgalaik\u012f komfort\u0105.<\/p>\n<p><strong>Naudojimas:<\/strong>\u00a0siekiant tausoti gamt\u0105, vanden\u012f ir energij\u0105, rekomenduojame plauti indus u\u017ekim\u0161toje kriaukl\u0117je, o ne po tekan\u010diu vandeniu. Ind\u0173 plovimo tirpalui paruo\u0161ti naudokite 2-4 ml (priklausomai nuo ind\u0173 u\u017eter\u0161tumo) ploviklio, sumai\u0161yto su 5 litrais vandens. Panardinkite indus \u012f paruo\u0161t\u0105 tirpal\u0105 ir trinkite kempin\u0117le, tuomet perskalaukite \u0161variu vandeniu.<\/p>\n<p><strong>Sud\u0117tis:\u00a0<\/strong>5-15% augalin\u0117s kilm\u0117s anijonini\u0173 pavir\u0161inio aktyvumo med\u017eiag\u0173 (PAM), &lt;5% augalin\u0117s kilm\u0117s nejonini\u0173 PAM, &lt;5% augalin\u0117s kilm\u0117s amfoterini\u0173 PAM, glicerolis, citrinos r\u016bg\u0161tis, hialurono r\u016bg\u0161tis, \u0161ilko ekstraktas, konservantas (2-fenoksietanolis), kvap\u0173 kompozicija, probiotikai.<\/p>\n<p><strong>Pagaminta Lietuvoje.<\/strong><\/p>\n<\/div>\n<\/div>\n<\/div>\n<\/div>\n<\/div>\n<\/div>\n<\/div>\n<\/div>\n<\/div>\n<\/article>\n<\/div>\n<\/div>\n<\/div>\n<\/div>\n<\/div>\n<\/div>\n","protected":false},"featured_media":13777,"comment_status":"open","ping_status":"closed","template":"","meta":[],"product_brand":[],"product_cat":[44],"product_tag":[],"class_list":{"0":"post-13775","1":"product","2":"type-product","3":"status-publish","4":"has-post-thumbnail","6":"product_cat-namams","8":"first","9":"instock","10":"taxable","11":"shipping-taxable","12":"purchasable","13":"product-type-simple"},"_links":{"self":[{"href":"https:\/\/thequeenhouse.co.uk\/lt\/wp-json\/wp\/v2\/product\/13775","targetHints":{"allow":["GET"]}}],"collection":[{"href":"https:\/\/thequeenhouse.co.uk\/lt\/wp-json\/wp\/v2\/product"}],"about":[{"href":"https:\/\/thequeenhouse.co.uk\/lt\/wp-json\/wp\/v2\/types\/product"}],"replies":[{"embeddable":true,"href":"https:\/\/thequeenhouse.co.uk\/lt\/wp-json\/wp\/v2\/comments?post=13775"}],"wp:featuredmedia":[{"embeddable":true,"href":"https:\/\/thequeenhouse.co.uk\/lt\/wp-json\/wp\/v2\/media\/13777"}],"wp:attachment":[{"href":"https:\/\/thequeenhouse.co.uk\/lt\/wp-json\/wp\/v2\/media?parent=13775"}],"wp:term":[{"taxonomy":"product_brand","embeddable":true,"href":"https:\/\/thequeenhouse.co.uk\/lt\/wp-json\/wp\/v2\/product_brand?post=13775"},{"taxonomy":"product_cat","embeddable":true,"href":"https:\/\/thequeenhouse.co.uk\/lt\/wp-json\/wp\/v2\/product_cat?post=13775"},{"taxonomy":"product_tag","embeddable":true,"href":"https:\/\/thequeenhouse.co.uk\/lt\/wp-json\/wp\/v2\/product_tag?post=13775"}],"curies":[{"name":"wp","href":"https:\/\/api.w.org\/{rel}","templated":true}]}}