{"id":13786,"date":"2025-03-22T12:41:39","date_gmt":"2025-03-22T11:41:40","guid":{"rendered":"https:\/\/thequeenhouse.co.uk\/?post_type=product&#038;p=13786"},"modified":"2025-03-23T12:16:55","modified_gmt":"2025-03-23T11:16:55","slug":"simitri-indu-ploviklis-su-probiotikais-fresh-cucumber-480ml-copy","status":"publish","type":"product","link":"https:\/\/thequeenhouse.co.uk\/lt\/produktas\/simitri-indu-ploviklis-su-probiotikais-fresh-cucumber-480ml-copy\/","title":{"rendered":"SIMITRI \u012evairi\u0173 Pavir\u0161i\u0173 Valiklis su PROBIOTIKAIS &#8211; Fresh Cucumber 480ml"},"content":{"rendered":"<p><strong>SIMITRI \u012fvairi\u0173 pavir\u0161i\u0173 valiklis<\/strong>, sukurtas naudojant nat\u016bralius augalin\u0117s kilm\u0117s ingredientus, papildytas\u00a0<strong>probiotikais<\/strong>\u00a0\u2013 naudingomis bakterijomis, kurios efektyviai apsaugo nuo kenksming\u0173 mikroorganizm\u0173.<\/p>\n<p>D\u0117l \u0161velnios, ta\u010diau itin veiksmingos formul\u0117s, valiklis lengvai pa\u0161alina ne\u0161varumus ir d\u0117mes nuo \u012fvairi\u0173 pavir\u0161i\u0173, nepa\u017eeid\u017eiant j\u0173 strukt\u016bros. Jis puikiai tinka stalvir\u0161iams, baldams, lakuotiems, alyvuotiems ir kitiems pavir\u0161iams, taip pat odiniams baldams, palikdamas juos \u0161varius ir tvarkingus.<\/p>\n<p><strong>Valiklio gaivus agurk\u0173 aromatas<\/strong>, kuriame subtiliai persipina m\u0117t\u0173 ir melion\u0173 natos, suteikia j\u016bs\u0173 namams \u0161varos ir gaivumo poj\u016bt\u012f, kur\u012f nor\u0117sis m\u0117gautis kiekvien\u0105 dien\u0105.<\/p>\n<p><strong>Naudojimas:<\/strong>\u00a0Prie\u0161 naudojim\u0105 suplakite. U\u017epurk\u0161kite valikl\u012f ant pavir\u0161iaus ir nuvalykite dr\u0117gna \u0161luoste. Jei pavir\u0161ius labiau u\u017eter\u0161tas, u\u017epurk\u0161kite valikl\u012f, palikite kelias minutes ir tada nuvalykite dr\u0117gna \u0161luoste.<\/p>\n<p><strong>Sud\u0117tis:<\/strong>\u00a0&lt;5% augalin\u0117s kilm\u0117s nejonini\u0173 pavir\u0161inio aktyvumo med\u017eiag\u0173, konservantas (2-fenoksietanolis), kvap\u0173 kompozicija, probiotikai.<\/p>\n<p><strong>Pagaminta Lietuvoje.<\/strong><\/p>\n","protected":false},"excerpt":{"rendered":"<div class=\"ewa-rteLine\">\n<div class=\"flex-1 overflow-hidden @container\/thread\">\n<div class=\"h-full\">\n<div class=\"react-scroll-to-bottom--css-cqnaz-79elbk h-full\">\n<div class=\"react-scroll-to-bottom--css-cqnaz-1n7m0yu\">\n<div class=\"flex flex-col text-sm md:pb-9\">\n<article class=\"w-full scroll-mb-[var(--thread-trailing-height,150px)] text-token-text-primary focus-visible:outline-2 focus-visible:outline-offset-[-4px]\" dir=\"auto\" data-testid=\"conversation-turn-153\" data-scroll-anchor=\"true\">\n<div class=\"m-auto text-base py-[18px] px-3 md:px-4 w-full md:px-5 lg:px-4 xl:px-5\">\n<div class=\"mx-auto flex flex-1 gap-4 text-base md:gap-5 lg:gap-6 md:max-w-3xl lg:max-w-[40rem] xl:max-w-[48rem]\">\n<div class=\"group\/conversation-turn relative flex w-full min-w-0 flex-col agent-turn\">\n<div class=\"flex-col gap-1 md:gap-3\">\n<div class=\"flex max-w-full flex-col flex-grow\">\n<div class=\"min-h-8 text-message flex w-full flex-col items-end gap-2 whitespace-normal break-words text-start [.text-message+&amp;]:mt-5\" dir=\"auto\" data-message-author-role=\"assistant\" data-message-id=\"76f4b7a4-55a9-404c-9681-40cb7cf93789\" data-message-model-slug=\"gpt-4o\">\n<div class=\"flex w-full flex-col gap-1 empty:hidden first:pt-[3px]\">\n<div class=\"markdown prose w-full break-words dark:prose-invert light\">\n<div class=\"ewa-rteLine\">\n<p><strong>SIMITRI \u012fvairi\u0173 pavir\u0161i\u0173 valiklis<\/strong>, sukurtas naudojant nat\u016bralius augalin\u0117s kilm\u0117s ingredientus, papildytas\u00a0<strong>probiotikais<\/strong>\u00a0\u2013 naudingomis bakterijomis, kurios efektyviai apsaugo nuo kenksming\u0173 mikroorganizm\u0173.<\/p>\n<p>D\u0117l \u0161velnios, ta\u010diau itin veiksmingos formul\u0117s, valiklis lengvai pa\u0161alina ne\u0161varumus ir d\u0117mes nuo \u012fvairi\u0173 pavir\u0161i\u0173, nepa\u017eeid\u017eiant j\u0173 strukt\u016bros. Jis puikiai tinka stalvir\u0161iams, baldams, lakuotiems, alyvuotiems ir kitiems pavir\u0161iams, taip pat odiniams baldams, palikdamas juos \u0161varius ir tvarkingus.<\/p>\n<p><strong>Valiklio gaivus agurk\u0173 aromatas<\/strong>, kuriame subtiliai persipina m\u0117t\u0173 ir melion\u0173 natos, suteikia j\u016bs\u0173 namams \u0161varos ir gaivumo poj\u016bt\u012f, kur\u012f nor\u0117sis m\u0117gautis kiekvien\u0105 dien\u0105.<\/p>\n<p><strong>Naudojimas:<\/strong>\u00a0Prie\u0161 naudojim\u0105 suplakite. U\u017epurk\u0161kite valikl\u012f ant pavir\u0161iaus ir nuvalykite dr\u0117gna \u0161luoste. Jei pavir\u0161ius labiau u\u017eter\u0161tas, u\u017epurk\u0161kite valikl\u012f, palikite kelias minutes ir tada nuvalykite dr\u0117gna \u0161luoste.<\/p>\n<p><strong>Sud\u0117tis:<\/strong>\u00a0&lt;5% augalin\u0117s kilm\u0117s nejonini\u0173 pavir\u0161inio aktyvumo med\u017eiag\u0173, konservantas (2-fenoksietanolis), kvap\u0173 kompozicija, probiotikai.<\/p>\n<p><strong>Pagaminta Lietuvoje.<\/strong><\/p>\n<\/div>\n<\/div>\n<\/div>\n<\/div>\n<\/div>\n<\/div>\n<\/div>\n<\/div>\n<\/div>\n<\/article>\n<\/div>\n<\/div>\n<\/div>\n<\/div>\n<\/div>\n<\/div>\n","protected":false},"featured_media":13794,"comment_status":"open","ping_status":"closed","template":"","meta":[],"product_brand":[],"product_cat":[44],"product_tag":[],"class_list":{"0":"post-13786","1":"product","2":"type-product","3":"status-publish","4":"has-post-thumbnail","6":"product_cat-namams","8":"first","9":"outofstock","10":"taxable","11":"shipping-taxable","12":"purchasable","13":"product-type-simple"},"_links":{"self":[{"href":"https:\/\/thequeenhouse.co.uk\/lt\/wp-json\/wp\/v2\/product\/13786","targetHints":{"allow":["GET"]}}],"collection":[{"href":"https:\/\/thequeenhouse.co.uk\/lt\/wp-json\/wp\/v2\/product"}],"about":[{"href":"https:\/\/thequeenhouse.co.uk\/lt\/wp-json\/wp\/v2\/types\/product"}],"replies":[{"embeddable":true,"href":"https:\/\/thequeenhouse.co.uk\/lt\/wp-json\/wp\/v2\/comments?post=13786"}],"wp:featuredmedia":[{"embeddable":true,"href":"https:\/\/thequeenhouse.co.uk\/lt\/wp-json\/wp\/v2\/media\/13794"}],"wp:attachment":[{"href":"https:\/\/thequeenhouse.co.uk\/lt\/wp-json\/wp\/v2\/media?parent=13786"}],"wp:term":[{"taxonomy":"product_brand","embeddable":true,"href":"https:\/\/thequeenhouse.co.uk\/lt\/wp-json\/wp\/v2\/product_brand?post=13786"},{"taxonomy":"product_cat","embeddable":true,"href":"https:\/\/thequeenhouse.co.uk\/lt\/wp-json\/wp\/v2\/product_cat?post=13786"},{"taxonomy":"product_tag","embeddable":true,"href":"https:\/\/thequeenhouse.co.uk\/lt\/wp-json\/wp\/v2\/product_tag?post=13786"}],"curies":[{"name":"wp","href":"https:\/\/api.w.org\/{rel}","templated":true}]}}