{"id":13800,"date":"2025-03-23T12:32:43","date_gmt":"2025-03-23T11:32:43","guid":{"rendered":"https:\/\/thequeenhouse.co.uk\/?post_type=product&#038;p=13800"},"modified":"2025-03-23T12:42:45","modified_gmt":"2025-03-23T11:42:45","slug":"simitri-ivairiu-pavirsiu-valiklis-su-probiotikais-fresh-cucumber-480ml-copy","status":"publish","type":"product","link":"https:\/\/thequeenhouse.co.uk\/lt\/produktas\/simitri-ivairiu-pavirsiu-valiklis-su-probiotikais-fresh-cucumber-480ml-copy\/","title":{"rendered":"Night Out \u2013 Maisto Papildas Pagiri\u0173 Simptom\u0173 Ma\u017einimui su Amino R\u016bg\u0161timis"},"content":{"rendered":"<div class=\"flex flex-1 grow basis-auto flex-col overflow-hidden\">\n<div class=\"relative h-full\">\n<div class=\"flex h-full flex-col overflow-y-auto [scrollbar-gutter:stable]\">\n<div class=\"mt-1.5 flex flex-col text-sm @thread-xl\/thread:pt-header-height md:pb-9\">\n<article class=\"group\/turn w-full text-token-text-primary focus-visible:outline-2 focus-visible:outline-offset-[-4px]\" dir=\"auto\" tabindex=\"-1\" data-testid=\"conversation-turn-196\" data-scroll-anchor=\"true\">\n<div class=\"text-base my-auto mx-auto py-[18px] px-6\">\n<div class=\"mx-auto flex flex-1 text-base gap-4 md:gap-5 lg:gap-6 md:max-w-3xl lg:max-w-[40rem] xl:max-w-[48rem]\">\n<div class=\"group\/conversation-turn relative flex w-full min-w-0 flex-col agent-turn @xs\/thread:px-0 @sm\/thread:px-1.5 @md\/thread:px-4\">\n<div class=\"flex-col gap-1 md:gap-3\">\n<div class=\"flex max-w-full flex-col flex-grow\">\n<div class=\"min-h-8 text-message relative flex w-full flex-col items-end gap-2 whitespace-normal break-words text-start [.text-message+&amp;]:mt-5\" dir=\"auto\" data-message-author-role=\"assistant\" data-message-id=\"e199fe9b-ecbc-4135-84c0-8b3d9c39f666\" data-message-model-slug=\"gpt-4o\">\n<div class=\"flex w-full flex-col gap-1 empty:hidden first:pt-[3px]\">\n<div class=\"markdown prose w-full break-words dark:prose-invert light\">\n<p class=\"\" data-start=\"0\" data-end=\"114\"><strong data-start=\"0\" data-end=\"112\">Night Out \u2013 Maisto papildas pagiri\u0173 simptom\u0173 ma\u017einimui su amino r\u016bg\u0161timis, vitaminais, mineralais ir taurinu<\/strong><\/p>\n<p class=\"\" data-start=\"116\" data-end=\"385\"><strong data-start=\"116\" data-end=\"129\">Night Out<\/strong> \u2013 tai maisto papildas, praturtintas <strong data-start=\"166\" data-end=\"185\">amino r\u016bg\u0161timis<\/strong>, <strong data-start=\"187\" data-end=\"201\">vitaminais<\/strong>, <strong data-start=\"203\" data-end=\"230\">mineralin\u0117mis druskomis<\/strong>, <strong data-start=\"232\" data-end=\"244\">kreatinu<\/strong>, keliais <strong data-start=\"254\" data-end=\"277\">B grup\u0117s vitaminais<\/strong> ir <strong data-start=\"281\" data-end=\"292\">taurinu<\/strong>, kurie veikia kartu, siekiant <strong data-start=\"323\" data-end=\"356\">atkurti organizmo pusiausvyr\u0105<\/strong> ir <strong data-start=\"360\" data-end=\"382\">suteikti energijos<\/strong>.<\/p>\n<p class=\"\" data-start=\"387\" data-end=\"730\">\u0160ios <strong data-start=\"392\" data-end=\"433\">apelsin\u0173 skonio \u0161nyp\u0161\u010diosios tablet\u0117s<\/strong> sukurtos specialiai <strong data-start=\"454\" data-end=\"484\">pagiri\u0173 simptomams ma\u017einti<\/strong>. Papildas palaiko <strong data-start=\"503\" data-end=\"531\">fizin\u0119 ir protin\u0119 veikl\u0105<\/strong>, apjungia svarbiausius mineralus ir detoksikacijos mi\u0161inius, padedan\u010dius organizmui <strong data-start=\"616\" data-end=\"657\">pa\u0161alinti alkoholio sukeltus toksinus<\/strong>. Jis suteikia <strong data-start=\"672\" data-end=\"727\">nat\u016brali\u0105 energij\u0105 be kofeino ar kit\u0173 stimuliatori\u0173<\/strong>.<\/p>\n<h3 data-start=\"737\" data-end=\"773\"><\/h3>\n<h3 class=\"\" data-start=\"737\" data-end=\"773\">\u2705 Kod\u0117l verta rinktis Night Out?<\/h3>\n<p class=\"\" data-start=\"775\" data-end=\"1024\">\u2714 Padeda suma\u017einti pagiri\u0173 simptomus<br data-start=\"811\" data-end=\"814\" \/>\u2714 Palaiko fizin\u0119 ir protin\u0119 veikl\u0105<br data-start=\"848\" data-end=\"851\" \/>\u2714 Skatina detoksikacij\u0105 ir padeda pa\u0161alinti toksinus i\u0161 organizmo<br data-start=\"916\" data-end=\"919\" \/>\u2714 Atkuria elektrolit\u0173 balans\u0105 ir gerina bendr\u0105 savijaut\u0105<br data-start=\"975\" data-end=\"978\" \/>\u2714 Suteikia nat\u016brali\u0105 energij\u0105 \u2013 <strong data-start=\"1010\" data-end=\"1024\">be kofeino<\/strong><\/p>\n<h3 data-start=\"1031\" data-end=\"1051\"><\/h3>\n<h3 class=\"\" data-start=\"1031\" data-end=\"1051\">\ud83d\udca7 Vartojimas:<\/h3>\n<p class=\"\" data-start=\"1052\" data-end=\"1205\">Po vakar\u0117lio ar intensyvios nakties i\u0161tirpinkite <strong data-start=\"1101\" data-end=\"1125\">2 \u0161nyp\u0161\u010dias tabletes<\/strong> stiklin\u0117je vandens ir i\u0161gerkite.<br data-start=\"1158\" data-end=\"1161\" \/>Jau po <strong data-start=\"1168\" data-end=\"1182\">20 minu\u010di\u0173<\/strong> pajusite palengv\u0117jim\u0105.<\/p>\n<h3 data-start=\"1212\" data-end=\"1229\"><\/h3>\n<h3 class=\"\" data-start=\"1212\" data-end=\"1229\">\ud83d\udce6 Pakuot\u0117:<\/h3>\n<p class=\"\" data-start=\"1230\" data-end=\"1321\">Kiekvienoje d\u0117\u017eut\u0117je yra <strong data-start=\"1255\" data-end=\"1282\">4 \u0161nyp\u0161\u010diosios tablet\u0117s<\/strong> \u2013 pakanka <strong data-start=\"1293\" data-end=\"1318\">2 rytams po vakar\u0117lio<\/strong>.<\/p>\n<p class=\"\" data-start=\"1323\" data-end=\"1459\"><strong data-start=\"1323\" data-end=\"1336\">Night Out<\/strong> \u2013 nat\u016bralus pagalbininkas greitesniam atsistatymui, pusiausvyros atk\u016brimui ir geresnei dienos prad\u017eiai \u2013 <strong data-start=\"1442\" data-end=\"1456\">be kofeino<\/strong>.<\/p>\n<p class=\"\" data-start=\"1461\" data-end=\"1507\"><strong data-start=\"1461\" data-end=\"1507\">Night Out \u2013 nes rytai gali b\u016bti lengvesni.<\/strong><\/p>\n<h3 data-start=\"1514\" data-end=\"1540\"><\/h3>\n<h3 class=\"\" data-start=\"1514\" data-end=\"1540\">\u26a0\ufe0f Svarbi informacija:<\/h3>\n<ul data-start=\"1542\" data-end=\"1888\" data-is-last-node=\"\" data-is-only-node=\"\">\n<li class=\"\" data-start=\"1542\" data-end=\"1613\">\n<p class=\"\" data-start=\"1544\" data-end=\"1613\">Maisto papildas netur\u0117t\u0173 b\u016bti vartojamas kaip <strong data-start=\"1590\" data-end=\"1611\">maisto pakaitalas<\/strong><\/p>\n<\/li>\n<li class=\"\" data-start=\"1614\" data-end=\"1685\">\n<p class=\"\" data-start=\"1616\" data-end=\"1685\">Svarbi <strong data-start=\"1623\" data-end=\"1683\">subalansuota ir \u012fvairi mityba bei sveikas gyvenimo b\u016bdas<\/strong><\/p>\n<\/li>\n<li class=\"\" data-start=\"1686\" data-end=\"1733\">\n<p class=\"\" data-start=\"1688\" data-end=\"1733\"><strong data-start=\"1688\" data-end=\"1703\">Nevir\u0161ykite<\/strong> rekomenduojamos paros doz\u0117s<\/p>\n<\/li>\n<li class=\"\" data-start=\"1734\" data-end=\"1780\">\n<p class=\"\" data-start=\"1736\" data-end=\"1780\">Laikyti <strong data-start=\"1744\" data-end=\"1778\">vaikams nepasiekiamoje vietoje<\/strong><\/p>\n<\/li>\n<li class=\"\" data-start=\"1781\" data-end=\"1888\">\n<p class=\"\" data-start=\"1783\" data-end=\"1888\">Laikyti <strong data-start=\"1791\" data-end=\"1810\">sausoje vietoje<\/strong>, atokiau nuo saul\u0117s \u0161viesos ir \u0161ilumos \u0161altini\u0173, <strong data-start=\"1860\" data-end=\"1874\">8\u00b0C \u2013 25\u00b0C<\/strong> temperat\u016broje<\/p>\n<\/li>\n<\/ul>\n<\/div>\n<\/div>\n<\/div>\n<\/div>\n<div class=\"mb-2 flex gap-3 -ml-2\"><\/div>\n<\/div>\n<\/div>\n<\/div>\n<\/div>\n<\/article>\n<\/div>\n<\/div>\n<\/div>\n<\/div>\n<div class=\"isolate w-full basis-auto has-[[data-has-thread-error]]:pt-2 has-[[data-has-thread-error]]:[box-shadow:var(--sharp-edge-bottom-shadow)] dark:border-white\/20 md:border-transparent md:pt-0 md:dark:border-transparent flex flex-col\">\n<div class=\"text-base mx-auto px-3 md:px-4 w-full md:px-5 lg:px-4 xl:px-5\">\n<div class=\"mx-auto flex flex-1 text-base gap-4 md:gap-5 lg:gap-6 md:max-w-3xl lg:max-w-[40rem] xl:max-w-[48rem]\">\n<form class=\"w-full\" aria-haspopup=\"dialog\" aria-expanded=\"false\" aria-controls=\"radix-:R3q9cm7l6dkklj5:\" data-state=\"closed\">\n<div class=\"relative z-[1] flex h-full max-w-full flex-1 flex-col\">\n<div class=\"group relative z-[1] flex w-full items-center\">\n<div class=\"w-full\">\n<div id=\"composer-background\" class=\"flex w-full cursor-text flex-col overflow-clip rounded-t-3xl border-t border-token-border-light duration-150 ease-in-out contain-inline-size motion-safe:transition-[color,background-color,border-color,text-decoration-color,fill,stroke,box-shadow,bottom] dark:border-none dark:shadow-none shadow-[0_9px_9px_0px_rgba(0,0,0,0.01),_0_2px_5px_0px_rgba(0,0,0,0.06)] has-[:focus]:shadow-[0_2px_12px_0px_rgba(0,0,0,0.04),_0_9px_9px_0px_rgba(0,0,0,0.01),_0_2px_5px_0px_rgba(0,0,0,0.06)] bg-token-main-surface-primary dark:bg-[#303030] rounded-b-3xl border-b\">\n<div class=\"px-3 py-1\">\n<div class=\"flex flex-col justify-start\">\n<div class=\"flex min-h-[44px] items-start pl-1\">\n<div class=\"min-w-0 max-w-full flex-1\">\n<div class=\"_prosemirror-parent_11fu7_1 text-token-text-primary max-h-[25dvh] max-h-52 overflow-auto [scrollbar-width:thin] default-browser\">\n<div id=\"prompt-textarea\" class=\"ProseMirror\" contenteditable=\"true\" translate=\"no\" data-virtualkeyboard=\"true\"><\/div>\n<\/div>\n<\/div>\n<\/div>\n<\/div>\n<\/div>\n<\/div>\n<\/div>\n<\/div>\n<\/div>\n<\/form>\n<\/div>\n<\/div>\n<\/div>\n","protected":false},"excerpt":{"rendered":"<div class=\"ewa-rteLine\">\n<div class=\"flex-1 overflow-hidden @container\/thread\">\n<div class=\"h-full\">\n<div class=\"react-scroll-to-bottom--css-cqnaz-79elbk h-full\">\n<div class=\"react-scroll-to-bottom--css-cqnaz-1n7m0yu\">\n<div class=\"flex flex-col text-sm md:pb-9\">\n<article class=\"w-full scroll-mb-[var(--thread-trailing-height,150px)] text-token-text-primary focus-visible:outline-2 focus-visible:outline-offset-[-4px]\" dir=\"auto\" data-testid=\"conversation-turn-153\" data-scroll-anchor=\"true\">\n<div class=\"m-auto text-base py-[18px] px-3 md:px-4 w-full md:px-5 lg:px-4 xl:px-5\">\n<div class=\"mx-auto flex flex-1 gap-4 text-base md:gap-5 lg:gap-6 md:max-w-3xl lg:max-w-[40rem] xl:max-w-[48rem]\">\n<div class=\"group\/conversation-turn relative flex w-full min-w-0 flex-col agent-turn\">\n<div class=\"flex-col gap-1 md:gap-3\">\n<div class=\"flex max-w-full flex-col flex-grow\">\n<div class=\"min-h-8 text-message flex w-full flex-col items-end gap-2 whitespace-normal break-words text-start [.text-message+&amp;]:mt-5\" dir=\"auto\" data-message-author-role=\"assistant\" data-message-id=\"76f4b7a4-55a9-404c-9681-40cb7cf93789\" data-message-model-slug=\"gpt-4o\">\n<div class=\"flex w-full flex-col gap-1 empty:hidden first:pt-[3px]\">\n<div class=\"markdown prose w-full break-words dark:prose-invert light\">\n<div class=\"ewa-rteLine\">\n<p class=\"\" data-start=\"0\" data-end=\"114\"><strong data-start=\"0\" data-end=\"112\">Night Out \u2013 Maisto papildas pagiri\u0173 simptom\u0173 ma\u017einimui su amino r\u016bg\u0161timis, vitaminais, mineralais ir taurinu<\/strong><\/p>\n<p class=\"\" data-start=\"116\" data-end=\"385\"><strong data-start=\"116\" data-end=\"129\">Night Out<\/strong> \u2013 tai maisto papildas, praturtintas <strong data-start=\"166\" data-end=\"185\">amino r\u016bg\u0161timis<\/strong>, <strong data-start=\"187\" data-end=\"201\">vitaminais<\/strong>, <strong data-start=\"203\" data-end=\"230\">mineralin\u0117mis druskomis<\/strong>, <strong data-start=\"232\" data-end=\"244\">kreatinu<\/strong>, keliais <strong data-start=\"254\" data-end=\"277\">B grup\u0117s vitaminais<\/strong> ir <strong data-start=\"281\" data-end=\"292\">taurinu<\/strong>, kurie veikia kartu, siekiant <strong data-start=\"323\" data-end=\"356\">atkurti organizmo pusiausvyr\u0105<\/strong> ir <strong data-start=\"360\" data-end=\"382\">suteikti energijos<\/strong>.<\/p>\n<p class=\"\" data-start=\"387\" data-end=\"730\">\u0160ios <strong data-start=\"392\" data-end=\"433\">apelsin\u0173 skonio \u0161nyp\u0161\u010diosios tablet\u0117s<\/strong> sukurtos specialiai <strong data-start=\"454\" data-end=\"484\">pagiri\u0173 simptomams ma\u017einti<\/strong>. Papildas palaiko <strong data-start=\"503\" data-end=\"531\">fizin\u0119 ir protin\u0119 veikl\u0105<\/strong>, apjungia svarbiausius mineralus ir detoksikacijos mi\u0161inius, padedan\u010dius organizmui <strong data-start=\"616\" data-end=\"657\">pa\u0161alinti alkoholio sukeltus toksinus<\/strong>. Jis suteikia <strong data-start=\"672\" data-end=\"727\">nat\u016brali\u0105 energij\u0105 be kofeino ar kit\u0173 stimuliatori\u0173<\/strong>.<\/p>\n<h3 data-start=\"737\" data-end=\"773\"><\/h3>\n<h3 class=\"\" data-start=\"737\" data-end=\"773\">\u2705 Kod\u0117l verta rinktis Night Out?<\/h3>\n<p class=\"\" data-start=\"775\" data-end=\"1024\">\u2714 Padeda suma\u017einti pagiri\u0173 simptomus<br data-start=\"811\" data-end=\"814\" \/>\u2714 Palaiko fizin\u0119 ir protin\u0119 veikl\u0105<br data-start=\"848\" data-end=\"851\" \/>\u2714 Skatina detoksikacij\u0105 ir padeda pa\u0161alinti toksinus i\u0161 organizmo<br data-start=\"916\" data-end=\"919\" \/>\u2714 Atkuria elektrolit\u0173 balans\u0105 ir gerina bendr\u0105 savijaut\u0105<br data-start=\"975\" data-end=\"978\" \/>\u2714 Suteikia nat\u016brali\u0105 energij\u0105 \u2013 <strong data-start=\"1010\" data-end=\"1024\">be kofeino<\/strong><\/p>\n<h3 data-start=\"1031\" data-end=\"1051\"><\/h3>\n<h3 class=\"\" data-start=\"1031\" data-end=\"1051\">\ud83d\udca7 Vartojimas:<\/h3>\n<p class=\"\" data-start=\"1052\" data-end=\"1205\">Po vakar\u0117lio ar intensyvios nakties i\u0161tirpinkite <strong data-start=\"1101\" data-end=\"1125\">2 \u0161nyp\u0161\u010dias tabletes<\/strong> stiklin\u0117je vandens ir i\u0161gerkite.<br data-start=\"1158\" data-end=\"1161\" \/>Jau po <strong data-start=\"1168\" data-end=\"1182\">20 minu\u010di\u0173<\/strong> pajusite palengv\u0117jim\u0105.<\/p>\n<h3 data-start=\"1212\" data-end=\"1229\"><\/h3>\n<h3 class=\"\" data-start=\"1212\" data-end=\"1229\">\ud83d\udce6 Pakuot\u0117:<\/h3>\n<p class=\"\" data-start=\"1230\" data-end=\"1321\">Kiekvienoje d\u0117\u017eut\u0117je yra <strong data-start=\"1255\" data-end=\"1282\">4 \u0161nyp\u0161\u010diosios tablet\u0117s<\/strong> \u2013 pakanka <strong data-start=\"1293\" data-end=\"1318\">2 rytams po vakar\u0117lio<\/strong>.<\/p>\n<p class=\"\" data-start=\"1323\" data-end=\"1459\"><strong data-start=\"1323\" data-end=\"1336\">Night Out<\/strong> \u2013 nat\u016bralus pagalbininkas greitesniam atsistatymui, pusiausvyros atk\u016brimui ir geresnei dienos prad\u017eiai \u2013 <strong data-start=\"1442\" data-end=\"1456\">be kofeino<\/strong>.<\/p>\n<p class=\"\" data-start=\"1461\" data-end=\"1507\"><strong data-start=\"1461\" data-end=\"1507\">Night Out \u2013 nes rytai gali b\u016bti lengvesni.<\/strong><\/p>\n<h3 data-start=\"1514\" data-end=\"1540\"><\/h3>\n<h3 class=\"\" data-start=\"1514\" data-end=\"1540\">\u26a0\ufe0f Svarbi informacija:<\/h3>\n<ul data-start=\"1542\" data-end=\"1888\" data-is-last-node=\"\" data-is-only-node=\"\">\n<li class=\"\" data-start=\"1542\" data-end=\"1613\">\n<p class=\"\" data-start=\"1544\" data-end=\"1613\">Maisto papildas netur\u0117t\u0173 b\u016bti vartojamas kaip <strong data-start=\"1590\" data-end=\"1611\">maisto pakaitalas<\/strong><\/p>\n<\/li>\n<li class=\"\" data-start=\"1614\" data-end=\"1685\">\n<p class=\"\" data-start=\"1616\" data-end=\"1685\">Svarbi <strong data-start=\"1623\" data-end=\"1683\">subalansuota ir \u012fvairi mityba bei sveikas gyvenimo b\u016bdas<\/strong><\/p>\n<\/li>\n<li class=\"\" data-start=\"1686\" data-end=\"1733\">\n<p class=\"\" data-start=\"1688\" data-end=\"1733\"><strong data-start=\"1688\" data-end=\"1703\">Nevir\u0161ykite<\/strong> rekomenduojamos paros doz\u0117s<\/p>\n<\/li>\n<li class=\"\" data-start=\"1734\" data-end=\"1780\">\n<p class=\"\" data-start=\"1736\" data-end=\"1780\">Laikyti <strong data-start=\"1744\" data-end=\"1778\">vaikams nepasiekiamoje vietoje<\/strong><\/p>\n<\/li>\n<li class=\"\" data-start=\"1781\" data-end=\"1888\">\n<p class=\"\" data-start=\"1783\" data-end=\"1888\">Laikyti <strong data-start=\"1791\" data-end=\"1810\">sausoje vietoje<\/strong>, atokiau nuo saul\u0117s \u0161viesos ir \u0161ilumos \u0161altini\u0173, <strong data-start=\"1860\" data-end=\"1874\">8\u00b0C \u2013 25\u00b0C<\/strong> temperat\u016broje<\/p>\n<\/li>\n<\/ul>\n<\/div>\n<\/div>\n<\/div>\n<\/div>\n<\/div>\n<\/div>\n<\/div>\n<\/div>\n<\/div>\n<\/article>\n<\/div>\n<\/div>\n<\/div>\n<\/div>\n<\/div>\n<\/div>\n","protected":false},"featured_media":13806,"comment_status":"open","ping_status":"closed","template":"","meta":[],"product_brand":[],"product_cat":[215],"product_tag":[],"class_list":{"0":"post-13800","1":"product","2":"type-product","3":"status-publish","4":"has-post-thumbnail","6":"product_cat-vitaminai-ir-papildai","8":"first","9":"outofstock","10":"taxable","11":"shipping-taxable","12":"purchasable","13":"product-type-simple"},"_links":{"self":[{"href":"https:\/\/thequeenhouse.co.uk\/lt\/wp-json\/wp\/v2\/product\/13800","targetHints":{"allow":["GET"]}}],"collection":[{"href":"https:\/\/thequeenhouse.co.uk\/lt\/wp-json\/wp\/v2\/product"}],"about":[{"href":"https:\/\/thequeenhouse.co.uk\/lt\/wp-json\/wp\/v2\/types\/product"}],"replies":[{"embeddable":true,"href":"https:\/\/thequeenhouse.co.uk\/lt\/wp-json\/wp\/v2\/comments?post=13800"}],"wp:featuredmedia":[{"embeddable":true,"href":"https:\/\/thequeenhouse.co.uk\/lt\/wp-json\/wp\/v2\/media\/13806"}],"wp:attachment":[{"href":"https:\/\/thequeenhouse.co.uk\/lt\/wp-json\/wp\/v2\/media?parent=13800"}],"wp:term":[{"taxonomy":"product_brand","embeddable":true,"href":"https:\/\/thequeenhouse.co.uk\/lt\/wp-json\/wp\/v2\/product_brand?post=13800"},{"taxonomy":"product_cat","embeddable":true,"href":"https:\/\/thequeenhouse.co.uk\/lt\/wp-json\/wp\/v2\/product_cat?post=13800"},{"taxonomy":"product_tag","embeddable":true,"href":"https:\/\/thequeenhouse.co.uk\/lt\/wp-json\/wp\/v2\/product_tag?post=13800"}],"curies":[{"name":"wp","href":"https:\/\/api.w.org\/{rel}","templated":true}]}}